{"id":2137,"date":"2024-11-22T16:05:07","date_gmt":"2024-11-22T16:05:07","guid":{"rendered":"https:\/\/www.yongyukitchenware.com\/?post_type=product&#038;p=2137"},"modified":"2025-06-26T07:55:01","modified_gmt":"2025-06-26T07:55:01","slug":"wholesale-baking-tray-with-lid","status":"publish","type":"product","link":"https:\/\/www.yongyukitchenware.com\/de\/produkt\/wholesale-baking-tray-with-lid\/","title":{"rendered":"Gro\u00dfhandel Backblech mit Deckel und Rack aus Edelstahl"},"content":{"rendered":"<div class=\"wp-block-columns is-layout-flex wp-container-core-columns-is-layout-9d6595d7 wp-block-columns-is-layout-flex\">\n<div class=\"wp-block-column is-layout-flow wp-block-column-is-layout-flow\">\n<h2 class=\"wp-block-heading\">Merkmale des Backblechs mit Deckel:<\/h2>\n\n\n\n<p><strong>Hitzebest\u00e4ndiger rostfreier Stahl: <\/strong>Edelstahl in Lebensmittelqualit\u00e4t, langlebig, hitzebest\u00e4ndig, leicht zu reinigen.<\/p>\n\n\n\n<p><strong>Mit Gestell aus rostfreiem Stahl:<\/strong> gleichm\u00e4\u00dfiger Maschenabstand, effektive Entw\u00e4sserung und \u00d6labscheidung<\/p>\n\n\n\n<p><strong>Mit Deckeldesign:<\/strong> Deckel aus lebensmittelechtem PP-Material, versiegelt und frisch ohne Geruch<\/p>\n\n\n\n<p><strong>Gewellter Rand:<\/strong> abgerundete und glatte Kanten, einfach zu bedienen<\/p>\n\n\n\n<p><strong>Tiefe Auslegungsf\u00e4higkeit:<\/strong> kann Obst und Gem\u00fcse, ged\u00fcnstetes Gem\u00fcse, gebratenes Huhn, geeignet f\u00fcr mehrere Gelegenheiten halten<\/p>\n\n\n\n<p><strong>Flaches Bodendesign: <\/strong>gleichm\u00e4\u00dfige und schnelle Erw\u00e4rmung, kann im Wasser ged\u00e4mpft werden, kann im Ofen erhitzt werden<\/p>\n<\/div>\n\n\n\n<div class=\"wp-block-column is-layout-flow wp-block-column-is-layout-flow\">\n<div class=\"wp-block-columns is-layout-flex wp-container-core-columns-is-layout-9d6595d7 wp-block-columns-is-layout-flex\">\n<div class=\"wp-block-column is-layout-flow wp-block-column-is-layout-flow\"><div class=\"wp-block-image\">\n<figure class=\"aligncenter size-full is-resized\"><img decoding=\"async\" width=\"800\" height=\"800\" src=\"https:\/\/www.yongyukitchenware.com\/wp-content\/uploads\/2024\/11\/Stainless-Steel-Baking-Tray-3.webp\" alt=\"Edelstahl-Backblech-3\" class=\"wp-image-2143\" style=\"width:416px;height:auto\" srcset=\"https:\/\/www.yongyukitchenware.com\/wp-content\/uploads\/2024\/11\/Stainless-Steel-Baking-Tray-3.webp 800w, https:\/\/www.yongyukitchenware.com\/wp-content\/uploads\/2024\/11\/Stainless-Steel-Baking-Tray-3-300x300.webp 300w, https:\/\/www.yongyukitchenware.com\/wp-content\/uploads\/2024\/11\/Stainless-Steel-Baking-Tray-3-150x150.webp 150w, https:\/\/www.yongyukitchenware.com\/wp-content\/uploads\/2024\/11\/Stainless-Steel-Baking-Tray-3-768x768.webp 768w, https:\/\/www.yongyukitchenware.com\/wp-content\/uploads\/2024\/11\/Stainless-Steel-Baking-Tray-3-12x12.webp 12w, https:\/\/www.yongyukitchenware.com\/wp-content\/uploads\/2024\/11\/Stainless-Steel-Baking-Tray-3-600x600.webp 600w, https:\/\/www.yongyukitchenware.com\/wp-content\/uploads\/2024\/11\/Stainless-Steel-Baking-Tray-3-100x100.webp 100w\" sizes=\"(max-width: 800px) 100vw, 800px\" \/><\/figure>\n<\/div><\/div>\n<\/div>\n<\/div>\n<\/div>\n\n\n\n<div class=\"wp-block-group is-vertical is-layout-flex wp-container-core-group-is-layout-8cf370e7 wp-block-group-is-layout-flex\">\n<h2 class=\"wp-block-heading\">Gr\u00f6\u00dfe des Backblechs mit Deckel:<\/h2>\n\n\n\n<figure class=\"wp-block-table\"><table class=\"has-fixed-layout\"><tbody><tr><td>Modell<\/td><td>L\u00e4nge * Breite * H\u00f6he (cm)<\/td><td>MOQ<\/td><\/tr><tr><td rowspan=\"6\">DY095-Z<\/td><td>23*17*5 CM<\/td><td rowspan=\"6\">36 STCK.<\/td><\/tr><tr><td>26*20*5 CM<\/td><\/tr><tr><td>31*24*5 CM<\/td><\/tr><tr><td>16*16*5 CM<\/td><\/tr><tr><td>20*20*5 CM<\/td><\/tr><tr><td>24*24*5 CM<\/td><\/tr><\/tbody><\/table><\/figure>\n\n\n\n<p><\/p>\n<\/div>","protected":false},"excerpt":{"rendered":"<p>Gro\u00dfhandel Backblech mit Deckel und Rack, geeignet f\u00fcr Haus kommerzielle K\u00fcche und Outdoor-Lebensmittel Lagerung. Kundenspezifischer Service ist verf\u00fcgbar, willkommen zu erkundigen!<\/p>\n<h2 style=\"text-align: left\">Parameter des Backblechs mit Deckel:<\/h2>\n<p style=\"text-align: left\"><strong>Material:<\/strong> Rostfreier Stahl<br \/><strong>Entwurf:<\/strong> mit Edelstahlgestell und PP-Deckel<br \/><strong>Verpacken: <\/strong>Opp-Beutel und -Karton<br \/><strong>OEM\/ODM:<\/strong> Verf\u00fcgbar<\/p>\n<h2 class=\"wp-block-heading\">Von Yongyu Kitchenware Hersteller :<\/h2>\n<p class=\"wp-block-heading\">Zu unseren Produkten geh\u00f6ren alle Arten von Kochgeschirr und K\u00fcchenzubeh\u00f6r aus Edelstahl. Und wir bieten ma\u00dfgeschneiderte L\u00f6sungen f\u00fcr K\u00fcchenger\u00e4te zu Fabrikpreisen.<\/p>","protected":false},"featured_media":2138,"comment_status":"closed","ping_status":"closed","template":"","meta":{"_acf_changed":false},"application":[31,29],"product_brand":[],"product_cat":[23,35],"product_tag":[],"class_list":{"0":"post-2137","1":"product","2":"type-product","3":"status-publish","4":"has-post-thumbnail","6":"application-champ-kitchen","7":"application-home-kitchen","8":"product_cat-kitchenware-wholesale","9":"product_cat-baking-trays-wholesale","11":"first","12":"instock","13":"shipping-taxable","14":"product-type-simple"},"acf":[],"_links":{"self":[{"href":"https:\/\/www.yongyukitchenware.com\/de\/wp-json\/wp\/v2\/product\/2137","targetHints":{"allow":["GET"]}}],"collection":[{"href":"https:\/\/www.yongyukitchenware.com\/de\/wp-json\/wp\/v2\/product"}],"about":[{"href":"https:\/\/www.yongyukitchenware.com\/de\/wp-json\/wp\/v2\/types\/product"}],"replies":[{"embeddable":true,"href":"https:\/\/www.yongyukitchenware.com\/de\/wp-json\/wp\/v2\/comments?post=2137"}],"wp:featuredmedia":[{"embeddable":true,"href":"https:\/\/www.yongyukitchenware.com\/de\/wp-json\/wp\/v2\/media\/2138"}],"wp:attachment":[{"href":"https:\/\/www.yongyukitchenware.com\/de\/wp-json\/wp\/v2\/media?parent=2137"}],"wp:term":[{"taxonomy":"application","embeddable":true,"href":"https:\/\/www.yongyukitchenware.com\/de\/wp-json\/wp\/v2\/application?post=2137"},{"taxonomy":"product_brand","embeddable":true,"href":"https:\/\/www.yongyukitchenware.com\/de\/wp-json\/wp\/v2\/product_brand?post=2137"},{"taxonomy":"product_cat","embeddable":true,"href":"https:\/\/www.yongyukitchenware.com\/de\/wp-json\/wp\/v2\/product_cat?post=2137"},{"taxonomy":"product_tag","embeddable":true,"href":"https:\/\/www.yongyukitchenware.com\/de\/wp-json\/wp\/v2\/product_tag?post=2137"}],"curies":[{"name":"wp","href":"https:\/\/api.w.org\/{rel}","templated":true}]}}