{"id":2181,"date":"2024-11-10T03:52:27","date_gmt":"2024-11-10T03:52:27","guid":{"rendered":"https:\/\/www.yongyukitchenware.com\/?post_type=product&#038;p=2181"},"modified":"2025-07-10T09:52:49","modified_gmt":"2025-07-10T09:52:49","slug":"non-stick-frying-pan-wholesale","status":"publish","type":"product","link":"https:\/\/www.yongyukitchenware.com\/de\/produkt\/non-stick-frying-pan-wholesale\/","title":{"rendered":"Bulk Antihaft-Bratpfanne Honeycomb Tri-Ply Pan"},"content":{"rendered":"<div class=\"wp-block-columns is-layout-flex wp-container-core-columns-is-layout-9d6595d7 wp-block-columns-is-layout-flex\">\n<div class=\"wp-block-column is-layout-flow wp-block-column-is-layout-flow\">\n<h2 class=\"wp-block-heading\">Antihaft-Bratpfanne Merkmale:<\/h2>\n\n\n\n<p><strong>Dreischichtige Stahlkonstruktion: <\/strong>304\/430-Edelstahl und Aluminium innen und au\u00dfen, die dreischichtige Struktur gew\u00e4hrleistet die Hitzebest\u00e4ndigkeit des Woks.<br><strong>Professionelles Antihaft-Verfahren:<\/strong> Im Inneren wird eine Lasergravur mit Wabenstruktur verwendet. Die Wabenstruktur verhindert das Anhaften am Topf und sorgt f\u00fcr eine gleichm\u00e4\u00dfige Erw\u00e4rmung der Zutaten.<br><strong>Hohe Kompatibilit\u00e4t: <\/strong>Der Wok eignet sich zum Braten, leichten Garen, D\u00e4mpfen und Frittieren. Geeignet f\u00fcr alle Herde, einschlie\u00dflich Halogen-, Gas-, Keramik- und Elektroherde<br><strong>Leicht zu reinigen und kratzfest:<\/strong> Antihaftbeschichtete Pfannen sind kratzfest und werden durch die Verwendung von Metallutensilien nicht abgenutzt oder ausgefranst.<br><strong>Humanisiertes Design: <\/strong>Stahlgriff f\u00fchlt sich bequem an, vertikaler Topfdeckel kann aufgesetzt werden, nimmt keinen Platz weg<\/p>\n<\/div>\n\n\n\n<div class=\"wp-block-column is-layout-flow wp-block-column-is-layout-flow\">\n<div class=\"wp-block-columns is-layout-flex wp-container-core-columns-is-layout-9d6595d7 wp-block-columns-is-layout-flex\">\n<div class=\"wp-block-column is-layout-flow wp-block-column-is-layout-flow\">\n<figure class=\"wp-block-image size-full\"><img decoding=\"async\" width=\"800\" height=\"800\" src=\"https:\/\/www.yongyukitchenware.com\/wp-content\/uploads\/2024\/11\/Honeycomb-pan-4.webp\" alt=\"Waben-Wanne-4\" class=\"wp-image-2186\" srcset=\"https:\/\/www.yongyukitchenware.com\/wp-content\/uploads\/2024\/11\/Honeycomb-pan-4.webp 800w, https:\/\/www.yongyukitchenware.com\/wp-content\/uploads\/2024\/11\/Honeycomb-pan-4-300x300.webp 300w, https:\/\/www.yongyukitchenware.com\/wp-content\/uploads\/2024\/11\/Honeycomb-pan-4-150x150.webp 150w, https:\/\/www.yongyukitchenware.com\/wp-content\/uploads\/2024\/11\/Honeycomb-pan-4-768x768.webp 768w, https:\/\/www.yongyukitchenware.com\/wp-content\/uploads\/2024\/11\/Honeycomb-pan-4-12x12.webp 12w, https:\/\/www.yongyukitchenware.com\/wp-content\/uploads\/2024\/11\/Honeycomb-pan-4-600x600.webp 600w, https:\/\/www.yongyukitchenware.com\/wp-content\/uploads\/2024\/11\/Honeycomb-pan-4-100x100.webp 100w\" sizes=\"(max-width: 800px) 100vw, 800px\" \/><\/figure>\n\n\n\n<figure class=\"wp-block-image size-full\"><img decoding=\"async\" width=\"800\" height=\"800\" src=\"https:\/\/www.yongyukitchenware.com\/wp-content\/uploads\/2024\/11\/Honeycomb-pan-6.webp\" alt=\"\" class=\"wp-image-2188\" srcset=\"https:\/\/www.yongyukitchenware.com\/wp-content\/uploads\/2024\/11\/Honeycomb-pan-6.webp 800w, https:\/\/www.yongyukitchenware.com\/wp-content\/uploads\/2024\/11\/Honeycomb-pan-6-300x300.webp 300w, https:\/\/www.yongyukitchenware.com\/wp-content\/uploads\/2024\/11\/Honeycomb-pan-6-150x150.webp 150w, https:\/\/www.yongyukitchenware.com\/wp-content\/uploads\/2024\/11\/Honeycomb-pan-6-768x768.webp 768w, https:\/\/www.yongyukitchenware.com\/wp-content\/uploads\/2024\/11\/Honeycomb-pan-6-12x12.webp 12w, https:\/\/www.yongyukitchenware.com\/wp-content\/uploads\/2024\/11\/Honeycomb-pan-6-600x600.webp 600w, https:\/\/www.yongyukitchenware.com\/wp-content\/uploads\/2024\/11\/Honeycomb-pan-6-100x100.webp 100w\" sizes=\"(max-width: 800px) 100vw, 800px\" \/><\/figure>\n<\/div>\n<\/div>\n<\/div>\n<\/div>\n\n\n\n<p><\/p>","protected":false},"excerpt":{"rendered":"<p>Kochgeschirr Hersteller Gro\u00dfhandel Antihaft-Bratpfannen, Edelstahl Wabe Antihaft-Beschichtung Design und Holzgriffe f\u00fcr einfachen Halt. Support-Anpassung, hohe Qualit\u00e4t und kosteng\u00fcnstig, willkommen, uns f\u00fcr kostenlose Anfrage zu kontaktieren.<\/p>\n<h2>Bratpfanne mit Antihaftbeschichtung Parameter:<\/h2>\n<p><strong>Material:<\/strong> Rostfreier Stahl<br \/><strong>Innere Form:<\/strong> Wabe und nicht Wabe<br \/><strong>Design des Griffs:<\/strong> Holzgriff und nietverst\u00e4rkte Z\u00fcge<br \/><strong>Gr\u00f6\u00dfen:<\/strong> 26\/28cm<br \/><strong>OEM\/ODM:<\/strong> Verf\u00fcgbar<\/p>\n<h2 class=\"wp-block-heading\">Von Yongyu Kochgeschirr Hersteller :<\/h2>\n<p>Yongyu ist ein bekannter Kochgeschirrhersteller in China, der f\u00fcr sein breites Angebot an hochwertigem Edelstahlkochgeschirr bekannt ist, darunter Bratpfannen, Woks, Suppent\u00f6pfe und Pastat\u00f6pfe usw.<\/p>","protected":false},"featured_media":2183,"comment_status":"closed","ping_status":"closed","template":"","meta":{"_acf_changed":false},"application":[29],"product_brand":[],"product_cat":[23,32],"product_tag":[],"class_list":{"0":"post-2181","1":"product","2":"type-product","3":"status-publish","4":"has-post-thumbnail","6":"application-home-kitchen","7":"product_cat-kitchenware-wholesale","8":"product_cat-wholesale-cookware","10":"first","11":"instock","12":"shipping-taxable","13":"product-type-simple"},"acf":[],"_links":{"self":[{"href":"https:\/\/www.yongyukitchenware.com\/de\/wp-json\/wp\/v2\/product\/2181","targetHints":{"allow":["GET"]}}],"collection":[{"href":"https:\/\/www.yongyukitchenware.com\/de\/wp-json\/wp\/v2\/product"}],"about":[{"href":"https:\/\/www.yongyukitchenware.com\/de\/wp-json\/wp\/v2\/types\/product"}],"replies":[{"embeddable":true,"href":"https:\/\/www.yongyukitchenware.com\/de\/wp-json\/wp\/v2\/comments?post=2181"}],"wp:featuredmedia":[{"embeddable":true,"href":"https:\/\/www.yongyukitchenware.com\/de\/wp-json\/wp\/v2\/media\/2183"}],"wp:attachment":[{"href":"https:\/\/www.yongyukitchenware.com\/de\/wp-json\/wp\/v2\/media?parent=2181"}],"wp:term":[{"taxonomy":"application","embeddable":true,"href":"https:\/\/www.yongyukitchenware.com\/de\/wp-json\/wp\/v2\/application?post=2181"},{"taxonomy":"product_brand","embeddable":true,"href":"https:\/\/www.yongyukitchenware.com\/de\/wp-json\/wp\/v2\/product_brand?post=2181"},{"taxonomy":"product_cat","embeddable":true,"href":"https:\/\/www.yongyukitchenware.com\/de\/wp-json\/wp\/v2\/product_cat?post=2181"},{"taxonomy":"product_tag","embeddable":true,"href":"https:\/\/www.yongyukitchenware.com\/de\/wp-json\/wp\/v2\/product_tag?post=2181"}],"curies":[{"name":"wp","href":"https:\/\/api.w.org\/{rel}","templated":true}]}}