{"id":2207,"date":"2024-11-30T02:44:55","date_gmt":"2024-11-30T02:44:55","guid":{"rendered":"https:\/\/www.yongyukitchenware.com\/?post_type=product&#038;p=2207"},"modified":"2025-06-26T07:59:55","modified_gmt":"2025-06-26T07:59:55","slug":"wholesales-double-handle-pan","status":"publish","type":"product","link":"https:\/\/www.yongyukitchenware.com\/de\/produkt\/wholesales-double-handle-pan\/","title":{"rendered":"Gro\u00dfhandel Doppelgriff Pfanne trocken Topf Antihaft mit Deckel"},"content":{"rendered":"<div class=\"wp-block-columns is-layout-flex wp-container-core-columns-is-layout-9d6595d7 wp-block-columns-is-layout-flex\">\n<div class=\"wp-block-column is-layout-flow wp-block-column-is-layout-flow\">\n<h2 class=\"wp-block-heading\">Doppelgriff-Pfanne Merkmale:<\/h2>\n\n\n\n<p><strong>Antihaft-Edelstahl: <\/strong>Hergestellt aus lebensmittelechtem Edelstahl, Antihaft-Boden, ungiftig und verschlei\u00dffest, kann f\u00fcr eine lange Zeit verwendet werden.<\/p>\n\n\n\n<p><strong>Hochglanzpolierte Oberfl\u00e4che: <\/strong>Helle und glatte Oberfl\u00e4che, leicht zu reinigen, sp\u00fclmaschinenfest.<\/p>\n\n\n\n<p><strong>Verst\u00e4rkte Doppelgriffe und mit Deckel: <\/strong>Vernietet, verst\u00e4rkt und langlebig, mit Edelstahldeckel, geeignet f\u00fcr die Mala-Trockennahrungsproduktion<\/p>\n\n\n\n<p><strong>Erweitertes gro\u00dfes Fassungsverm\u00f6gen: <\/strong>Gro\u00dfer Durchmesser, leicht f\u00fcr eine Vielzahl von Lebensmitteln geeignet<\/p>\n\n\n\n<h2 class=\"wp-block-heading\">Double Handle Pan Gr\u00f6\u00dfe:<\/h2>\n\n\n\n<figure class=\"wp-block-table\"><table class=\"has-fixed-layout\"><tbody><tr><td>Modell<\/td><td>Gr\u00f6\u00dfe<\/td><td>Durchmesser * H\u00f6he (cm)<\/td><td>MOQ<\/td><\/tr><tr><td rowspan=\"3\">DY002-D<\/td><td>9 Zoll<\/td><td>22,3*6,5cm<\/td><td rowspan=\"3\">100 STCK.<\/td><\/tr><tr><td>10 Zoll<\/td><td>25*6,5cm<\/td><\/tr><tr><td>11 Zoll<\/td><td>26,5*7,5cm<\/td><\/tr><\/tbody><\/table><\/figure>\n<\/div>\n\n\n\n<div class=\"wp-block-column is-layout-flow wp-block-column-is-layout-flow\">\n<figure class=\"wp-block-image size-full\"><img decoding=\"async\" width=\"1920\" height=\"1920\" src=\"https:\/\/www.yongyukitchenware.com\/wp-content\/uploads\/2024\/11\/Stainless-Steel-Dry-Pot-6.webp\" alt=\"Edelstahl-Trockenkanne-6\" class=\"wp-image-2212\" srcset=\"https:\/\/www.yongyukitchenware.com\/wp-content\/uploads\/2024\/11\/Stainless-Steel-Dry-Pot-6.webp 1920w, https:\/\/www.yongyukitchenware.com\/wp-content\/uploads\/2024\/11\/Stainless-Steel-Dry-Pot-6-300x300.webp 300w, https:\/\/www.yongyukitchenware.com\/wp-content\/uploads\/2024\/11\/Stainless-Steel-Dry-Pot-6-150x150.webp 150w, https:\/\/www.yongyukitchenware.com\/wp-content\/uploads\/2024\/11\/Stainless-Steel-Dry-Pot-6-768x768.webp 768w, https:\/\/www.yongyukitchenware.com\/wp-content\/uploads\/2024\/11\/Stainless-Steel-Dry-Pot-6-12x12.webp 12w, https:\/\/www.yongyukitchenware.com\/wp-content\/uploads\/2024\/11\/Stainless-Steel-Dry-Pot-6-1200x1200.webp 1200w, https:\/\/www.yongyukitchenware.com\/wp-content\/uploads\/2024\/11\/Stainless-Steel-Dry-Pot-6-600x600.webp 600w, https:\/\/www.yongyukitchenware.com\/wp-content\/uploads\/2024\/11\/Stainless-Steel-Dry-Pot-6-100x100.webp 100w\" sizes=\"(max-width: 1920px) 100vw, 1920px\" \/><\/figure>\n<\/div>\n<\/div>\n\n\n\n<div class=\"wp-block-columns is-layout-flex wp-container-core-columns-is-layout-9d6595d7 wp-block-columns-is-layout-flex\">\n<div class=\"wp-block-column is-layout-flow wp-block-column-is-layout-flow\"><\/div>\n\n\n\n<div class=\"wp-block-column is-layout-flow wp-block-column-is-layout-flow\"><\/div>\n<\/div>","protected":false},"excerpt":{"rendered":"<p>Gro\u00dfhandel aus Edelstahl Kochgeschirr Hersteller, Doppelgriff Pfannen sind in loser Sch\u00fcttung angepasst, in verschiedenen Gr\u00f6\u00dfen, geeignet f\u00fcr den gewerblichen und privaten Gebrauch. Hochwertige Edelstahl verschlei\u00dffest Antihaft-Pfannen, willkommen, uns f\u00fcr weitere Produktinformationen zu kontaktieren.<\/p>\n<h2 style=\"text-align: left\">Double Handle Pan Parameter:<\/h2>\n<p style=\"text-align: left\"><strong>Material:<\/strong> Rostfreier Stahl<br \/><strong>Farbe:<\/strong> Silber<br \/><strong>Entwurf:<\/strong>\u00a0 Mit Doppelgriffen und einem Deckel<br \/><strong>Gr\u00f6\u00dfen:<\/strong> 9\/10\/11 Zoll<br \/><strong>OEM\/ODM:<\/strong> Verf\u00fcgbar<\/p>\n<h2 class=\"wp-block-heading\">Von Yongyu Kochgeschirr Hersteller :<\/h2>\n<p>Yongyu ist ein professioneller Hersteller von Kochgeschirr. Unsere Produkte umfassen alle Arten von Kochgeschirr aus rostfreiem Stahl, wie z. B. Nudelkocher, Bratpfannen, Schmort\u00f6pfe usw., und wir bieten jedem Kunden qualitativ hochwertige Beschaffungsdienste und erschwingliche Preise.<\/p>","protected":false},"featured_media":2208,"comment_status":"closed","ping_status":"closed","template":"","meta":{"_acf_changed":true},"application":[29],"product_brand":[],"product_cat":[23,32],"product_tag":[],"class_list":{"0":"post-2207","1":"product","2":"type-product","3":"status-publish","4":"has-post-thumbnail","6":"application-home-kitchen","7":"product_cat-kitchenware-wholesale","8":"product_cat-wholesale-cookware","10":"first","11":"instock","12":"shipping-taxable","13":"product-type-simple"},"acf":[],"_links":{"self":[{"href":"https:\/\/www.yongyukitchenware.com\/de\/wp-json\/wp\/v2\/product\/2207","targetHints":{"allow":["GET"]}}],"collection":[{"href":"https:\/\/www.yongyukitchenware.com\/de\/wp-json\/wp\/v2\/product"}],"about":[{"href":"https:\/\/www.yongyukitchenware.com\/de\/wp-json\/wp\/v2\/types\/product"}],"replies":[{"embeddable":true,"href":"https:\/\/www.yongyukitchenware.com\/de\/wp-json\/wp\/v2\/comments?post=2207"}],"wp:featuredmedia":[{"embeddable":true,"href":"https:\/\/www.yongyukitchenware.com\/de\/wp-json\/wp\/v2\/media\/2208"}],"wp:attachment":[{"href":"https:\/\/www.yongyukitchenware.com\/de\/wp-json\/wp\/v2\/media?parent=2207"}],"wp:term":[{"taxonomy":"application","embeddable":true,"href":"https:\/\/www.yongyukitchenware.com\/de\/wp-json\/wp\/v2\/application?post=2207"},{"taxonomy":"product_brand","embeddable":true,"href":"https:\/\/www.yongyukitchenware.com\/de\/wp-json\/wp\/v2\/product_brand?post=2207"},{"taxonomy":"product_cat","embeddable":true,"href":"https:\/\/www.yongyukitchenware.com\/de\/wp-json\/wp\/v2\/product_cat?post=2207"},{"taxonomy":"product_tag","embeddable":true,"href":"https:\/\/www.yongyukitchenware.com\/de\/wp-json\/wp\/v2\/product_tag?post=2207"}],"curies":[{"name":"wp","href":"https:\/\/api.w.org\/{rel}","templated":true}]}}