{"id":2215,"date":"2024-11-30T03:05:44","date_gmt":"2024-11-30T03:05:44","guid":{"rendered":"https:\/\/www.yongyukitchenware.com\/?post_type=product&#038;p=2215"},"modified":"2025-06-26T08:00:41","modified_gmt":"2025-06-26T08:00:41","slug":"bulk-baking-oven-tray","status":"publish","type":"product","link":"https:\/\/www.yongyukitchenware.com\/de\/produkt\/bulk-baking-oven-tray\/","title":{"rendered":"Bulk Backofen Tablett Edelstahl Non-Stick gefrorenen Kn\u00f6del Platte"},"content":{"rendered":"<div class=\"wp-block-columns is-layout-flex wp-container-core-columns-is-layout-9d6595d7 wp-block-columns-is-layout-flex\">\n<div class=\"wp-block-column is-layout-flow wp-block-column-is-layout-flow\">\n<h2 class=\"wp-block-heading\">Gr\u00f6\u00dfe des Backofenblechs:<\/h2>\n\n\n\n<figure class=\"wp-block-table\"><table class=\"has-fixed-layout\"><tbody><tr><td>Modell<\/td><td>Tiefe<\/td><td>L\u00e4nge * Breite (cm)<\/td><td>MOQ<\/td><\/tr><tr><td rowspan=\"6\">DY096-Z<\/td><td rowspan=\"6\">5 cm<\/td><td>23*17cm<\/td><td rowspan=\"6\">36 STCK.<\/td><\/tr><tr><td>26*20cm<\/td><\/tr><tr><td>31*24cm<\/td><\/tr><tr><td>16*16cm<\/td><\/tr><tr><td>20*20cm<\/td><\/tr><tr><td>24*24cm<\/td><\/tr><\/tbody><\/table><\/figure>\n\n\n\n<h2 class=\"wp-block-heading\">Backofen Tablett Merkmale:<\/h2>\n\n\n\n<p><strong>Langlebiger Edelstahl:<\/strong> Korrosionsbest\u00e4ndiger Edelstahl, leicht zu reinigen, ist ein beliebtes Material.<strong><br>Anti-Stick-Design: <\/strong>Das H\u00f6cker- und Streifendesign an der Unterseite verhindert effektiv einen klebrigen Boden und ist leicht zu reinigen.<br><strong>Rollrand-Design: <\/strong>Die Kanten sind abgerundet und glatt, leicht zu handhaben und verhindern Handverletzungen.<br><strong>Flaches Bodendesign: <\/strong>Sie erhitzen sich gleichm\u00e4\u00dfig und schnell, k\u00f6nnen in Wasser ged\u00e4mpft und im Backofen erhitzt werden.<\/p>\n<\/div>\n\n\n\n<div class=\"wp-block-column is-layout-flow wp-block-column-is-layout-flow\">\n<figure class=\"wp-block-image size-full is-resized\"><img decoding=\"async\" width=\"800\" height=\"800\" src=\"https:\/\/www.yongyukitchenware.com\/wp-content\/uploads\/2024\/11\/Stainless-Steel-Non-Stick-Baking-Tray-4.webp\" alt=\"Edelstahl-Antihaft-Backblech-4\" class=\"wp-image-2222\" style=\"width:384px;height:auto\" srcset=\"https:\/\/www.yongyukitchenware.com\/wp-content\/uploads\/2024\/11\/Stainless-Steel-Non-Stick-Baking-Tray-4.webp 800w, https:\/\/www.yongyukitchenware.com\/wp-content\/uploads\/2024\/11\/Stainless-Steel-Non-Stick-Baking-Tray-4-300x300.webp 300w, https:\/\/www.yongyukitchenware.com\/wp-content\/uploads\/2024\/11\/Stainless-Steel-Non-Stick-Baking-Tray-4-150x150.webp 150w, https:\/\/www.yongyukitchenware.com\/wp-content\/uploads\/2024\/11\/Stainless-Steel-Non-Stick-Baking-Tray-4-768x768.webp 768w, https:\/\/www.yongyukitchenware.com\/wp-content\/uploads\/2024\/11\/Stainless-Steel-Non-Stick-Baking-Tray-4-12x12.webp 12w, https:\/\/www.yongyukitchenware.com\/wp-content\/uploads\/2024\/11\/Stainless-Steel-Non-Stick-Baking-Tray-4-600x600.webp 600w, https:\/\/www.yongyukitchenware.com\/wp-content\/uploads\/2024\/11\/Stainless-Steel-Non-Stick-Baking-Tray-4-100x100.webp 100w\" sizes=\"(max-width: 800px) 100vw, 800px\" \/><\/figure>\n\n\n\n<figure class=\"wp-block-image size-full is-resized\"><img decoding=\"async\" width=\"800\" height=\"800\" src=\"https:\/\/www.yongyukitchenware.com\/wp-content\/uploads\/2024\/11\/Stainless-Steel-Non-Stick-Baking-Tray-1.webp\" alt=\"Edelstahl-Antihaft-Backblech-1\" class=\"wp-image-2221\" style=\"width:384px\" srcset=\"https:\/\/www.yongyukitchenware.com\/wp-content\/uploads\/2024\/11\/Stainless-Steel-Non-Stick-Baking-Tray-1.webp 800w, https:\/\/www.yongyukitchenware.com\/wp-content\/uploads\/2024\/11\/Stainless-Steel-Non-Stick-Baking-Tray-1-300x300.webp 300w, https:\/\/www.yongyukitchenware.com\/wp-content\/uploads\/2024\/11\/Stainless-Steel-Non-Stick-Baking-Tray-1-150x150.webp 150w, https:\/\/www.yongyukitchenware.com\/wp-content\/uploads\/2024\/11\/Stainless-Steel-Non-Stick-Baking-Tray-1-768x768.webp 768w, https:\/\/www.yongyukitchenware.com\/wp-content\/uploads\/2024\/11\/Stainless-Steel-Non-Stick-Baking-Tray-1-12x12.webp 12w, https:\/\/www.yongyukitchenware.com\/wp-content\/uploads\/2024\/11\/Stainless-Steel-Non-Stick-Baking-Tray-1-600x600.webp 600w, https:\/\/www.yongyukitchenware.com\/wp-content\/uploads\/2024\/11\/Stainless-Steel-Non-Stick-Baking-Tray-1-100x100.webp 100w\" sizes=\"(max-width: 800px) 100vw, 800px\" \/><\/figure>\n<\/div>\n<\/div>\n\n\n\n<p><\/p>","protected":false},"excerpt":{"rendered":"<div class=\"n4sEPd\">\n<div class=\"UdTY9 qhIQqf leDWne\" aria-hidden=\"true\" data-location=\"1\">Entscheiden Sie sich f\u00fcr Yongyu ma\u00dfgeschneiderte Backofenbleche. Wir bieten eine Vielzahl von Gr\u00f6\u00dfen, unterst\u00fctzen kundenspezifische Logos und Verpackungen, perfekt f\u00fcr den Einsatz zu Hause oder im Hotel, um die Bed\u00fcrfnisse der verschiedenen Catering-Services zu erf\u00fcllen.<\/div>\n<\/div>\n<h2 style=\"text-align: left\">Backofen Tablett Parameter:<\/h2>\n<p style=\"text-align: left\"><strong>Material:<\/strong> Rostfreier Stahl<br \/><strong>Die Tiefe: <\/strong>5 cm<br \/><strong>Die Form:<\/strong> Rechteckig<br \/><strong>Verpacken:<\/strong> OPP-Beutel und -Karton<br \/><strong>OEM\/ODM:<\/strong> Verf\u00fcgbar<\/p>\n<h2 class=\"wp-block-heading\">Von Yongyu Kitchenware Hersteller :<\/h2>\n<p>Yongyu ist ein professioneller Hersteller von K\u00fcchenger\u00e4ten. Zu unseren Produkten geh\u00f6ren alle Arten von Kochgeschirr und K\u00fcchenzubeh\u00f6r aus Edelstahl. Wir bieten ma\u00dfgeschneiderte L\u00f6sungen mit hochwertigen Produkten zu Fabrikpreisen.<\/p>","protected":false},"featured_media":2216,"comment_status":"closed","ping_status":"closed","template":"","meta":{"_acf_changed":true},"application":[29],"product_brand":[],"product_cat":[23,35],"product_tag":[],"class_list":{"0":"post-2215","1":"product","2":"type-product","3":"status-publish","4":"has-post-thumbnail","6":"application-home-kitchen","7":"product_cat-kitchenware-wholesale","8":"product_cat-baking-trays-wholesale","10":"first","11":"instock","12":"shipping-taxable","13":"product-type-simple"},"acf":[],"_links":{"self":[{"href":"https:\/\/www.yongyukitchenware.com\/de\/wp-json\/wp\/v2\/product\/2215","targetHints":{"allow":["GET"]}}],"collection":[{"href":"https:\/\/www.yongyukitchenware.com\/de\/wp-json\/wp\/v2\/product"}],"about":[{"href":"https:\/\/www.yongyukitchenware.com\/de\/wp-json\/wp\/v2\/types\/product"}],"replies":[{"embeddable":true,"href":"https:\/\/www.yongyukitchenware.com\/de\/wp-json\/wp\/v2\/comments?post=2215"}],"wp:featuredmedia":[{"embeddable":true,"href":"https:\/\/www.yongyukitchenware.com\/de\/wp-json\/wp\/v2\/media\/2216"}],"wp:attachment":[{"href":"https:\/\/www.yongyukitchenware.com\/de\/wp-json\/wp\/v2\/media?parent=2215"}],"wp:term":[{"taxonomy":"application","embeddable":true,"href":"https:\/\/www.yongyukitchenware.com\/de\/wp-json\/wp\/v2\/application?post=2215"},{"taxonomy":"product_brand","embeddable":true,"href":"https:\/\/www.yongyukitchenware.com\/de\/wp-json\/wp\/v2\/product_brand?post=2215"},{"taxonomy":"product_cat","embeddable":true,"href":"https:\/\/www.yongyukitchenware.com\/de\/wp-json\/wp\/v2\/product_cat?post=2215"},{"taxonomy":"product_tag","embeddable":true,"href":"https:\/\/www.yongyukitchenware.com\/de\/wp-json\/wp\/v2\/product_tag?post=2215"}],"curies":[{"name":"wp","href":"https:\/\/api.w.org\/{rel}","templated":true}]}}