{"id":2334,"date":"2024-12-06T12:34:49","date_gmt":"2024-12-06T12:34:49","guid":{"rendered":"https:\/\/www.yongyukitchenware.com\/?post_type=product&#038;p=2334"},"modified":"2025-06-14T07:55:20","modified_gmt":"2025-06-14T07:55:20","slug":"wholesale-small-drink-dispenser","status":"publish","type":"product","link":"https:\/\/www.yongyukitchenware.com\/de\/produkt\/wholesale-small-drink-dispenser\/","title":{"rendered":"Bulk Small Drink Dispenser 1-2 Gallonen mit Eiskern f\u00fcr Party"},"content":{"rendered":"<div class=\"wp-block-columns is-layout-flex wp-container-core-columns-is-layout-9d6595d7 wp-block-columns-is-layout-flex\">\n<div class=\"wp-block-column is-layout-flow wp-block-column-is-layout-flow\">\n<h2 class=\"wp-block-heading\">Kleiner Getr\u00e4nkespender Gr\u00f6\u00dfe:<\/h2>\n\n\n\n<figure class=\"wp-block-table\"><table class=\"has-fixed-layout\"><tbody><tr><td>Modell<\/td><td>Gr\u00f6\u00dfe<\/td><td>L\u00e4nge * H\u00f6he (cm)<\/td><td>MOQ<\/td><\/tr><tr><td rowspan=\"2\">DY003-GZD<\/td><td>3L<\/td><td>19*29*50cm<\/td><td rowspan=\"2\">8PCS<\/td><\/tr><tr><td>6L<\/td><td>40*29*50cm<\/td><\/tr><\/tbody><\/table><\/figure>\n\n\n\n<h2 class=\"wp-block-heading\">Kleiner Getr\u00e4nkespender Merkmale:<\/h2>\n\n\n\n<p><strong>Hochtemperaturbest\u00e4ndig<\/strong>: Der Korpus ist aus hochwertigem PC-Material gefertigt, transparent und hitzebest\u00e4ndig.<br><strong>Deckel aus rostfreiem Stahl:<\/strong> Korrosionsbest\u00e4ndig, sicher und ungiftig, leicht zu reinigen.<br><strong>Tropffreier Wasserhahn:<\/strong> Der Wasserhahn aus Harz und rostfreiem Stahl hat einen gleichm\u00e4\u00dfigen Wasserfluss ohne zu tropfen und ist einfach zu bedienen.<br><strong>Geeignet sowohl f\u00fcr hei\u00dfe als auch f\u00fcr kalte Speisen:<\/strong> F\u00fcllen Sie einfach den internen Eisw\u00fcrfelbeh\u00e4lter mit Eisw\u00fcrfeln, um das Getr\u00e4nk abzuk\u00fchlen, oder geben Sie hei\u00dfes Wasser hinzu, um es warm zu halten.<br>Auffangschale: Die hohle Sp\u00fcle am Boden kann versch\u00fcttete Fl\u00fcssigkeiten auffangen und die Arbeitsplatte sauber halten.<\/p>\n<\/div>\n\n\n\n<div class=\"wp-block-column is-layout-flow wp-block-column-is-layout-flow\">\n<figure class=\"wp-block-image size-full is-style-default\"><img decoding=\"async\" width=\"800\" height=\"800\" src=\"https:\/\/www.yongyukitchenware.com\/wp-content\/uploads\/2024\/11\/Bulk-Juicer-Dispenser-2.webp\" alt=\"Gro\u00dfer Saftpressen-Spender-2\" class=\"wp-image-2340\" srcset=\"https:\/\/www.yongyukitchenware.com\/wp-content\/uploads\/2024\/11\/Bulk-Juicer-Dispenser-2.webp 800w, https:\/\/www.yongyukitchenware.com\/wp-content\/uploads\/2024\/11\/Bulk-Juicer-Dispenser-2-300x300.webp 300w, https:\/\/www.yongyukitchenware.com\/wp-content\/uploads\/2024\/11\/Bulk-Juicer-Dispenser-2-150x150.webp 150w, https:\/\/www.yongyukitchenware.com\/wp-content\/uploads\/2024\/11\/Bulk-Juicer-Dispenser-2-768x768.webp 768w, https:\/\/www.yongyukitchenware.com\/wp-content\/uploads\/2024\/11\/Bulk-Juicer-Dispenser-2-12x12.webp 12w, https:\/\/www.yongyukitchenware.com\/wp-content\/uploads\/2024\/11\/Bulk-Juicer-Dispenser-2-600x600.webp 600w, https:\/\/www.yongyukitchenware.com\/wp-content\/uploads\/2024\/11\/Bulk-Juicer-Dispenser-2-100x100.webp 100w\" sizes=\"(max-width: 800px) 100vw, 800px\" \/><\/figure>\n<\/div>\n<\/div>","protected":false},"excerpt":{"rendered":"<p>Von den Getr\u00e4nkespender-Lieferanten bieten wir eine Vielzahl von Gr\u00f6\u00dfen an, einschlie\u00dflich dieses kleinen Getr\u00e4nkespenders. Ob f\u00fcr eine Party, ein Restaurant oder ein Hotel, unsere Getr\u00e4nkespender k\u00f6nnen f\u00fcr kalte oder hei\u00dfe Getr\u00e4nke verwendet werden, erf\u00fcllen verschiedene Bed\u00fcrfnisse und unterst\u00fctzen den Amazon-Verkauf!<\/p>\n<h2>Kleiner Getr\u00e4nkespender Parameter:<\/h2>\n<p><strong>Material:<\/strong> rostfreier Stahl<br \/><strong>Gr\u00f6\u00dfen:<\/strong> Gr\u00f6\u00dfen 3L \/6L verf\u00fcgbar<br \/><strong>Entwurf:<\/strong> Mit Wasserhahn, Eiskern<br \/><strong>Verpacken:<\/strong> Beutel\/Sammelgut\/Karton oder individuell<br \/><strong>OEM\/ODM:<\/strong> optional<\/p>\n<h2 class=\"wp-block-heading\">Von Yongyu Catering Supplies Hersteller :<\/h2>\n<p>Ob Catering-Dienstleister, Hotel- und Gastst\u00e4ttenbetriebe oder Veranstaltungsplaner, wir bieten Ihnen komplette Gro\u00dfhandelsl\u00f6sungen f\u00fcr Gastronomiebedarf zu hochwertigen Fabrikpreisen!<\/p>","protected":false},"featured_media":2335,"comment_status":"closed","ping_status":"closed","template":"","meta":{"_acf_changed":true},"application":[30],"product_brand":[],"product_cat":[22,34],"product_tag":[],"class_list":{"0":"post-2334","1":"product","2":"type-product","3":"status-publish","4":"has-post-thumbnail","6":"application-hotel-catering","7":"product_cat-catering-supplies-wholesale","8":"product_cat-wholesale-drink-dispenser","10":"first","11":"instock","12":"shipping-taxable","13":"product-type-simple"},"acf":[],"_links":{"self":[{"href":"https:\/\/www.yongyukitchenware.com\/de\/wp-json\/wp\/v2\/product\/2334","targetHints":{"allow":["GET"]}}],"collection":[{"href":"https:\/\/www.yongyukitchenware.com\/de\/wp-json\/wp\/v2\/product"}],"about":[{"href":"https:\/\/www.yongyukitchenware.com\/de\/wp-json\/wp\/v2\/types\/product"}],"replies":[{"embeddable":true,"href":"https:\/\/www.yongyukitchenware.com\/de\/wp-json\/wp\/v2\/comments?post=2334"}],"wp:featuredmedia":[{"embeddable":true,"href":"https:\/\/www.yongyukitchenware.com\/de\/wp-json\/wp\/v2\/media\/2335"}],"wp:attachment":[{"href":"https:\/\/www.yongyukitchenware.com\/de\/wp-json\/wp\/v2\/media?parent=2334"}],"wp:term":[{"taxonomy":"application","embeddable":true,"href":"https:\/\/www.yongyukitchenware.com\/de\/wp-json\/wp\/v2\/application?post=2334"},{"taxonomy":"product_brand","embeddable":true,"href":"https:\/\/www.yongyukitchenware.com\/de\/wp-json\/wp\/v2\/product_brand?post=2334"},{"taxonomy":"product_cat","embeddable":true,"href":"https:\/\/www.yongyukitchenware.com\/de\/wp-json\/wp\/v2\/product_cat?post=2334"},{"taxonomy":"product_tag","embeddable":true,"href":"https:\/\/www.yongyukitchenware.com\/de\/wp-json\/wp\/v2\/product_tag?post=2334"}],"curies":[{"name":"wp","href":"https:\/\/api.w.org\/{rel}","templated":true}]}}