{"id":2342,"date":"2024-12-06T12:45:14","date_gmt":"2024-12-06T12:45:14","guid":{"rendered":"https:\/\/www.yongyukitchenware.com\/?post_type=product&#038;p=2342"},"modified":"2025-06-14T07:48:19","modified_gmt":"2025-06-14T07:48:19","slug":"wholesale-drink-dispensers","status":"publish","type":"product","link":"https:\/\/www.yongyukitchenware.com\/de\/produkt\/wholesale-drink-dispensers\/","title":{"rendered":"Gro\u00dfhandel Getr\u00e4nkespender 12L gro\u00dfe Saftbeh\u00e4lter"},"content":{"rendered":"<div class=\"wp-block-columns is-layout-flex wp-container-core-columns-is-layout-9d6595d7 wp-block-columns-is-layout-flex\">\n<div class=\"wp-block-column is-layout-flow wp-block-column-is-layout-flow\">\n<h2 class=\"wp-block-heading\">Getr\u00e4nkespender Gr\u00f6\u00dfe:<\/h2>\n\n\n\n<figure class=\"wp-block-table\"><table class=\"has-fixed-layout\"><tbody><tr><td>Modell<\/td><td>Gr\u00f6\u00dfe<\/td><td>L\u00e4nge * H\u00f6he (cm)<\/td><td>MOQ<\/td><\/tr><tr><td>DY004-GZD<\/td><td>12L<\/td><td>31,5*50cm<\/td><td>4PCS<\/td><\/tr><\/tbody><\/table><\/figure>\n\n\n\n<h2 class=\"wp-block-heading\">Getr\u00e4nkespender Merkmale:<\/h2>\n\n\n\n<p><strong>Langlebiges Material:<\/strong> Der Getr\u00e4nkespender ist aus hochwertigem Edelstahl + PC-Material gefertigt, das k\u00e4lte- und hitzebest\u00e4ndig, robust und langlebig ist<\/p>\n\n\n\n<p><strong>Gro\u00dfe Kapazit\u00e4t: <\/strong>12 Liter gro\u00dfes Fassungsverm\u00f6gen, kann eine Vielzahl von Getr\u00e4nken, Saft, Kaffee usw. aufnehmen und kann von mehreren Personen genutzt werden<\/p>\n\n\n\n<p><strong>Gute Isolierleistung: <\/strong>Das Innere des Getr\u00e4nkespenders ist im Eiszapfendesign gestaltet, so dass Eisw\u00fcrfel oder hei\u00dfes Wasser hinzugef\u00fcgt werden k\u00f6nnen, um die Temperatur des Getr\u00e4nks aufrechtzuerhalten, so dass das Getr\u00e4nk lange Zeit in einem idealen Trinkzustand bleibt.<\/p>\n\n\n\n<p><strong>Einfach zu bedienen: <\/strong>Die Getr\u00e4nkemaschine mit St\u00e4nder ist die perfekte Wahl f\u00fcr Partys, Urlaube, Grillpartys, Events oder Picknicks<\/p>\n\n\n\n<p><strong>Abnehmbare Struktur, leicht zu reinigen.<\/strong><\/p>\n<\/div>\n\n\n\n<div class=\"wp-block-column is-layout-flow wp-block-column-is-layout-flow\">\n<figure class=\"wp-block-image size-full is-style-default\"><img decoding=\"async\" width=\"800\" height=\"800\" src=\"https:\/\/www.yongyukitchenware.com\/wp-content\/uploads\/2024\/11\/Wholesale-Drink-Dispensers-5.webp\" alt=\"Gro\u00dfhandel-Getr\u00e4nkeautomaten-5\" class=\"wp-image-2347\" srcset=\"https:\/\/www.yongyukitchenware.com\/wp-content\/uploads\/2024\/11\/Wholesale-Drink-Dispensers-5.webp 800w, https:\/\/www.yongyukitchenware.com\/wp-content\/uploads\/2024\/11\/Wholesale-Drink-Dispensers-5-300x300.webp 300w, https:\/\/www.yongyukitchenware.com\/wp-content\/uploads\/2024\/11\/Wholesale-Drink-Dispensers-5-150x150.webp 150w, https:\/\/www.yongyukitchenware.com\/wp-content\/uploads\/2024\/11\/Wholesale-Drink-Dispensers-5-768x768.webp 768w, https:\/\/www.yongyukitchenware.com\/wp-content\/uploads\/2024\/11\/Wholesale-Drink-Dispensers-5-12x12.webp 12w, https:\/\/www.yongyukitchenware.com\/wp-content\/uploads\/2024\/11\/Wholesale-Drink-Dispensers-5-600x600.webp 600w, https:\/\/www.yongyukitchenware.com\/wp-content\/uploads\/2024\/11\/Wholesale-Drink-Dispensers-5-100x100.webp 100w\" sizes=\"(max-width: 800px) 100vw, 800px\" \/><\/figure>\n<\/div>\n<\/div>\n\n\n\n<p><\/p>","protected":false},"excerpt":{"rendered":"<p>Fabrikpreis Gro\u00dfhandel gro\u00dfe Getr\u00e4nkespender, Edelstahl und Kunststoff-Material, mit Hahn und Stand, geeignet f\u00fcr mehrere Personen und Partei Hotel verwenden. Beste Rabatt f\u00fcr Bulk-Brauch, willkommen, uns zu konsultieren, um eine kostenlose Anfrage zu erhalten!<\/p>\n<h2>Getr\u00e4nkespender Parameter:<\/h2>\n<p><strong>Material:<\/strong> rostfreier Stahl, Kunststoff<br \/><strong>Gr\u00f6\u00dfen:<\/strong> 12L<br \/><strong>Entwurf:<\/strong>\u00a0 transparentes Fass mit Edelstahldeckel, Klammer und St\u00e4nder<br \/><strong>Verpacken:<\/strong> Beutel\/Sammelgut\/Karton oder individuell<br \/><strong>OEM\/ODM:<\/strong> optional<\/p>\n<h2 class=\"wp-block-heading\">Von Yongyu Catering Supplies Hersteller:<\/h2>\n<p>Ob Catering-Dienstleister, Hotel- und Gastst\u00e4ttenbetriebe oder Veranstaltungsplaner, wir bieten Ihnen komplette Gro\u00dfhandelsl\u00f6sungen f\u00fcr Gastronomiebedarf zu hochwertigen Fabrikpreisen!<\/p>","protected":false},"featured_media":2350,"comment_status":"closed","ping_status":"closed","template":"","meta":{"_acf_changed":true},"application":[30],"product_brand":[],"product_cat":[22,34],"product_tag":[],"class_list":{"0":"post-2342","1":"product","2":"type-product","3":"status-publish","4":"has-post-thumbnail","6":"application-hotel-catering","7":"product_cat-catering-supplies-wholesale","8":"product_cat-wholesale-drink-dispenser","10":"first","11":"instock","12":"shipping-taxable","13":"product-type-simple"},"acf":[],"_links":{"self":[{"href":"https:\/\/www.yongyukitchenware.com\/de\/wp-json\/wp\/v2\/product\/2342","targetHints":{"allow":["GET"]}}],"collection":[{"href":"https:\/\/www.yongyukitchenware.com\/de\/wp-json\/wp\/v2\/product"}],"about":[{"href":"https:\/\/www.yongyukitchenware.com\/de\/wp-json\/wp\/v2\/types\/product"}],"replies":[{"embeddable":true,"href":"https:\/\/www.yongyukitchenware.com\/de\/wp-json\/wp\/v2\/comments?post=2342"}],"wp:featuredmedia":[{"embeddable":true,"href":"https:\/\/www.yongyukitchenware.com\/de\/wp-json\/wp\/v2\/media\/2350"}],"wp:attachment":[{"href":"https:\/\/www.yongyukitchenware.com\/de\/wp-json\/wp\/v2\/media?parent=2342"}],"wp:term":[{"taxonomy":"application","embeddable":true,"href":"https:\/\/www.yongyukitchenware.com\/de\/wp-json\/wp\/v2\/application?post=2342"},{"taxonomy":"product_brand","embeddable":true,"href":"https:\/\/www.yongyukitchenware.com\/de\/wp-json\/wp\/v2\/product_brand?post=2342"},{"taxonomy":"product_cat","embeddable":true,"href":"https:\/\/www.yongyukitchenware.com\/de\/wp-json\/wp\/v2\/product_cat?post=2342"},{"taxonomy":"product_tag","embeddable":true,"href":"https:\/\/www.yongyukitchenware.com\/de\/wp-json\/wp\/v2\/product_tag?post=2342"}],"curies":[{"name":"wp","href":"https:\/\/api.w.org\/{rel}","templated":true}]}}