{"id":2351,"date":"2024-12-06T12:55:02","date_gmt":"2024-12-06T12:55:02","guid":{"rendered":"https:\/\/www.yongyukitchenware.com\/?post_type=product&#038;p=2351"},"modified":"2024-12-09T08:09:02","modified_gmt":"2024-12-09T08:09:02","slug":"stainless-steel-beverage-dispenser-wholesale","status":"publish","type":"product","link":"https:\/\/www.yongyukitchenware.com\/de\/produkt\/stainless-steel-beverage-dispenser-wholesale\/","title":{"rendered":"Bulk Edelstahl-Getr\u00e4nkedispenser gro\u00df f\u00fcr Party"},"content":{"rendered":"<div class=\"wp-block-columns is-layout-flex wp-container-core-columns-is-layout-9d6595d7 wp-block-columns-is-layout-flex\">\n<div class=\"wp-block-column is-layout-flow wp-block-column-is-layout-flow\">\n<h2 class=\"wp-block-heading\">Edelstahl-Getr\u00e4nkedispenser Gr\u00f6\u00dfe:<\/h2>\n\n\n\n<figure class=\"wp-block-table\"><table class=\"has-fixed-layout\"><tbody><tr><td>Modell<\/td><td>Gr\u00f6\u00dfe<\/td><td>L\u00e4nge * H\u00f6he (cm)<\/td><\/tr><tr><td rowspan=\"2\">DY005-GZD<\/td><td rowspan=\"2\">13L<\/td><td rowspan=\"2\">27,5*55cm<\/td><\/tr><\/tbody><\/table><\/figure>\n\n\n\n<h2 class=\"wp-block-heading\">Edelstahl-Getr\u00e4nkedispenser Merkmale:<\/h2>\n\n\n\n<p><strong>Antibakterieller rostfreier Stahl: <\/strong>Edelstahl in Lebensmittelqualit\u00e4t, korrosionsbest\u00e4ndig, kann das Wachstum von Bakterien und Viren hemmen, langlebig<\/p>\n\n\n\n<p><strong>Zwei Heizmethoden: <\/strong>Alkoholheizung und elektrische Heizplattenheizung f\u00fcr unterschiedliche Bed\u00fcrfnisse<\/p>\n\n\n\n<p><strong>Effiziente Isolierung: <\/strong>Integrierte Struktur aus rostfreiem Stahl, bessere Isolierleistung und Hitzebest\u00e4ndigkeit, nicht leicht zu verformen oder zu besch\u00e4digen.<\/p>\n\n\n\n<p><strong>Effizienter Wasserhahn: <\/strong>Wasserhahn aus hochwertigem Harz und rostfreiem Stahl, gleichm\u00e4\u00dfiger Wasserfluss ohne zu tropfen, langlebig.<\/p>\n\n\n\n<p><strong>Gro\u00dfe Kapazit\u00e4t: <\/strong>13L gro\u00dfes Fassungsverm\u00f6gen, kann eine Vielzahl von Getr\u00e4nken, Saft, Kaffee, etc. halten, kann von mehreren Personen verwendet werden.<\/p>\n<\/div>\n\n\n\n<div class=\"wp-block-column is-layout-flow wp-block-column-is-layout-flow\">\n<figure class=\"wp-block-image size-full is-style-default\"><img decoding=\"async\" width=\"800\" height=\"800\" src=\"https:\/\/www.yongyukitchenware.com\/wp-content\/uploads\/2024\/11\/Bulk-Stainless-Steel-Beverage-Dispenser-7.webp\" alt=\"Bulk-Edelstahl-Getr\u00e4nkespender-7\" class=\"wp-image-2357\" srcset=\"https:\/\/www.yongyukitchenware.com\/wp-content\/uploads\/2024\/11\/Bulk-Stainless-Steel-Beverage-Dispenser-7.webp 800w, https:\/\/www.yongyukitchenware.com\/wp-content\/uploads\/2024\/11\/Bulk-Stainless-Steel-Beverage-Dispenser-7-300x300.webp 300w, https:\/\/www.yongyukitchenware.com\/wp-content\/uploads\/2024\/11\/Bulk-Stainless-Steel-Beverage-Dispenser-7-150x150.webp 150w, https:\/\/www.yongyukitchenware.com\/wp-content\/uploads\/2024\/11\/Bulk-Stainless-Steel-Beverage-Dispenser-7-768x768.webp 768w, https:\/\/www.yongyukitchenware.com\/wp-content\/uploads\/2024\/11\/Bulk-Stainless-Steel-Beverage-Dispenser-7-12x12.webp 12w, https:\/\/www.yongyukitchenware.com\/wp-content\/uploads\/2024\/11\/Bulk-Stainless-Steel-Beverage-Dispenser-7-600x600.webp 600w, https:\/\/www.yongyukitchenware.com\/wp-content\/uploads\/2024\/11\/Bulk-Stainless-Steel-Beverage-Dispenser-7-100x100.webp 100w\" sizes=\"(max-width: 800px) 100vw, 800px\" \/><\/figure>\n<\/div>\n<\/div>","protected":false},"excerpt":{"rendered":"<p>Gro\u00dfhandel Edelstahl-Getr\u00e4nkespender, effiziente W\u00e4rmeerhaltung, unterst\u00fctzen elektrische oder Alkohol Heizung, geeignet f\u00fcr Party Feste. Fabrik Direktverkauf, bieten Amazon Anpassung Service. Willkommen bei uns zu konsultieren, um mehr zu erfahren.<\/p>\n<h2>Edelstahl-Getr\u00e4nkedispenser Parameter:<\/h2>\n<p><strong>Material:<\/strong> rostfreier Stahl<br \/><strong>Gr\u00f6\u00dfen:<\/strong> 13L<br \/><strong>Entwurf:<\/strong> Struktur aus hochglanzpoliertem Edelstahl mit Hahn, Griff und St\u00e4nder<br \/><strong>Verpacken:<\/strong> Beutel\/Sammelgut\/Karton oder individuell<br \/><strong>OEM\/ODM:<\/strong> optional<\/p>\n<h2 class=\"wp-block-heading\">Von Yongyu Catering Supplies Hersteller :<\/h2>\n<p>Ob Catering-Dienstleister, Hotel- und Gastst\u00e4ttenbetriebe oder Veranstaltungsplaner, wir bieten Ihnen komplette Gro\u00dfhandelsl\u00f6sungen f\u00fcr Gastronomiebedarf zu hochwertigen Fabrikpreisen!<\/p>","protected":false},"featured_media":2352,"comment_status":"closed","ping_status":"closed","template":"","meta":{"_acf_changed":true},"application":[30],"product_brand":[],"product_cat":[22,34],"product_tag":[],"class_list":{"0":"post-2351","1":"product","2":"type-product","3":"status-publish","4":"has-post-thumbnail","6":"application-hotel-catering","7":"product_cat-catering-supplies-wholesale","8":"product_cat-wholesale-drink-dispenser","10":"first","11":"instock","12":"shipping-taxable","13":"product-type-simple"},"acf":[],"_links":{"self":[{"href":"https:\/\/www.yongyukitchenware.com\/de\/wp-json\/wp\/v2\/product\/2351","targetHints":{"allow":["GET"]}}],"collection":[{"href":"https:\/\/www.yongyukitchenware.com\/de\/wp-json\/wp\/v2\/product"}],"about":[{"href":"https:\/\/www.yongyukitchenware.com\/de\/wp-json\/wp\/v2\/types\/product"}],"replies":[{"embeddable":true,"href":"https:\/\/www.yongyukitchenware.com\/de\/wp-json\/wp\/v2\/comments?post=2351"}],"wp:featuredmedia":[{"embeddable":true,"href":"https:\/\/www.yongyukitchenware.com\/de\/wp-json\/wp\/v2\/media\/2352"}],"wp:attachment":[{"href":"https:\/\/www.yongyukitchenware.com\/de\/wp-json\/wp\/v2\/media?parent=2351"}],"wp:term":[{"taxonomy":"application","embeddable":true,"href":"https:\/\/www.yongyukitchenware.com\/de\/wp-json\/wp\/v2\/application?post=2351"},{"taxonomy":"product_brand","embeddable":true,"href":"https:\/\/www.yongyukitchenware.com\/de\/wp-json\/wp\/v2\/product_brand?post=2351"},{"taxonomy":"product_cat","embeddable":true,"href":"https:\/\/www.yongyukitchenware.com\/de\/wp-json\/wp\/v2\/product_cat?post=2351"},{"taxonomy":"product_tag","embeddable":true,"href":"https:\/\/www.yongyukitchenware.com\/de\/wp-json\/wp\/v2\/product_tag?post=2351"}],"curies":[{"name":"wp","href":"https:\/\/api.w.org\/{rel}","templated":true}]}}