{"id":2358,"date":"2024-12-06T13:11:11","date_gmt":"2024-12-06T13:11:11","guid":{"rendered":"https:\/\/www.yongyukitchenware.com\/?post_type=product&#038;p=2358"},"modified":"2025-06-14T07:46:58","modified_gmt":"2025-06-14T07:46:58","slug":"explosion-proof-pressure-cooker-wholesale","status":"publish","type":"product","link":"https:\/\/www.yongyukitchenware.com\/de\/produkt\/explosion-proof-pressure-cooker-wholesale\/","title":{"rendered":"Bulk Explosionsgesch\u00fctzter Schnellkochtopf Edelstahl Gewerblicher Kocher"},"content":{"rendered":"<div class=\"wp-block-columns is-layout-flex wp-container-core-columns-is-layout-9d6595d7 wp-block-columns-is-layout-flex\">\n<div class=\"wp-block-column is-layout-flow wp-block-column-is-layout-flow\">\n<h2 class=\"wp-block-heading\">Explosionsgesch\u00fctzter Schnellkochtopf Merkmale:<\/h2>\n\n\n\n<p><strong>Lebensmittelgeeignetes Material:<\/strong> Der Schnellkochtopf ist aus lebensmittelechtem Edelstahl gefertigt, und der dicke Topfk\u00f6rper ist robust und langlebig<\/p>\n\n\n\n<p><strong>Schmoren unter hohem Druck:<\/strong> 90ka hohem Druck, 50% schneller als gew\u00f6hnliche T\u00f6pfe, die Beibehaltung der urspr\u00fcnglichen Geschmack und Ern\u00e4hrung der Lebensmittel<\/p>\n\n\n\n<p><strong>Mehrere Sicherheitsvorkehrungen: <\/strong>Der Schnellkochtopf ist mit mehreren Sicherheitsvorrichtungen ausgestattet, wie z. B. Druckbegrenzungsventil, Sicherheitsventil, \u00d6ffnungs- und Schlie\u00dfsperre usw., die einen \u00fcberm\u00e4\u00dfigen Innendruck wirksam verhindern und die Sicherheit w\u00e4hrend des Gebrauchs gew\u00e4hrleisten.<\/p>\n\n\n\n<p><strong>Mehrere Kapazit\u00e4tsoptionen:<\/strong> Kleine bis gro\u00dfe Fassungsverm\u00f6gen von 4-50 Litern, geeignet f\u00fcr verschiedene Personengruppen, erf\u00fcllen die Anforderungen verschiedener Szenarien, z. B. f\u00fcr den Einsatz zu Hause oder in Restaurants<\/p>\n\n\n\n<p><strong>Leicht zu reinigen:<\/strong> Die Edelstahloberfl\u00e4che ist glatt, l\u00e4sst sich leicht reinigen und verhindert das Anhaften von Essensresten und Flecken.<\/p>\n\n\n\n<p><strong>Kompatibel mit einer Vielzahl von \u00d6fen: <\/strong>Ringf\u00f6rmiger Energiesammelboden, schnelle W\u00e4rmeleitung, geeignet f\u00fcr alle Herdarten<\/p>\n<\/div>\n\n\n\n<div class=\"wp-block-column is-layout-flow wp-block-column-is-layout-flow\">\n<figure class=\"wp-block-image size-full is-style-default\"><img decoding=\"async\" width=\"800\" height=\"800\" src=\"https:\/\/www.yongyukitchenware.com\/wp-content\/uploads\/2024\/11\/Bulk-Explosion-Proof-Pressure-Cooker-5.webp\" alt=\"Sch\u00fcttgut-Explosionsgesch\u00fctzter-Druckkochtopf-5\" class=\"wp-image-2363\" srcset=\"https:\/\/www.yongyukitchenware.com\/wp-content\/uploads\/2024\/11\/Bulk-Explosion-Proof-Pressure-Cooker-5.webp 800w, https:\/\/www.yongyukitchenware.com\/wp-content\/uploads\/2024\/11\/Bulk-Explosion-Proof-Pressure-Cooker-5-300x300.webp 300w, https:\/\/www.yongyukitchenware.com\/wp-content\/uploads\/2024\/11\/Bulk-Explosion-Proof-Pressure-Cooker-5-150x150.webp 150w, https:\/\/www.yongyukitchenware.com\/wp-content\/uploads\/2024\/11\/Bulk-Explosion-Proof-Pressure-Cooker-5-768x768.webp 768w, https:\/\/www.yongyukitchenware.com\/wp-content\/uploads\/2024\/11\/Bulk-Explosion-Proof-Pressure-Cooker-5-12x12.webp 12w, https:\/\/www.yongyukitchenware.com\/wp-content\/uploads\/2024\/11\/Bulk-Explosion-Proof-Pressure-Cooker-5-600x600.webp 600w, https:\/\/www.yongyukitchenware.com\/wp-content\/uploads\/2024\/11\/Bulk-Explosion-Proof-Pressure-Cooker-5-100x100.webp 100w\" sizes=\"(max-width: 800px) 100vw, 800px\" \/><\/figure>\n<\/div>\n<\/div>\n\n\n\n<div class=\"wp-block-columns is-layout-flex wp-container-core-columns-is-layout-9d6595d7 wp-block-columns-is-layout-flex\">\n<div class=\"wp-block-column is-layout-flow wp-block-column-is-layout-flow\">\n<figure class=\"wp-block-image size-full is-style-default\"><img decoding=\"async\" width=\"800\" height=\"800\" src=\"https:\/\/www.yongyukitchenware.com\/wp-content\/uploads\/2024\/11\/Bulk-Explosion-Proof-Pressure-Cooker-2.webp\" alt=\"Sch\u00fcttgut-Explosionsgesch\u00fctzter Druckkochtopf-2\" class=\"wp-image-2360\" style=\"aspect-ratio:1;object-fit:cover\" srcset=\"https:\/\/www.yongyukitchenware.com\/wp-content\/uploads\/2024\/11\/Bulk-Explosion-Proof-Pressure-Cooker-2.webp 800w, https:\/\/www.yongyukitchenware.com\/wp-content\/uploads\/2024\/11\/Bulk-Explosion-Proof-Pressure-Cooker-2-300x300.webp 300w, https:\/\/www.yongyukitchenware.com\/wp-content\/uploads\/2024\/11\/Bulk-Explosion-Proof-Pressure-Cooker-2-150x150.webp 150w, https:\/\/www.yongyukitchenware.com\/wp-content\/uploads\/2024\/11\/Bulk-Explosion-Proof-Pressure-Cooker-2-768x768.webp 768w, https:\/\/www.yongyukitchenware.com\/wp-content\/uploads\/2024\/11\/Bulk-Explosion-Proof-Pressure-Cooker-2-12x12.webp 12w, https:\/\/www.yongyukitchenware.com\/wp-content\/uploads\/2024\/11\/Bulk-Explosion-Proof-Pressure-Cooker-2-600x600.webp 600w, https:\/\/www.yongyukitchenware.com\/wp-content\/uploads\/2024\/11\/Bulk-Explosion-Proof-Pressure-Cooker-2-100x100.webp 100w\" sizes=\"(max-width: 800px) 100vw, 800px\" \/><\/figure>\n<\/div>\n\n\n\n<div class=\"wp-block-column is-layout-flow wp-block-column-is-layout-flow\">\n<h2 class=\"wp-block-heading\">Explosionsgesch\u00fctzter Schnellkochtopf Gr\u00f6\u00dfe:<\/h2>\n\n\n\n<figure class=\"wp-block-table\"><table class=\"has-fixed-layout\"><tbody><tr><td>Modell<\/td><td>Gr\u00f6\u00dfe<\/td><td>Kapazit\u00e4t<\/td><td>MOQ<\/td><\/tr><tr><td rowspan=\"11\">DY001-YLG<\/td><td>20cm<\/td><td>4L<\/td><td rowspan=\"11\">10PCS<\/td><\/tr><tr><td>22cm<\/td><td>6L<\/td><\/tr><tr><td>24cm<\/td><td>7L<\/td><\/tr><tr><td>26cm<\/td><td>9L<\/td><\/tr><tr><td>28cm<\/td><td>11L<\/td><\/tr><tr><td>30cm<\/td><td>15L<\/td><\/tr><tr><td>32cm<\/td><td>20L<\/td><\/tr><tr><td>34cm<\/td><td>25L<\/td><\/tr><tr><td>36cm<\/td><td>30L<\/td><\/tr><tr><td>40cm<\/td><td>40L<\/td><\/tr><tr><td>44cm<\/td><td>50L<\/td><\/tr><\/tbody><\/table><\/figure>\n<\/div>\n<\/div>","protected":false},"excerpt":{"rendered":"<p>Gro\u00dfhandel und benutzerdefinierte explosionssichere Schnellkocht\u00f6pfe, von klein bis gro\u00df 4-50L Optionen, Edelstahl hohe Qualit\u00e4t und Sicherheit, geeignet f\u00fcr den privaten oder gewerblichen Gebrauch. Fabrik Direktverkauf, gro\u00dfe Rabatte und hohe Qualit\u00e4tsgarantie, willkommen, uns zu konsultieren.<\/p>\n<h2>Explosionssicherer Schnellkochtopf Attribut:<\/h2>\n<p><strong>Material:<\/strong> rostfreier Stahl<br \/><strong>Gr\u00f6\u00dfen:<\/strong> 4-50L<br \/><strong>Entwurf: <\/strong>Hochglanzpolitur, explosionsgesch\u00fctzter Deckel und Doppelgriff<br \/><strong>Herde:<\/strong> Gasherd, Induktionsherd, usw.<br \/><strong>OEM\/ODM:<\/strong> optional<\/p>\n<div id=\"brxe-2aeb5b\" class=\"brxe-product-short-description brxe-text-basic\">\n<div class=\"woocommerce-product-details__short-description\">\n<h2 class=\"wp-block-heading\">Von Yongyu Kochgeschirr Hersteller :<\/h2>\n<p>Yongyu ist ein professioneller Hersteller von Kochgeschirr in China. Wir produzieren alle Arten von Kochgeschirr aus Edelstahl, wie Nudelkocher, Bratpfannen, Schnellkocht\u00f6pfe usw., und bieten jedem Kunden hochwertige Dienstleistungen zu erschwinglichen Preisen.<\/p>\n<\/div>\n<\/div>","protected":false},"featured_media":2359,"comment_status":"closed","ping_status":"closed","template":"","meta":{"_acf_changed":true},"application":[29],"product_brand":[],"product_cat":[23,39],"product_tag":[],"class_list":{"0":"post-2358","1":"product","2":"type-product","3":"status-publish","4":"has-post-thumbnail","6":"application-home-kitchen","7":"product_cat-kitchenware-wholesale","8":"product_cat-pressure-cooker-wholesale","10":"first","11":"instock","12":"shipping-taxable","13":"product-type-simple"},"acf":[],"_links":{"self":[{"href":"https:\/\/www.yongyukitchenware.com\/de\/wp-json\/wp\/v2\/product\/2358","targetHints":{"allow":["GET"]}}],"collection":[{"href":"https:\/\/www.yongyukitchenware.com\/de\/wp-json\/wp\/v2\/product"}],"about":[{"href":"https:\/\/www.yongyukitchenware.com\/de\/wp-json\/wp\/v2\/types\/product"}],"replies":[{"embeddable":true,"href":"https:\/\/www.yongyukitchenware.com\/de\/wp-json\/wp\/v2\/comments?post=2358"}],"wp:featuredmedia":[{"embeddable":true,"href":"https:\/\/www.yongyukitchenware.com\/de\/wp-json\/wp\/v2\/media\/2359"}],"wp:attachment":[{"href":"https:\/\/www.yongyukitchenware.com\/de\/wp-json\/wp\/v2\/media?parent=2358"}],"wp:term":[{"taxonomy":"application","embeddable":true,"href":"https:\/\/www.yongyukitchenware.com\/de\/wp-json\/wp\/v2\/application?post=2358"},{"taxonomy":"product_brand","embeddable":true,"href":"https:\/\/www.yongyukitchenware.com\/de\/wp-json\/wp\/v2\/product_brand?post=2358"},{"taxonomy":"product_cat","embeddable":true,"href":"https:\/\/www.yongyukitchenware.com\/de\/wp-json\/wp\/v2\/product_cat?post=2358"},{"taxonomy":"product_tag","embeddable":true,"href":"https:\/\/www.yongyukitchenware.com\/de\/wp-json\/wp\/v2\/product_tag?post=2358"}],"curies":[{"name":"wp","href":"https:\/\/api.w.org\/{rel}","templated":true}]}}