{"id":2372,"date":"2024-12-06T16:28:16","date_gmt":"2024-12-06T16:28:16","guid":{"rendered":"https:\/\/www.yongyukitchenware.com\/?post_type=product&#038;p=2372"},"modified":"2025-06-14T07:40:08","modified_gmt":"2025-06-14T07:40:08","slug":"stainless-steel-pressure-cooker-wholesale","status":"publish","type":"product","link":"https:\/\/www.yongyukitchenware.com\/de\/produkt\/stainless-steel-pressure-cooker-wholesale\/","title":{"rendered":"Custom Edelstahl Schnellkochtopf Gro\u00df 15-80L"},"content":{"rendered":"<div class=\"wp-block-columns is-layout-flex wp-container-core-columns-is-layout-9d6595d7 wp-block-columns-is-layout-flex\">\n<div class=\"wp-block-column is-layout-flow wp-block-column-is-layout-flow\">\n<h2 class=\"wp-block-heading\">Edelstahl Schnellkochtopf Gr\u00f6\u00dfe:<\/h2>\n\n\n\n<figure class=\"wp-block-table\"><table class=\"has-fixed-layout\"><tbody><tr><td>Modell<\/td><td>Gr\u00f6\u00dfe<\/td><td>Kapazit\u00e4t<\/td><td>MOQ<\/td><\/tr><tr><td rowspan=\"8\">DY002-YLG<\/td><td>30CM<\/td><td>15L<\/td><td rowspan=\"8\">10PCS<\/td><\/tr><tr><td>32CM<\/td><td>20L<\/td><\/tr><tr><td>34CM<\/td><td>25L<\/td><\/tr><tr><td>36CM<\/td><td>30L<\/td><\/tr><tr><td>38CM<\/td><td>35L<\/td><\/tr><tr><td>42CM<\/td><td>40L<\/td><\/tr><tr><td>46CM<\/td><td>55L<\/td><\/tr><tr><td>52CM<\/td><td>80L<\/td><\/tr><\/tbody><\/table><\/figure>\n<\/div>\n\n\n\n<div class=\"wp-block-column is-layout-flow wp-block-column-is-layout-flow\">\n<figure class=\"wp-block-image size-full is-style-default\"><img decoding=\"async\" width=\"800\" height=\"800\" src=\"https:\/\/www.yongyukitchenware.com\/wp-content\/uploads\/2024\/11\/Custom-Stainless-Steel-Pressure-Cooker-7.webp\" alt=\"Kundenspezifischer-Edelstahl-Druckkochtopf-7\" class=\"wp-image-2379\" srcset=\"https:\/\/www.yongyukitchenware.com\/wp-content\/uploads\/2024\/11\/Custom-Stainless-Steel-Pressure-Cooker-7.webp 800w, https:\/\/www.yongyukitchenware.com\/wp-content\/uploads\/2024\/11\/Custom-Stainless-Steel-Pressure-Cooker-7-300x300.webp 300w, https:\/\/www.yongyukitchenware.com\/wp-content\/uploads\/2024\/11\/Custom-Stainless-Steel-Pressure-Cooker-7-150x150.webp 150w, https:\/\/www.yongyukitchenware.com\/wp-content\/uploads\/2024\/11\/Custom-Stainless-Steel-Pressure-Cooker-7-768x768.webp 768w, https:\/\/www.yongyukitchenware.com\/wp-content\/uploads\/2024\/11\/Custom-Stainless-Steel-Pressure-Cooker-7-12x12.webp 12w, https:\/\/www.yongyukitchenware.com\/wp-content\/uploads\/2024\/11\/Custom-Stainless-Steel-Pressure-Cooker-7-600x600.webp 600w, https:\/\/www.yongyukitchenware.com\/wp-content\/uploads\/2024\/11\/Custom-Stainless-Steel-Pressure-Cooker-7-100x100.webp 100w\" sizes=\"(max-width: 800px) 100vw, 800px\" \/><\/figure>\n<\/div>\n<\/div>\n\n\n\n<div class=\"wp-block-columns is-layout-flex wp-container-core-columns-is-layout-9d6595d7 wp-block-columns-is-layout-flex\">\n<div class=\"wp-block-column is-layout-flow wp-block-column-is-layout-flow\">\n<figure class=\"wp-block-image size-full is-style-default\"><img decoding=\"async\" width=\"800\" height=\"800\" src=\"https:\/\/www.yongyukitchenware.com\/wp-content\/uploads\/2024\/11\/Custom-Stainless-Steel-Pressure-Cooker-6.webp\" alt=\"Kundenspezifischer-Edelstahl-Druckkochtopf-6\" class=\"wp-image-2378\" style=\"aspect-ratio:1;object-fit:cover\" srcset=\"https:\/\/www.yongyukitchenware.com\/wp-content\/uploads\/2024\/11\/Custom-Stainless-Steel-Pressure-Cooker-6.webp 800w, https:\/\/www.yongyukitchenware.com\/wp-content\/uploads\/2024\/11\/Custom-Stainless-Steel-Pressure-Cooker-6-300x300.webp 300w, https:\/\/www.yongyukitchenware.com\/wp-content\/uploads\/2024\/11\/Custom-Stainless-Steel-Pressure-Cooker-6-150x150.webp 150w, https:\/\/www.yongyukitchenware.com\/wp-content\/uploads\/2024\/11\/Custom-Stainless-Steel-Pressure-Cooker-6-768x768.webp 768w, https:\/\/www.yongyukitchenware.com\/wp-content\/uploads\/2024\/11\/Custom-Stainless-Steel-Pressure-Cooker-6-12x12.webp 12w, https:\/\/www.yongyukitchenware.com\/wp-content\/uploads\/2024\/11\/Custom-Stainless-Steel-Pressure-Cooker-6-600x600.webp 600w, https:\/\/www.yongyukitchenware.com\/wp-content\/uploads\/2024\/11\/Custom-Stainless-Steel-Pressure-Cooker-6-100x100.webp 100w\" sizes=\"(max-width: 800px) 100vw, 800px\" \/><\/figure>\n<\/div>\n\n\n\n<div class=\"wp-block-column is-layout-flow wp-block-column-is-layout-flow\">\n<h2 class=\"wp-block-heading\">Schnellkochtopf aus Edelstahl Merkmale:<\/h2>\n\n\n\n<p><strong>Hochwertiger rostfreier Stahl:<\/strong> Hergestellt aus lebensmittelechtem, langlebigem Edelstahl, verschlei\u00dffest, glatt und leicht zu reinigen.<br><br><strong>Kochen unter hohem Druck: <\/strong>90ka Hochdruck, effizientes Kochen 50% schneller, sperren Sie in die K\u00f6stlichkeit und Ern\u00e4hrung der Lebensmittel.<br>Erh\u00f6htes Fassungsverm\u00f6gen: 15-80 l Fassungsverm\u00f6gen ist optional und f\u00fcr verschiedene private und kommerzielle Anl\u00e4sse geeignet.<br><br><strong>Mehrfacher Sicherheitsschutz: <\/strong>Der Schnellkochtopf ist mit einem doppelten, explosionssicheren Druckbegrenzungsventil, einer Sperre zum \u00d6ffnen und Schlie\u00dfen des Knopfes, einem Alarmventil usw. ausgestattet, um versteckte Gefahren zu vermeiden.<br><br><strong>Anwendung mit einer Vielzahl von \u00d6fen: <\/strong>Ringf\u00f6rmiger Energiesammelboden, schnelle W\u00e4rmeleitung, geeignet f\u00fcr verschiedene \u00d6fen, schnelle W\u00e4rmeleitung, alle Arten von \u00d6fen sind geeignet<\/p>\n<\/div>\n<\/div>","protected":false},"excerpt":{"rendered":"<p>Gro\u00dfhandel und benutzerdefinierte Edelstahl Schnellkocht\u00f6pfe von K\u00fcchenger\u00e4ten Anbieter. Erh\u00e4ltlich in einer breiten Palette von Gr\u00f6\u00dfen von 15-80l, um verschiedene kommerzielle K\u00fcche Bed\u00fcrfnisse zu erf\u00fcllen. Gro\u00dfe Rabatte f\u00fcr Gro\u00dfauftr\u00e4ge, willkommen, uns f\u00fcr ein kostenloses Angebot zu kontaktieren<\/p>\n<h2>Edelstahl Schnellkochtopf Attribut:<\/h2>\n<p><strong>Material:<\/strong> rostfreier Stahl<br \/><strong>Gr\u00f6\u00dfen:<\/strong> 15-80L<br \/><strong>Entwurf:<\/strong> Hochglanzpolitur, explosionsgesch\u00fctzter Deckel und Doppelgriff<br \/><strong>\u00d6fen<\/strong>: Gasherd, Induktionsherd, etc.<br \/><strong>OEM\/ODM:<\/strong> optional<\/p>\n<h2 class=\"wp-block-heading\">Von Yongyu Kochgeschirr Hersteller :<\/h2>\n<p>Yongyu ist ein professioneller Hersteller von Kochgeschirr in China. Wir produzieren alle Arten von Kochgeschirr aus Edelstahl, wie Nudelkocher, Bratpfannen, Schnellkocht\u00f6pfe usw., und bieten jedem Kunden qualitativ hochwertige Beschaffungsdienste und erschwingliche Preise.<\/p>","protected":false},"featured_media":2373,"comment_status":"closed","ping_status":"closed","template":"","meta":{"_acf_changed":true},"application":[29],"product_brand":[],"product_cat":[23,39],"product_tag":[],"class_list":{"0":"post-2372","1":"product","2":"type-product","3":"status-publish","4":"has-post-thumbnail","6":"application-home-kitchen","7":"product_cat-kitchenware-wholesale","8":"product_cat-pressure-cooker-wholesale","10":"first","11":"instock","12":"shipping-taxable","13":"product-type-simple"},"acf":[],"_links":{"self":[{"href":"https:\/\/www.yongyukitchenware.com\/de\/wp-json\/wp\/v2\/product\/2372","targetHints":{"allow":["GET"]}}],"collection":[{"href":"https:\/\/www.yongyukitchenware.com\/de\/wp-json\/wp\/v2\/product"}],"about":[{"href":"https:\/\/www.yongyukitchenware.com\/de\/wp-json\/wp\/v2\/types\/product"}],"replies":[{"embeddable":true,"href":"https:\/\/www.yongyukitchenware.com\/de\/wp-json\/wp\/v2\/comments?post=2372"}],"wp:featuredmedia":[{"embeddable":true,"href":"https:\/\/www.yongyukitchenware.com\/de\/wp-json\/wp\/v2\/media\/2373"}],"wp:attachment":[{"href":"https:\/\/www.yongyukitchenware.com\/de\/wp-json\/wp\/v2\/media?parent=2372"}],"wp:term":[{"taxonomy":"application","embeddable":true,"href":"https:\/\/www.yongyukitchenware.com\/de\/wp-json\/wp\/v2\/application?post=2372"},{"taxonomy":"product_brand","embeddable":true,"href":"https:\/\/www.yongyukitchenware.com\/de\/wp-json\/wp\/v2\/product_brand?post=2372"},{"taxonomy":"product_cat","embeddable":true,"href":"https:\/\/www.yongyukitchenware.com\/de\/wp-json\/wp\/v2\/product_cat?post=2372"},{"taxonomy":"product_tag","embeddable":true,"href":"https:\/\/www.yongyukitchenware.com\/de\/wp-json\/wp\/v2\/product_tag?post=2372"}],"curies":[{"name":"wp","href":"https:\/\/api.w.org\/{rel}","templated":true}]}}