{"id":2384,"date":"2024-12-17T12:13:27","date_gmt":"2024-12-17T12:13:27","guid":{"rendered":"https:\/\/www.yongyukitchenware.com\/?post_type=product&#038;p=2384"},"modified":"2025-06-14T07:35:42","modified_gmt":"2025-06-14T07:35:42","slug":"wholesale-camping-pot","status":"publish","type":"product","link":"https:\/\/www.yongyukitchenware.com\/de\/produkt\/wholesale-camping-pot\/","title":{"rendered":"Gro\u00dfhandel Camping Topf Edelstahl Portable Kochgeschirr Set"},"content":{"rendered":"<div class=\"wp-block-columns is-layout-flex wp-container-core-columns-is-layout-9d6595d7 wp-block-columns-is-layout-flex\">\n<div class=\"wp-block-column is-layout-flow wp-block-column-is-layout-flow\">\n<h2 class=\"wp-block-heading\">Camping Topf Merkmale:<\/h2>\n\n\n\n<p><strong>Langlebiger Edelstahl: <\/strong>sicheres und ungiftiges Material aus rostfreiem Stahl, leicht zu reinigen und verschlei\u00dffest<\/p>\n\n\n\n<p><strong>Zweiteiliger Campingtopf:<\/strong> multifunktional, kann zum Kochen von Suppe oder zum Braten verwendet werden, gleichm\u00e4\u00dfig erhitzt, f\u00fcr verschiedene Herdarten geeignet<\/p>\n\n\n\n<p><strong>Praktisch und platzsparend: <\/strong>klappbarer Griff, stapelbar, mit Aufbewahrungstasche, platzsparend.<\/p>\n\n\n\n<h2 class=\"wp-block-heading\">Camping Topf Gr\u00f6\u00dfe:<\/h2>\n\n\n\n<figure class=\"wp-block-table\"><table class=\"has-fixed-layout\"><tbody><tr><td>Modell<\/td><td>L\u00e4nge * H\u00f6he (cm)<\/td><td>Kapazit\u00e4t<\/td><td>MOQ<\/td><\/tr><tr><td>DY017-YC<\/td><td>15,5*9CM<\/td><td>1.5L<\/td><td>100 STCK.<\/td><\/tr><\/tbody><\/table><\/figure>\n<\/div>\n\n\n\n<div class=\"wp-block-column is-layout-flow wp-block-column-is-layout-flow\">\n<div class=\"wp-block-columns is-layout-flex wp-container-core-columns-is-layout-9d6595d7 wp-block-columns-is-layout-flex\">\n<div class=\"wp-block-column is-layout-flow wp-block-column-is-layout-flow\"><div class=\"wp-block-image\">\n<figure class=\"aligncenter size-full is-resized\"><img decoding=\"async\" width=\"800\" height=\"800\" src=\"https:\/\/www.yongyukitchenware.com\/wp-content\/uploads\/2024\/11\/Wholesale-Stainless-Steel-Two-Piece-Pot-4.webp\" alt=\"Gro\u00dfhandel-Edelstahl-Zwei-St\u00fcck-Topf-4\" class=\"wp-image-2389\" style=\"width:416px;height:auto\" srcset=\"https:\/\/www.yongyukitchenware.com\/wp-content\/uploads\/2024\/11\/Wholesale-Stainless-Steel-Two-Piece-Pot-4.webp 800w, https:\/\/www.yongyukitchenware.com\/wp-content\/uploads\/2024\/11\/Wholesale-Stainless-Steel-Two-Piece-Pot-4-300x300.webp 300w, https:\/\/www.yongyukitchenware.com\/wp-content\/uploads\/2024\/11\/Wholesale-Stainless-Steel-Two-Piece-Pot-4-150x150.webp 150w, https:\/\/www.yongyukitchenware.com\/wp-content\/uploads\/2024\/11\/Wholesale-Stainless-Steel-Two-Piece-Pot-4-768x768.webp 768w, https:\/\/www.yongyukitchenware.com\/wp-content\/uploads\/2024\/11\/Wholesale-Stainless-Steel-Two-Piece-Pot-4-12x12.webp 12w, https:\/\/www.yongyukitchenware.com\/wp-content\/uploads\/2024\/11\/Wholesale-Stainless-Steel-Two-Piece-Pot-4-600x600.webp 600w, https:\/\/www.yongyukitchenware.com\/wp-content\/uploads\/2024\/11\/Wholesale-Stainless-Steel-Two-Piece-Pot-4-100x100.webp 100w\" sizes=\"(max-width: 800px) 100vw, 800px\" \/><\/figure>\n<\/div><\/div>\n<\/div>\n<\/div>\n<\/div>","protected":false},"excerpt":{"rendered":"<p>Fabrikpreis Gro\u00dfhandel Edelstahl-Camping-Topf, zweiteiliges Set, mit Deckel, klappbaren Griff und praktische Aufbewahrungstasche. Es ist Amazon's hot-selling Camping Kochgeschirr, Fabrik Direktvertrieb, benutzerdefinierte und Logistik-Dienstleistungen zur Verf\u00fcgung stehen, willkommen zu erkundigen!<\/p>\n<h2 style=\"text-align: left\">Camping Topf Parameter:<\/h2>\n<p style=\"text-align: left\"><strong>Material:<\/strong> Rostfreier Stahl<br \/><strong>Farbe:<\/strong> Farbe Silber<br \/><strong>Verpacken: <\/strong>Opp-Beutel und -Karton<br \/><strong>OEM\/ODM:<\/strong> Verf\u00fcgbar<\/p>\n<h2 class=\"wp-block-heading\">Von Camping Kitchen Essentials Hersteller :<\/h2>\n<p>Yongyu ist ein professioneller Hersteller von Camping-K\u00fcchenartikeln. Unsere Produkte umfassen alle Arten von Camping-K\u00fcchenartikeln aus Edelstahl, wie z.B. Camping-Kochgeschirr, Camping-Geschirr, BBQ-Grills usw., und bieten qualitativ hochwertige Beschaffungsdienste und erschwingliche Preise f\u00fcr jeden Kunden.<\/p>","protected":false},"featured_media":2386,"comment_status":"closed","ping_status":"closed","template":"","meta":{"_acf_changed":true},"application":[31],"product_brand":[],"product_cat":[18],"product_tag":[],"class_list":{"0":"post-2384","1":"product","2":"type-product","3":"status-publish","4":"has-post-thumbnail","6":"application-champ-kitchen","7":"product_cat-camping-kitchen-essentials-wholesale","9":"first","10":"instock","11":"shipping-taxable","12":"product-type-simple"},"acf":[],"_links":{"self":[{"href":"https:\/\/www.yongyukitchenware.com\/de\/wp-json\/wp\/v2\/product\/2384","targetHints":{"allow":["GET"]}}],"collection":[{"href":"https:\/\/www.yongyukitchenware.com\/de\/wp-json\/wp\/v2\/product"}],"about":[{"href":"https:\/\/www.yongyukitchenware.com\/de\/wp-json\/wp\/v2\/types\/product"}],"replies":[{"embeddable":true,"href":"https:\/\/www.yongyukitchenware.com\/de\/wp-json\/wp\/v2\/comments?post=2384"}],"wp:featuredmedia":[{"embeddable":true,"href":"https:\/\/www.yongyukitchenware.com\/de\/wp-json\/wp\/v2\/media\/2386"}],"wp:attachment":[{"href":"https:\/\/www.yongyukitchenware.com\/de\/wp-json\/wp\/v2\/media?parent=2384"}],"wp:term":[{"taxonomy":"application","embeddable":true,"href":"https:\/\/www.yongyukitchenware.com\/de\/wp-json\/wp\/v2\/application?post=2384"},{"taxonomy":"product_brand","embeddable":true,"href":"https:\/\/www.yongyukitchenware.com\/de\/wp-json\/wp\/v2\/product_brand?post=2384"},{"taxonomy":"product_cat","embeddable":true,"href":"https:\/\/www.yongyukitchenware.com\/de\/wp-json\/wp\/v2\/product_cat?post=2384"},{"taxonomy":"product_tag","embeddable":true,"href":"https:\/\/www.yongyukitchenware.com\/de\/wp-json\/wp\/v2\/product_tag?post=2384"}],"curies":[{"name":"wp","href":"https:\/\/api.w.org\/{rel}","templated":true}]}}