{"id":2438,"date":"2024-12-17T11:56:47","date_gmt":"2024-12-17T11:56:47","guid":{"rendered":"https:\/\/www.yongyukitchenware.com\/?post_type=product&#038;p=2438"},"modified":"2025-06-14T07:33:00","modified_gmt":"2025-06-14T07:33:00","slug":"wholesale-camping-plate","status":"publish","type":"product","link":"https:\/\/www.yongyukitchenware.com\/de\/produkt\/wholesale-camping-plate\/","title":{"rendered":"Gro\u00dfhandel Camping Platte Edelstahl Gold Silber Fry Pan"},"content":{"rendered":"<div class=\"wp-block-columns is-layout-flex wp-container-core-columns-is-layout-9d6595d7 wp-block-columns-is-layout-flex\">\n<div class=\"wp-block-column is-layout-flow wp-block-column-is-layout-flow\">\n<h2 class=\"wp-block-heading\">Camping Teller Merkmale:<\/h2>\n\n\n\n<p><strong>Umweltfreundliche Materialien:<\/strong> Aus lebensmittelechtem 304er Edelstahl gefertigt, kann es gleichm\u00e4\u00dfig erhitzen, ist verschlei\u00dffest und leicht zu reinigen<\/p>\n\n\n\n<p><strong>Verst\u00e4rktes Griffdesign: <\/strong>verdickter Edelstahlgriff, mit Nieten verst\u00e4rkt, gute Tragf\u00e4higkeit<\/p>\n\n\n\n<p><strong>Konstruktion der Rollkante: <\/strong>abgerundete und glatte Kanten, leicht zu tragen und verhindern Handverletzungen<\/p>\n\n\n\n<p><strong>Flaches Bodendesign: <\/strong>flacher Boden, fester Stand, kann direkt erhitzt werden<\/p>\n\n\n\n<p><strong>Mehrere Gr\u00f6\u00dfenoptionen: <\/strong>Es stehen drei Gr\u00f6\u00dfen von klein bis gro\u00df zur Verf\u00fcgung, die f\u00fcr Lebensmittel mit unterschiedlichem Fassungsverm\u00f6gen geeignet sind.<\/p>\n\n\n\n<h2 class=\"wp-block-heading\">Edelstahltablett mit Griff Gr\u00f6\u00dfe:<\/h2>\n\n\n\n<figure class=\"wp-block-table\"><table class=\"has-fixed-layout\"><tbody><tr><td>Modell<\/td><td>L\u00e4nge * H\u00f6he (cm)<\/td><td>MOQ<\/td><\/tr><tr><td rowspan=\"3\">DY011-YC<\/td><td>19*3cm<\/td><td rowspan=\"3\">200 STCK.<\/td><\/tr><tr><td>21*3cm<\/td><\/tr><tr><td>24*3cm<\/td><\/tr><\/tbody><\/table><\/figure>\n<\/div>\n\n\n\n<div class=\"wp-block-column is-layout-flow wp-block-column-is-layout-flow\">\n<div class=\"wp-block-columns is-layout-flex wp-container-core-columns-is-layout-9d6595d7 wp-block-columns-is-layout-flex\">\n<div class=\"wp-block-column is-layout-flow wp-block-column-is-layout-flow\"><div class=\"wp-block-image\">\n<figure class=\"aligncenter size-full is-resized\"><img decoding=\"async\" width=\"800\" height=\"800\" src=\"https:\/\/www.yongyukitchenware.com\/wp-content\/uploads\/2024\/11\/Custom-Stainless-Steel-Tray-with-Handle-6.webp\" alt=\"Kundenspezifische Edelstahl-Tablett-mit-Griff-6\" class=\"wp-image-2443\" style=\"width:416px;height:auto\" srcset=\"https:\/\/www.yongyukitchenware.com\/wp-content\/uploads\/2024\/11\/Custom-Stainless-Steel-Tray-with-Handle-6.webp 800w, https:\/\/www.yongyukitchenware.com\/wp-content\/uploads\/2024\/11\/Custom-Stainless-Steel-Tray-with-Handle-6-300x300.webp 300w, https:\/\/www.yongyukitchenware.com\/wp-content\/uploads\/2024\/11\/Custom-Stainless-Steel-Tray-with-Handle-6-150x150.webp 150w, https:\/\/www.yongyukitchenware.com\/wp-content\/uploads\/2024\/11\/Custom-Stainless-Steel-Tray-with-Handle-6-768x768.webp 768w, https:\/\/www.yongyukitchenware.com\/wp-content\/uploads\/2024\/11\/Custom-Stainless-Steel-Tray-with-Handle-6-12x12.webp 12w, https:\/\/www.yongyukitchenware.com\/wp-content\/uploads\/2024\/11\/Custom-Stainless-Steel-Tray-with-Handle-6-600x600.webp 600w, https:\/\/www.yongyukitchenware.com\/wp-content\/uploads\/2024\/11\/Custom-Stainless-Steel-Tray-with-Handle-6-100x100.webp 100w\" sizes=\"(max-width: 800px) 100vw, 800px\" \/><\/figure>\n<\/div><\/div>\n<\/div>\n<\/div>\n<\/div>\n\n\n\n<p><\/p>","protected":false},"excerpt":{"rendered":"<p>Gro\u00dfhandel und benutzerdefinierte Edelstahl-Camping Platte, kann als Bratpfanne verwendet werden, gleichm\u00e4\u00dfig erhitzt, langlebig dickes Material, mit Griff. Es ist ein Outdoor-unentbehrlich, in verschiedenen Gr\u00f6\u00dfen erh\u00e4ltlich, Fabrikpreis Gro\u00dfhandel Versorgung, willkommen zu kontaktieren!<\/p>\n<h2 style=\"text-align: left\">Camping Teller Parameter:<\/h2>\n<p style=\"text-align: left\"><strong>Material:<\/strong> Rostfreier Stahl<br \/><strong>Farbe:<\/strong> Farbe Silber<br \/><strong>Verpacken: <\/strong>Opp-Beutel und -Karton<br \/><strong>OEM\/ODM:<\/strong> Verf\u00fcgbar<\/p>\n<h2 class=\"wp-block-heading\">Von Camping Kitchen Essentials Hersteller :<\/h2>\n<p>Yongyu ist ein professioneller Hersteller von Campingk\u00fcchenartikeln. Unsere Produkte umfassen alle Arten von Edelstahl-Camping-K\u00fcchenutensilien, wie z.B. Camping-Kochgeschirr, Camping-Geschirr, BBQ-Grills usw., und bieten hochwertige Beschaffungsdienstleistungen und erschwingliche Preise f\u00fcr jeden Kunden.<\/p>","protected":false},"featured_media":2439,"comment_status":"closed","ping_status":"closed","template":"","meta":{"_acf_changed":true},"application":[31],"product_brand":[],"product_cat":[18],"product_tag":[],"class_list":{"0":"post-2438","1":"product","2":"type-product","3":"status-publish","4":"has-post-thumbnail","6":"application-champ-kitchen","7":"product_cat-camping-kitchen-essentials-wholesale","9":"first","10":"instock","11":"shipping-taxable","12":"product-type-simple"},"acf":[],"_links":{"self":[{"href":"https:\/\/www.yongyukitchenware.com\/de\/wp-json\/wp\/v2\/product\/2438","targetHints":{"allow":["GET"]}}],"collection":[{"href":"https:\/\/www.yongyukitchenware.com\/de\/wp-json\/wp\/v2\/product"}],"about":[{"href":"https:\/\/www.yongyukitchenware.com\/de\/wp-json\/wp\/v2\/types\/product"}],"replies":[{"embeddable":true,"href":"https:\/\/www.yongyukitchenware.com\/de\/wp-json\/wp\/v2\/comments?post=2438"}],"wp:featuredmedia":[{"embeddable":true,"href":"https:\/\/www.yongyukitchenware.com\/de\/wp-json\/wp\/v2\/media\/2439"}],"wp:attachment":[{"href":"https:\/\/www.yongyukitchenware.com\/de\/wp-json\/wp\/v2\/media?parent=2438"}],"wp:term":[{"taxonomy":"application","embeddable":true,"href":"https:\/\/www.yongyukitchenware.com\/de\/wp-json\/wp\/v2\/application?post=2438"},{"taxonomy":"product_brand","embeddable":true,"href":"https:\/\/www.yongyukitchenware.com\/de\/wp-json\/wp\/v2\/product_brand?post=2438"},{"taxonomy":"product_cat","embeddable":true,"href":"https:\/\/www.yongyukitchenware.com\/de\/wp-json\/wp\/v2\/product_cat?post=2438"},{"taxonomy":"product_tag","embeddable":true,"href":"https:\/\/www.yongyukitchenware.com\/de\/wp-json\/wp\/v2\/product_tag?post=2438"}],"curies":[{"name":"wp","href":"https:\/\/api.w.org\/{rel}","templated":true}]}}