{"id":2457,"date":"2024-12-06T17:33:04","date_gmt":"2024-12-06T17:33:04","guid":{"rendered":"https:\/\/www.yongyukitchenware.com\/?post_type=product&#038;p=2457"},"modified":"2025-06-14T07:31:54","modified_gmt":"2025-06-14T07:31:54","slug":"bulk-camping-cutlery-set","status":"publish","type":"product","link":"https:\/\/www.yongyukitchenware.com\/de\/produkt\/bulk-camping-cutlery-set\/","title":{"rendered":"Bulk Camping Besteck Set Fodable Edelstahl Messer Gabel und L\u00f6ffel"},"content":{"rendered":"<div class=\"wp-block-columns is-layout-flex wp-container-core-columns-is-layout-9d6595d7 wp-block-columns-is-layout-flex\">\n<div class=\"wp-block-column is-layout-flow wp-block-column-is-layout-flow\">\n<h2 class=\"wp-block-heading\">Camping-Besteck-Set Merkmale:<\/h2>\n\n\n\n<p><strong>Umweltfreundliches Material:<\/strong> Faltbares Geschirrset aus lebensmittelechtem Edelstahl 304, gesundes Material, geruchsneutral, langlebig<\/p>\n\n\n\n<p><strong>Tragbar und leicht zu verstauen: <\/strong>der Griff des Messers, der Gabel und des L\u00f6ffels ist faltbar, und das Gesamtgewicht ist leicht, einfach zu tragen und stellt keine zus\u00e4tzliche Belastung dar, geeignet f\u00fcr Reisen im Freien<\/p>\n\n\n\n<p><strong>Vielseitigkeit: <\/strong>Das faltbare Geschirrset enth\u00e4lt L\u00f6ffel, Gabel, Messer und Essst\u00e4bchen. Kompaktes Design, kann die Bed\u00fcrfnisse einer Vielzahl von Anwendungen erf\u00fcllen<\/p>\n\n\n\n<p><strong>Leicht zu reinigen:<\/strong> Edelstahl-Oberfl\u00e4che ist glatt, nicht leicht zu verstecken Schmutz, leicht zu reinigen. F\u00fcr die Au\u00dfen unbequemen Reinigung ist mehr Zeit und M\u00fche sparen<\/p>\n<\/div>\n\n\n\n<div class=\"wp-block-column is-layout-flow wp-block-column-is-layout-flow\">\n<div class=\"wp-block-columns is-layout-flex wp-container-core-columns-is-layout-9d6595d7 wp-block-columns-is-layout-flex\">\n<div class=\"wp-block-column is-layout-flow wp-block-column-is-layout-flow\"><div class=\"wp-block-image\">\n<figure class=\"aligncenter size-full is-resized\"><img decoding=\"async\" width=\"800\" height=\"800\" src=\"https:\/\/www.yongyukitchenware.com\/wp-content\/uploads\/2024\/12\/Bulk-Foldable-Cutlery-Set-9.webp\" alt=\"Gro\u00dfes faltbares Besteck-Set-9\" class=\"wp-image-2466\" style=\"width:416px;height:auto\" srcset=\"https:\/\/www.yongyukitchenware.com\/wp-content\/uploads\/2024\/12\/Bulk-Foldable-Cutlery-Set-9.webp 800w, https:\/\/www.yongyukitchenware.com\/wp-content\/uploads\/2024\/12\/Bulk-Foldable-Cutlery-Set-9-300x300.webp 300w, https:\/\/www.yongyukitchenware.com\/wp-content\/uploads\/2024\/12\/Bulk-Foldable-Cutlery-Set-9-150x150.webp 150w, https:\/\/www.yongyukitchenware.com\/wp-content\/uploads\/2024\/12\/Bulk-Foldable-Cutlery-Set-9-768x768.webp 768w, https:\/\/www.yongyukitchenware.com\/wp-content\/uploads\/2024\/12\/Bulk-Foldable-Cutlery-Set-9-12x12.webp 12w, https:\/\/www.yongyukitchenware.com\/wp-content\/uploads\/2024\/12\/Bulk-Foldable-Cutlery-Set-9-600x600.webp 600w, https:\/\/www.yongyukitchenware.com\/wp-content\/uploads\/2024\/12\/Bulk-Foldable-Cutlery-Set-9-100x100.webp 100w\" sizes=\"(max-width: 800px) 100vw, 800px\" \/><\/figure>\n<\/div><\/div>\n<\/div>\n<\/div>\n<\/div>\n\n\n\n<div class=\"wp-block-columns is-layout-flex wp-container-core-columns-is-layout-9d6595d7 wp-block-columns-is-layout-flex\">\n<div class=\"wp-block-column is-layout-flow wp-block-column-is-layout-flow\">\n<figure class=\"wp-block-image size-full\"><img decoding=\"async\" width=\"800\" height=\"800\" src=\"https:\/\/www.yongyukitchenware.com\/wp-content\/uploads\/2024\/12\/Bulk-Foldable-Cutlery-Set-8.webp\" alt=\"Bulk-Faltbesteck-Set-8\" class=\"wp-image-2465\" srcset=\"https:\/\/www.yongyukitchenware.com\/wp-content\/uploads\/2024\/12\/Bulk-Foldable-Cutlery-Set-8.webp 800w, https:\/\/www.yongyukitchenware.com\/wp-content\/uploads\/2024\/12\/Bulk-Foldable-Cutlery-Set-8-300x300.webp 300w, https:\/\/www.yongyukitchenware.com\/wp-content\/uploads\/2024\/12\/Bulk-Foldable-Cutlery-Set-8-150x150.webp 150w, https:\/\/www.yongyukitchenware.com\/wp-content\/uploads\/2024\/12\/Bulk-Foldable-Cutlery-Set-8-768x768.webp 768w, https:\/\/www.yongyukitchenware.com\/wp-content\/uploads\/2024\/12\/Bulk-Foldable-Cutlery-Set-8-12x12.webp 12w, https:\/\/www.yongyukitchenware.com\/wp-content\/uploads\/2024\/12\/Bulk-Foldable-Cutlery-Set-8-600x600.webp 600w, https:\/\/www.yongyukitchenware.com\/wp-content\/uploads\/2024\/12\/Bulk-Foldable-Cutlery-Set-8-100x100.webp 100w\" sizes=\"(max-width: 800px) 100vw, 800px\" \/><\/figure>\n<\/div>\n\n\n\n<div class=\"wp-block-column is-layout-flow wp-block-column-is-layout-flow\">\n<h2 class=\"wp-block-heading\">Camping-Besteck-Set Gr\u00f6\u00dfe:<\/h2>\n\n\n\n<figure class=\"wp-block-table\"><table class=\"has-fixed-layout\"><tbody><tr><td>Modell<\/td><td>Spezifikation<\/td><td>L\u00e4nge * Breite (cm)<\/td><td>Abmessungen nach dem Falten<\/td><td>MOQ<\/td><\/tr><tr><td rowspan=\"5\">DY010-YC<\/td><td>Messer<\/td><td>15,3*2,1cm<\/td><td rowspan=\"4\">8,8 cm<\/td><td rowspan=\"5\">200 STCK.<\/td><\/tr><tr><td>Gabel<\/td><td>15*2,3cm<\/td><\/tr><tr><td>L\u00f6ffel<\/td><td>15*4cm<\/td><\/tr><tr><td>Dessertl\u00f6ffel<\/td><td>15*3,9cm<\/td><\/tr><tr><td>Essst\u00e4bchen<\/td><td>23cm<\/td><td>11,5 cm<\/td><\/tr><\/tbody><\/table><\/figure>\n<\/div>\n<\/div>\n\n\n\n<p><\/p>","protected":false},"excerpt":{"rendered":"<p>Fabrikpreis Bulk-Camping-Besteck-Set mit faltbaren Griffen und praktische Tasche, geeignet f\u00fcr Outdoor-Aktivit\u00e4ten oder B\u00fcro Mittagessen Besteck. F\u00fcr weitere Camping Essentials Gro\u00dfhandel L\u00f6sungen, kontaktieren Sie uns bitte!<\/p>\n<h2 style=\"text-align: left\">Camping-Besteck-Set Parameter:<\/h2>\n<p style=\"text-align: left\"><strong>Material:<\/strong> Rostfreier Stahl<br \/><strong>Farbe:<\/strong> Farbe Silber<br \/><strong>Typen:<\/strong> L\u00f6ffel, Gabel, Messer, Essst\u00e4bchen<br \/><strong>OEM\/ODM:<\/strong> Verf\u00fcgbar<\/p>\n<h2 class=\"wp-block-heading\">Von Camping Kitchen Essentials Hersteller :<\/h2>\n<p>Yongyu ist ein professioneller Hersteller von Camping-K\u00fcchenartikeln. Unsere Produkte umfassen alle Arten von Camping-K\u00fcchenartikeln aus Edelstahl, wie z.B. Camping-Kochgeschirr, Camping-Geschirr, BBQ-Grills usw., und bieten qualitativ hochwertige Beschaffungsdienste und erschwingliche Preise f\u00fcr jeden Kunden.<\/p>","protected":false},"featured_media":2462,"comment_status":"closed","ping_status":"closed","template":"","meta":{"_acf_changed":true},"application":[31],"product_brand":[],"product_cat":[18],"product_tag":[],"class_list":{"0":"post-2457","1":"product","2":"type-product","3":"status-publish","4":"has-post-thumbnail","6":"application-champ-kitchen","7":"product_cat-camping-kitchen-essentials-wholesale","9":"first","10":"instock","11":"shipping-taxable","12":"product-type-simple"},"acf":[],"_links":{"self":[{"href":"https:\/\/www.yongyukitchenware.com\/de\/wp-json\/wp\/v2\/product\/2457","targetHints":{"allow":["GET"]}}],"collection":[{"href":"https:\/\/www.yongyukitchenware.com\/de\/wp-json\/wp\/v2\/product"}],"about":[{"href":"https:\/\/www.yongyukitchenware.com\/de\/wp-json\/wp\/v2\/types\/product"}],"replies":[{"embeddable":true,"href":"https:\/\/www.yongyukitchenware.com\/de\/wp-json\/wp\/v2\/comments?post=2457"}],"wp:featuredmedia":[{"embeddable":true,"href":"https:\/\/www.yongyukitchenware.com\/de\/wp-json\/wp\/v2\/media\/2462"}],"wp:attachment":[{"href":"https:\/\/www.yongyukitchenware.com\/de\/wp-json\/wp\/v2\/media?parent=2457"}],"wp:term":[{"taxonomy":"application","embeddable":true,"href":"https:\/\/www.yongyukitchenware.com\/de\/wp-json\/wp\/v2\/application?post=2457"},{"taxonomy":"product_brand","embeddable":true,"href":"https:\/\/www.yongyukitchenware.com\/de\/wp-json\/wp\/v2\/product_brand?post=2457"},{"taxonomy":"product_cat","embeddable":true,"href":"https:\/\/www.yongyukitchenware.com\/de\/wp-json\/wp\/v2\/product_cat?post=2457"},{"taxonomy":"product_tag","embeddable":true,"href":"https:\/\/www.yongyukitchenware.com\/de\/wp-json\/wp\/v2\/product_tag?post=2457"}],"curies":[{"name":"wp","href":"https:\/\/api.w.org\/{rel}","templated":true}]}}