{"id":2467,"date":"2024-12-22T20:08:13","date_gmt":"2024-12-22T20:08:13","guid":{"rendered":"https:\/\/www.yongyukitchenware.com\/?post_type=product&#038;p=2467"},"modified":"2025-06-14T03:29:48","modified_gmt":"2025-06-14T03:29:48","slug":"custom-camp-cup","status":"publish","type":"product","link":"https:\/\/www.yongyukitchenware.com\/de\/produkt\/custom-camp-cup\/","title":{"rendered":"Custom Camp Cup aus Edelstahl mit klappbarem Henkel"},"content":{"rendered":"<div class=\"wp-block-columns is-layout-flex wp-container-core-columns-is-layout-9d6595d7 wp-block-columns-is-layout-flex\">\n<div class=\"wp-block-column is-layout-flow wp-block-column-is-layout-flow\">\n<h2 class=\"wp-block-heading\">Camp Cup Merkmale:<\/h2>\n\n\n\n<p><strong>Umweltfreundliches Material: <\/strong>Hergestellt aus lebensmittelechtem Edelstahl 304, sicher und gesund, recycelbares Material, langlebig<\/p>\n\n\n\n<p><strong>Tragbar und leicht zu verstauen: <\/strong>Der Bechergriff ist faltbar, das Gesamtgewicht ist leicht, kann gestapelt und leicht getragen werden, geeignet f\u00fcr Outdoor-Reisen und Camping.<\/p>\n\n\n\n<p><strong>Gerollte Kanten: <\/strong>Der Rand des Bechers ist abgerundet und glatt, um Verletzungen beim Gebrauch zu vermeiden.<\/p>\n\n\n\n<p><strong>Leicht zu reinigen: <\/strong>Die Edelstahloberfl\u00e4che ist glatt und leicht zu reinigen.<\/p>\n\n\n\n<h2 class=\"wp-block-heading\">Camp Cup Gr\u00f6\u00dfe:<\/h2>\n\n\n\n<figure class=\"wp-block-table\"><table class=\"has-fixed-layout\"><tbody><tr><td>Modell<\/td><td>Kapazit\u00e4t<\/td><td>L\u00e4nge * H\u00f6he (cm)<\/td><td>MOQ<\/td><\/tr><tr><td>DY009-YC<\/td><td>350ml<\/td><td>8*8cm<\/td><td>200 STCK.<\/td><\/tr><\/tbody><\/table><\/figure>\n<\/div>\n\n\n\n<div class=\"wp-block-column is-layout-flow wp-block-column-is-layout-flow\">\n<div class=\"wp-block-columns is-layout-flex wp-container-core-columns-is-layout-9d6595d7 wp-block-columns-is-layout-flex\">\n<div class=\"wp-block-column is-layout-flow wp-block-column-is-layout-flow\"><div class=\"wp-block-image\">\n<figure class=\"aligncenter size-full is-resized\"><img decoding=\"async\" width=\"800\" height=\"800\" src=\"https:\/\/www.yongyukitchenware.com\/wp-content\/uploads\/2024\/12\/Custom-Stainless-steel-camping-cup-5.webp\" alt=\"Custom-Stahl-Camping-Tasse-5\" class=\"wp-image-2472\" style=\"width:416px;height:auto\" srcset=\"https:\/\/www.yongyukitchenware.com\/wp-content\/uploads\/2024\/12\/Custom-Stainless-steel-camping-cup-5.webp 800w, https:\/\/www.yongyukitchenware.com\/wp-content\/uploads\/2024\/12\/Custom-Stainless-steel-camping-cup-5-300x300.webp 300w, https:\/\/www.yongyukitchenware.com\/wp-content\/uploads\/2024\/12\/Custom-Stainless-steel-camping-cup-5-150x150.webp 150w, https:\/\/www.yongyukitchenware.com\/wp-content\/uploads\/2024\/12\/Custom-Stainless-steel-camping-cup-5-768x768.webp 768w, https:\/\/www.yongyukitchenware.com\/wp-content\/uploads\/2024\/12\/Custom-Stainless-steel-camping-cup-5-12x12.webp 12w, https:\/\/www.yongyukitchenware.com\/wp-content\/uploads\/2024\/12\/Custom-Stainless-steel-camping-cup-5-600x600.webp 600w, https:\/\/www.yongyukitchenware.com\/wp-content\/uploads\/2024\/12\/Custom-Stainless-steel-camping-cup-5-100x100.webp 100w\" sizes=\"(max-width: 800px) 100vw, 800px\" \/><\/figure>\n<\/div><\/div>\n<\/div>\n<\/div>\n<\/div>\n\n\n\n<p><\/p>","protected":false},"excerpt":{"rendered":"<p>Fabrik direkt Gro\u00dfhandel Camp Tassen mit einem faltbaren Griff sind bequem und langlebig. F\u00fcr weitere Fabrik-Preis Camping Tasse benutzerdefinierte L\u00f6sungen, konsultieren Sie bitte Yongyu Camping K\u00fcche Wesentliche Lieferanten!<\/p>\n<h2 style=\"text-align: left\">Camp Cup Parameter:<\/h2>\n<p style=\"text-align: left\"><strong>Material:<\/strong> Rostfreier Stahl<br \/><strong>Farbe:<\/strong> Silber<br \/><strong>Entwurf: <\/strong>Klappbarer Handgriff, stapelbar<br \/><strong>OEM\/ODM:<\/strong> Verf\u00fcgbar<\/p>\n<h2 class=\"wp-block-heading\">Von Camping Kitchen Essentials Hersteller :<\/h2>\n<p>Yongyu ist ein professioneller Hersteller von Camping-K\u00fcchenartikeln. Unsere Produkte umfassen alle Arten von Camping-K\u00fcchenartikeln aus Edelstahl, wie z.B. Camping-Kochgeschirr, Camping-Geschirr, BBQ-Grills usw., und bieten qualitativ hochwertige Beschaffungsdienste und erschwingliche Preise f\u00fcr jeden Kunden.<\/p>","protected":false},"featured_media":2474,"comment_status":"closed","ping_status":"closed","template":"","meta":{"_acf_changed":true},"application":[31],"product_brand":[],"product_cat":[18],"product_tag":[],"class_list":{"0":"post-2467","1":"product","2":"type-product","3":"status-publish","4":"has-post-thumbnail","6":"application-champ-kitchen","7":"product_cat-camping-kitchen-essentials-wholesale","9":"first","10":"instock","11":"shipping-taxable","12":"product-type-simple"},"acf":[],"_links":{"self":[{"href":"https:\/\/www.yongyukitchenware.com\/de\/wp-json\/wp\/v2\/product\/2467","targetHints":{"allow":["GET"]}}],"collection":[{"href":"https:\/\/www.yongyukitchenware.com\/de\/wp-json\/wp\/v2\/product"}],"about":[{"href":"https:\/\/www.yongyukitchenware.com\/de\/wp-json\/wp\/v2\/types\/product"}],"replies":[{"embeddable":true,"href":"https:\/\/www.yongyukitchenware.com\/de\/wp-json\/wp\/v2\/comments?post=2467"}],"wp:featuredmedia":[{"embeddable":true,"href":"https:\/\/www.yongyukitchenware.com\/de\/wp-json\/wp\/v2\/media\/2474"}],"wp:attachment":[{"href":"https:\/\/www.yongyukitchenware.com\/de\/wp-json\/wp\/v2\/media?parent=2467"}],"wp:term":[{"taxonomy":"application","embeddable":true,"href":"https:\/\/www.yongyukitchenware.com\/de\/wp-json\/wp\/v2\/application?post=2467"},{"taxonomy":"product_brand","embeddable":true,"href":"https:\/\/www.yongyukitchenware.com\/de\/wp-json\/wp\/v2\/product_brand?post=2467"},{"taxonomy":"product_cat","embeddable":true,"href":"https:\/\/www.yongyukitchenware.com\/de\/wp-json\/wp\/v2\/product_cat?post=2467"},{"taxonomy":"product_tag","embeddable":true,"href":"https:\/\/www.yongyukitchenware.com\/de\/wp-json\/wp\/v2\/product_tag?post=2467"}],"curies":[{"name":"wp","href":"https:\/\/api.w.org\/{rel}","templated":true}]}}