{"id":2475,"date":"2024-12-22T20:21:05","date_gmt":"2024-12-22T20:21:05","guid":{"rendered":"https:\/\/www.yongyukitchenware.com\/?post_type=product&#038;p=2475"},"modified":"2025-06-14T03:14:25","modified_gmt":"2025-06-14T03:14:25","slug":"wholesale-camping-cookware","status":"publish","type":"product","link":"https:\/\/www.yongyukitchenware.com\/de\/produkt\/wholesale-camping-cookware\/","title":{"rendered":"Gro\u00dfhandel Camping Kochgeschirr 4-teiliges Set tragbare Kochutensilien"},"content":{"rendered":"<div class=\"wp-block-columns is-layout-flex wp-container-core-columns-is-layout-9d6595d7 wp-block-columns-is-layout-flex\">\n<div class=\"wp-block-column is-layout-flow wp-block-column-is-layout-flow\">\n<h2 class=\"wp-block-heading\">Camping-Kochgeschirr Merkmale:<\/h2>\n\n\n\n<p><strong>Umweltfreundliches Material:<\/strong> Faltbares Geschirrset aus lebensmittelechtem Edelstahl 304, gesundes Material, geruchsneutral, langlebig<\/p>\n\n\n\n<p><strong>Tragbar und leicht zu verstauen:<\/strong> Der Griff des 4-teiligen Camping-Topf-Sets ist zusammenklappbar und abnehmbar, und die Stile k\u00f6nnen untereinander gestapelt werden, was bequem zu tragen ist und keine zus\u00e4tzliche Belastung darstellt, geeignet f\u00fcr Outdoor-Reisen<\/p>\n\n\n\n<p><strong>Gerollte Kanten: <\/strong>abgerundete und glatte Kanten, einfach zu bedienen, verhindert Handverletzungen<\/p>\n\n\n\n<p><strong>Flaches Bodendesign:<\/strong> flacher Boden, fester Stand, kann direkt beheizt werden<\/p>\n\n\n\n<h2 class=\"wp-block-heading\">Camping-Kochgeschirr Gr\u00f6\u00dfe:<\/h2>\n\n\n\n<figure class=\"wp-block-table\"><table class=\"has-fixed-layout\"><tbody><tr><td>Modell<\/td><td>Kapazit\u00e4t<\/td><td>L\u00e4nge * H\u00f6he (cm)<\/td><td>MOQ<\/td><\/tr><tr><td rowspan=\"4\">DY008-YC<\/td><td>4.5L<\/td><td>23,3*13cm<\/td><td rowspan=\"4\">50 STCK.<\/td><\/tr><tr><td>2L<\/td><td>19,5*9cm<\/td><\/tr><tr><td>1.6L<\/td><td>17*8.8cm<\/td><\/tr><tr><td>Bratpfanne<\/td><td>23,3*5,5cm<\/td><\/tr><\/tbody><\/table><\/figure>\n<\/div>\n\n\n\n<div class=\"wp-block-column is-layout-flow wp-block-column-is-layout-flow\">\n<div class=\"wp-block-columns is-layout-flex wp-container-core-columns-is-layout-9d6595d7 wp-block-columns-is-layout-flex\">\n<div class=\"wp-block-column is-layout-flow wp-block-column-is-layout-flow\">\n<figure class=\"wp-block-image size-full\"><img decoding=\"async\" width=\"800\" height=\"800\" src=\"https:\/\/www.yongyukitchenware.com\/wp-content\/uploads\/2024\/12\/Wholesale-Camping-Pot-4-Piece-Set-3.webp\" alt=\"Gro\u00dfhandel-Camping-Topf-4-Teil-Satz-3\" class=\"wp-image-2478\" srcset=\"https:\/\/www.yongyukitchenware.com\/wp-content\/uploads\/2024\/12\/Wholesale-Camping-Pot-4-Piece-Set-3.webp 800w, https:\/\/www.yongyukitchenware.com\/wp-content\/uploads\/2024\/12\/Wholesale-Camping-Pot-4-Piece-Set-3-300x300.webp 300w, https:\/\/www.yongyukitchenware.com\/wp-content\/uploads\/2024\/12\/Wholesale-Camping-Pot-4-Piece-Set-3-150x150.webp 150w, https:\/\/www.yongyukitchenware.com\/wp-content\/uploads\/2024\/12\/Wholesale-Camping-Pot-4-Piece-Set-3-768x768.webp 768w, https:\/\/www.yongyukitchenware.com\/wp-content\/uploads\/2024\/12\/Wholesale-Camping-Pot-4-Piece-Set-3-12x12.webp 12w, https:\/\/www.yongyukitchenware.com\/wp-content\/uploads\/2024\/12\/Wholesale-Camping-Pot-4-Piece-Set-3-600x600.webp 600w, https:\/\/www.yongyukitchenware.com\/wp-content\/uploads\/2024\/12\/Wholesale-Camping-Pot-4-Piece-Set-3-100x100.webp 100w\" sizes=\"(max-width: 800px) 100vw, 800px\" \/><\/figure>\n<\/div>\n<\/div>\n<\/div>\n<\/div>","protected":false},"excerpt":{"rendered":"<p>Gro\u00dfhandel und benutzerdefinierte Camping-Kochgeschirr, hochwertige Edelstahl-T\u00f6pfe und Pfannen mit klappbaren Griffen und verdickten B\u00f6den f\u00fcr gleichm\u00e4\u00dfige Erw\u00e4rmung. Wir bieten benutzerdefinierte und Amazon Dienstleistungen, willkommen, ein Angebot zu erhalten!<\/p>\n<h2 style=\"text-align: left\">Camping-Kochgeschirr Parameter:<\/h2>\n<p style=\"text-align: left\"><strong>Material:<\/strong> Rostfreier Stahl<br \/><strong>Farbe:<\/strong> Silber<br \/><strong>Typen:<\/strong> Camping T\u00f6pfe und Pfannen mit einer Tasche<br \/><strong>OEM\/ODM:<\/strong> Verf\u00fcgbar<\/p>\n<h2 class=\"wp-block-heading\">Von Camping Kitchen Essentials Hersteller :<\/h2>\n<p>Yongyu ist ein professioneller Hersteller von Camping-K\u00fcchenartikeln. Unsere Produkte umfassen alle Arten von Camping-K\u00fcchenartikeln aus Edelstahl, wie z.B. Camping-Kochgeschirr, Camping-Geschirr, BBQ-Grills usw., und bieten qualitativ hochwertige Beschaffungsdienste und erschwingliche Preise f\u00fcr jeden Kunden.<\/p>","protected":false},"featured_media":2484,"comment_status":"closed","ping_status":"closed","template":"","meta":{"_acf_changed":true},"application":[31],"product_brand":[],"product_cat":[18],"product_tag":[],"class_list":{"0":"post-2475","1":"product","2":"type-product","3":"status-publish","4":"has-post-thumbnail","6":"application-champ-kitchen","7":"product_cat-camping-kitchen-essentials-wholesale","9":"first","10":"instock","11":"shipping-taxable","12":"product-type-simple"},"acf":[],"_links":{"self":[{"href":"https:\/\/www.yongyukitchenware.com\/de\/wp-json\/wp\/v2\/product\/2475","targetHints":{"allow":["GET"]}}],"collection":[{"href":"https:\/\/www.yongyukitchenware.com\/de\/wp-json\/wp\/v2\/product"}],"about":[{"href":"https:\/\/www.yongyukitchenware.com\/de\/wp-json\/wp\/v2\/types\/product"}],"replies":[{"embeddable":true,"href":"https:\/\/www.yongyukitchenware.com\/de\/wp-json\/wp\/v2\/comments?post=2475"}],"wp:featuredmedia":[{"embeddable":true,"href":"https:\/\/www.yongyukitchenware.com\/de\/wp-json\/wp\/v2\/media\/2484"}],"wp:attachment":[{"href":"https:\/\/www.yongyukitchenware.com\/de\/wp-json\/wp\/v2\/media?parent=2475"}],"wp:term":[{"taxonomy":"application","embeddable":true,"href":"https:\/\/www.yongyukitchenware.com\/de\/wp-json\/wp\/v2\/application?post=2475"},{"taxonomy":"product_brand","embeddable":true,"href":"https:\/\/www.yongyukitchenware.com\/de\/wp-json\/wp\/v2\/product_brand?post=2475"},{"taxonomy":"product_cat","embeddable":true,"href":"https:\/\/www.yongyukitchenware.com\/de\/wp-json\/wp\/v2\/product_cat?post=2475"},{"taxonomy":"product_tag","embeddable":true,"href":"https:\/\/www.yongyukitchenware.com\/de\/wp-json\/wp\/v2\/product_tag?post=2475"}],"curies":[{"name":"wp","href":"https:\/\/api.w.org\/{rel}","templated":true}]}}