{"id":2489,"date":"2024-12-22T20:31:53","date_gmt":"2024-12-22T20:31:53","guid":{"rendered":"https:\/\/www.yongyukitchenware.com\/?post_type=product&#038;p=2489"},"modified":"2025-06-14T03:13:05","modified_gmt":"2025-06-14T03:13:05","slug":"bulk-camping-kettle","status":"publish","type":"product","link":"https:\/\/www.yongyukitchenware.com\/de\/produkt\/bulk-camping-kettle\/","title":{"rendered":"Bulk Camping Wasserkocher Edelstahl Portable Outdoor Kaffeekanne"},"content":{"rendered":"<div class=\"wp-block-columns is-layout-flex wp-container-core-columns-is-layout-9d6595d7 wp-block-columns-is-layout-flex\">\n<div class=\"wp-block-column is-layout-flow wp-block-column-is-layout-flow\">\n<h2 class=\"wp-block-heading\">Camping-Wasserkocher Merkmale:<\/h2>\n\n\n\n<p><strong>Langlebiger Edelstahl: <\/strong>Hergestellt aus 304 Edelstahl, gesund und langlebig, kann gleichm\u00e4\u00dfig erhitzen.<\/p>\n\n\n\n<p><strong>Anti-Hitze-Griff: <\/strong>der Griff ist mit verdicktem Klebstoff versehen, wodurch er bequem in der Hand liegt und auf Reisen tragbar ist<\/p>\n\n\n\n<p><strong>Design mit kurzem Mund: <\/strong>gleichm\u00e4\u00dfiges Ausgie\u00dfen des Wassers, kein leichtes Versch\u00fctten<\/p>\n\n\n\n<p><strong>Design mit gro\u00dfem Durchmesser: <\/strong>Es ist bequem, den Ausguss zu vergr\u00f6\u00dfern, Wasser hinzuzuf\u00fcgen oder zu reinigen, praktisch und bequem<\/p>\n\n\n\n<p><strong>Schnell aufheizender flacher Boden: <\/strong>Verdickung flachen Boden, Heizung schnell, im Freien kochendes Wasser ist bequemer<\/p>\n\n\n\n<h2 class=\"wp-block-heading\">Camping-Wasserkocher Gr\u00f6\u00dfe:<\/h2>\n\n\n\n<figure class=\"wp-block-table\"><table class=\"has-fixed-layout\"><tbody><tr><td>Modell<\/td><td>Kapazit\u00e4t<\/td><td>L\u00e4nge * H\u00f6he (cm)<\/td><td>MOQ<\/td><\/tr><tr><td rowspan=\"2\">DY006-YC<\/td><td>1.0L<\/td><td>6*15cm<\/td><td rowspan=\"2\">100 STCK.<\/td><\/tr><tr><td>1.5L<\/td><td>10,5*15cm<\/td><\/tr><\/tbody><\/table><\/figure>\n<\/div>\n\n\n\n<div class=\"wp-block-column is-layout-flow wp-block-column-is-layout-flow\">\n<div class=\"wp-block-columns is-layout-flex wp-container-core-columns-is-layout-9d6595d7 wp-block-columns-is-layout-flex\">\n<div class=\"wp-block-column is-layout-flow wp-block-column-is-layout-flow\">\n<figure class=\"wp-block-image size-full\"><img decoding=\"async\" width=\"800\" height=\"800\" src=\"https:\/\/www.yongyukitchenware.com\/wp-content\/uploads\/2024\/12\/Bulk-Camping-kettle-3.webp\" alt=\"Bulk-Camping-Wasserkocher-3\" class=\"wp-image-2492\" srcset=\"https:\/\/www.yongyukitchenware.com\/wp-content\/uploads\/2024\/12\/Bulk-Camping-kettle-3.webp 800w, https:\/\/www.yongyukitchenware.com\/wp-content\/uploads\/2024\/12\/Bulk-Camping-kettle-3-300x300.webp 300w, https:\/\/www.yongyukitchenware.com\/wp-content\/uploads\/2024\/12\/Bulk-Camping-kettle-3-150x150.webp 150w, https:\/\/www.yongyukitchenware.com\/wp-content\/uploads\/2024\/12\/Bulk-Camping-kettle-3-768x768.webp 768w, https:\/\/www.yongyukitchenware.com\/wp-content\/uploads\/2024\/12\/Bulk-Camping-kettle-3-12x12.webp 12w, https:\/\/www.yongyukitchenware.com\/wp-content\/uploads\/2024\/12\/Bulk-Camping-kettle-3-600x600.webp 600w, https:\/\/www.yongyukitchenware.com\/wp-content\/uploads\/2024\/12\/Bulk-Camping-kettle-3-100x100.webp 100w\" sizes=\"(max-width: 800px) 100vw, 800px\" \/><\/figure>\n<\/div>\n<\/div>\n<\/div>\n<\/div>\n\n\n\n<p><\/p>","protected":false},"excerpt":{"rendered":"<p>Bulk benutzerdefinierte Camping Wasserkocher, geeignet f\u00fcr elektrische und Gasherde, ideal f\u00fcr Outdoor-Kaffee und Tee. Wir bieten benutzerdefinierte und Amazon Dienstleistungen zu Fabrikpreisen, willkommen, ein kostenloses Angebot zu erhalten.<\/p>\n<h2 style=\"text-align: left\">Camping-Wasserkocher Parameter:<\/h2>\n<p style=\"text-align: left\"><strong>Material:<\/strong> Rostfreier Stahl<br \/><strong>Farbe:<\/strong> Farbe Silber<br \/><strong>Verpacken: <\/strong>Opp-Beutel und -Karton<br \/><strong>OEM\/ODM:<\/strong> Verf\u00fcgbar<\/p>\n<h2 class=\"wp-block-heading\">Von Camping Kitchen Essentials Hersteller :<\/h2>\n<p>Yongyu ist ein professioneller Hersteller von Camping-K\u00fcchenartikeln. Unsere Produkte umfassen alle Arten von Camping-K\u00fcchenartikeln aus Edelstahl, wie z.B. Camping-Kochgeschirr, Camping-Geschirr, BBQ-Grills usw., und bieten qualitativ hochwertige Beschaffungsdienste und erschwingliche Preise f\u00fcr jeden Kunden.<\/p>","protected":false},"featured_media":2499,"comment_status":"closed","ping_status":"closed","template":"","meta":{"_acf_changed":false},"application":[31],"product_brand":[],"product_cat":[18],"product_tag":[],"class_list":{"0":"post-2489","1":"product","2":"type-product","3":"status-publish","4":"has-post-thumbnail","6":"application-champ-kitchen","7":"product_cat-camping-kitchen-essentials-wholesale","9":"first","10":"instock","11":"shipping-taxable","12":"product-type-simple"},"acf":[],"_links":{"self":[{"href":"https:\/\/www.yongyukitchenware.com\/de\/wp-json\/wp\/v2\/product\/2489","targetHints":{"allow":["GET"]}}],"collection":[{"href":"https:\/\/www.yongyukitchenware.com\/de\/wp-json\/wp\/v2\/product"}],"about":[{"href":"https:\/\/www.yongyukitchenware.com\/de\/wp-json\/wp\/v2\/types\/product"}],"replies":[{"embeddable":true,"href":"https:\/\/www.yongyukitchenware.com\/de\/wp-json\/wp\/v2\/comments?post=2489"}],"wp:featuredmedia":[{"embeddable":true,"href":"https:\/\/www.yongyukitchenware.com\/de\/wp-json\/wp\/v2\/media\/2499"}],"wp:attachment":[{"href":"https:\/\/www.yongyukitchenware.com\/de\/wp-json\/wp\/v2\/media?parent=2489"}],"wp:term":[{"taxonomy":"application","embeddable":true,"href":"https:\/\/www.yongyukitchenware.com\/de\/wp-json\/wp\/v2\/application?post=2489"},{"taxonomy":"product_brand","embeddable":true,"href":"https:\/\/www.yongyukitchenware.com\/de\/wp-json\/wp\/v2\/product_brand?post=2489"},{"taxonomy":"product_cat","embeddable":true,"href":"https:\/\/www.yongyukitchenware.com\/de\/wp-json\/wp\/v2\/product_cat?post=2489"},{"taxonomy":"product_tag","embeddable":true,"href":"https:\/\/www.yongyukitchenware.com\/de\/wp-json\/wp\/v2\/product_tag?post=2489"}],"curies":[{"name":"wp","href":"https:\/\/api.w.org\/{rel}","templated":true}]}}