{"id":2502,"date":"2024-12-22T21:26:32","date_gmt":"2024-12-22T21:26:32","guid":{"rendered":"https:\/\/www.yongyukitchenware.com\/?post_type=product&#038;p=2502"},"modified":"2025-06-14T03:08:13","modified_gmt":"2025-06-14T03:08:13","slug":"wholesale-camp-kettle","status":"publish","type":"product","link":"https:\/\/www.yongyukitchenware.com\/de\/produkt\/wholesale-camp-kettle\/","title":{"rendered":"Gro\u00dfhandel Camp Wasserkocher Edelstahl 800ml Reise Kaffee Tee Topf"},"content":{"rendered":"<div class=\"wp-block-columns is-layout-flex wp-container-core-columns-is-layout-9d6595d7 wp-block-columns-is-layout-flex\">\n<div class=\"wp-block-column is-layout-flow wp-block-column-is-layout-flow\">\n<h2 class=\"wp-block-heading\">Camp Kettle Eigenschaften:<\/h2>\n\n\n\n<p><strong>Hochwertiger rostfreier Stahl: <\/strong>Hergestellt aus langlebigem Edelstahl, sicher, ungiftig, korrosionsbest\u00e4ndig, und kann f\u00fcr eine lange Zeit verwendet werden.<\/p>\n\n\n\n<p><strong>Antiverbr\u00fchungs-Griff: <\/strong>Verdickter Gummigriff, effektiver Verbr\u00fchungsschutz, bequemer Griff.<\/p>\n\n\n\n<p><strong>Einfach zu bedienen: <\/strong>Die gro\u00dfe \u00d6ffnung und der kurze Ausgie\u00dfer erleichtern das Einf\u00fcllen von Wasser und die Reinigung, gie\u00dfen das Wasser gleichm\u00e4\u00dfig aus und k\u00f6nnen nicht so leicht versch\u00fcttet werden.<\/p>\n\n\n\n<p><strong>Schnell aufheizbarer flacher Boden: <\/strong>Verdickter flacher Boden, gleichm\u00e4\u00dfige und effiziente Heizung, bequemer f\u00fcr das Kochen von Wasser im Freien.<\/p>\n\n\n\n<h2 class=\"wp-block-heading\">Camp Kettle Gr\u00f6\u00dfe:<\/h2>\n\n\n\n<figure class=\"wp-block-table\"><table class=\"has-fixed-layout\"><tbody><tr><td>Modell<\/td><td>Kapazit\u00e4t<\/td><td>L\u00e4nge * H\u00f6he (cm)<\/td><td>MOQ<\/td><\/tr><tr><td>DY007-YC<\/td><td>800 ML<\/td><td>14*9CM<\/td><td>100 STCK.<\/td><\/tr><\/tbody><\/table><\/figure>\n<\/div>\n\n\n\n<div class=\"wp-block-column is-layout-flow wp-block-column-is-layout-flow\">\n<div class=\"wp-block-columns is-layout-flex wp-container-core-columns-is-layout-9d6595d7 wp-block-columns-is-layout-flex\">\n<div class=\"wp-block-column is-layout-flow wp-block-column-is-layout-flow\">\n<figure class=\"wp-block-image size-full\"><img decoding=\"async\" width=\"800\" height=\"800\" src=\"https:\/\/www.yongyukitchenware.com\/wp-content\/uploads\/2024\/12\/Bulk-Stainless-Steel-Camping-kettle-3.webp\" alt=\"Bulk-Edelstahl-Camping-Wasserkocher-3\" class=\"wp-image-2505\" srcset=\"https:\/\/www.yongyukitchenware.com\/wp-content\/uploads\/2024\/12\/Bulk-Stainless-Steel-Camping-kettle-3.webp 800w, https:\/\/www.yongyukitchenware.com\/wp-content\/uploads\/2024\/12\/Bulk-Stainless-Steel-Camping-kettle-3-300x300.webp 300w, https:\/\/www.yongyukitchenware.com\/wp-content\/uploads\/2024\/12\/Bulk-Stainless-Steel-Camping-kettle-3-150x150.webp 150w, https:\/\/www.yongyukitchenware.com\/wp-content\/uploads\/2024\/12\/Bulk-Stainless-Steel-Camping-kettle-3-768x768.webp 768w, https:\/\/www.yongyukitchenware.com\/wp-content\/uploads\/2024\/12\/Bulk-Stainless-Steel-Camping-kettle-3-12x12.webp 12w, https:\/\/www.yongyukitchenware.com\/wp-content\/uploads\/2024\/12\/Bulk-Stainless-Steel-Camping-kettle-3-600x600.webp 600w, https:\/\/www.yongyukitchenware.com\/wp-content\/uploads\/2024\/12\/Bulk-Stainless-Steel-Camping-kettle-3-100x100.webp 100w\" sizes=\"(max-width: 800px) 100vw, 800px\" \/><\/figure>\n<\/div>\n<\/div>\n<\/div>\n<\/div>\n\n\n\n<p><\/p>","protected":false},"excerpt":{"rendered":"<p>Gro\u00dfhandel Camp Wasserkocher, leicht und gro\u00dfe Kapazit\u00e4t f\u00fcr kochendes Wasser Kaffee Tee. Von Edelstahl-Camping-K\u00fcchenger\u00e4te Lieferanten, bieten Anpassung und Amazon-Service, willkommen zu erkundigen.<\/p>\n<h2 style=\"text-align: left\">Camp Kettle Parameter:<\/h2>\n<p style=\"text-align: left\"><strong>Material:<\/strong> Rostfreier Stahl<br \/><strong>Farbe:<\/strong> Silber<br \/><b>Entwurf:\u00a0<\/b>Gro\u00dfkalibrige \u00d6ffnung und kurzer Ausguss<br \/><strong>OEM\/ODM:<\/strong> Verf\u00fcgbar<\/p>\n<h2 class=\"wp-block-heading\">Camping Kitchen Essentials Hersteller :<\/h2>\n<p>Yongyu ist ein professioneller Hersteller von Camping-K\u00fcchenartikeln. Unsere Produkte umfassen alle Arten von Camping-K\u00fcchenartikeln aus Edelstahl, wie z.B. Camping-Kochgeschirr, Camping-Geschirr, BBQ-Grills usw., und bieten qualitativ hochwertige Beschaffungsdienste und erschwingliche Preise f\u00fcr jeden Kunden.<\/p>","protected":false},"featured_media":2507,"comment_status":"closed","ping_status":"closed","template":"","meta":{"_acf_changed":true},"application":[31],"product_brand":[],"product_cat":[18],"product_tag":[],"class_list":{"0":"post-2502","1":"product","2":"type-product","3":"status-publish","4":"has-post-thumbnail","6":"application-champ-kitchen","7":"product_cat-camping-kitchen-essentials-wholesale","9":"first","10":"instock","11":"shipping-taxable","12":"product-type-simple"},"acf":[],"_links":{"self":[{"href":"https:\/\/www.yongyukitchenware.com\/de\/wp-json\/wp\/v2\/product\/2502","targetHints":{"allow":["GET"]}}],"collection":[{"href":"https:\/\/www.yongyukitchenware.com\/de\/wp-json\/wp\/v2\/product"}],"about":[{"href":"https:\/\/www.yongyukitchenware.com\/de\/wp-json\/wp\/v2\/types\/product"}],"replies":[{"embeddable":true,"href":"https:\/\/www.yongyukitchenware.com\/de\/wp-json\/wp\/v2\/comments?post=2502"}],"wp:featuredmedia":[{"embeddable":true,"href":"https:\/\/www.yongyukitchenware.com\/de\/wp-json\/wp\/v2\/media\/2507"}],"wp:attachment":[{"href":"https:\/\/www.yongyukitchenware.com\/de\/wp-json\/wp\/v2\/media?parent=2502"}],"wp:term":[{"taxonomy":"application","embeddable":true,"href":"https:\/\/www.yongyukitchenware.com\/de\/wp-json\/wp\/v2\/application?post=2502"},{"taxonomy":"product_brand","embeddable":true,"href":"https:\/\/www.yongyukitchenware.com\/de\/wp-json\/wp\/v2\/product_brand?post=2502"},{"taxonomy":"product_cat","embeddable":true,"href":"https:\/\/www.yongyukitchenware.com\/de\/wp-json\/wp\/v2\/product_cat?post=2502"},{"taxonomy":"product_tag","embeddable":true,"href":"https:\/\/www.yongyukitchenware.com\/de\/wp-json\/wp\/v2\/product_tag?post=2502"}],"curies":[{"name":"wp","href":"https:\/\/api.w.org\/{rel}","templated":true}]}}