{"id":2556,"date":"2024-12-22T20:47:12","date_gmt":"2024-12-22T20:47:12","guid":{"rendered":"https:\/\/www.yongyukitchenware.com\/?post_type=product&#038;p=2556"},"modified":"2025-06-14T03:10:40","modified_gmt":"2025-06-14T03:10:40","slug":"bulk-camping-stainless-steel-pot","status":"publish","type":"product","link":"https:\/\/www.yongyukitchenware.com\/de\/produkt\/bulk-camping-stainless-steel-pot\/","title":{"rendered":"Bulk Camping Edelstahltopf mit klappbarem Griff Tragbares Kochgeschirr"},"content":{"rendered":"<div class=\"wp-block-columns is-layout-flex wp-container-core-columns-is-layout-9d6595d7 wp-block-columns-is-layout-flex\">\n<div class=\"wp-block-column is-layout-flow wp-block-column-is-layout-flow\">\n<h2 class=\"wp-block-heading\">Camping-Edelstahltopf Merkmale:<\/h2>\n\n\n\n<p><strong>Umweltfreundliche Materialien\uff1a<\/strong>Campingtopf aus lebensmittelechtem Edelstahl 304, gesundes Material, geruchsneutral, langlebig<\/p>\n\n\n\n<p><strong>Platzsparend:<\/strong> Zusammenklappbarer Griff f\u00fcr einfache Aufbewahrung. Sehr praktisch f\u00fcr Camping-Szenarien. Der zusammengefaltete Topfk\u00f6rper passt leicht in einen Rucksack<\/p>\n\n\n\n<p><strong>Leicht zu reinigen:<\/strong> Edelstahl-Oberfl\u00e4che ist glatt, nicht leicht zu verstecken Schmutz, leicht zu reinigen. F\u00fcr Outdoor unbequemen Reinigung ist mehr Zeit und M\u00fche sparen<\/p>\n\n\n\n<p><strong>Breite Anwendbarkeit:<\/strong> Der Edelstahltopf hat eine hohe W\u00e4rmeleitf\u00e4higkeit und eignet sich f\u00fcr eine Vielzahl von W\u00e4rmequellen, wie Gasherd, Induktionsherd und sogar Campingfeuer. Der Boden wird gleichm\u00e4\u00dfig erhitzt, um den Geschmack der Speisen besser zu erhalten<\/p>\n\n\n\n<h2 class=\"wp-block-heading\">Camping-Edelstahl-Topf Gr\u00f6\u00dfe:<\/h2>\n\n\n\n<figure class=\"wp-block-table\"><table class=\"has-fixed-layout\"><tbody><tr><td>Modell<\/td><td>Gr\u00f6\u00dfe (Durchmesser * H\u00f6he)<\/td><td>Kapazit\u00e4t<\/td><td>MOQ<\/td><\/tr><tr><td rowspan=\"4\">DY002-YC<\/td><td>130*16mm<\/td><td>\/<\/td><td rowspan=\"4\">200 STCK.<\/td><\/tr><tr><td>148*31mm<\/td><td>500ml<\/td><\/tr><tr><td>123*65mm<\/td><td>700ml<\/td><\/tr><tr><td>146*66mm<\/td><td>970ml<\/td><\/tr><\/tbody><\/table><\/figure>\n<\/div>\n\n\n\n<div class=\"wp-block-column is-layout-flow wp-block-column-is-layout-flow\">\n<figure class=\"wp-block-image size-full\"><img decoding=\"async\" width=\"800\" height=\"800\" src=\"https:\/\/www.yongyukitchenware.com\/wp-content\/uploads\/2024\/12\/Bulk-4-Piece-Set-Camping-Pot-1.webp\" alt=\"Gro\u00dfhandel Camping Edelstahl Topf\" class=\"wp-image-2568\" srcset=\"https:\/\/www.yongyukitchenware.com\/wp-content\/uploads\/2024\/12\/Bulk-4-Piece-Set-Camping-Pot-1.webp 800w, https:\/\/www.yongyukitchenware.com\/wp-content\/uploads\/2024\/12\/Bulk-4-Piece-Set-Camping-Pot-1-300x300.webp 300w, https:\/\/www.yongyukitchenware.com\/wp-content\/uploads\/2024\/12\/Bulk-4-Piece-Set-Camping-Pot-1-150x150.webp 150w, https:\/\/www.yongyukitchenware.com\/wp-content\/uploads\/2024\/12\/Bulk-4-Piece-Set-Camping-Pot-1-768x768.webp 768w, https:\/\/www.yongyukitchenware.com\/wp-content\/uploads\/2024\/12\/Bulk-4-Piece-Set-Camping-Pot-1-12x12.webp 12w, https:\/\/www.yongyukitchenware.com\/wp-content\/uploads\/2024\/12\/Bulk-4-Piece-Set-Camping-Pot-1-600x600.webp 600w, https:\/\/www.yongyukitchenware.com\/wp-content\/uploads\/2024\/12\/Bulk-4-Piece-Set-Camping-Pot-1-100x100.webp 100w\" sizes=\"(max-width: 800px) 100vw, 800px\" \/><\/figure>\n<\/div>\n<\/div>","protected":false},"excerpt":{"rendered":"<p>Gro\u00dfhandel Camping Edelstahl Topf, 4-teiliges Set, geeignet f\u00fcr verschiedene Herde, tragbare Kocht\u00f6pfe in verschiedenen Gr\u00f6\u00dfen. Unterst\u00fctzung kundenspezifisches Logo, Verpackung, etc., willkommen zu erkundigen!<\/p>\n<h2 style=\"text-align: left\">Camping-Edelstahl-Topf Parameter:<\/h2>\n<p style=\"text-align: left\"><strong>Material:<\/strong> Rostfreier Stahl<br \/><strong>Farbe:<\/strong> Silber<br \/><b>Entwurf: <\/b>Mit klappbarem Griff und Deckel, stapelbar<br \/><strong>OEM\/ODM:<\/strong> Verf\u00fcgbar<\/p>\n<h2 class=\"wp-block-heading\">Camping Kitchen Essentials Hersteller :<\/h2>\n<p>Yongyu ist ein professioneller Hersteller von Camping-K\u00fcchenartikeln. Unsere Produkte umfassen alle Arten von Camping-K\u00fcchenartikeln aus Edelstahl, wie z.B. Camping-Kochgeschirr, Camping-Geschirr, BBQ-Grills usw., und bieten qualitativ hochwertige Beschaffungsdienste und erschwingliche Preise f\u00fcr jeden Kunden.<\/p>","protected":false},"featured_media":2567,"comment_status":"closed","ping_status":"closed","template":"","meta":{"_acf_changed":true},"application":[31],"product_brand":[],"product_cat":[18],"product_tag":[],"class_list":{"0":"post-2556","1":"product","2":"type-product","3":"status-publish","4":"has-post-thumbnail","6":"application-champ-kitchen","7":"product_cat-camping-kitchen-essentials-wholesale","9":"first","10":"instock","11":"shipping-taxable","12":"product-type-simple"},"acf":[],"_links":{"self":[{"href":"https:\/\/www.yongyukitchenware.com\/de\/wp-json\/wp\/v2\/product\/2556","targetHints":{"allow":["GET"]}}],"collection":[{"href":"https:\/\/www.yongyukitchenware.com\/de\/wp-json\/wp\/v2\/product"}],"about":[{"href":"https:\/\/www.yongyukitchenware.com\/de\/wp-json\/wp\/v2\/types\/product"}],"replies":[{"embeddable":true,"href":"https:\/\/www.yongyukitchenware.com\/de\/wp-json\/wp\/v2\/comments?post=2556"}],"wp:featuredmedia":[{"embeddable":true,"href":"https:\/\/www.yongyukitchenware.com\/de\/wp-json\/wp\/v2\/media\/2567"}],"wp:attachment":[{"href":"https:\/\/www.yongyukitchenware.com\/de\/wp-json\/wp\/v2\/media?parent=2556"}],"wp:term":[{"taxonomy":"application","embeddable":true,"href":"https:\/\/www.yongyukitchenware.com\/de\/wp-json\/wp\/v2\/application?post=2556"},{"taxonomy":"product_brand","embeddable":true,"href":"https:\/\/www.yongyukitchenware.com\/de\/wp-json\/wp\/v2\/product_brand?post=2556"},{"taxonomy":"product_cat","embeddable":true,"href":"https:\/\/www.yongyukitchenware.com\/de\/wp-json\/wp\/v2\/product_cat?post=2556"},{"taxonomy":"product_tag","embeddable":true,"href":"https:\/\/www.yongyukitchenware.com\/de\/wp-json\/wp\/v2\/product_tag?post=2556"}],"curies":[{"name":"wp","href":"https:\/\/api.w.org\/{rel}","templated":true}]}}