{"id":2557,"date":"2024-12-22T21:40:04","date_gmt":"2024-12-22T21:40:04","guid":{"rendered":"https:\/\/www.yongyukitchenware.com\/?post_type=product&#038;p=2557"},"modified":"2025-06-14T03:06:59","modified_gmt":"2025-06-14T03:06:59","slug":"custom-stainless-steel-camping-mug","status":"publish","type":"product","link":"https:\/\/www.yongyukitchenware.com\/de\/produkt\/custom-stainless-steel-camping-mug\/","title":{"rendered":"Benutzerdefinierte Edelstahl Camping Mug Travel Cup Set"},"content":{"rendered":"<div class=\"wp-block-columns is-layout-flex wp-container-core-columns-is-layout-9d6595d7 wp-block-columns-is-layout-flex\">\n<div class=\"wp-block-column is-layout-flow wp-block-column-is-layout-flow\">\n<h2 class=\"wp-block-heading\">Edelstahl Camping Becher Eigenschaften:<\/h2>\n\n\n\n<p><strong>Material: rostfreier Stahl:<\/strong> Hergestellt aus umweltfreundlichem und langlebigem Edelstahl, leicht zu reinigen und geruchsneutral.<\/p>\n\n\n\n<p><strong>Zusammenklappbarer Griff: <\/strong>Zusammenklappbarer Griff, geringes Gewicht, praktische Aufbewahrung, leicht zu tragen.<\/p>\n\n\n\n<p><strong>Leicht zu reinigen:<\/strong> Glatte Oberfl\u00e4che, keine Fugen, leicht zu reinigen.<\/p>\n\n\n\n<p><strong>Abgerundete Kanten: <\/strong>Glatte Kanten, keine Grate, bequem zu benutzen.<\/p>\n\n\n\n<h2 class=\"wp-block-heading\">Campingbecher aus Edelstahl Gr\u00f6\u00dfe:<\/h2>\n\n\n\n<figure class=\"wp-block-table\"><table class=\"has-fixed-layout\"><tbody><tr><td>Modell<\/td><td>Gr\u00f6\u00dfe<\/td><td>Kapazit\u00e4t<\/td><td>MOQ<\/td><\/tr><tr><td rowspan=\"4\">DY001-YC<\/td><td>7cm<\/td><td>250ml<\/td><td rowspan=\"4\">320 STCK.<\/td><\/tr><tr><td>8cm<\/td><td>380ml<\/td><\/tr><tr><td>9cm<\/td><td>540ml<\/td><\/tr><tr><td>10cm<\/td><td>670ml<\/td><\/tr><\/tbody><\/table><\/figure>\n<\/div>\n\n\n\n<div class=\"wp-block-column is-layout-flow wp-block-column-is-layout-flow\">\n<figure class=\"wp-block-image size-full\"><img decoding=\"async\" width=\"800\" height=\"800\" src=\"https:\/\/www.yongyukitchenware.com\/wp-content\/uploads\/2024\/12\/Wholesale-Stainless-Steel-Drinking-Cup-Set-2.webp\" alt=\"Gro\u00dfhandel-Edelstahl-Trinkbecher-Set-2\" class=\"wp-image-2559\" srcset=\"https:\/\/www.yongyukitchenware.com\/wp-content\/uploads\/2024\/12\/Wholesale-Stainless-Steel-Drinking-Cup-Set-2.webp 800w, https:\/\/www.yongyukitchenware.com\/wp-content\/uploads\/2024\/12\/Wholesale-Stainless-Steel-Drinking-Cup-Set-2-300x300.webp 300w, https:\/\/www.yongyukitchenware.com\/wp-content\/uploads\/2024\/12\/Wholesale-Stainless-Steel-Drinking-Cup-Set-2-150x150.webp 150w, https:\/\/www.yongyukitchenware.com\/wp-content\/uploads\/2024\/12\/Wholesale-Stainless-Steel-Drinking-Cup-Set-2-768x768.webp 768w, https:\/\/www.yongyukitchenware.com\/wp-content\/uploads\/2024\/12\/Wholesale-Stainless-Steel-Drinking-Cup-Set-2-12x12.webp 12w, https:\/\/www.yongyukitchenware.com\/wp-content\/uploads\/2024\/12\/Wholesale-Stainless-Steel-Drinking-Cup-Set-2-600x600.webp 600w, https:\/\/www.yongyukitchenware.com\/wp-content\/uploads\/2024\/12\/Wholesale-Stainless-Steel-Drinking-Cup-Set-2-100x100.webp 100w\" sizes=\"(max-width: 800px) 100vw, 800px\" \/><\/figure>\n<\/div>\n<\/div>\n\n\n\n<p><\/p>","protected":false},"excerpt":{"rendered":"<p>Fabrik-Preis bulk benutzerdefinierte Edelstahl-Camping Becher mit faltbaren Griffen, hohe Qualit\u00e4t und langlebig. Unterst\u00fctzung Amazon Gro\u00dfhandel, und bieten kosteng\u00fcnstige L\u00f6sungen. Willkommen, uns zu kontaktieren!<\/p>\n<h2 style=\"text-align: left\">Edelstahl Camping Becher Parameter:<\/h2>\n<p style=\"text-align: left\"><strong>Material:<\/strong> Rostfreier Stahl<br \/><strong>Farbe:<\/strong> Farbe Silber<br \/><strong>Handgriff: <\/strong>Klappbar<br \/><strong>OEM\/ODM:<\/strong> Verf\u00fcgbar<\/p>\n<h2 class=\"wp-block-heading\">Von Camping Kitchen Essentials Hersteller :<\/h2>\n<p>Yongyu ist ein professioneller Hersteller von Camping-K\u00fcchenartikeln. Unsere Produkte umfassen alle Arten von Camping-K\u00fcchenartikeln aus Edelstahl, wie z.B. Camping-Kochgeschirr, Camping-Geschirr, BBQ-Grills usw., und bieten qualitativ hochwertige Beschaffungsdienste und erschwingliche Preise f\u00fcr jeden Kunden.<\/p>","protected":false},"featured_media":2558,"comment_status":"closed","ping_status":"closed","template":"","meta":{"_acf_changed":true},"application":[31],"product_brand":[],"product_cat":[18],"product_tag":[],"class_list":{"0":"post-2557","1":"product","2":"type-product","3":"status-publish","4":"has-post-thumbnail","6":"application-champ-kitchen","7":"product_cat-camping-kitchen-essentials-wholesale","9":"first","10":"instock","11":"shipping-taxable","12":"product-type-simple"},"acf":[],"_links":{"self":[{"href":"https:\/\/www.yongyukitchenware.com\/de\/wp-json\/wp\/v2\/product\/2557","targetHints":{"allow":["GET"]}}],"collection":[{"href":"https:\/\/www.yongyukitchenware.com\/de\/wp-json\/wp\/v2\/product"}],"about":[{"href":"https:\/\/www.yongyukitchenware.com\/de\/wp-json\/wp\/v2\/types\/product"}],"replies":[{"embeddable":true,"href":"https:\/\/www.yongyukitchenware.com\/de\/wp-json\/wp\/v2\/comments?post=2557"}],"wp:featuredmedia":[{"embeddable":true,"href":"https:\/\/www.yongyukitchenware.com\/de\/wp-json\/wp\/v2\/media\/2558"}],"wp:attachment":[{"href":"https:\/\/www.yongyukitchenware.com\/de\/wp-json\/wp\/v2\/media?parent=2557"}],"wp:term":[{"taxonomy":"application","embeddable":true,"href":"https:\/\/www.yongyukitchenware.com\/de\/wp-json\/wp\/v2\/application?post=2557"},{"taxonomy":"product_brand","embeddable":true,"href":"https:\/\/www.yongyukitchenware.com\/de\/wp-json\/wp\/v2\/product_brand?post=2557"},{"taxonomy":"product_cat","embeddable":true,"href":"https:\/\/www.yongyukitchenware.com\/de\/wp-json\/wp\/v2\/product_cat?post=2557"},{"taxonomy":"product_tag","embeddable":true,"href":"https:\/\/www.yongyukitchenware.com\/de\/wp-json\/wp\/v2\/product_tag?post=2557"}],"curies":[{"name":"wp","href":"https:\/\/api.w.org\/{rel}","templated":true}]}}