{"id":2609,"date":"2025-01-13T13:35:04","date_gmt":"2025-01-13T13:35:04","guid":{"rendered":"https:\/\/www.yongyukitchenware.com\/?post_type=product&#038;p=2609"},"modified":"2025-06-14T02:58:34","modified_gmt":"2025-06-14T02:58:34","slug":"wholesale-baking-dishes","status":"publish","type":"product","link":"https:\/\/www.yongyukitchenware.com\/de\/produkt\/wholesale-baking-dishes\/","title":{"rendered":"Gro\u00dfhandel Backformen Edelstahl japanischen Quadrat Platte"},"content":{"rendered":"<div class=\"wp-block-columns is-layout-flex wp-container-core-columns-is-layout-9d6595d7 wp-block-columns-is-layout-flex\">\n<div class=\"wp-block-column is-layout-flow wp-block-column-is-layout-flow\">\n<h2 class=\"wp-block-heading\">Auflaufformen Merkmale:<\/h2>\n\n\n\n<p><strong>Hochwertiger rostfreier Stahl: <\/strong><br>Verdicktes Edelstahlmaterial, lebensmittelecht und ungiftig, kann effektiv und gleichm\u00e4\u00dfig erhitzen.<\/p>\n\n\n\n<p><strong>Glatt poliertes Design: <\/strong><br>Glatte und helle Oberfl\u00e4che, leichter zu reinigen, geeignet f\u00fcr verschiedene Anl\u00e4sse.<\/p>\n\n\n\n<p><strong>Verschiedene Gr\u00f6\u00dfen verf\u00fcgbar: <\/strong><br>Schalengr\u00f6\u00dfe, tiefe und flache Spezifikationen sind vollst\u00e4ndig, um verschiedene Bed\u00fcrfnisse zu erf\u00fcllen<br><\/p>\n\n\n\n<p><strong>Integrierte Umformung:<\/strong> <br>Der Boden des Tabletts ist flach, haltbar und nicht verformbar, leicht zu reinigen<\/p>\n<\/div>\n\n\n\n<div class=\"wp-block-column is-layout-flow wp-block-column-is-layout-flow\">\n<figure class=\"wp-block-image size-full\"><img decoding=\"async\" width=\"800\" height=\"800\" src=\"https:\/\/www.yongyukitchenware.com\/wp-content\/uploads\/2024\/12\/Wholesale-Japanese-square-plate-3.webp\" alt=\"Gro\u00dfhandel f\u00fcr Backformen\" class=\"wp-image-2612\" srcset=\"https:\/\/www.yongyukitchenware.com\/wp-content\/uploads\/2024\/12\/Wholesale-Japanese-square-plate-3.webp 800w, https:\/\/www.yongyukitchenware.com\/wp-content\/uploads\/2024\/12\/Wholesale-Japanese-square-plate-3-300x300.webp 300w, https:\/\/www.yongyukitchenware.com\/wp-content\/uploads\/2024\/12\/Wholesale-Japanese-square-plate-3-150x150.webp 150w, https:\/\/www.yongyukitchenware.com\/wp-content\/uploads\/2024\/12\/Wholesale-Japanese-square-plate-3-768x768.webp 768w, https:\/\/www.yongyukitchenware.com\/wp-content\/uploads\/2024\/12\/Wholesale-Japanese-square-plate-3-12x12.webp 12w, https:\/\/www.yongyukitchenware.com\/wp-content\/uploads\/2024\/12\/Wholesale-Japanese-square-plate-3-600x600.webp 600w, https:\/\/www.yongyukitchenware.com\/wp-content\/uploads\/2024\/12\/Wholesale-Japanese-square-plate-3-100x100.webp 100w\" sizes=\"(max-width: 800px) 100vw, 800px\" \/><\/figure>\n<\/div>\n<\/div>\n\n\n\n<div class=\"wp-block-columns is-layout-flex wp-container-core-columns-is-layout-9d6595d7 wp-block-columns-is-layout-flex\">\n<div class=\"wp-block-column is-layout-flow wp-block-column-is-layout-flow\">\n<figure class=\"wp-block-image size-full\"><img decoding=\"async\" width=\"800\" height=\"800\" src=\"https:\/\/www.yongyukitchenware.com\/wp-content\/uploads\/2024\/12\/Wholesale-Japanese-square-plate-6.webp\" alt=\"Gro\u00dfhandel f\u00fcr Backformen\" class=\"wp-image-2615\" srcset=\"https:\/\/www.yongyukitchenware.com\/wp-content\/uploads\/2024\/12\/Wholesale-Japanese-square-plate-6.webp 800w, https:\/\/www.yongyukitchenware.com\/wp-content\/uploads\/2024\/12\/Wholesale-Japanese-square-plate-6-300x300.webp 300w, https:\/\/www.yongyukitchenware.com\/wp-content\/uploads\/2024\/12\/Wholesale-Japanese-square-plate-6-150x150.webp 150w, https:\/\/www.yongyukitchenware.com\/wp-content\/uploads\/2024\/12\/Wholesale-Japanese-square-plate-6-768x768.webp 768w, https:\/\/www.yongyukitchenware.com\/wp-content\/uploads\/2024\/12\/Wholesale-Japanese-square-plate-6-12x12.webp 12w, https:\/\/www.yongyukitchenware.com\/wp-content\/uploads\/2024\/12\/Wholesale-Japanese-square-plate-6-600x600.webp 600w, https:\/\/www.yongyukitchenware.com\/wp-content\/uploads\/2024\/12\/Wholesale-Japanese-square-plate-6-100x100.webp 100w\" sizes=\"(max-width: 800px) 100vw, 800px\" \/><\/figure>\n<\/div>\n\n\n\n<div class=\"wp-block-column is-layout-flow wp-block-column-is-layout-flow\">\n<h2 class=\"wp-block-heading\">Backformen Gr\u00f6\u00dfe:<\/h2>\n\n\n\n<figure class=\"wp-block-table\"><table class=\"has-fixed-layout\"><tbody><tr><td>Modell<\/td><td>Tiefe<\/td><td>L\u00e4nge * Breite (cm)<\/td><td>MOQ<\/td><\/tr><tr><td rowspan=\"12\">DY066-P<\/td><td rowspan=\"6\">2cm<\/td><td>26.8*20.8cm<\/td><td rowspan=\"12\">100 STCK.<\/td><\/tr><tr><td>29,8*23,8cm<\/td><\/tr><tr><td>35,2*27cm<\/td><\/tr><tr><td>41,5*29,5cm<\/td><\/tr><tr><td>48*33.8cm<\/td><\/tr><tr><td>58*36.8cm<\/td><\/tr><tr><td>4,2 cm<\/td><td>26.8*20.8cm<\/td><\/tr><tr><td>5,0cm<\/td><td>29,8*23,8cm<\/td><\/tr><tr><td>6,0cm<\/td><td>35,2*27cm<\/td><\/tr><tr><td>6,1 cm<\/td><td>41,5*29,5cm<\/td><\/tr><tr><td>8,0cm<\/td><td>48*33.8cm<\/td><\/tr><tr><td>9,0cm<\/td><td>58*36.8cm<\/td><\/tr><\/tbody><\/table><\/figure>\n<\/div>\n<\/div>","protected":false},"excerpt":{"rendered":"<div class=\"n4sEPd\">\n<div class=\"UdTY9 qhIQqf leDWne\" aria-hidden=\"true\" data-location=\"1\">Gro\u00dfhandel Edelstahl-Backformen, eine Vielzahl von Gr\u00f6\u00dfen und Tiefen, geeignet f\u00fcr alle Arten von Lebensmitteln dienen. Es ist eine dauerhafte, sichere und effektive Backform Wahl. Willkommen, um mehr \u00fcber benutzerdefinierte Backform Optionen zu lernen.<\/div>\n<\/div>\n<h2 style=\"text-align: left\">Auflaufformen Parameter:<\/h2>\n<p style=\"text-align: left\"><strong>Material:<\/strong> Rostfreier Stahl<br \/><strong>Die Tiefe: <\/strong>2.0\/4.2\/5.0\/6.0\/6.1\/8.0\/9.0cm<br \/><strong>Die Form:<\/strong> Rechteckig<br \/><strong>Verpacken:<\/strong> OPP-Beutel und -Karton<br \/><strong>OEM\/ODM:<\/strong> Verf\u00fcgbar<\/p>\n<h2 class=\"wp-block-heading\">Von Yongyu Kitchenware Hersteller :<\/h2>\n<p>Yongyu ist ein professioneller Hersteller von K\u00fcchenger\u00e4ten. Zu unseren Produkten geh\u00f6ren alle Arten von Kochgeschirr und K\u00fcchenzubeh\u00f6r aus Edelstahl. Wir bieten ma\u00dfgeschneiderte L\u00f6sungen mit hochwertigen Produkten zu Fabrikpreisen.<\/p>","protected":false},"featured_media":2611,"comment_status":"closed","ping_status":"closed","template":"","meta":{"_acf_changed":false},"application":[29],"product_brand":[],"product_cat":[23,35],"product_tag":[],"class_list":{"0":"post-2609","1":"product","2":"type-product","3":"status-publish","4":"has-post-thumbnail","6":"application-home-kitchen","7":"product_cat-kitchenware-wholesale","8":"product_cat-baking-trays-wholesale","10":"first","11":"instock","12":"shipping-taxable","13":"product-type-simple"},"acf":[],"_links":{"self":[{"href":"https:\/\/www.yongyukitchenware.com\/de\/wp-json\/wp\/v2\/product\/2609","targetHints":{"allow":["GET"]}}],"collection":[{"href":"https:\/\/www.yongyukitchenware.com\/de\/wp-json\/wp\/v2\/product"}],"about":[{"href":"https:\/\/www.yongyukitchenware.com\/de\/wp-json\/wp\/v2\/types\/product"}],"replies":[{"embeddable":true,"href":"https:\/\/www.yongyukitchenware.com\/de\/wp-json\/wp\/v2\/comments?post=2609"}],"wp:featuredmedia":[{"embeddable":true,"href":"https:\/\/www.yongyukitchenware.com\/de\/wp-json\/wp\/v2\/media\/2611"}],"wp:attachment":[{"href":"https:\/\/www.yongyukitchenware.com\/de\/wp-json\/wp\/v2\/media?parent=2609"}],"wp:term":[{"taxonomy":"application","embeddable":true,"href":"https:\/\/www.yongyukitchenware.com\/de\/wp-json\/wp\/v2\/application?post=2609"},{"taxonomy":"product_brand","embeddable":true,"href":"https:\/\/www.yongyukitchenware.com\/de\/wp-json\/wp\/v2\/product_brand?post=2609"},{"taxonomy":"product_cat","embeddable":true,"href":"https:\/\/www.yongyukitchenware.com\/de\/wp-json\/wp\/v2\/product_cat?post=2609"},{"taxonomy":"product_tag","embeddable":true,"href":"https:\/\/www.yongyukitchenware.com\/de\/wp-json\/wp\/v2\/product_tag?post=2609"}],"curies":[{"name":"wp","href":"https:\/\/api.w.org\/{rel}","templated":true}]}}