{"id":2627,"date":"2025-01-13T13:03:08","date_gmt":"2025-01-13T13:03:08","guid":{"rendered":"https:\/\/www.yongyukitchenware.com\/?post_type=product&#038;p=2627"},"modified":"2025-07-10T10:02:26","modified_gmt":"2025-07-10T10:02:26","slug":"stainless-steel-dinner-plate-bulk","status":"publish","type":"product","link":"https:\/\/www.yongyukitchenware.com\/de\/produkt\/stainless-steel-dinner-plate-bulk\/","title":{"rendered":"Bulk Edelstahl Abendessen Teller Runde Glod Sliver Teller"},"content":{"rendered":"<div class=\"wp-block-columns is-layout-flex wp-container-core-columns-is-layout-9d6595d7 wp-block-columns-is-layout-flex\">\n<div class=\"wp-block-column is-layout-flow wp-block-column-is-layout-flow\">\n<h2 class=\"wp-block-heading\">Edelstahl Essteller Gr\u00f6\u00dfe:<\/h2>\n\n\n\n<figure class=\"wp-block-table\"><table class=\"has-fixed-layout\"><tbody><tr><td>Modell<\/td><td>Innendurchmesser<\/td><td>L\u00e4nge*H\u00f6he<\/td><td>MOQ<\/td><\/tr><tr><td rowspan=\"5\">DY061-P<\/td><td>9,5 cm<\/td><td>14*2,3cm<\/td><td rowspan=\"5\">200 STCK.<\/td><\/tr><tr><td>11,5 cm<\/td><td>17*2,5cm<\/td><\/tr><tr><td>13,5 cm<\/td><td>20*2,7cm<\/td><\/tr><tr><td>15,5 cm<\/td><td>23*2,8cm<\/td><\/tr><tr><td>17,5 cm<\/td><td>26*3cm<\/td><\/tr><\/tbody><\/table><\/figure>\n\n\n\n<h2 class=\"wp-block-heading\">Edelstahl-Essteller Merkmale:<\/h2>\n\n\n\n<p><strong>Lebensmittelgeeignetes Material aus rostfreiem Stahl<\/strong><br>Hergestellt aus lebensmittelechtem Edelstahl, sicher und gesund, geeignet f\u00fcr den direkten Kontakt mit Lebensmitteln, langlebig und kratzfest.<\/p>\n\n\n\n<p><strong>Zwei Optionen f\u00fcr Gold und Silber<\/strong><br>Luxuri\u00f6se goldene Essteller und einfache silberne Essteller, geeignet f\u00fcr Szenen in der Lyrik. Spiegelpolierverfahren, leicht zu reinigen.<\/p>\n\n\n\n<p><strong>Tiefgr\u00fcndiges Design in der Mitte<\/strong><br>Die tiefe Vertiefung in der Mitte des Tellers vergr\u00f6\u00dfert das Fassungsverm\u00f6gen und verhindert das Versch\u00fctten von Fl\u00fcssigkeit oder Speisen. Sie eignet sich hervorragend f\u00fcr Rindfleisch, Nudeln, Salate oder Suppengerichte.<\/p>\n<\/div>\n\n\n\n<div class=\"wp-block-column is-layout-flow wp-block-column-is-layout-flow\">\n<figure class=\"wp-block-image size-full is-resized\"><img decoding=\"async\" width=\"800\" height=\"800\" src=\"https:\/\/www.yongyukitchenware.com\/wp-content\/uploads\/2024\/12\/Bulk-Gold-Charger-Plates-3.webp\" alt=\"Bulk-Gold-Ladeger\u00e4t-Platten-3\" class=\"wp-image-2630\" style=\"width:384px;height:auto\" srcset=\"https:\/\/www.yongyukitchenware.com\/wp-content\/uploads\/2024\/12\/Bulk-Gold-Charger-Plates-3.webp 800w, https:\/\/www.yongyukitchenware.com\/wp-content\/uploads\/2024\/12\/Bulk-Gold-Charger-Plates-3-300x300.webp 300w, https:\/\/www.yongyukitchenware.com\/wp-content\/uploads\/2024\/12\/Bulk-Gold-Charger-Plates-3-150x150.webp 150w, https:\/\/www.yongyukitchenware.com\/wp-content\/uploads\/2024\/12\/Bulk-Gold-Charger-Plates-3-768x768.webp 768w, https:\/\/www.yongyukitchenware.com\/wp-content\/uploads\/2024\/12\/Bulk-Gold-Charger-Plates-3-12x12.webp 12w, https:\/\/www.yongyukitchenware.com\/wp-content\/uploads\/2024\/12\/Bulk-Gold-Charger-Plates-3-600x600.webp 600w, https:\/\/www.yongyukitchenware.com\/wp-content\/uploads\/2024\/12\/Bulk-Gold-Charger-Plates-3-100x100.webp 100w\" sizes=\"(max-width: 800px) 100vw, 800px\" \/><\/figure>\n\n\n\n<figure class=\"wp-block-image size-full is-resized\"><img decoding=\"async\" width=\"800\" height=\"800\" src=\"https:\/\/www.yongyukitchenware.com\/wp-content\/uploads\/2024\/12\/Bulk-Gold-Charger-Plates-7.webp\" alt=\"Bulk-Gold-Ladeger\u00e4t-Platten-7\" class=\"wp-image-2634\" style=\"width:384px\" srcset=\"https:\/\/www.yongyukitchenware.com\/wp-content\/uploads\/2024\/12\/Bulk-Gold-Charger-Plates-7.webp 800w, https:\/\/www.yongyukitchenware.com\/wp-content\/uploads\/2024\/12\/Bulk-Gold-Charger-Plates-7-300x300.webp 300w, https:\/\/www.yongyukitchenware.com\/wp-content\/uploads\/2024\/12\/Bulk-Gold-Charger-Plates-7-150x150.webp 150w, https:\/\/www.yongyukitchenware.com\/wp-content\/uploads\/2024\/12\/Bulk-Gold-Charger-Plates-7-768x768.webp 768w, https:\/\/www.yongyukitchenware.com\/wp-content\/uploads\/2024\/12\/Bulk-Gold-Charger-Plates-7-12x12.webp 12w, https:\/\/www.yongyukitchenware.com\/wp-content\/uploads\/2024\/12\/Bulk-Gold-Charger-Plates-7-600x600.webp 600w, https:\/\/www.yongyukitchenware.com\/wp-content\/uploads\/2024\/12\/Bulk-Gold-Charger-Plates-7-100x100.webp 100w\" sizes=\"(max-width: 800px) 100vw, 800px\" \/><\/figure>\n<\/div>\n<\/div>","protected":false},"excerpt":{"rendered":"<div class=\"n4sEPd\">\n<div class=\"UdTY9 qhIQqf leDWne\" aria-hidden=\"true\" data-location=\"1\">Edelstahl Essteller benutzerdefinierte und Gro\u00dfhandel, direkt von Geschirr Fabrik geliefert, Unterst\u00fctzung der Anpassung, bieten eine Vielzahl von Gr\u00f6\u00dfen und Farben. Unterst\u00fctzung One-Stop-Beschaffungsservice f\u00fcr E-Commerce-Verk\u00e4ufer. Willkommen zu erkundigen!<\/div>\n<\/div>\n<h2 style=\"text-align: left;\">Edelstahl Essteller Parameter:<\/h2>\n<p style=\"text-align: left;\"><strong>Material:<\/strong> Rostfreier Stahl<br \/><strong>L\u00e4nge: <\/strong>14\/17\/20\/23\/26cm<br \/><strong>Die Form:<\/strong> Rund<br \/><strong>Verpacken:<\/strong> OPP-Beutel und -Karton<br \/><strong>OEM\/ODM:<\/strong> Verf\u00fcgbar<\/p>\n<h2 class=\"wp-block-heading\">Von Yongyu Tableware Wholesaler:<\/h2>\n<p>Yongyu Tableware Wholesaler kann die Bed\u00fcrfnisse von Gro\u00dfabnehmern erf\u00fcllen und eine hochwertige Gro\u00dfhandelsserie f\u00fcr Gastronomiebedarf anbieten, die Eleganz und Langlebigkeit vereint. Einschlie\u00dflich Geschirr, Getr\u00e4nke, Catering-Ausr\u00fcstung, K\u00fcchenutensilien, Camp-K\u00fcchenbedarf, etc.<\/p>","protected":false},"featured_media":2637,"comment_status":"closed","ping_status":"closed","template":"","meta":{"_acf_changed":true},"application":[29],"product_brand":[],"product_cat":[21,46],"product_tag":[],"class_list":{"0":"post-2627","1":"product","2":"type-product","3":"status-publish","4":"has-post-thumbnail","6":"application-home-kitchen","7":"product_cat-tableware-wholesale","8":"product_cat-stainless-steel-dinner-plates-wholesale","10":"first","11":"instock","12":"shipping-taxable","13":"product-type-simple"},"acf":[],"_links":{"self":[{"href":"https:\/\/www.yongyukitchenware.com\/de\/wp-json\/wp\/v2\/product\/2627","targetHints":{"allow":["GET"]}}],"collection":[{"href":"https:\/\/www.yongyukitchenware.com\/de\/wp-json\/wp\/v2\/product"}],"about":[{"href":"https:\/\/www.yongyukitchenware.com\/de\/wp-json\/wp\/v2\/types\/product"}],"replies":[{"embeddable":true,"href":"https:\/\/www.yongyukitchenware.com\/de\/wp-json\/wp\/v2\/comments?post=2627"}],"wp:featuredmedia":[{"embeddable":true,"href":"https:\/\/www.yongyukitchenware.com\/de\/wp-json\/wp\/v2\/media\/2637"}],"wp:attachment":[{"href":"https:\/\/www.yongyukitchenware.com\/de\/wp-json\/wp\/v2\/media?parent=2627"}],"wp:term":[{"taxonomy":"application","embeddable":true,"href":"https:\/\/www.yongyukitchenware.com\/de\/wp-json\/wp\/v2\/application?post=2627"},{"taxonomy":"product_brand","embeddable":true,"href":"https:\/\/www.yongyukitchenware.com\/de\/wp-json\/wp\/v2\/product_brand?post=2627"},{"taxonomy":"product_cat","embeddable":true,"href":"https:\/\/www.yongyukitchenware.com\/de\/wp-json\/wp\/v2\/product_cat?post=2627"},{"taxonomy":"product_tag","embeddable":true,"href":"https:\/\/www.yongyukitchenware.com\/de\/wp-json\/wp\/v2\/product_tag?post=2627"}],"curies":[{"name":"wp","href":"https:\/\/api.w.org\/{rel}","templated":true}]}}