{"id":2640,"date":"2025-01-13T12:29:40","date_gmt":"2025-01-13T12:29:40","guid":{"rendered":"https:\/\/www.yongyukitchenware.com\/?post_type=product&#038;p=2640"},"modified":"2025-06-14T03:03:33","modified_gmt":"2025-06-14T03:03:33","slug":"custom-serving-tray","status":"publish","type":"product","link":"https:\/\/www.yongyukitchenware.com\/de\/produkt\/custom-serving-tray\/","title":{"rendered":"Individuelles Serviertablett aus spiegelblankem Edelstahl mit Gl\u00fchdraht"},"content":{"rendered":"<div class=\"wp-block-columns is-layout-flex wp-container-core-columns-is-layout-9d6595d7 wp-block-columns-is-layout-flex\">\n<div class=\"wp-block-column is-layout-flow wp-block-column-is-layout-flow\">\n<h2 class=\"wp-block-heading\">Serviertablett Merkmale:<\/h2>\n\n\n\n<p><strong>Hochwertiges Material aus rostfreiem Stahl<\/strong><br>Rostfreie und leicht zu reinigende Edelstahlstruktur, lebensmittelechtes Material<\/p>\n\n\n\n<p><strong>Rechteckiges Spiegeldesign<\/strong><br>Rechteckige Tabletts eignen sich f\u00fcr die Unterbringung verschiedener Gegenst\u00e4nde, poliertes Spiegeldesign, geeignet f\u00fcr moderne oder gehobene gastronomische Einrichtungen<\/p>\n\n\n\n<p><strong>Doppeltes Griffdesign<\/strong><br>Der goldene Griff unterstreicht die Eleganz und das High-End-Gef\u00fchl, w\u00e4hrend der silberne Griff modern und schlicht wirkt und je nach den Anforderungen der Szene ausgew\u00e4hlt werden kann. Das Design des Doppelgriffs erleichtert die Handhabung und Bewegung des Tabletts.<\/p>\n\n\n\n<h2 class=\"wp-block-heading\">Gr\u00f6\u00dfe des Serviertabletts:<\/h2>\n\n\n\n<figure class=\"wp-block-table\"><table class=\"has-fixed-layout\"><tbody><tr><td>Modell<\/td><td>Gr\u00f6\u00dfe<\/td><td>L\u00e4nge*Breite<\/td><td>MOQ<\/td><\/tr><tr><td rowspan=\"4\">DY060-P<\/td><td>16 Zoll<\/td><td>43*27.7cm<\/td><td rowspan=\"4\">100 STCK.<\/td><\/tr><tr><td>18 Zoll<\/td><td>47,2*32,3cm<\/td><\/tr><tr><td>20 Zoll<\/td><td>52*36,6cm<\/td><\/tr><tr><td>22 Zoll<\/td><td>56,5*42cm<\/td><\/tr><\/tbody><\/table><\/figure>\n<\/div>\n\n\n\n<div class=\"wp-block-column is-layout-flow wp-block-column-is-layout-flow\">\n<figure class=\"wp-block-image size-full\"><img decoding=\"async\" width=\"800\" height=\"800\" src=\"https:\/\/www.yongyukitchenware.com\/wp-content\/uploads\/2025\/01\/Bulk-Rectangular-Mirror-Tray-5.webp\" alt=\"Bulk-Rechteckig-Spiegel-Tray-5\" class=\"wp-image-2655\" srcset=\"https:\/\/www.yongyukitchenware.com\/wp-content\/uploads\/2025\/01\/Bulk-Rectangular-Mirror-Tray-5.webp 800w, https:\/\/www.yongyukitchenware.com\/wp-content\/uploads\/2025\/01\/Bulk-Rectangular-Mirror-Tray-5-300x300.webp 300w, https:\/\/www.yongyukitchenware.com\/wp-content\/uploads\/2025\/01\/Bulk-Rectangular-Mirror-Tray-5-150x150.webp 150w, https:\/\/www.yongyukitchenware.com\/wp-content\/uploads\/2025\/01\/Bulk-Rectangular-Mirror-Tray-5-768x768.webp 768w, https:\/\/www.yongyukitchenware.com\/wp-content\/uploads\/2025\/01\/Bulk-Rectangular-Mirror-Tray-5-12x12.webp 12w, https:\/\/www.yongyukitchenware.com\/wp-content\/uploads\/2025\/01\/Bulk-Rectangular-Mirror-Tray-5-600x600.webp 600w, https:\/\/www.yongyukitchenware.com\/wp-content\/uploads\/2025\/01\/Bulk-Rectangular-Mirror-Tray-5-100x100.webp 100w\" sizes=\"(max-width: 800px) 100vw, 800px\" \/><\/figure>\n<\/div>\n<\/div>","protected":false},"excerpt":{"rendered":"<div class=\"n4sEPd\">\n<div class=\"UdTY9 qhIQqf leDWne\" aria-hidden=\"true\" data-location=\"1\">Willkommen im Gro\u00dfhandel und benutzerdefinierte Serviertablett, Spiegel mit Doppelgriff Design, Gold und Silber, mehrere Gr\u00f6\u00dfen zur Auswahl. Fabrikpreis, gro\u00dfe Menge Anpassung ist das beste Angebot, willkommen, uns zu kontaktieren, um mehr zu erfahren.<\/div>\n<\/div>\n<h2 style=\"text-align: left\">Serviertablett Parameter:<\/h2>\n<p style=\"text-align: left\"><strong>Material:<\/strong> rostfreier Stahl<br \/><strong>Gr\u00f6\u00dfe: <\/strong>16\/18\/20\/22 Zoll<br \/><strong>Die Form:<\/strong> Rechteckig<br \/><strong>Verpacken:<\/strong> OPP-Beutel und -Karton<br \/><strong>OEM\/ODM:<\/strong> Verf\u00fcgbar<\/p>\n<h2 class=\"wp-block-heading\">Von Yongyu Tableware Wholesaler:<\/h2>\n<p>Yongyu Tableware Wholesaler kann die Bed\u00fcrfnisse von Gro\u00dfabnehmern erf\u00fcllen und eine hochwertige Gro\u00dfhandelsserie f\u00fcr Gastronomiebedarf anbieten, die Eleganz und Langlebigkeit vereint. Einschlie\u00dflich Geschirr, Getr\u00e4nke, Catering-Ausr\u00fcstung, K\u00fcchenutensilien, Camp-K\u00fcchenbedarf, etc.<\/p>","protected":false},"featured_media":2652,"comment_status":"closed","ping_status":"closed","template":"","meta":{"_acf_changed":true},"application":[30],"product_brand":[],"product_cat":[22,44],"product_tag":[],"class_list":{"0":"post-2640","1":"product","2":"type-product","3":"status-publish","4":"has-post-thumbnail","6":"application-hotel-catering","7":"product_cat-catering-supplies-wholesale","8":"product_cat-stainless-steel-serving-trays-wholesale","10":"first","11":"instock","12":"shipping-taxable","13":"product-type-simple"},"acf":[],"_links":{"self":[{"href":"https:\/\/www.yongyukitchenware.com\/de\/wp-json\/wp\/v2\/product\/2640","targetHints":{"allow":["GET"]}}],"collection":[{"href":"https:\/\/www.yongyukitchenware.com\/de\/wp-json\/wp\/v2\/product"}],"about":[{"href":"https:\/\/www.yongyukitchenware.com\/de\/wp-json\/wp\/v2\/types\/product"}],"replies":[{"embeddable":true,"href":"https:\/\/www.yongyukitchenware.com\/de\/wp-json\/wp\/v2\/comments?post=2640"}],"wp:featuredmedia":[{"embeddable":true,"href":"https:\/\/www.yongyukitchenware.com\/de\/wp-json\/wp\/v2\/media\/2652"}],"wp:attachment":[{"href":"https:\/\/www.yongyukitchenware.com\/de\/wp-json\/wp\/v2\/media?parent=2640"}],"wp:term":[{"taxonomy":"application","embeddable":true,"href":"https:\/\/www.yongyukitchenware.com\/de\/wp-json\/wp\/v2\/application?post=2640"},{"taxonomy":"product_brand","embeddable":true,"href":"https:\/\/www.yongyukitchenware.com\/de\/wp-json\/wp\/v2\/product_brand?post=2640"},{"taxonomy":"product_cat","embeddable":true,"href":"https:\/\/www.yongyukitchenware.com\/de\/wp-json\/wp\/v2\/product_cat?post=2640"},{"taxonomy":"product_tag","embeddable":true,"href":"https:\/\/www.yongyukitchenware.com\/de\/wp-json\/wp\/v2\/product_tag?post=2640"}],"curies":[{"name":"wp","href":"https:\/\/api.w.org\/{rel}","templated":true}]}}