{"id":2660,"date":"2025-01-13T11:54:46","date_gmt":"2025-01-13T11:54:46","guid":{"rendered":"https:\/\/www.yongyukitchenware.com\/?post_type=product&#038;p=2660"},"modified":"2025-06-14T03:05:28","modified_gmt":"2025-06-14T03:05:28","slug":"bulk-mirror-tray","status":"publish","type":"product","link":"https:\/\/www.yongyukitchenware.com\/de\/produkt\/bulk-mirror-tray\/","title":{"rendered":"Bulk Mirror Tray Ovales Serviertablett-Set aus Edelstahl"},"content":{"rendered":"<div class=\"wp-block-columns is-layout-flex wp-container-core-columns-is-layout-9d6595d7 wp-block-columns-is-layout-flex\">\n<div class=\"wp-block-column is-layout-flow wp-block-column-is-layout-flow\">\n<h2 class=\"wp-block-heading\">Spiegeltablett Merkmale:<\/h2>\n\n\n\n<p><strong>Hochwertiger rostfreier Stahl: <\/strong>Lebensmittelgerechtes Edelstahlmaterial, Korrosionsbest\u00e4ndigkeit, kein Geruch, langlebig<br><strong>Multi-Style optional: <\/strong>Die Spiegelplatte hat rechteckig, rund, oval Optionen, k\u00f6nnen mit oder ohne einen Griff Stil w\u00e4hlen, Farbe kann angepasst werden<br><strong>Hochglanzpolieren:<\/strong> Die Oberfl\u00e4che der Spiegelplatte ist hell wie ein Spiegel, glatt und leicht zu reinigen<br><strong>Design des Griffs:<\/strong> Der Griff der Spiegelplatte ist in vergoldeten und versilberten Farben erh\u00e4ltlich, und der Rand ist glatt poliert, was die H\u00e4nde nicht verletzt<br><strong>Rutschfestes Fu\u00dfpolster: <\/strong>der Fu\u00df der Platte ist rutschfest, was die Reibung zwischen der Spiegelplatte und der Arbeitsfl\u00e4che effektiv erh\u00f6ht und ein Verrutschen verhindert<\/p>\n\n\n\n<h2 class=\"wp-block-heading\">Spiegel Tablett Gr\u00f6\u00dfe:<\/h2>\n\n\n\n<figure class=\"wp-block-table\"><table class=\"has-fixed-layout\"><tbody><tr><td>Modell<\/td><td>Gr\u00f6\u00dfe<\/td><td>L\u00e4nge*Breite<\/td><td>MOQ<\/td><\/tr><tr><td rowspan=\"4\">DY059-P<\/td><td>16 Zoll<\/td><td>38,5*29cm<\/td><td rowspan=\"4\">100 STCK.<\/td><\/tr><tr><td>18 Zoll<\/td><td>46*32cm<\/td><\/tr><tr><td>20 Zoll<\/td><td>50,3*36,5cm<\/td><\/tr><tr><td>22 Zoll<\/td><td>57,7*44cm<\/td><\/tr><\/tbody><\/table><\/figure>\n<\/div>\n\n\n\n<div class=\"wp-block-column is-layout-flow wp-block-column-is-layout-flow\">\n<figure class=\"wp-block-image size-full\"><img decoding=\"async\" width=\"800\" height=\"800\" src=\"https:\/\/www.yongyukitchenware.com\/wp-content\/uploads\/2025\/01\/Bulk-Oval-Mirror-Tray-4.webp\" alt=\"Bulk-Oval-Spiegel-Tray-4\" class=\"wp-image-2663\" srcset=\"https:\/\/www.yongyukitchenware.com\/wp-content\/uploads\/2025\/01\/Bulk-Oval-Mirror-Tray-4.webp 800w, https:\/\/www.yongyukitchenware.com\/wp-content\/uploads\/2025\/01\/Bulk-Oval-Mirror-Tray-4-300x300.webp 300w, https:\/\/www.yongyukitchenware.com\/wp-content\/uploads\/2025\/01\/Bulk-Oval-Mirror-Tray-4-150x150.webp 150w, https:\/\/www.yongyukitchenware.com\/wp-content\/uploads\/2025\/01\/Bulk-Oval-Mirror-Tray-4-768x768.webp 768w, https:\/\/www.yongyukitchenware.com\/wp-content\/uploads\/2025\/01\/Bulk-Oval-Mirror-Tray-4-12x12.webp 12w, https:\/\/www.yongyukitchenware.com\/wp-content\/uploads\/2025\/01\/Bulk-Oval-Mirror-Tray-4-600x600.webp 600w, https:\/\/www.yongyukitchenware.com\/wp-content\/uploads\/2025\/01\/Bulk-Oval-Mirror-Tray-4-100x100.webp 100w\" sizes=\"(max-width: 800px) 100vw, 800px\" \/><\/figure>\n<\/div>\n<\/div>","protected":false},"excerpt":{"rendered":"<div class=\"n4sEPd\">\n<div class=\"UdTY9 qhIQqf leDWne\" aria-hidden=\"true\" data-location=\"1\">Benutzerdefinierte verspiegelte Tabletts, Edelstahl gl\u00e4nzendes Design, mit goldenen Griffen. Erh\u00e4ltlich in einer Vielzahl von Gr\u00f6\u00dfen, unterst\u00fctzen kundenspezifische Logos und Verpackungen, um die Bed\u00fcrfnisse der verschiedenen Catering-Dienstleistungen zu erf\u00fcllen. Fabrikpreis Gro\u00dfhandel gespiegelt Tabletts, willkommen zu erkundigen!<\/div>\n<\/div>\n<h2 style=\"text-align: left\">Spiegeltablett Parameter:<\/h2>\n<p style=\"text-align: left\"><strong>Material:<\/strong> Rostfreier Stahl<br \/><strong>Gr\u00f6\u00dfe: <\/strong>16\/18\/20\/22 Zoll<br \/><strong>Die Form:<\/strong> Oval<br \/><strong>Verpacken:<\/strong> OPP-Beutel und -Karton<br \/><strong>OEM\/ODM:<\/strong> Verf\u00fcgbar<\/p>\n<h2 class=\"wp-block-heading\">Von Yongyu Tableware Wholesaler:<\/h2>\n<p>Yongyu Tableware Wholesaler bietet eine hochwertige Gro\u00dfhandelsserie f\u00fcr Gastronomiebedarf an, die Eleganz und Langlebigkeit miteinander verbindet, darunter Geschirr, Getr\u00e4nke, Catering-Ausr\u00fcstung, K\u00fcchenutensilien, Campingk\u00fcche usw.<\/p>","protected":false},"featured_media":2661,"comment_status":"closed","ping_status":"closed","template":"","meta":{"_acf_changed":true},"application":[30],"product_brand":[],"product_cat":[22,44],"product_tag":[],"class_list":{"0":"post-2660","1":"product","2":"type-product","3":"status-publish","4":"has-post-thumbnail","6":"application-hotel-catering","7":"product_cat-catering-supplies-wholesale","8":"product_cat-stainless-steel-serving-trays-wholesale","10":"first","11":"instock","12":"shipping-taxable","13":"product-type-simple"},"acf":[],"_links":{"self":[{"href":"https:\/\/www.yongyukitchenware.com\/de\/wp-json\/wp\/v2\/product\/2660","targetHints":{"allow":["GET"]}}],"collection":[{"href":"https:\/\/www.yongyukitchenware.com\/de\/wp-json\/wp\/v2\/product"}],"about":[{"href":"https:\/\/www.yongyukitchenware.com\/de\/wp-json\/wp\/v2\/types\/product"}],"replies":[{"embeddable":true,"href":"https:\/\/www.yongyukitchenware.com\/de\/wp-json\/wp\/v2\/comments?post=2660"}],"wp:featuredmedia":[{"embeddable":true,"href":"https:\/\/www.yongyukitchenware.com\/de\/wp-json\/wp\/v2\/media\/2661"}],"wp:attachment":[{"href":"https:\/\/www.yongyukitchenware.com\/de\/wp-json\/wp\/v2\/media?parent=2660"}],"wp:term":[{"taxonomy":"application","embeddable":true,"href":"https:\/\/www.yongyukitchenware.com\/de\/wp-json\/wp\/v2\/application?post=2660"},{"taxonomy":"product_brand","embeddable":true,"href":"https:\/\/www.yongyukitchenware.com\/de\/wp-json\/wp\/v2\/product_brand?post=2660"},{"taxonomy":"product_cat","embeddable":true,"href":"https:\/\/www.yongyukitchenware.com\/de\/wp-json\/wp\/v2\/product_cat?post=2660"},{"taxonomy":"product_tag","embeddable":true,"href":"https:\/\/www.yongyukitchenware.com\/de\/wp-json\/wp\/v2\/product_tag?post=2660"}],"curies":[{"name":"wp","href":"https:\/\/api.w.org\/{rel}","templated":true}]}}