{"id":2668,"date":"2025-01-13T12:11:53","date_gmt":"2025-01-13T12:11:53","guid":{"rendered":"https:\/\/www.yongyukitchenware.com\/?post_type=product&#038;p=2668"},"modified":"2025-06-14T03:04:32","modified_gmt":"2025-06-14T03:04:32","slug":"wholesale-round-mirror-tray","status":"publish","type":"product","link":"https:\/\/www.yongyukitchenware.com\/de\/produkt\/wholesale-round-mirror-tray\/","title":{"rendered":"Gro\u00dfhandel Runde Spiegel Tablett Edelstahl Lebensmittel Tablett Set"},"content":{"rendered":"<div class=\"wp-block-columns is-layout-flex wp-container-core-columns-is-layout-9d6595d7 wp-block-columns-is-layout-flex\">\n<div class=\"wp-block-column is-layout-flow wp-block-column-is-layout-flow\">\n<h2 class=\"wp-block-heading\">Rundes Spiegeltablett Merkmale:<\/h2>\n\n\n\n<p><strong>Verschlei\u00dffestes Material aus rostfreiem Stahl:<\/strong><br>Das Spiegeltablett ist aus langlebigem Edelstahl gefertigt, der verschlei\u00dffest und verformungsbest\u00e4ndig ist und lange Zeit verwendet werden kann.<\/p>\n\n\n\n<p><strong>Glattes Spiegeldesign<\/strong>:<br>Die Hochglanzpoliertechnik macht das Tablett so gl\u00e4nzend wie einen Spiegel, erh\u00f6ht die optische Gesamtwirkung und verleiht ihm eine moderne und hochwertige Ausstrahlung.<\/p>\n\n\n\n<p><strong>Gold- oder Silbergriff<\/strong>:<br>Die Kombination aus dem goldenen Griff und dem silbernen Spiegel unterstreicht den Luxus und die Eleganz. Bequem zu nehmen und nicht zu verrutschen.<\/p>\n\n\n\n<p><strong>Mehrere Gr\u00f6\u00dfen- und Formoptionen:<\/strong><br>Es gibt Gr\u00f6\u00dfenoptionen von klein bis gro\u00df 16-22, rund, oval und rechteckig. Geeignet f\u00fcr verschiedene Catering-Dienstleistungen<\/p>\n\n\n\n<h2 class=\"wp-block-heading\">Rundes Spiegeltablett Gr\u00f6\u00dfe:<\/h2>\n\n\n\n<figure class=\"wp-block-table\"><table class=\"has-fixed-layout\"><tbody><tr><td>Modell<\/td><td>Gr\u00f6\u00dfe<\/td><td>Durchmesser<\/td><td>MOQ<\/td><\/tr><tr><td rowspan=\"4\">DY058-P<\/td><td>16 Zoll<\/td><td>40cm<\/td><td rowspan=\"4\">100 STCK.<\/td><\/tr><tr><td>18 Zoll<\/td><td>43cm<\/td><\/tr><tr><td>20 Zoll<\/td><td>51,7 cm<\/td><\/tr><tr><td>22 Zoll<\/td><td>56cm<\/td><\/tr><\/tbody><\/table><\/figure>\n<\/div>\n\n\n\n<div class=\"wp-block-column is-layout-flow wp-block-column-is-layout-flow\">\n<figure class=\"wp-block-image size-full\"><img decoding=\"async\" width=\"800\" height=\"800\" src=\"https:\/\/www.yongyukitchenware.com\/wp-content\/uploads\/2025\/01\/Bulk-Round-Mirror-Tray-8.webp\" alt=\"Bulk-Round-Mirror-Tray-8\" class=\"wp-image-2675\" srcset=\"https:\/\/www.yongyukitchenware.com\/wp-content\/uploads\/2025\/01\/Bulk-Round-Mirror-Tray-8.webp 800w, https:\/\/www.yongyukitchenware.com\/wp-content\/uploads\/2025\/01\/Bulk-Round-Mirror-Tray-8-300x300.webp 300w, https:\/\/www.yongyukitchenware.com\/wp-content\/uploads\/2025\/01\/Bulk-Round-Mirror-Tray-8-150x150.webp 150w, https:\/\/www.yongyukitchenware.com\/wp-content\/uploads\/2025\/01\/Bulk-Round-Mirror-Tray-8-768x768.webp 768w, https:\/\/www.yongyukitchenware.com\/wp-content\/uploads\/2025\/01\/Bulk-Round-Mirror-Tray-8-12x12.webp 12w, https:\/\/www.yongyukitchenware.com\/wp-content\/uploads\/2025\/01\/Bulk-Round-Mirror-Tray-8-600x600.webp 600w, https:\/\/www.yongyukitchenware.com\/wp-content\/uploads\/2025\/01\/Bulk-Round-Mirror-Tray-8-100x100.webp 100w\" sizes=\"(max-width: 800px) 100vw, 800px\" \/><\/figure>\n<\/div>\n<\/div>","protected":false},"excerpt":{"rendered":"<div class=\"n4sEPd\">\n<div class=\"UdTY9 qhIQqf leDWne\" aria-hidden=\"true\" data-location=\"1\">Gro\u00dfhandel runden Spiegel Tablett mit Gold und Silber Griffe. Fabrik direkt von Yongyu, benutzerdefinierte in mehreren Gr\u00f6\u00dfen und Formen gemacht. Verf\u00fcgbar auf Amazon, kontaktieren Sie uns bitte f\u00fcr kostenlose Angebote!<\/div>\n<\/div>\n<h2 style=\"text-align: left\">Rundes Spiegeltablett Parameter:<\/h2>\n<p style=\"text-align: left\"><strong>Material:<\/strong> rostfreier Stahl<br \/><strong>Gr\u00f6\u00dfe: <\/strong>16\/18\/20\/22 Zoll<br \/><strong>Die Form: <\/strong>Rund<br \/><strong>Verpacken:<\/strong> OPP-Beutel und -Karton<br \/><strong>OEM\/ODM:<\/strong> Verf\u00fcgbar<\/p>\n<h2 class=\"wp-block-heading\">Von Yongyu Tableware Wholesaler:<\/h2>\n<p>Yongyu Tableware Wholesaler bietet eine hochwertige Gro\u00dfhandelsserie f\u00fcr Gastronomiebedarf an, die Eleganz und Langlebigkeit miteinander verbindet, darunter Geschirr, Getr\u00e4nke, Catering-Ausr\u00fcstung, K\u00fcchenutensilien, Campingk\u00fcche usw.<\/p>","protected":false},"featured_media":2669,"comment_status":"closed","ping_status":"closed","template":"","meta":{"_acf_changed":true},"application":[30],"product_brand":[],"product_cat":[22,44],"product_tag":[],"class_list":{"0":"post-2668","1":"product","2":"type-product","3":"status-publish","4":"has-post-thumbnail","6":"application-hotel-catering","7":"product_cat-catering-supplies-wholesale","8":"product_cat-stainless-steel-serving-trays-wholesale","10":"first","11":"instock","12":"shipping-taxable","13":"product-type-simple"},"acf":[],"_links":{"self":[{"href":"https:\/\/www.yongyukitchenware.com\/de\/wp-json\/wp\/v2\/product\/2668","targetHints":{"allow":["GET"]}}],"collection":[{"href":"https:\/\/www.yongyukitchenware.com\/de\/wp-json\/wp\/v2\/product"}],"about":[{"href":"https:\/\/www.yongyukitchenware.com\/de\/wp-json\/wp\/v2\/types\/product"}],"replies":[{"embeddable":true,"href":"https:\/\/www.yongyukitchenware.com\/de\/wp-json\/wp\/v2\/comments?post=2668"}],"wp:featuredmedia":[{"embeddable":true,"href":"https:\/\/www.yongyukitchenware.com\/de\/wp-json\/wp\/v2\/media\/2669"}],"wp:attachment":[{"href":"https:\/\/www.yongyukitchenware.com\/de\/wp-json\/wp\/v2\/media?parent=2668"}],"wp:term":[{"taxonomy":"application","embeddable":true,"href":"https:\/\/www.yongyukitchenware.com\/de\/wp-json\/wp\/v2\/application?post=2668"},{"taxonomy":"product_brand","embeddable":true,"href":"https:\/\/www.yongyukitchenware.com\/de\/wp-json\/wp\/v2\/product_brand?post=2668"},{"taxonomy":"product_cat","embeddable":true,"href":"https:\/\/www.yongyukitchenware.com\/de\/wp-json\/wp\/v2\/product_cat?post=2668"},{"taxonomy":"product_tag","embeddable":true,"href":"https:\/\/www.yongyukitchenware.com\/de\/wp-json\/wp\/v2\/product_tag?post=2668"}],"curies":[{"name":"wp","href":"https:\/\/api.w.org\/{rel}","templated":true}]}}