{"id":2707,"date":"2025-01-15T07:34:36","date_gmt":"2025-01-15T07:34:36","guid":{"rendered":"https:\/\/www.yongyukitchenware.com\/?post_type=product&#038;p=2707"},"modified":"2025-06-14T02:53:32","modified_gmt":"2025-06-14T02:53:32","slug":"bulk-roll-top-chafing-dish-buffet-set","status":"publish","type":"product","link":"https:\/\/www.yongyukitchenware.com\/de\/produkt\/bulk-roll-top-chafing-dish-buffet-set\/","title":{"rendered":"Bulk Roll Top Chafing Dish Buffet Set mit 2 Suppentopf aus Edelstahl"},"content":{"rendered":"<div class=\"wp-block-columns is-layout-flex wp-container-core-columns-is-layout-9d6595d7 wp-block-columns-is-layout-flex\">\n<div class=\"wp-block-column is-layout-flow wp-block-column-is-layout-flow\">\n<h2 class=\"wp-block-heading\">Parameter von Roll Top Chafing Dish Buffet Set:<\/h2>\n\n\n\n<figure class=\"wp-block-table\"><table class=\"has-fixed-layout\"><tbody><tr><td>Modell<\/td><td>L\u00e4nge * Breite * H\u00f6he (cm)<\/td><td>MOQ<\/td><\/tr><tr><td>DY022-CL<\/td><td>64*44*44<\/td><td>2PCS<\/td><\/tr><\/tbody><\/table><\/figure>\n\n\n\n<h2 class=\"wp-block-heading\">Eigenschaften von Roll Top Chafing Dish Buffet Set:<\/h2>\n\n\n\n<p><strong>Hochwertiger rostfreier Stahl:<\/strong> Stabile Struktur aus rostfreiem Stahl, verdickt und langlebig, korrosions- und hochtemperaturbest\u00e4ndig<\/p>\n\n\n\n<p><strong>Roll-Top-Design: <\/strong>Dank des praktischen Rolltops l\u00e4sst er sich leicht \u00f6ffnen und schlie\u00dfen, was ihn noch praktischer macht.<\/p>\n\n\n\n<p><strong>2 Suppent\u00f6pfe:<\/strong> Design mit gro\u00dfem Fassungsverm\u00f6gen, mit 2 Suppent\u00f6pfen mit L\u00f6ffeln und Deckeln im Inneren, effektive W\u00e4rmeerhaltung, und kann mehrere Gerichte gleichzeitig zubereiten.<\/p>\n\n\n\n<p><strong>Ein passender Suppentopf:<\/strong> Bieten Sie passende Optionen mit Suppent\u00f6pfen an, die f\u00fcr die Bereitstellung von Suppen, Hei\u00dfgetr\u00e4nken usw. geeignet sind, um die Vielfalt und das Angebot an Speisen auf Buffets zu erh\u00f6hen.<\/p>\n\n\n\n<p><strong>Wahlweise Brennstoffbrenner oder elektrische Heizplattenheizung: <\/strong>Heizen Sie mit Alkohol und elektrischem Strom, um unterschiedlichen Umweltanforderungen gerecht zu werden.<\/p>\n<\/div>\n\n\n\n<div class=\"wp-block-column is-layout-flow wp-block-column-is-layout-flow\">\n<figure class=\"wp-block-image size-full\"><img decoding=\"async\" width=\"750\" height=\"750\" src=\"https:\/\/www.yongyukitchenware.com\/wp-content\/uploads\/2025\/01\/wholesale-roll-top-chafing-dish-buffet-set-1-1.webp\" alt=\"Gro\u00dfhandel Roll Top Chafing Dish Buffet Set\" class=\"wp-image-2895\" srcset=\"https:\/\/www.yongyukitchenware.com\/wp-content\/uploads\/2025\/01\/wholesale-roll-top-chafing-dish-buffet-set-1-1.webp 750w, https:\/\/www.yongyukitchenware.com\/wp-content\/uploads\/2025\/01\/wholesale-roll-top-chafing-dish-buffet-set-1-1-300x300.webp 300w, https:\/\/www.yongyukitchenware.com\/wp-content\/uploads\/2025\/01\/wholesale-roll-top-chafing-dish-buffet-set-1-1-150x150.webp 150w, https:\/\/www.yongyukitchenware.com\/wp-content\/uploads\/2025\/01\/wholesale-roll-top-chafing-dish-buffet-set-1-1-12x12.webp 12w, https:\/\/www.yongyukitchenware.com\/wp-content\/uploads\/2025\/01\/wholesale-roll-top-chafing-dish-buffet-set-1-1-600x600.webp 600w, https:\/\/www.yongyukitchenware.com\/wp-content\/uploads\/2025\/01\/wholesale-roll-top-chafing-dish-buffet-set-1-1-100x100.webp 100w\" sizes=\"(max-width: 750px) 100vw, 750px\" \/><\/figure>\n\n\n\n<figure class=\"wp-block-image size-full\"><img decoding=\"async\" width=\"800\" height=\"800\" src=\"https:\/\/www.yongyukitchenware.com\/wp-content\/uploads\/2025\/01\/wholesale-roll-top-chafing-dish-buffet-set-6.webp\" alt=\"Gro\u00dfhandel Roll Top Chafing Dish Buffet Set\" class=\"wp-image-2713\" srcset=\"https:\/\/www.yongyukitchenware.com\/wp-content\/uploads\/2025\/01\/wholesale-roll-top-chafing-dish-buffet-set-6.webp 800w, https:\/\/www.yongyukitchenware.com\/wp-content\/uploads\/2025\/01\/wholesale-roll-top-chafing-dish-buffet-set-6-300x300.webp 300w, https:\/\/www.yongyukitchenware.com\/wp-content\/uploads\/2025\/01\/wholesale-roll-top-chafing-dish-buffet-set-6-150x150.webp 150w, https:\/\/www.yongyukitchenware.com\/wp-content\/uploads\/2025\/01\/wholesale-roll-top-chafing-dish-buffet-set-6-768x768.webp 768w, https:\/\/www.yongyukitchenware.com\/wp-content\/uploads\/2025\/01\/wholesale-roll-top-chafing-dish-buffet-set-6-12x12.webp 12w, https:\/\/www.yongyukitchenware.com\/wp-content\/uploads\/2025\/01\/wholesale-roll-top-chafing-dish-buffet-set-6-600x600.webp 600w, https:\/\/www.yongyukitchenware.com\/wp-content\/uploads\/2025\/01\/wholesale-roll-top-chafing-dish-buffet-set-6-100x100.webp 100w\" sizes=\"(max-width: 800px) 100vw, 800px\" \/><\/figure>\n<\/div>\n<\/div>","protected":false},"excerpt":{"rendered":"<p>Bulk benutzerdefinierte Roll Top Chafing Dish Buffet-Set, mit 2 Suppent\u00f6pfe und L\u00f6ffel innen, Glasabdeckung mit Sichtfenster. Sch\u00f6n und praktisch, Fabrikpreis, hohe Qualit\u00e4t garantiert. Willkommen bei uns f\u00fcr kostenlose Beratung zu kontaktieren!<\/p>\n<h2><!-- wp:heading --><\/h2>\n<h2 class=\"wp-block-heading\">Attribute von Roll Top Chafing Dish Buffet Set:<\/h2>\n<h2><!-- \/wp:heading --><\/p>\n<p><!-- wp:paragraph --><\/h2>\n<p><strong>Material: <\/strong>Rostfreier Stahl<br \/><strong>Farbe: <\/strong>Silber\/ Glod<br \/><strong>Die Form: <\/strong>Rechteckig mit Rolltop-Deckel und 2 Suppent\u00f6pfen<br \/><strong>W\u00e4rme: <\/strong>Alkohol oder elektrische Heizung<br \/><strong>Chafer Pan: <\/strong>Einzel-\/Doppelraster<br \/><strong>OEM\/ODM: <\/strong>Verf\u00fcgbar<\/p>\n<h2 class=\"wp-block-heading\">Von Yongyu Chafing Dish Hersteller:<\/h2>\n<p>Ob es sich um einen Catering-Service-Anbieter, Hotel und Restaurant, oder Event-Planung Unternehmen, bieten wir komplette Chafing Gerichte Gro\u00dfhandel benutzerdefinierte L\u00f6sungen, um Ihr Unternehmen mit hochwertigen Fabrik Preise!<\/p>\n<h2><!-- \/wp:paragraph --><\/h2>","protected":false},"featured_media":2896,"comment_status":"closed","ping_status":"closed","template":"","meta":{"_acf_changed":false},"application":[30],"product_brand":[],"product_cat":[33],"product_tag":[],"class_list":{"0":"post-2707","1":"product","2":"type-product","3":"status-publish","4":"has-post-thumbnail","6":"application-hotel-catering","7":"product_cat-chafing-dishes-wholesale","9":"first","10":"instock","11":"shipping-taxable","12":"product-type-simple"},"acf":[],"_links":{"self":[{"href":"https:\/\/www.yongyukitchenware.com\/de\/wp-json\/wp\/v2\/product\/2707","targetHints":{"allow":["GET"]}}],"collection":[{"href":"https:\/\/www.yongyukitchenware.com\/de\/wp-json\/wp\/v2\/product"}],"about":[{"href":"https:\/\/www.yongyukitchenware.com\/de\/wp-json\/wp\/v2\/types\/product"}],"replies":[{"embeddable":true,"href":"https:\/\/www.yongyukitchenware.com\/de\/wp-json\/wp\/v2\/comments?post=2707"}],"wp:featuredmedia":[{"embeddable":true,"href":"https:\/\/www.yongyukitchenware.com\/de\/wp-json\/wp\/v2\/media\/2896"}],"wp:attachment":[{"href":"https:\/\/www.yongyukitchenware.com\/de\/wp-json\/wp\/v2\/media?parent=2707"}],"wp:term":[{"taxonomy":"application","embeddable":true,"href":"https:\/\/www.yongyukitchenware.com\/de\/wp-json\/wp\/v2\/application?post=2707"},{"taxonomy":"product_brand","embeddable":true,"href":"https:\/\/www.yongyukitchenware.com\/de\/wp-json\/wp\/v2\/product_brand?post=2707"},{"taxonomy":"product_cat","embeddable":true,"href":"https:\/\/www.yongyukitchenware.com\/de\/wp-json\/wp\/v2\/product_cat?post=2707"},{"taxonomy":"product_tag","embeddable":true,"href":"https:\/\/www.yongyukitchenware.com\/de\/wp-json\/wp\/v2\/product_tag?post=2707"}],"curies":[{"name":"wp","href":"https:\/\/api.w.org\/{rel}","templated":true}]}}