{"id":2720,"date":"2025-01-15T08:32:21","date_gmt":"2025-01-15T08:32:21","guid":{"rendered":"https:\/\/www.yongyukitchenware.com\/?post_type=product&#038;p=2720"},"modified":"2025-06-14T02:52:40","modified_gmt":"2025-06-14T02:52:40","slug":"wholesale-round-chafing-dish-set","status":"publish","type":"product","link":"https:\/\/www.yongyukitchenware.com\/de\/produkt\/wholesale-round-chafing-dish-set\/","title":{"rendered":"Gro\u00dfhandel Runde Chafing Dish Set mit Suppentopf aus Edelstahl"},"content":{"rendered":"<div class=\"wp-block-columns is-layout-flex wp-container-core-columns-is-layout-9d6595d7 wp-block-columns-is-layout-flex\">\n<div class=\"wp-block-column is-layout-flow wp-block-column-is-layout-flow\">\n<h2 class=\"wp-block-heading\">Rundes Chafing Dish Set Parameter:<\/h2>\n\n\n\n<figure class=\"wp-block-table\"><table class=\"has-fixed-layout\"><tbody><tr><td>Modell<\/td><td>Durchmesser* H\u00f6he (cm)<\/td><td>MOQ<\/td><\/tr><tr><td>DY023-CL<\/td><td>48*47<\/td><td>2PCS<\/td><\/tr><\/tbody><\/table><\/figure>\n\n\n\n<h2 class=\"wp-block-heading\">Rundes Chafing Dish Set Merkmale:<\/h2>\n\n\n\n<p><strong>Verdicktes Material aus rostfreiem Stahl: <\/strong>Lebensmittelgeeigneter, sicherer Edelstahl, kann gleichm\u00e4\u00dfig erhitzt werden und widersteht langfristiger Hochtemperaturerhitzung ohne Verformung.<\/p>\n\n\n\n<p><strong>Runder Deckel mit Glasdeckel-Design: <\/strong>kann um 180 Grad ge\u00f6ffnet werden, einfach zu bedienen, ger\u00e4uschlos, die Glasabdeckung kann<strong> <\/strong>das Essen im Inneren zu sehen, was die Attraktivit\u00e4t von Lebensmitteln steigert<\/p>\n\n\n\n<p><strong>Mit Suppentopf: <\/strong>Im Inneren des Chafing Dishes befindet sich ein Suppentopf mit Deckel, der zum Warmhalten von Suppe und fl\u00fcssigen Speisen geeignet ist und \u00fcber eine doppelte Isolierung verf\u00fcgt.<\/p>\n\n\n\n<p><strong>Pfanne mit mehreren F\u00e4chern:<\/strong> 1\/2\/3 F\u00e4cher sind vorgesehen, um verschiedene Lebensmittel effektiv zu trennen und Lebensmittel in mehreren Kategorien zu pr\u00e4sentieren.<\/p>\n\n\n\n<p><strong>Heizen mit Brennstoff oder elektrisch: <\/strong>kundenspezifische Brennstoff- oder elektrische Heizplatte je nach Bedarf, um eine effiziente Isolierfunktion zu erhalten.<\/p>\n<\/div>\n\n\n\n<div class=\"wp-block-column is-layout-flow wp-block-column-is-layout-flow\">\n<figure class=\"wp-block-image size-full\"><img decoding=\"async\" width=\"800\" height=\"800\" src=\"https:\/\/www.yongyukitchenware.com\/wp-content\/uploads\/2025\/01\/wholesale-round-chafing-dish-set.webp\" alt=\"Gro\u00dfhandel rund Chafing Dish Set\" class=\"wp-image-2878\" srcset=\"https:\/\/www.yongyukitchenware.com\/wp-content\/uploads\/2025\/01\/wholesale-round-chafing-dish-set.webp 800w, https:\/\/www.yongyukitchenware.com\/wp-content\/uploads\/2025\/01\/wholesale-round-chafing-dish-set-300x300.webp 300w, https:\/\/www.yongyukitchenware.com\/wp-content\/uploads\/2025\/01\/wholesale-round-chafing-dish-set-150x150.webp 150w, https:\/\/www.yongyukitchenware.com\/wp-content\/uploads\/2025\/01\/wholesale-round-chafing-dish-set-768x768.webp 768w, https:\/\/www.yongyukitchenware.com\/wp-content\/uploads\/2025\/01\/wholesale-round-chafing-dish-set-12x12.webp 12w, https:\/\/www.yongyukitchenware.com\/wp-content\/uploads\/2025\/01\/wholesale-round-chafing-dish-set-600x600.webp 600w, https:\/\/www.yongyukitchenware.com\/wp-content\/uploads\/2025\/01\/wholesale-round-chafing-dish-set-100x100.webp 100w\" sizes=\"(max-width: 800px) 100vw, 800px\" \/><\/figure>\n\n\n\n<figure class=\"wp-block-image size-full\"><img decoding=\"async\" width=\"800\" height=\"800\" src=\"https:\/\/www.yongyukitchenware.com\/wp-content\/uploads\/2025\/01\/round-chafing-dish-set-wholesale-3.webp\" alt=\"Rundes Chafing Dish Set Gro\u00dfhandel\" class=\"wp-image-2723\" srcset=\"https:\/\/www.yongyukitchenware.com\/wp-content\/uploads\/2025\/01\/round-chafing-dish-set-wholesale-3.webp 800w, https:\/\/www.yongyukitchenware.com\/wp-content\/uploads\/2025\/01\/round-chafing-dish-set-wholesale-3-300x300.webp 300w, https:\/\/www.yongyukitchenware.com\/wp-content\/uploads\/2025\/01\/round-chafing-dish-set-wholesale-3-150x150.webp 150w, https:\/\/www.yongyukitchenware.com\/wp-content\/uploads\/2025\/01\/round-chafing-dish-set-wholesale-3-768x768.webp 768w, https:\/\/www.yongyukitchenware.com\/wp-content\/uploads\/2025\/01\/round-chafing-dish-set-wholesale-3-12x12.webp 12w, https:\/\/www.yongyukitchenware.com\/wp-content\/uploads\/2025\/01\/round-chafing-dish-set-wholesale-3-600x600.webp 600w, https:\/\/www.yongyukitchenware.com\/wp-content\/uploads\/2025\/01\/round-chafing-dish-set-wholesale-3-100x100.webp 100w\" sizes=\"(max-width: 800px) 100vw, 800px\" \/><\/figure>\n<\/div>\n<\/div>\n\n\n\n<div class=\"wp-block-columns is-layout-flex wp-container-core-columns-is-layout-9d6595d7 wp-block-columns-is-layout-flex\">\n<div class=\"wp-block-column is-layout-flow wp-block-column-is-layout-flow\"><\/div>\n\n\n\n<div class=\"wp-block-column is-layout-flow wp-block-column-is-layout-flow\"><\/div>\n<\/div>\n\n\n\n<p><\/p>","protected":false},"excerpt":{"rendered":"<p>Gro\u00dfhandel runde Chafing Dish Set mit Suppentopf, eine effiziente Selbstbedienung Suppe Lebensmittel Isolierung L\u00f6sung. Edelstahl polierte Oberfl\u00e4che, mit Roll-Top-Deckel, einfach zu bedienen. Anpassbare Brennstoff oder elektrische Heizung, Farbe, Logo, etc. Unterst\u00fctzen Sie den Amazon-Verkauf!<\/p>\n<h2><!-- wp:heading --><\/h2>\n<h2 class=\"wp-block-heading\">Rundes Chafing Dish Set Attribute:<\/h2>\n<h2><!-- \/wp:heading --><\/p>\n<p><!-- wp:paragraph --><\/h2>\n<p><strong>Material: <\/strong>Rostfreier Stahl<br \/><strong>Farbe: <\/strong>Silber\/Glanz<br \/><strong>Die Form: <\/strong>Rund mit Rolltop-Deckel und Suppentopf<br \/><strong>W\u00e4rme: <\/strong>Alkohol oder elektrische Heizung<br \/><strong>Chafer Pan: <\/strong>Einzel\/Doppel\/Drei Raster<br \/><strong>OEM\/ODM: <\/strong>Verf\u00fcgbar<\/p>\n<h2 class=\"wp-block-heading\">Von Yongyu Chafing Dish Hersteller :<\/h2>\n<p>Ob es sich um einen Catering-Service-Anbieter, Hotel und Restaurant, oder Event-Planung Unternehmen, bieten wir komplette Chafing Gerichte Gro\u00dfhandel benutzerdefinierte L\u00f6sungen, um Ihr Unternehmen mit hochwertigen Fabrik Preise!<\/p>\n<h2><!-- \/wp:paragraph --><\/h2>","protected":false},"featured_media":2878,"comment_status":"closed","ping_status":"closed","template":"","meta":{"_acf_changed":false},"application":[30],"product_brand":[],"product_cat":[33],"product_tag":[],"class_list":{"0":"post-2720","1":"product","2":"type-product","3":"status-publish","4":"has-post-thumbnail","6":"application-hotel-catering","7":"product_cat-chafing-dishes-wholesale","9":"first","10":"instock","11":"shipping-taxable","12":"product-type-simple"},"acf":[],"_links":{"self":[{"href":"https:\/\/www.yongyukitchenware.com\/de\/wp-json\/wp\/v2\/product\/2720","targetHints":{"allow":["GET"]}}],"collection":[{"href":"https:\/\/www.yongyukitchenware.com\/de\/wp-json\/wp\/v2\/product"}],"about":[{"href":"https:\/\/www.yongyukitchenware.com\/de\/wp-json\/wp\/v2\/types\/product"}],"replies":[{"embeddable":true,"href":"https:\/\/www.yongyukitchenware.com\/de\/wp-json\/wp\/v2\/comments?post=2720"}],"wp:featuredmedia":[{"embeddable":true,"href":"https:\/\/www.yongyukitchenware.com\/de\/wp-json\/wp\/v2\/media\/2878"}],"wp:attachment":[{"href":"https:\/\/www.yongyukitchenware.com\/de\/wp-json\/wp\/v2\/media?parent=2720"}],"wp:term":[{"taxonomy":"application","embeddable":true,"href":"https:\/\/www.yongyukitchenware.com\/de\/wp-json\/wp\/v2\/application?post=2720"},{"taxonomy":"product_brand","embeddable":true,"href":"https:\/\/www.yongyukitchenware.com\/de\/wp-json\/wp\/v2\/product_brand?post=2720"},{"taxonomy":"product_cat","embeddable":true,"href":"https:\/\/www.yongyukitchenware.com\/de\/wp-json\/wp\/v2\/product_cat?post=2720"},{"taxonomy":"product_tag","embeddable":true,"href":"https:\/\/www.yongyukitchenware.com\/de\/wp-json\/wp\/v2\/product_tag?post=2720"}],"curies":[{"name":"wp","href":"https:\/\/api.w.org\/{rel}","templated":true}]}}