{"id":2736,"date":"2025-01-15T09:51:57","date_gmt":"2025-01-15T09:51:57","guid":{"rendered":"https:\/\/www.yongyukitchenware.com\/?post_type=product&#038;p=2736"},"modified":"2025-06-14T02:50:43","modified_gmt":"2025-06-14T02:50:43","slug":"wholesale-stainless-chafing-dish","status":"publish","type":"product","link":"https:\/\/www.yongyukitchenware.com\/de\/produkt\/wholesale-stainless-chafing-dish\/","title":{"rendered":"Gro\u00dfhandel Edelstahl Chafing Dish 8QT mit Glasdeckel f\u00fcr Hochzeit oder Party"},"content":{"rendered":"<div class=\"wp-block-columns is-layout-flex wp-container-core-columns-is-layout-9d6595d7 wp-block-columns-is-layout-flex\">\n<div class=\"wp-block-column is-layout-flow wp-block-column-is-layout-flow\">\n<h2 class=\"wp-block-heading\">Edelstahl Chafing Dish Parameter:<\/h2>\n\n\n\n<figure class=\"wp-block-table\"><table class=\"has-fixed-layout\"><tbody><tr><td>Modell<\/td><td>L\u00e4nge * Breite * H\u00f6he (cm)<\/td><td>Fassungsverm\u00f6gen (l)<\/td><td>Gewicht(kg)<\/td><td>MOQ<\/td><\/tr><tr><td>DY006-CL<\/td><td>61*45*21<\/td><td>9<\/td><td>9.9<\/td><td>2PCS<\/td><\/tr><\/tbody><\/table><\/figure>\n\n\n\n<h2 class=\"wp-block-heading\">Edelstahl Chafing Dish Merkmale:<\/h2>\n\n\n\n<p><strong>Hochwertiger rostfreier Stahl:<\/strong> korrosionsbest\u00e4ndige Edelstahlstruktur, glatte und gl\u00e4nzende Oberfl\u00e4che, leicht zu reinigen, kann lange Zeit verwendet werden<\/p>\n\n\n\n<p><strong>Ger\u00e4uschlose hydraulische Glasdeckelkonstruktion:<\/strong> Der hydraulische Deckel erm\u00f6glicht ein leises und stabiles Umschalten und ist einfach zu bedienen. Das Glasfenster erm\u00f6glicht es dem Benutzer, die Lebensmittel im Inneren deutlich zu sehen, ohne den Deckel zu \u00f6ffnen, wodurch die Anzahl der Deckel\u00f6ffnungen reduziert wird<\/p>\n\n\n\n<p><strong>Modernes und elegantes Design: <\/strong>minimalistische Linien und Spiegel, niedriges Design, geeignet f\u00fcr verschiedene thematische Anl\u00e4sse wie Hochzeiten, Partys, Hotel-Restaurant-Buffets, etc.<\/p>\n\n\n\n<p><strong>Effizientes Heizen: <\/strong>Ausgestattet mit einer Heizplatte und einem Temperaturregler kann die Erhitzungszeit genau nach Bedarf gew\u00e4hlt werden, wodurch die Lebensmittel lange frisch und auf Temperatur gehalten werden k\u00f6nnen<\/p>\n<\/div>\n\n\n\n<div class=\"wp-block-column is-layout-flow wp-block-column-is-layout-flow\">\n<figure class=\"wp-block-image size-full\"><img decoding=\"async\" width=\"800\" height=\"800\" src=\"https:\/\/www.yongyukitchenware.com\/wp-content\/uploads\/2025\/01\/stainless-chafing-dish-wholesale-1.webp\" alt=\"Edelstahl Chafing Dish Gro\u00dfhandel\" class=\"wp-image-2743\" srcset=\"https:\/\/www.yongyukitchenware.com\/wp-content\/uploads\/2025\/01\/stainless-chafing-dish-wholesale-1.webp 800w, https:\/\/www.yongyukitchenware.com\/wp-content\/uploads\/2025\/01\/stainless-chafing-dish-wholesale-1-300x300.webp 300w, https:\/\/www.yongyukitchenware.com\/wp-content\/uploads\/2025\/01\/stainless-chafing-dish-wholesale-1-150x150.webp 150w, https:\/\/www.yongyukitchenware.com\/wp-content\/uploads\/2025\/01\/stainless-chafing-dish-wholesale-1-768x768.webp 768w, https:\/\/www.yongyukitchenware.com\/wp-content\/uploads\/2025\/01\/stainless-chafing-dish-wholesale-1-12x12.webp 12w, https:\/\/www.yongyukitchenware.com\/wp-content\/uploads\/2025\/01\/stainless-chafing-dish-wholesale-1-600x600.webp 600w, https:\/\/www.yongyukitchenware.com\/wp-content\/uploads\/2025\/01\/stainless-chafing-dish-wholesale-1-100x100.webp 100w\" sizes=\"(max-width: 800px) 100vw, 800px\" \/><\/figure>\n<\/div>\n<\/div>","protected":false},"excerpt":{"rendered":"<p>Willkommen bei benutzerdefinierten und Gro\u00dfhandel Edelstahl Chafing Dish, moderne Spiegel-Design mit leisen Klappdeckel, das ideale Hotel, Restaurant und Buffet Catering-Ausr\u00fcstung. Hohe Qualit\u00e4t, Fabrikpreis, willkommen, uns zu kontaktieren, um mehr zu erfahren!<\/p>\n<h2><!-- wp:heading --><\/h2>\n<h2 class=\"wp-block-heading\">Edelstahl Chafing Dish Attribute :<\/h2>\n<h2><!-- \/wp:heading --><\/p>\n<p><!-- wp:paragraph --><\/h2>\n<p><strong>Material: <\/strong>Rostfreier Stahl<br \/><strong>Farbe: <\/strong>Silber\/Glanz<br \/><strong>Die Form: <\/strong>Rechteckig mit Scharnierdeckel<br \/><strong>W\u00e4rme: <\/strong>Elektrische Heizung<br \/><strong>Chafer Pan: <\/strong>Einzel\/Doppel\/Drei Raster<br \/><strong>OEM\/ODM: <\/strong>Verf\u00fcgbar<\/p>\n<h2 class=\"wp-block-heading\">Von Yongyu Chafing Dish Hersteller :<\/h2>\n<p>Ob es sich um einen Catering-Service-Anbieter, Hotel und Restaurant, oder Event-Planung Unternehmen, bieten wir komplette Chafing Gerichte Gro\u00dfhandel benutzerdefinierte L\u00f6sungen, um Ihr Unternehmen mit hochwertigen Fabrik Preise!<\/p>\n<h2><!-- \/wp:paragraph --><\/h2>","protected":false},"featured_media":2744,"comment_status":"closed","ping_status":"closed","template":"","meta":{"_acf_changed":true},"application":[30],"product_brand":[],"product_cat":[33],"product_tag":[],"class_list":{"0":"post-2736","1":"product","2":"type-product","3":"status-publish","4":"has-post-thumbnail","6":"application-hotel-catering","7":"product_cat-chafing-dishes-wholesale","9":"first","10":"instock","11":"shipping-taxable","12":"product-type-simple"},"acf":[],"_links":{"self":[{"href":"https:\/\/www.yongyukitchenware.com\/de\/wp-json\/wp\/v2\/product\/2736","targetHints":{"allow":["GET"]}}],"collection":[{"href":"https:\/\/www.yongyukitchenware.com\/de\/wp-json\/wp\/v2\/product"}],"about":[{"href":"https:\/\/www.yongyukitchenware.com\/de\/wp-json\/wp\/v2\/types\/product"}],"replies":[{"embeddable":true,"href":"https:\/\/www.yongyukitchenware.com\/de\/wp-json\/wp\/v2\/comments?post=2736"}],"wp:featuredmedia":[{"embeddable":true,"href":"https:\/\/www.yongyukitchenware.com\/de\/wp-json\/wp\/v2\/media\/2744"}],"wp:attachment":[{"href":"https:\/\/www.yongyukitchenware.com\/de\/wp-json\/wp\/v2\/media?parent=2736"}],"wp:term":[{"taxonomy":"application","embeddable":true,"href":"https:\/\/www.yongyukitchenware.com\/de\/wp-json\/wp\/v2\/application?post=2736"},{"taxonomy":"product_brand","embeddable":true,"href":"https:\/\/www.yongyukitchenware.com\/de\/wp-json\/wp\/v2\/product_brand?post=2736"},{"taxonomy":"product_cat","embeddable":true,"href":"https:\/\/www.yongyukitchenware.com\/de\/wp-json\/wp\/v2\/product_cat?post=2736"},{"taxonomy":"product_tag","embeddable":true,"href":"https:\/\/www.yongyukitchenware.com\/de\/wp-json\/wp\/v2\/product_tag?post=2736"}],"curies":[{"name":"wp","href":"https:\/\/api.w.org\/{rel}","templated":true}]}}