{"id":2747,"date":"2025-01-17T18:11:17","date_gmt":"2025-01-17T18:11:17","guid":{"rendered":"https:\/\/www.yongyukitchenware.com\/?post_type=product&#038;p=2747"},"modified":"2025-06-14T02:41:42","modified_gmt":"2025-06-14T02:41:42","slug":"chafing-dishes-with-lids-bulk","status":"publish","type":"product","link":"https:\/\/www.yongyukitchenware.com\/de\/produkt\/chafing-dishes-with-lids-bulk\/","title":{"rendered":"Gro\u00dfhandel Chafing Dishes mit Deckeln Electric Square 6L"},"content":{"rendered":"<div class=\"wp-block-columns is-layout-flex wp-container-core-columns-is-layout-9d6595d7 wp-block-columns-is-layout-flex\">\n<div class=\"wp-block-column is-layout-flow wp-block-column-is-layout-flow\">\n<h2 class=\"wp-block-heading\">Parameter von Chafing Dishes mit Deckeln :<\/h2>\n\n\n\n<figure class=\"wp-block-table\"><table class=\"has-fixed-layout\"><tbody><tr><td>Modell<\/td><td>L\u00e4nge * Breite * H\u00f6he (cm)<\/td><td>Fassungsverm\u00f6gen (l)<\/td><td>Gewicht(kg)<\/td><td>MOQ<\/td><\/tr><tr><td>DY018-CL<\/td><td>41*43*23<\/td><td>6<\/td><td>9.7<\/td><td>2PCS<\/td><\/tr><\/tbody><\/table><\/figure>\n\n\n\n<h2 class=\"wp-block-heading\">Chafing Dishes mit Deckeln Merkmale:<\/h2>\n\n\n\n<p><strong>Rostfreier Stahl:<\/strong> Diese Chafing Dish mit Deckel ist langlebig, korrosionsbest\u00e4ndig und entspricht den Lebensmittelsicherheitsstandards; elegantes Aussehen, leicht zu reinigen und zu pflegen.<\/p>\n\n\n\n<p><strong>Individueller Stromanschluss:<\/strong> Hochwertiger und langlebiger Stromanschluss, sicher, umweltfreundlich und einfach zu bedienen, Sie k\u00f6nnen die Temperatur genau steuern.<\/p>\n\n\n\n<p><strong>Transparenter Glasdeckel:<\/strong> Bietet eine hervorragende visuelle Anzeige und reduziert den W\u00e4rmeverlust.<\/p>\n\n\n\n<p><strong>Quadratische Gr\u00f6\u00dfe Design:<\/strong> Diese Chafing Dish mit Deckel hat ein Fassungsverm\u00f6gen von 6 Litern, die effektiv nutzen k\u00f6nnen Raum und besser auf verschiedene Bed\u00fcrfnisse Anordnung anzupassen.<\/p>\n\n\n\n<p><strong>Geteiltes Design: <\/strong>Becken und Herd k\u00f6nnen zur leichteren Reinigung getrennt werden<\/p>\n<\/div>\n\n\n\n<div class=\"wp-block-column is-layout-flow wp-block-column-is-layout-flow\">\n<figure class=\"wp-block-image size-full\"><img decoding=\"async\" width=\"800\" height=\"800\" src=\"https:\/\/www.yongyukitchenware.com\/wp-content\/uploads\/2025\/01\/Premium-Chafing-Dishes-with-Lids-Wholesale-Stainless-Steel-Square-6L.webp\" alt=\"Premium Chafing Dishes mit Deckeln Gro\u00dfhandel Edelstahl Quadrat 6L\" class=\"wp-image-2748\" srcset=\"https:\/\/www.yongyukitchenware.com\/wp-content\/uploads\/2025\/01\/Premium-Chafing-Dishes-with-Lids-Wholesale-Stainless-Steel-Square-6L.webp 800w, https:\/\/www.yongyukitchenware.com\/wp-content\/uploads\/2025\/01\/Premium-Chafing-Dishes-with-Lids-Wholesale-Stainless-Steel-Square-6L-300x300.webp 300w, https:\/\/www.yongyukitchenware.com\/wp-content\/uploads\/2025\/01\/Premium-Chafing-Dishes-with-Lids-Wholesale-Stainless-Steel-Square-6L-150x150.webp 150w, https:\/\/www.yongyukitchenware.com\/wp-content\/uploads\/2025\/01\/Premium-Chafing-Dishes-with-Lids-Wholesale-Stainless-Steel-Square-6L-768x768.webp 768w, https:\/\/www.yongyukitchenware.com\/wp-content\/uploads\/2025\/01\/Premium-Chafing-Dishes-with-Lids-Wholesale-Stainless-Steel-Square-6L-12x12.webp 12w, https:\/\/www.yongyukitchenware.com\/wp-content\/uploads\/2025\/01\/Premium-Chafing-Dishes-with-Lids-Wholesale-Stainless-Steel-Square-6L-600x600.webp 600w, https:\/\/www.yongyukitchenware.com\/wp-content\/uploads\/2025\/01\/Premium-Chafing-Dishes-with-Lids-Wholesale-Stainless-Steel-Square-6L-100x100.webp 100w\" sizes=\"(max-width: 800px) 100vw, 800px\" \/><\/figure>\n<\/div>\n<\/div>","protected":false},"excerpt":{"rendered":"<p style=\"text-align: left\">Dieser hochwertige Chafing Dish mit Deckel verf\u00fcgt \u00fcber ein pr\u00e4zises Touchpanel, das eine genaue Temperaturregelung erm\u00f6glicht und die Speisen lange warm h\u00e4lt. Das gro\u00dfe, ger\u00e4uschlose, hydraulische Glasdeckel-Design verbessert das Essenserlebnis. Der Chafing Dish ist ein Verkaufsschlager auf Amazon, bestellen Sie ihn jetzt in gro\u00dfen Mengen zum besten Preis!<\/p>\n<h2><!-- wp:heading --><\/h2>\n<h2 class=\"wp-block-heading\">Eigenschaften von Chafing Dishes mit Deckeln:<\/h2>\n<h2><!-- \/wp:heading --><\/p>\n<p><!-- wp:paragraph --><\/h2>\n<p><strong>Material: <\/strong>Rostfreier Stahl<br \/><strong>Farbe: <\/strong>Silber<br \/><strong>Die Form:<\/strong> Quadratisch mit Glasabdeckung<br \/><strong>W\u00e4rme: <\/strong>\u00a0Elektrische Heizung<br \/><strong>Chafer Pan: <\/strong>Einzelner Raster<br \/><strong>OEM\/ODM: <\/strong>Verf\u00fcgbar<\/p>\n<h2 class=\"wp-block-heading\">Von Yongyu Chafing Dish Hersteller :<\/h2>\n<p>Ob es sich um einen Catering-Service-Anbieter, Hotel und Restaurant, oder Event-Planung Unternehmen, bieten wir komplette Chafing Gerichte Gro\u00dfhandel benutzerdefinierte L\u00f6sungen, um Ihr Unternehmen mit hochwertigen Fabrik Preise!<\/p>\n<h2><!-- \/wp:paragraph --><\/h2>","protected":false},"featured_media":2751,"comment_status":"closed","ping_status":"closed","template":"","meta":{"_acf_changed":false},"application":[30],"product_brand":[],"product_cat":[33],"product_tag":[],"class_list":{"0":"post-2747","1":"product","2":"type-product","3":"status-publish","4":"has-post-thumbnail","6":"application-hotel-catering","7":"product_cat-chafing-dishes-wholesale","9":"first","10":"instock","11":"shipping-taxable","12":"product-type-simple"},"acf":[],"_links":{"self":[{"href":"https:\/\/www.yongyukitchenware.com\/de\/wp-json\/wp\/v2\/product\/2747","targetHints":{"allow":["GET"]}}],"collection":[{"href":"https:\/\/www.yongyukitchenware.com\/de\/wp-json\/wp\/v2\/product"}],"about":[{"href":"https:\/\/www.yongyukitchenware.com\/de\/wp-json\/wp\/v2\/types\/product"}],"replies":[{"embeddable":true,"href":"https:\/\/www.yongyukitchenware.com\/de\/wp-json\/wp\/v2\/comments?post=2747"}],"wp:featuredmedia":[{"embeddable":true,"href":"https:\/\/www.yongyukitchenware.com\/de\/wp-json\/wp\/v2\/media\/2751"}],"wp:attachment":[{"href":"https:\/\/www.yongyukitchenware.com\/de\/wp-json\/wp\/v2\/media?parent=2747"}],"wp:term":[{"taxonomy":"application","embeddable":true,"href":"https:\/\/www.yongyukitchenware.com\/de\/wp-json\/wp\/v2\/application?post=2747"},{"taxonomy":"product_brand","embeddable":true,"href":"https:\/\/www.yongyukitchenware.com\/de\/wp-json\/wp\/v2\/product_brand?post=2747"},{"taxonomy":"product_cat","embeddable":true,"href":"https:\/\/www.yongyukitchenware.com\/de\/wp-json\/wp\/v2\/product_cat?post=2747"},{"taxonomy":"product_tag","embeddable":true,"href":"https:\/\/www.yongyukitchenware.com\/de\/wp-json\/wp\/v2\/product_tag?post=2747"}],"curies":[{"name":"wp","href":"https:\/\/api.w.org\/{rel}","templated":true}]}}