{"id":2754,"date":"2025-01-17T18:00:44","date_gmt":"2025-01-17T18:00:44","guid":{"rendered":"https:\/\/www.yongyukitchenware.com\/?post_type=product&#038;p=2754"},"modified":"2025-06-14T02:42:47","modified_gmt":"2025-06-14T02:42:47","slug":"custom-modern-chafing-dish","status":"publish","type":"product","link":"https:\/\/www.yongyukitchenware.com\/de\/produkt\/custom-modern-chafing-dish\/","title":{"rendered":"Custom Modern Chafing Dish 9L Edelstahl Speisenw\u00e4rmer"},"content":{"rendered":"<div class=\"wp-block-columns is-layout-flex wp-container-core-columns-is-layout-9d6595d7 wp-block-columns-is-layout-flex\">\n<div class=\"wp-block-column is-layout-flow wp-block-column-is-layout-flow\">\n<h2 class=\"wp-block-heading\">Moderne Chafing Dish Parameter:<\/h2>\n\n\n\n<figure class=\"wp-block-table\"><table class=\"has-fixed-layout\"><tbody><tr><td>Modell<\/td><td>L\u00e4nge * Breite * H\u00f6he (cm)<\/td><td>Fassungsverm\u00f6gen (l)<\/td><td>Gewicht(kg)<\/td><td>MOQ<\/td><\/tr><tr><td rowspan=\"2\">DY017-CL<\/td><td>58*43*23<\/td><td rowspan=\"2\">9<\/td><td>12.3<\/td><td rowspan=\"2\">2PCS<\/td><\/tr><tr><td>58*43*29<\/td><td>12.5<\/td><\/tr><\/tbody><\/table><\/figure>\n\n\n\n<h2 class=\"wp-block-heading\"><\/h2>\n<\/div>\n\n\n\n<div class=\"wp-block-column is-layout-flow wp-block-column-is-layout-flow\">\n<h2 class=\"wp-block-heading\">Moderne Chafing Dish Merkmale:<\/h2>\n\n\n\n<p><strong>Klarglas-Deckel:<\/strong> Der hitzebest\u00e4ndige Klarglasdeckel erm\u00f6glicht es den Kunden, den Zustand ihrer Speisen zu \u00fcberpr\u00fcfen, ohne den Deckel zu \u00f6ffnen, w\u00e4hrend die Innentemperatur erhalten bleibt.<\/p>\n\n\n\n<p><strong>Rechteckiges Design:<\/strong> Ein einfaches und stimmungsvolles rechteckiges Design erm\u00f6glicht eine effizientere Raumnutzung und eignet sich f\u00fcr eine Vielzahl von Platzierungsanforderungen.<\/p>\n\n\n\n<p><strong>Zwei Heizmethoden:<\/strong> Alkoholheizung und elektrische Heizplattenheizung f\u00fcr unterschiedliche Bed\u00fcrfnisse.<\/p>\n\n\n\n<p><strong>Verdickter rostfreier Stahl Material:<\/strong> Die Auswahl von hochwertigem lebensmittelechtem Stahl, der langlebig und rostfrei ist, gew\u00e4hrleistet die Lebensmittelsicherheit.<\/p>\n\n\n\n<p><strong>Verst\u00e4rkter hydraulisch d\u00e4mpfender Topfdeckel:<\/strong> leise und langsam schlie\u00dfend, leicht zu \u00f6ffnen und zu schlie\u00dfen<\/p>\n\n\n\n<p><strong>Geteiltes Design: <\/strong>Topf und Herd k\u00f6nnen getrennt werden, was die Reinigung erleichtert<\/p>\n<\/div>\n<\/div>\n\n\n\n<div class=\"wp-block-columns is-layout-flex wp-container-core-columns-is-layout-9d6595d7 wp-block-columns-is-layout-flex\">\n<div class=\"wp-block-column is-layout-flow wp-block-column-is-layout-flow\">\n<figure class=\"wp-block-image size-full\"><img decoding=\"async\" width=\"800\" height=\"800\" src=\"https:\/\/www.yongyukitchenware.com\/wp-content\/uploads\/2025\/01\/Custom-Modern-Chafing-Dish-9L-Stainless-Steel-Food-Warmer-4.webp\" alt=\"Custom Modern Chafing Dish 9L Edelstahl Speisenw\u00e4rmer (4)\" class=\"wp-image-2758\" srcset=\"https:\/\/www.yongyukitchenware.com\/wp-content\/uploads\/2025\/01\/Custom-Modern-Chafing-Dish-9L-Stainless-Steel-Food-Warmer-4.webp 800w, https:\/\/www.yongyukitchenware.com\/wp-content\/uploads\/2025\/01\/Custom-Modern-Chafing-Dish-9L-Stainless-Steel-Food-Warmer-4-300x300.webp 300w, https:\/\/www.yongyukitchenware.com\/wp-content\/uploads\/2025\/01\/Custom-Modern-Chafing-Dish-9L-Stainless-Steel-Food-Warmer-4-150x150.webp 150w, https:\/\/www.yongyukitchenware.com\/wp-content\/uploads\/2025\/01\/Custom-Modern-Chafing-Dish-9L-Stainless-Steel-Food-Warmer-4-768x768.webp 768w, https:\/\/www.yongyukitchenware.com\/wp-content\/uploads\/2025\/01\/Custom-Modern-Chafing-Dish-9L-Stainless-Steel-Food-Warmer-4-12x12.webp 12w, https:\/\/www.yongyukitchenware.com\/wp-content\/uploads\/2025\/01\/Custom-Modern-Chafing-Dish-9L-Stainless-Steel-Food-Warmer-4-600x600.webp 600w, https:\/\/www.yongyukitchenware.com\/wp-content\/uploads\/2025\/01\/Custom-Modern-Chafing-Dish-9L-Stainless-Steel-Food-Warmer-4-100x100.webp 100w\" sizes=\"(max-width: 800px) 100vw, 800px\" \/><\/figure>\n<\/div>\n\n\n\n<div class=\"wp-block-column is-layout-flow wp-block-column-is-layout-flow\">\n<figure class=\"wp-block-image size-full\"><img decoding=\"async\" width=\"800\" height=\"800\" src=\"https:\/\/www.yongyukitchenware.com\/wp-content\/uploads\/2025\/01\/Custom-Modern-Chafing-Dish-9L-Stainless-Steel-Food-Warmer-3.webp\" alt=\"Custom Modern Chafing Dish 9L Edelstahl Speisenw\u00e4rmer (3)\" class=\"wp-image-2757\" srcset=\"https:\/\/www.yongyukitchenware.com\/wp-content\/uploads\/2025\/01\/Custom-Modern-Chafing-Dish-9L-Stainless-Steel-Food-Warmer-3.webp 800w, https:\/\/www.yongyukitchenware.com\/wp-content\/uploads\/2025\/01\/Custom-Modern-Chafing-Dish-9L-Stainless-Steel-Food-Warmer-3-300x300.webp 300w, https:\/\/www.yongyukitchenware.com\/wp-content\/uploads\/2025\/01\/Custom-Modern-Chafing-Dish-9L-Stainless-Steel-Food-Warmer-3-150x150.webp 150w, https:\/\/www.yongyukitchenware.com\/wp-content\/uploads\/2025\/01\/Custom-Modern-Chafing-Dish-9L-Stainless-Steel-Food-Warmer-3-768x768.webp 768w, https:\/\/www.yongyukitchenware.com\/wp-content\/uploads\/2025\/01\/Custom-Modern-Chafing-Dish-9L-Stainless-Steel-Food-Warmer-3-12x12.webp 12w, https:\/\/www.yongyukitchenware.com\/wp-content\/uploads\/2025\/01\/Custom-Modern-Chafing-Dish-9L-Stainless-Steel-Food-Warmer-3-600x600.webp 600w, https:\/\/www.yongyukitchenware.com\/wp-content\/uploads\/2025\/01\/Custom-Modern-Chafing-Dish-9L-Stainless-Steel-Food-Warmer-3-100x100.webp 100w\" sizes=\"(max-width: 800px) 100vw, 800px\" \/><\/figure>\n<\/div>\n<\/div>","protected":false},"excerpt":{"rendered":"<p>Willkommen auf benutzerdefinierte moderne Chafing Dish, mit ausgezeichneter W\u00e4rmespeicherung und zwei H\u00f6henoptionen. Sliver gl\u00e4nzendes Aussehen und gro\u00dfe Glasdeckel Design, geeignet f\u00fcr alle Catering-Thema Veranstaltungen. Bieten One-Stop-Einkauf und Gro\u00dfhandel Optionen, willkommen, uns f\u00fcr ein kostenloses Angebot zu kontaktieren.<\/p>\n<h2><!-- wp:heading --><\/h2>\n<h2 class=\"wp-block-heading\">Moderne Chafing Dish Attribute :<\/h2>\n<h2><!-- \/wp:heading --><\/p>\n<p><!-- wp:paragraph --><\/h2>\n<p><strong>Material: <\/strong>Rostfreier Stahl<br \/><strong>Farbe: <\/strong>Silber\/Glanz<br \/><strong>Die Form: <\/strong>Rechteckig mit Scharnierdeckel<br \/><strong>W\u00e4rme: <\/strong>Alkohol oder elektrische Heizung<br \/><strong>Chafer Pan: <\/strong>Einzel\/Doppel\/Drei Raster<br \/><strong>OEM\/ODM: <\/strong>Verf\u00fcgbar<\/p>\n<h2 class=\"wp-block-heading\">Von Yongyu Chafing Dish Hersteller :<\/h2>\n<p>Ob es sich um einen Catering-Service-Anbieter, Hotel und Restaurant, oder Event-Planung Unternehmen, bieten wir komplette Chafing Gerichte Gro\u00dfhandel benutzerdefinierte L\u00f6sungen, um Ihr Unternehmen mit hochwertigen Fabrik Preise!<\/p>\n<h2><!-- \/wp:paragraph --><\/h2>","protected":false},"featured_media":2760,"comment_status":"closed","ping_status":"closed","template":"","meta":{"_acf_changed":false},"application":[30],"product_brand":[],"product_cat":[33],"product_tag":[],"class_list":{"0":"post-2754","1":"product","2":"type-product","3":"status-publish","4":"has-post-thumbnail","6":"application-hotel-catering","7":"product_cat-chafing-dishes-wholesale","9":"first","10":"instock","11":"shipping-taxable","12":"product-type-simple"},"acf":[],"_links":{"self":[{"href":"https:\/\/www.yongyukitchenware.com\/de\/wp-json\/wp\/v2\/product\/2754","targetHints":{"allow":["GET"]}}],"collection":[{"href":"https:\/\/www.yongyukitchenware.com\/de\/wp-json\/wp\/v2\/product"}],"about":[{"href":"https:\/\/www.yongyukitchenware.com\/de\/wp-json\/wp\/v2\/types\/product"}],"replies":[{"embeddable":true,"href":"https:\/\/www.yongyukitchenware.com\/de\/wp-json\/wp\/v2\/comments?post=2754"}],"wp:featuredmedia":[{"embeddable":true,"href":"https:\/\/www.yongyukitchenware.com\/de\/wp-json\/wp\/v2\/media\/2760"}],"wp:attachment":[{"href":"https:\/\/www.yongyukitchenware.com\/de\/wp-json\/wp\/v2\/media?parent=2754"}],"wp:term":[{"taxonomy":"application","embeddable":true,"href":"https:\/\/www.yongyukitchenware.com\/de\/wp-json\/wp\/v2\/application?post=2754"},{"taxonomy":"product_brand","embeddable":true,"href":"https:\/\/www.yongyukitchenware.com\/de\/wp-json\/wp\/v2\/product_brand?post=2754"},{"taxonomy":"product_cat","embeddable":true,"href":"https:\/\/www.yongyukitchenware.com\/de\/wp-json\/wp\/v2\/product_cat?post=2754"},{"taxonomy":"product_tag","embeddable":true,"href":"https:\/\/www.yongyukitchenware.com\/de\/wp-json\/wp\/v2\/product_tag?post=2754"}],"curies":[{"name":"wp","href":"https:\/\/api.w.org\/{rel}","templated":true}]}}