{"id":2761,"date":"2025-01-17T17:39:32","date_gmt":"2025-01-17T17:39:32","guid":{"rendered":"https:\/\/www.yongyukitchenware.com\/?post_type=product&#038;p=2761"},"modified":"2025-06-14T02:46:41","modified_gmt":"2025-06-14T02:46:41","slug":"custom-chafing-dish-with-burner","status":"publish","type":"product","link":"https:\/\/www.yongyukitchenware.com\/de\/produkt\/custom-chafing-dish-with-burner\/","title":{"rendered":"Benutzerdefinierte Chafing Dish mit Brenner aus Edelstahl f\u00fcr Bankett"},"content":{"rendered":"<div class=\"wp-block-columns is-layout-flex wp-container-core-columns-is-layout-9d6595d7 wp-block-columns-is-layout-flex\">\n<div class=\"wp-block-column is-layout-flow wp-block-column-is-layout-flow\">\n<h2 class=\"wp-block-heading\">Parameter von Chafing Dish mit Brenner:<\/h2>\n\n\n\n<figure class=\"wp-block-table\"><table class=\"has-fixed-layout\"><tbody><tr><td>Modell<\/td><td>L\u00e4nge * Breite * H\u00f6he (cm)<\/td><td>Fassungsverm\u00f6gen (l)<\/td><td>Gewicht(kg)<\/td><td>MOQ<\/td><\/tr><tr><td>DY007-CL<\/td><td>43*44*30<\/td><td>6<\/td><td>7<\/td><td>2PCS<\/td><\/tr><\/tbody><\/table><\/figure>\n\n\n\n<h2 class=\"wp-block-heading\">Eigenschaften von Chafing Dish mit Brenner:<\/h2>\n\n\n\n<p><strong>Lebensmittelechtes Material aus Edelstahl: <\/strong>Hergestellt aus umweltfreundlichem Edelstahl, verschlei\u00dffest, poliert und leicht zu reinigen.<\/p>\n\n\n\n<p><strong>Quadratisches Design: <\/strong>Modernes, quadratisches Design, nimmt weniger Platz ein und ist einfach zu platzieren.<\/p>\n\n\n\n<p><strong>Hydraulischer Glasdeckel: <\/strong>Mit transparentem Glasfenster, hydraulischer Scharnierdeckelkonstruktion, G\u00e4ste k\u00f6nnen durch das Fenster direkt das Essen im Inneren sehen, leise und stabil beim \u00d6ffnen des Deckels, einfach zu bedienen<\/p>\n\n\n\n<p><strong>Effiziente W\u00e4rmeerhaltung: <\/strong>Ausgestattet mit einem eingebauten Brenner, bietet er eine konstante W\u00e4rmequelle, um Speisen lange warm zu halten, geeignet f\u00fcr gro\u00dfe Bankette oder Buffets.<\/p>\n\n\n\n<p><strong>Stabile Unterst\u00fctzung:<\/strong> Die Konstruktion der Halterung sorgt f\u00fcr einen stabilen Halt, verhindert ein Kippen oder Wackeln und erh\u00f6ht die Sicherheit.<\/p>\n<\/div>\n\n\n\n<div class=\"wp-block-column is-layout-flow wp-block-column-is-layout-flow\">\n<figure class=\"wp-block-image size-full\"><img decoding=\"async\" width=\"800\" height=\"800\" src=\"https:\/\/www.yongyukitchenware.com\/wp-content\/uploads\/2025\/01\/Custom-Chafing-Dish-with-Burner-Stainless-Steel-Standing-Legs.webp\" alt=\"Custom Chafing Dish mit Brenner Edelstahl Standf\u00fc\u00dfe\" class=\"wp-image-2771\" srcset=\"https:\/\/www.yongyukitchenware.com\/wp-content\/uploads\/2025\/01\/Custom-Chafing-Dish-with-Burner-Stainless-Steel-Standing-Legs.webp 800w, https:\/\/www.yongyukitchenware.com\/wp-content\/uploads\/2025\/01\/Custom-Chafing-Dish-with-Burner-Stainless-Steel-Standing-Legs-300x300.webp 300w, https:\/\/www.yongyukitchenware.com\/wp-content\/uploads\/2025\/01\/Custom-Chafing-Dish-with-Burner-Stainless-Steel-Standing-Legs-150x150.webp 150w, https:\/\/www.yongyukitchenware.com\/wp-content\/uploads\/2025\/01\/Custom-Chafing-Dish-with-Burner-Stainless-Steel-Standing-Legs-768x768.webp 768w, https:\/\/www.yongyukitchenware.com\/wp-content\/uploads\/2025\/01\/Custom-Chafing-Dish-with-Burner-Stainless-Steel-Standing-Legs-12x12.webp 12w, https:\/\/www.yongyukitchenware.com\/wp-content\/uploads\/2025\/01\/Custom-Chafing-Dish-with-Burner-Stainless-Steel-Standing-Legs-600x600.webp 600w, https:\/\/www.yongyukitchenware.com\/wp-content\/uploads\/2025\/01\/Custom-Chafing-Dish-with-Burner-Stainless-Steel-Standing-Legs-100x100.webp 100w\" sizes=\"(max-width: 800px) 100vw, 800px\" \/><\/figure>\n<\/div>\n<\/div>\n\n\n\n<p><\/p>","protected":false},"excerpt":{"rendered":"<p>Diese Chafing Dish mit Brenner ist aus langlebigem Edelstahl gefertigt und verf\u00fcgt \u00fcber einen Glasdeckel, der zum Reinigen leicht abgenommen werden kann. Die quadratische Form ist leicht und modern, perfekt f\u00fcr jede thematische Catering-Veranstaltung. F\u00fcr weitere Gro\u00dfhandelspreise und qualitativ hochwertige L\u00f6sungen, f\u00fchlen Sie sich frei, uns heute zu konsultieren!<\/p>\n<h2><!-- wp:heading --><\/h2>\n<h2 class=\"wp-block-heading\">Chafing Dish mit Brenner Eigenschaften :<\/h2>\n<h2><!-- \/wp:heading --><\/p>\n<p><!-- wp:paragraph --><\/h2>\n<p><strong>Material: <\/strong>Rostfreier Stahl<br \/><strong>Farbe: <\/strong>Silber<br \/><strong>Die Form:<\/strong> Quadratisch mit Scharnierdeckel<br \/><strong>W\u00e4rme: <\/strong>Alkohol oder elektrische Heizung<br \/><strong>Chafer Pan: <\/strong>Einzelner Raster<br \/><strong>OEM\/ODM: <\/strong>Verf\u00fcgbar<\/p>\n<h2 class=\"wp-block-heading\">Von Yongyu Chafing Dish Hersteller :<\/h2>\n<p>Ob es sich um einen Catering-Service-Anbieter, Hotel und Restaurant, oder Event-Planung Unternehmen, bieten wir komplette Chafing Gerichte Gro\u00dfhandel benutzerdefinierte L\u00f6sungen, um Ihr Unternehmen mit hochwertigen Fabrik Preise!<\/p>\n<h2><!-- \/wp:paragraph --><\/h2>","protected":false},"featured_media":2770,"comment_status":"closed","ping_status":"closed","template":"","meta":{"_acf_changed":false},"application":[30],"product_brand":[],"product_cat":[33],"product_tag":[],"class_list":{"0":"post-2761","1":"product","2":"type-product","3":"status-publish","4":"has-post-thumbnail","6":"application-hotel-catering","7":"product_cat-chafing-dishes-wholesale","9":"first","10":"instock","11":"shipping-taxable","12":"product-type-simple"},"acf":[],"_links":{"self":[{"href":"https:\/\/www.yongyukitchenware.com\/de\/wp-json\/wp\/v2\/product\/2761","targetHints":{"allow":["GET"]}}],"collection":[{"href":"https:\/\/www.yongyukitchenware.com\/de\/wp-json\/wp\/v2\/product"}],"about":[{"href":"https:\/\/www.yongyukitchenware.com\/de\/wp-json\/wp\/v2\/types\/product"}],"replies":[{"embeddable":true,"href":"https:\/\/www.yongyukitchenware.com\/de\/wp-json\/wp\/v2\/comments?post=2761"}],"wp:featuredmedia":[{"embeddable":true,"href":"https:\/\/www.yongyukitchenware.com\/de\/wp-json\/wp\/v2\/media\/2770"}],"wp:attachment":[{"href":"https:\/\/www.yongyukitchenware.com\/de\/wp-json\/wp\/v2\/media?parent=2761"}],"wp:term":[{"taxonomy":"application","embeddable":true,"href":"https:\/\/www.yongyukitchenware.com\/de\/wp-json\/wp\/v2\/application?post=2761"},{"taxonomy":"product_brand","embeddable":true,"href":"https:\/\/www.yongyukitchenware.com\/de\/wp-json\/wp\/v2\/product_brand?post=2761"},{"taxonomy":"product_cat","embeddable":true,"href":"https:\/\/www.yongyukitchenware.com\/de\/wp-json\/wp\/v2\/product_cat?post=2761"},{"taxonomy":"product_tag","embeddable":true,"href":"https:\/\/www.yongyukitchenware.com\/de\/wp-json\/wp\/v2\/product_tag?post=2761"}],"curies":[{"name":"wp","href":"https:\/\/api.w.org\/{rel}","templated":true}]}}