{"id":2762,"date":"2025-01-17T17:54:31","date_gmt":"2025-01-17T17:54:31","guid":{"rendered":"https:\/\/www.yongyukitchenware.com\/?post_type=product&#038;p=2762"},"modified":"2025-06-14T02:44:38","modified_gmt":"2025-06-14T02:44:38","slug":"6-qt-chafing-dish-wholesale","status":"publish","type":"product","link":"https:\/\/www.yongyukitchenware.com\/de\/produkt\/6-qt-chafing-dish-wholesale\/","title":{"rendered":"Hochwertige 6 QT Chafing Dish Gro\u00dfhandel f\u00fcr Hotel Restaurant"},"content":{"rendered":"<div class=\"wp-block-columns is-layout-flex wp-container-core-columns-is-layout-9d6595d7 wp-block-columns-is-layout-flex\">\n<div class=\"wp-block-column is-layout-flow wp-block-column-is-layout-flow\">\n<h2 class=\"wp-block-heading\">6 QT Chafing Dish Parameter:<\/h2>\n\n\n\n<figure class=\"wp-block-table\"><table class=\"has-fixed-layout\"><tbody><tr><td>Modell<\/td><td>L\u00e4nge * Breite * H\u00f6he (cm)<\/td><td>Fassungsverm\u00f6gen (l)<\/td><td>Gewicht(kg)<\/td><td>MOQ<\/td><\/tr><tr><td rowspan=\"2\">DY017-CL<\/td><td>41*43*23<\/td><td rowspan=\"2\">6<\/td><td>10.4<\/td><td rowspan=\"2\">2PCS<\/td><\/tr><tr><td>41*43*29<\/td><td>10.1<\/td><\/tr><\/tbody><\/table><\/figure>\n\n\n\n<h2 class=\"wp-block-heading\">6 QT Chafing Dish Merkmale:<\/h2>\n\n\n\n<p><strong>Premium-Edelstahl Material:<\/strong> Diese 6-Quadrat-Chafing-Dish ist aus haltbarem, lebensmittelechtem Edelstahl gefertigt, der daf\u00fcr sorgt, dass das Produkt auf lange Sicht nicht rostet.<\/p>\n\n\n\n<p><strong>6-QT Fassungsverm\u00f6gen:<\/strong> kompakt, aber gro\u00df genug f\u00fcr eine Vielzahl von Gerichten, geeignet f\u00fcr verschiedene Gr\u00f6\u00dfen von Servierbedarf.<\/p>\n\n\n\n<p><strong>Zwei Heizmethoden:<\/strong> Alkoholische und elektrische Heizplatten sind f\u00fcr unterschiedliche Bed\u00fcrfnisse erh\u00e4ltlich<\/p>\n\n\n\n<p><strong>Leicht zu reinigen und zu pflegen:<\/strong> Die glatte Edelstahloberfl\u00e4che und der Glasdeckel sind schmutzunempfindlich, leicht und schnell zu reinigen.<\/p>\n\n\n\n<p><strong>Multifunktionale Anwendbarkeit: <\/strong>weit verbreitet in Hotels, bei B\u00fcfetts, Banketten und anderen gastronomischen Anl\u00e4ssen<\/p>\n\n\n\n<p><strong>Einfach zu handhaben:<\/strong> Unterschiedliche H\u00f6hen erleichtern dem Servicepersonal das Hinzuf\u00fcgen von Speisen oder das Vornehmen von Anpassungen.<\/p>\n<\/div>\n\n\n\n<div class=\"wp-block-column is-layout-flow wp-block-column-is-layout-flow\">\n<figure class=\"wp-block-image size-full\"><img decoding=\"async\" width=\"800\" height=\"800\" src=\"https:\/\/www.yongyukitchenware.com\/wp-content\/uploads\/2025\/01\/High-Quality-6-QT-Chafing-Dish-Wholesale-Hotel-Buffet-Stove-High-1.webp\" alt=\"Hochwertige 6 QT Chafing Dish Gro\u00dfhandel Hotel Buffet Herd hoch (1)\" class=\"wp-image-2763\" srcset=\"https:\/\/www.yongyukitchenware.com\/wp-content\/uploads\/2025\/01\/High-Quality-6-QT-Chafing-Dish-Wholesale-Hotel-Buffet-Stove-High-1.webp 800w, https:\/\/www.yongyukitchenware.com\/wp-content\/uploads\/2025\/01\/High-Quality-6-QT-Chafing-Dish-Wholesale-Hotel-Buffet-Stove-High-1-300x300.webp 300w, https:\/\/www.yongyukitchenware.com\/wp-content\/uploads\/2025\/01\/High-Quality-6-QT-Chafing-Dish-Wholesale-Hotel-Buffet-Stove-High-1-150x150.webp 150w, https:\/\/www.yongyukitchenware.com\/wp-content\/uploads\/2025\/01\/High-Quality-6-QT-Chafing-Dish-Wholesale-Hotel-Buffet-Stove-High-1-768x768.webp 768w, https:\/\/www.yongyukitchenware.com\/wp-content\/uploads\/2025\/01\/High-Quality-6-QT-Chafing-Dish-Wholesale-Hotel-Buffet-Stove-High-1-12x12.webp 12w, https:\/\/www.yongyukitchenware.com\/wp-content\/uploads\/2025\/01\/High-Quality-6-QT-Chafing-Dish-Wholesale-Hotel-Buffet-Stove-High-1-600x600.webp 600w, https:\/\/www.yongyukitchenware.com\/wp-content\/uploads\/2025\/01\/High-Quality-6-QT-Chafing-Dish-Wholesale-Hotel-Buffet-Stove-High-1-100x100.webp 100w\" sizes=\"(max-width: 800px) 100vw, 800px\" \/><\/figure>\n<\/div>\n<\/div>","protected":false},"excerpt":{"rendered":"<p>Unser hochwertiger 6-Quadratmeter-Chafing Dish aus langlebigem Edelstahl ist als Brennstoff- oder Elektroheizung erh\u00e4ltlich, und der Klarglasdeckel h\u00e4lt die Speisen warm und ist gut sichtbar. Sie sind sicher, hygienisch und kosteng\u00fcnstig in gro\u00dfen Mengen erh\u00e4ltlich und eignen sich ideal f\u00fcr Buffets.<\/p>\n<h2><!-- wp:heading --><\/h2>\n<h2 class=\"wp-block-heading\">6 QT Chafing Dish Attribute :<\/h2>\n<h2><!-- \/wp:heading --><\/p>\n<p><!-- wp:paragraph --><\/h2>\n<p><strong>Material: <\/strong>Rostfreier Stahl<br \/><strong>Farbe: <\/strong>Silber<br \/><strong>Die Form: <\/strong>Quadratisch mit Scharnierdeckel<br \/><strong>W\u00e4rme: <\/strong>Alkohol oder elektrische Heizung<br \/><strong>Chafer Pan: <\/strong>Einzelner Raster<br \/><strong>OEM\/ODM: <\/strong>Verf\u00fcgbar<\/p>\n<h2 class=\"wp-block-heading\">Von Yongyu Chafing Dish Hersteller :<\/h2>\n<p>Ob es sich um einen Catering-Service-Anbieter, Hotel und Restaurant, oder Event-Planung Unternehmen, bieten wir komplette Chafing Gerichte Gro\u00dfhandel benutzerdefinierte L\u00f6sungen, um Ihr Unternehmen mit hochwertigen Fabrik Preise!<\/p>\n<h2><!-- \/wp:paragraph --><\/h2>","protected":false},"featured_media":2764,"comment_status":"closed","ping_status":"closed","template":"","meta":{"_acf_changed":false},"application":[30],"product_brand":[],"product_cat":[33],"product_tag":[],"class_list":{"0":"post-2762","1":"product","2":"type-product","3":"status-publish","4":"has-post-thumbnail","6":"application-hotel-catering","7":"product_cat-chafing-dishes-wholesale","9":"first","10":"instock","11":"shipping-taxable","12":"product-type-simple"},"acf":[],"_links":{"self":[{"href":"https:\/\/www.yongyukitchenware.com\/de\/wp-json\/wp\/v2\/product\/2762","targetHints":{"allow":["GET"]}}],"collection":[{"href":"https:\/\/www.yongyukitchenware.com\/de\/wp-json\/wp\/v2\/product"}],"about":[{"href":"https:\/\/www.yongyukitchenware.com\/de\/wp-json\/wp\/v2\/types\/product"}],"replies":[{"embeddable":true,"href":"https:\/\/www.yongyukitchenware.com\/de\/wp-json\/wp\/v2\/comments?post=2762"}],"wp:featuredmedia":[{"embeddable":true,"href":"https:\/\/www.yongyukitchenware.com\/de\/wp-json\/wp\/v2\/media\/2764"}],"wp:attachment":[{"href":"https:\/\/www.yongyukitchenware.com\/de\/wp-json\/wp\/v2\/media?parent=2762"}],"wp:term":[{"taxonomy":"application","embeddable":true,"href":"https:\/\/www.yongyukitchenware.com\/de\/wp-json\/wp\/v2\/application?post=2762"},{"taxonomy":"product_brand","embeddable":true,"href":"https:\/\/www.yongyukitchenware.com\/de\/wp-json\/wp\/v2\/product_brand?post=2762"},{"taxonomy":"product_cat","embeddable":true,"href":"https:\/\/www.yongyukitchenware.com\/de\/wp-json\/wp\/v2\/product_cat?post=2762"},{"taxonomy":"product_tag","embeddable":true,"href":"https:\/\/www.yongyukitchenware.com\/de\/wp-json\/wp\/v2\/product_tag?post=2762"}],"curies":[{"name":"wp","href":"https:\/\/api.w.org\/{rel}","templated":true}]}}