{"id":2766,"date":"2025-01-17T17:48:53","date_gmt":"2025-01-17T17:48:53","guid":{"rendered":"https:\/\/www.yongyukitchenware.com\/?post_type=product&#038;p=2766"},"modified":"2025-06-14T02:45:31","modified_gmt":"2025-06-14T02:45:31","slug":"wholesale-chafer-dish","status":"publish","type":"product","link":"https:\/\/www.yongyukitchenware.com\/de\/produkt\/wholesale-chafer-dish\/","title":{"rendered":"Gro\u00dfhandel Chafer Dish Runde Edelstahl mit Glasabdeckung"},"content":{"rendered":"<div class=\"wp-block-columns is-layout-flex wp-container-core-columns-is-layout-9d6595d7 wp-block-columns-is-layout-flex\">\n<div class=\"wp-block-column is-layout-flow wp-block-column-is-layout-flow\">\n<h2 class=\"wp-block-heading\">K\u00e4fersch\u00fcssel Parameter:<\/h2>\n\n\n\n<figure class=\"wp-block-table\"><table class=\"has-fixed-layout\"><tbody><tr><td>Modell<\/td><td>L\u00e4nge * Breite * H\u00f6he (cm)<\/td><td>Fassungsverm\u00f6gen (l)<\/td><td>Gewicht(kg)<\/td><td>MOQ<\/td><\/tr><tr><td rowspan=\"2\">DY017-CL<\/td><td>52*43*23<\/td><td rowspan=\"2\">6<\/td><td>9.8<\/td><td rowspan=\"2\">2PCS<\/td><\/tr><tr><td>52*43*30<\/td><td>9.8<\/td><\/tr><\/tbody><\/table><\/figure>\n\n\n\n<h2 class=\"wp-block-heading\">Chafer Dish Merkmale:<\/h2>\n\n\n\n<p><strong>Langlebig:<\/strong> Diese Auflaufform ist aus hochwertigem rostfreiem Stahl gefertigt, korrosionsbest\u00e4ndig und hochtemperaturbest\u00e4ndig, so dass eine langfristige Nutzung gew\u00e4hrleistet ist.<\/p>\n\n\n\n<p><strong>Rundes Design: <\/strong>Ein klassisches rundes Design f\u00fcr eine gleichm\u00e4\u00dfigere Erw\u00e4rmung der Speisen, geeignet f\u00fcr alle Arten von Buffet- und Bankettveranstaltungen.<\/p>\n\n\n\n<p><strong>Zwei Heizmethoden:<\/strong> F\u00fcr unterschiedliche Anforderungen stehen Alkoholheizungen und elektrische Heizplatten zur Verf\u00fcgung<\/p>\n\n\n\n<p><strong>Runder Deckel:<\/strong> Verst\u00e4rkte hydraulische D\u00e4mpfung Topfdeckel kann leise und langsam geschlossen werden, leicht zu \u00f6ffnen und zu schlie\u00dfen, und hat einen transparenten Glasdeckel, leicht zu \u00fcberpr\u00fcfen, die Lebensmittel Status<\/p>\n\n\n\n<p><strong>Geteiltes Design:<\/strong> Der Topf und der Herd k\u00f6nnen getrennt werden, was die Reinigung erleichtert.<\/p>\n<\/div>\n\n\n\n<div class=\"wp-block-column is-layout-flow wp-block-column-is-layout-flow\">\n<figure class=\"wp-block-image size-full\"><img decoding=\"async\" width=\"800\" height=\"800\" src=\"https:\/\/www.yongyukitchenware.com\/wp-content\/uploads\/2025\/01\/Wholesale-Chafer-Dish-Round-Stainless-Steel-in-short-Heights-2.webp\" alt=\"Gro\u00dfhandel Chafer Dish Runde Edelstahl in kurzen H\u00f6hen (2)\" class=\"wp-image-2767\" srcset=\"https:\/\/www.yongyukitchenware.com\/wp-content\/uploads\/2025\/01\/Wholesale-Chafer-Dish-Round-Stainless-Steel-in-short-Heights-2.webp 800w, https:\/\/www.yongyukitchenware.com\/wp-content\/uploads\/2025\/01\/Wholesale-Chafer-Dish-Round-Stainless-Steel-in-short-Heights-2-300x300.webp 300w, https:\/\/www.yongyukitchenware.com\/wp-content\/uploads\/2025\/01\/Wholesale-Chafer-Dish-Round-Stainless-Steel-in-short-Heights-2-150x150.webp 150w, https:\/\/www.yongyukitchenware.com\/wp-content\/uploads\/2025\/01\/Wholesale-Chafer-Dish-Round-Stainless-Steel-in-short-Heights-2-768x768.webp 768w, https:\/\/www.yongyukitchenware.com\/wp-content\/uploads\/2025\/01\/Wholesale-Chafer-Dish-Round-Stainless-Steel-in-short-Heights-2-12x12.webp 12w, https:\/\/www.yongyukitchenware.com\/wp-content\/uploads\/2025\/01\/Wholesale-Chafer-Dish-Round-Stainless-Steel-in-short-Heights-2-600x600.webp 600w, https:\/\/www.yongyukitchenware.com\/wp-content\/uploads\/2025\/01\/Wholesale-Chafer-Dish-Round-Stainless-Steel-in-short-Heights-2-100x100.webp 100w\" sizes=\"(max-width: 800px) 100vw, 800px\" \/><\/figure>\n<\/div>\n<\/div>","protected":false},"excerpt":{"rendered":"<p>Entdecken Sie Yongyu Premium-Gro\u00dfhandel runde Edelstahl Chafer Gericht in zwei bequemen H\u00f6hen zur Verf\u00fcgung. unsere langlebig und stilvoll Essen W\u00e4rmer perfekt f\u00fcr Caterer und Restaurants, sicherzustellen, dass Lebensmittel auf die ideale Temperatur serviert bleibt. Kaufen Sie jetzt f\u00fcr unschlagbare Preise und Qualit\u00e4t!<\/p>\n<h2><!-- wp:heading --><\/h2>\n<h2 class=\"wp-block-heading\">Chafer Dish Attribute :<\/h2>\n<h2><!-- \/wp:heading --><\/p>\n<p><!-- wp:paragraph --><\/h2>\n<p><strong>Material: <\/strong>Rostfreier Stahl<br \/><strong>Farbe: <\/strong>Silber<br \/><strong>Die Form:<\/strong> Rund mit Scharnierdeckel<br \/><strong>W\u00e4rme: <\/strong>Alkohol oder elektrische Heizung<br \/><strong>Chafer Pan: <\/strong>Einzelner Raster<br \/><strong>OEM\/ODM: <\/strong>Verf\u00fcgbar<\/p>\n<h2 class=\"wp-block-heading\">Von Yongyu Chafing Dish Hersteller :<\/h2>\n<p>Ob es sich um einen Catering-Service-Anbieter, Hotel und Restaurant, oder Event-Planung Unternehmen, bieten wir komplette Chafing Gerichte Gro\u00dfhandel benutzerdefinierte L\u00f6sungen, um Ihr Unternehmen mit hochwertigen Fabrik Preise!<\/p>\n<h2><!-- \/wp:paragraph --><\/h2>","protected":false},"featured_media":2768,"comment_status":"closed","ping_status":"closed","template":"","meta":{"_acf_changed":false},"application":[30],"product_brand":[],"product_cat":[33],"product_tag":[],"class_list":{"0":"post-2766","1":"product","2":"type-product","3":"status-publish","4":"has-post-thumbnail","6":"application-hotel-catering","7":"product_cat-chafing-dishes-wholesale","9":"first","10":"instock","11":"shipping-taxable","12":"product-type-simple"},"acf":[],"_links":{"self":[{"href":"https:\/\/www.yongyukitchenware.com\/de\/wp-json\/wp\/v2\/product\/2766","targetHints":{"allow":["GET"]}}],"collection":[{"href":"https:\/\/www.yongyukitchenware.com\/de\/wp-json\/wp\/v2\/product"}],"about":[{"href":"https:\/\/www.yongyukitchenware.com\/de\/wp-json\/wp\/v2\/types\/product"}],"replies":[{"embeddable":true,"href":"https:\/\/www.yongyukitchenware.com\/de\/wp-json\/wp\/v2\/comments?post=2766"}],"wp:featuredmedia":[{"embeddable":true,"href":"https:\/\/www.yongyukitchenware.com\/de\/wp-json\/wp\/v2\/media\/2768"}],"wp:attachment":[{"href":"https:\/\/www.yongyukitchenware.com\/de\/wp-json\/wp\/v2\/media?parent=2766"}],"wp:term":[{"taxonomy":"application","embeddable":true,"href":"https:\/\/www.yongyukitchenware.com\/de\/wp-json\/wp\/v2\/application?post=2766"},{"taxonomy":"product_brand","embeddable":true,"href":"https:\/\/www.yongyukitchenware.com\/de\/wp-json\/wp\/v2\/product_brand?post=2766"},{"taxonomy":"product_cat","embeddable":true,"href":"https:\/\/www.yongyukitchenware.com\/de\/wp-json\/wp\/v2\/product_cat?post=2766"},{"taxonomy":"product_tag","embeddable":true,"href":"https:\/\/www.yongyukitchenware.com\/de\/wp-json\/wp\/v2\/product_tag?post=2766"}],"curies":[{"name":"wp","href":"https:\/\/api.w.org\/{rel}","templated":true}]}}