{"id":2779,"date":"2025-01-17T16:59:49","date_gmt":"2025-01-17T16:59:49","guid":{"rendered":"https:\/\/www.yongyukitchenware.com\/?post_type=product&#038;p=2779"},"modified":"2025-06-14T02:48:41","modified_gmt":"2025-06-14T02:48:41","slug":"wholesale-gold-chafing-dishes","status":"publish","type":"product","link":"https:\/\/www.yongyukitchenware.com\/de\/produkt\/wholesale-gold-chafing-dishes\/","title":{"rendered":"Gro\u00dfhandel Gold Chafing Dishes 6L mit Glasdeckel und Stand"},"content":{"rendered":"<div class=\"wp-block-columns is-layout-flex wp-container-core-columns-is-layout-9d6595d7 wp-block-columns-is-layout-flex\">\n<div class=\"wp-block-column is-layout-flow wp-block-column-is-layout-flow\">\n<h2 class=\"wp-block-heading\">Gold Chafing Dishes Parameter:<\/h2>\n\n\n\n<figure class=\"wp-block-table\"><table class=\"has-fixed-layout\"><tbody><tr><td>Modell<\/td><td>L\u00e4nge * Breite * H\u00f6he (cm)<\/td><td>Fassungsverm\u00f6gen (l)<\/td><td>Gewicht(kg)<\/td><td>MOQ<\/td><\/tr><tr><td>DY007-CL<\/td><td>43*44*30<\/td><td>6<\/td><td>7<\/td><td>2PCS<\/td><\/tr><\/tbody><\/table><\/figure>\n\n\n\n<h2 class=\"wp-block-heading\">Gold Chafing Dishes Merkmale:<\/h2>\n\n\n\n<p><strong>Langlebiger Edelstahl: <\/strong>Das gesamte Geh\u00e4use ist aus hochwertigem Edelstahl gefertigt, geeignet f\u00fcr den langfristigen Einsatz, verschlei\u00dffest und korrosionsbest\u00e4ndig, glatt und leicht zu reinigen.<\/p>\n\n\n\n<p><strong>Goldenes, wundersch\u00f6nes Aussehen:<\/strong> Das quadratische, goldene Erscheinungsbild verleiht ein Gef\u00fchl von Einzigartigkeit und Luxus, wertet das Catering insgesamt auf und verleiht dem gedeckten Tisch Attraktivit\u00e4t.<\/p>\n\n\n\n<p><strong>Hydraulischer Glasdeckel: <\/strong>mit einem transparenten Glasfenster Design, kann klar sehen, die Lebensmittel im Inneren, die Verringerung der Anzahl der Zeiten \u00f6ffnen Sie den Deckel. Hydraulische leisen Deckel, langsam und leise \u00f6ffnen und schlie\u00dfen, verbessert die Benutzererfahrung.<\/p>\n\n\n\n<p><strong>Stabile Unterst\u00fctzung: <\/strong>Die stabile Fu\u00dfkonstruktion sorgt f\u00fcr Sicherheit bei der Benutzung und verhindert ein Kippen oder Umkippen.<\/p>\n\n\n\n<p><strong>Geteiltes Design: <\/strong>Das Becken und der Herd des goldenen Kochtopfs k\u00f6nnen getrennt werden, was die Reinigung erleichtert und weniger Platz in Anspruch nimmt, so dass er leicht zu platzieren ist.<\/p>\n<\/div>\n\n\n\n<div class=\"wp-block-column is-layout-flow wp-block-column-is-layout-flow\">\n<figure class=\"wp-block-image size-full\"><img decoding=\"async\" width=\"800\" height=\"800\" src=\"https:\/\/www.yongyukitchenware.com\/wp-content\/uploads\/2025\/01\/Wholesale-Gold-Chafing-Dishes-Standing-Legs.webp\" alt=\"Gro\u00dfhandel Gold Chafing Dishes Standing Legs\" class=\"wp-image-2780\" srcset=\"https:\/\/www.yongyukitchenware.com\/wp-content\/uploads\/2025\/01\/Wholesale-Gold-Chafing-Dishes-Standing-Legs.webp 800w, https:\/\/www.yongyukitchenware.com\/wp-content\/uploads\/2025\/01\/Wholesale-Gold-Chafing-Dishes-Standing-Legs-300x300.webp 300w, https:\/\/www.yongyukitchenware.com\/wp-content\/uploads\/2025\/01\/Wholesale-Gold-Chafing-Dishes-Standing-Legs-150x150.webp 150w, https:\/\/www.yongyukitchenware.com\/wp-content\/uploads\/2025\/01\/Wholesale-Gold-Chafing-Dishes-Standing-Legs-768x768.webp 768w, https:\/\/www.yongyukitchenware.com\/wp-content\/uploads\/2025\/01\/Wholesale-Gold-Chafing-Dishes-Standing-Legs-12x12.webp 12w, https:\/\/www.yongyukitchenware.com\/wp-content\/uploads\/2025\/01\/Wholesale-Gold-Chafing-Dishes-Standing-Legs-600x600.webp 600w, https:\/\/www.yongyukitchenware.com\/wp-content\/uploads\/2025\/01\/Wholesale-Gold-Chafing-Dishes-Standing-Legs-100x100.webp 100w\" sizes=\"(max-width: 800px) 100vw, 800px\" \/><\/figure>\n<\/div>\n<\/div>\n\n\n\n<p><\/p>","protected":false},"excerpt":{"rendered":"<p>Yongyu Gro\u00dfhandel Gold Chafing Dish, aus hochwertigem Edelstahl, mit hellen, glatten und luxuri\u00f6sen Aussehen, ist einer der hei\u00df-verkauften Stile der Catering-Ausr\u00fcstung. Wir unterst\u00fctzen Anpassungsdienste und Logistikdienste f\u00fcr Amazon Lazada Verk\u00e4ufer. Willkommen zu erkundigen!<\/p>\n<h2><!-- wp:heading --><\/h2>\n<h2 class=\"wp-block-heading\">Gold Chafing Dishes Attribute :<\/h2>\n<h2><!-- \/wp:heading --><\/p>\n<p><!-- wp:paragraph --><\/h2>\n<p><strong>Material: <\/strong>Rostfreier Stahl<br \/><strong>Farbe: <\/strong>Gold<br \/><strong>Die Form:<\/strong> Quadratisch mit Scharnierdeckel<br \/><strong>W\u00e4rme: <\/strong>Alkohol oder elektrische Heizung<br \/><strong>Chafer Pan: <\/strong>Einzelner Raster<br \/><strong>OEM\/ODM: <\/strong>Verf\u00fcgbar<\/p>\n<h2 class=\"wp-block-heading\">Von Yongyu Chafing Dish Hersteller :<\/h2>\n<p>Ob es sich um einen Catering-Service-Anbieter, Hotel und Restaurant, oder Event-Planung Unternehmen, bieten wir komplette Chafing Gerichte Gro\u00dfhandel benutzerdefinierte L\u00f6sungen, um Ihr Unternehmen mit hochwertigen Fabrik Preise!<\/p>\n<h2><!-- \/wp:paragraph --><\/h2>","protected":false},"featured_media":2780,"comment_status":"closed","ping_status":"closed","template":"","meta":{"_acf_changed":false},"application":[30],"product_brand":[],"product_cat":[33],"product_tag":[],"class_list":{"0":"post-2779","1":"product","2":"type-product","3":"status-publish","4":"has-post-thumbnail","6":"application-hotel-catering","7":"product_cat-chafing-dishes-wholesale","9":"first","10":"instock","11":"shipping-taxable","12":"product-type-simple"},"acf":[],"_links":{"self":[{"href":"https:\/\/www.yongyukitchenware.com\/de\/wp-json\/wp\/v2\/product\/2779","targetHints":{"allow":["GET"]}}],"collection":[{"href":"https:\/\/www.yongyukitchenware.com\/de\/wp-json\/wp\/v2\/product"}],"about":[{"href":"https:\/\/www.yongyukitchenware.com\/de\/wp-json\/wp\/v2\/types\/product"}],"replies":[{"embeddable":true,"href":"https:\/\/www.yongyukitchenware.com\/de\/wp-json\/wp\/v2\/comments?post=2779"}],"wp:featuredmedia":[{"embeddable":true,"href":"https:\/\/www.yongyukitchenware.com\/de\/wp-json\/wp\/v2\/media\/2780"}],"wp:attachment":[{"href":"https:\/\/www.yongyukitchenware.com\/de\/wp-json\/wp\/v2\/media?parent=2779"}],"wp:term":[{"taxonomy":"application","embeddable":true,"href":"https:\/\/www.yongyukitchenware.com\/de\/wp-json\/wp\/v2\/application?post=2779"},{"taxonomy":"product_brand","embeddable":true,"href":"https:\/\/www.yongyukitchenware.com\/de\/wp-json\/wp\/v2\/product_brand?post=2779"},{"taxonomy":"product_cat","embeddable":true,"href":"https:\/\/www.yongyukitchenware.com\/de\/wp-json\/wp\/v2\/product_cat?post=2779"},{"taxonomy":"product_tag","embeddable":true,"href":"https:\/\/www.yongyukitchenware.com\/de\/wp-json\/wp\/v2\/product_tag?post=2779"}],"curies":[{"name":"wp","href":"https:\/\/api.w.org\/{rel}","templated":true}]}}