{"id":2781,"date":"2025-01-17T17:15:47","date_gmt":"2025-01-17T17:15:47","guid":{"rendered":"https:\/\/www.yongyukitchenware.com\/?post_type=product&#038;p=2781"},"modified":"2025-07-10T09:38:44","modified_gmt":"2025-07-10T09:38:44","slug":"wholesale-chafing-dishes-gold","status":"publish","type":"product","link":"https:\/\/www.yongyukitchenware.com\/de\/produkt\/wholesale-chafing-dishes-gold\/","title":{"rendered":"Gro\u00dfhandel Chafing Dishes Gold Runde Edelstahl mit Griff"},"content":{"rendered":"<div class=\"wp-block-columns is-layout-flex wp-container-core-columns-is-layout-9d6595d7 wp-block-columns-is-layout-flex\">\n<div class=\"wp-block-column is-layout-flow wp-block-column-is-layout-flow\">\n<h2 class=\"wp-block-heading\">Chafing Dishes Gold Parameter:<\/h2>\n\n\n\n<figure class=\"wp-block-table\"><table class=\"has-fixed-layout\"><tbody><tr><td>Modell<\/td><td>L\u00e4nge * Breite * H\u00f6he (cm)<\/td><td>Fassungsverm\u00f6gen (l)<\/td><td>Gewicht(kg)<\/td><td>MOQ<\/td><\/tr><tr><td>DY007-CL<\/td><td>46*50*28<\/td><td>6<\/td><td>7.3<\/td><td>2PCS<\/td><\/tr><\/tbody><\/table><\/figure>\n\n\n\n<h2 class=\"wp-block-heading\">Chafing Dishes Gold Merkmale:<\/h2>\n\n\n\n<p><strong>Stabile Unterst\u00fctzung:<\/strong> Die stabile Standfu\u00dfkonstruktion sorgt f\u00fcr Sicherheit bei der Benutzung und verhindert ein Kippen oder Umkippen.<\/p>\n\n\n\n<p><strong>Zwei Heizmethoden: <\/strong>Alkoholheizung und elektrische Heizplattenheizung f\u00fcr unterschiedliche Bed\u00fcrfnisse<\/p>\n\n\n\n<p><strong>Langlebig:<\/strong> Runde Chafing Dishes Gold ist aus lebensmittelechtem Edelstahl gefertigt, das Material ist sicher und langlebig<\/p>\n\n\n\n<p><strong>Bequemer Handgriff:<\/strong> Die Chafing Dishes Gold ist mit einem Griff f\u00fcr eine einfache Bedienung und Bewegung, die Verbesserung der Bequemlichkeit und Komfort der Nutzung gesetzt.<\/p>\n\n\n\n<p><strong>Multi-Szenario-Anwendung:<\/strong> Geeignet f\u00fcr Buffets, Hotels, Bankette, Hochzeiten und verschiedene andere formelle Catering-Veranstaltungen.<\/p>\n\n\n\n<p><strong>Goldfarbene Verzierung:<\/strong> goldfarbene Details verbessern nicht nur das \u00e4sthetische Erscheinungsbild, sondern machen es auch attraktiver<\/p>\n<\/div>\n\n\n\n<div class=\"wp-block-column is-layout-flow wp-block-column-is-layout-flow\">\n<figure class=\"wp-block-image size-full\"><img decoding=\"async\" width=\"800\" height=\"800\" src=\"https:\/\/www.yongyukitchenware.com\/wp-content\/uploads\/2025\/01\/Wholesale-Chafing-Dishes-Gold-Round-Stainless-Steel-with-Handles.webp\" alt=\"Gro\u00dfhandel Chafing Dishes Gold Runde Edelstahl mit Griffen\" class=\"wp-image-2782\" srcset=\"https:\/\/www.yongyukitchenware.com\/wp-content\/uploads\/2025\/01\/Wholesale-Chafing-Dishes-Gold-Round-Stainless-Steel-with-Handles.webp 800w, https:\/\/www.yongyukitchenware.com\/wp-content\/uploads\/2025\/01\/Wholesale-Chafing-Dishes-Gold-Round-Stainless-Steel-with-Handles-300x300.webp 300w, https:\/\/www.yongyukitchenware.com\/wp-content\/uploads\/2025\/01\/Wholesale-Chafing-Dishes-Gold-Round-Stainless-Steel-with-Handles-150x150.webp 150w, https:\/\/www.yongyukitchenware.com\/wp-content\/uploads\/2025\/01\/Wholesale-Chafing-Dishes-Gold-Round-Stainless-Steel-with-Handles-768x768.webp 768w, https:\/\/www.yongyukitchenware.com\/wp-content\/uploads\/2025\/01\/Wholesale-Chafing-Dishes-Gold-Round-Stainless-Steel-with-Handles-12x12.webp 12w, https:\/\/www.yongyukitchenware.com\/wp-content\/uploads\/2025\/01\/Wholesale-Chafing-Dishes-Gold-Round-Stainless-Steel-with-Handles-600x600.webp 600w, https:\/\/www.yongyukitchenware.com\/wp-content\/uploads\/2025\/01\/Wholesale-Chafing-Dishes-Gold-Round-Stainless-Steel-with-Handles-100x100.webp 100w\" sizes=\"(max-width: 800px) 100vw, 800px\" \/><\/figure>\n<\/div>\n<\/div>\n\n\n\n<p><\/p>","protected":false},"excerpt":{"rendered":"<p>\u00a0Willkommen Gro\u00dfhandel Chafing Gerichte Gold ist aus strapazierf\u00e4higem Edelstahl gefertigt, mit eleganten goldenen Oberfl\u00e4chen und bequeme Griffe f\u00fcr einfache Handhabung. Fabrikpreis, hohe Qualit\u00e4tsgarantie, One-Stop-Anpassung, willkommen, uns jetzt f\u00fcr weitere Informationen zu kontaktieren!<\/p>\n<h2><!-- wp:heading --><\/h2>\n<h2 class=\"wp-block-heading\">Chafing Dishes Gold Attribute :<\/h2>\n<h2><!-- \/wp:heading --><\/p>\n<p><!-- wp:paragraph --><\/h2>\n<p><strong>Material: <\/strong>Rostfreier Stahl<br \/><strong>Farbe: <\/strong>Gold<br \/><strong>Die Form:<\/strong> Rund mit Scharnierdeckel<br \/><strong>W\u00e4rme: <\/strong>Alkohol oder elektrische Heizung<br \/><strong>Chafer Pan: <\/strong>Einzelner Raster<br \/><strong>OEM\/ODM: <\/strong>Verf\u00fcgbar<\/p>\n<h2 class=\"wp-block-heading\">Von Yongyu Chafing Dish Hersteller :<\/h2>\n<p>Ob es sich um einen Catering-Service-Anbieter, Hotel und Restaurant, oder Event-Planung Unternehmen, bieten wir komplette Chafing Gerichte Gro\u00dfhandel benutzerdefinierte L\u00f6sungen, um Ihr Unternehmen mit hochwertigen Fabrik Preise!<\/p>\n<h2><!-- \/wp:paragraph --><\/h2>","protected":false},"featured_media":2782,"comment_status":"closed","ping_status":"closed","template":"","meta":{"_acf_changed":false},"application":[30],"product_brand":[],"product_cat":[33],"product_tag":[],"class_list":{"0":"post-2781","1":"product","2":"type-product","3":"status-publish","4":"has-post-thumbnail","6":"application-hotel-catering","7":"product_cat-chafing-dishes-wholesale","9":"first","10":"instock","11":"shipping-taxable","12":"product-type-simple"},"acf":[],"_links":{"self":[{"href":"https:\/\/www.yongyukitchenware.com\/de\/wp-json\/wp\/v2\/product\/2781","targetHints":{"allow":["GET"]}}],"collection":[{"href":"https:\/\/www.yongyukitchenware.com\/de\/wp-json\/wp\/v2\/product"}],"about":[{"href":"https:\/\/www.yongyukitchenware.com\/de\/wp-json\/wp\/v2\/types\/product"}],"replies":[{"embeddable":true,"href":"https:\/\/www.yongyukitchenware.com\/de\/wp-json\/wp\/v2\/comments?post=2781"}],"wp:featuredmedia":[{"embeddable":true,"href":"https:\/\/www.yongyukitchenware.com\/de\/wp-json\/wp\/v2\/media\/2782"}],"wp:attachment":[{"href":"https:\/\/www.yongyukitchenware.com\/de\/wp-json\/wp\/v2\/media?parent=2781"}],"wp:term":[{"taxonomy":"application","embeddable":true,"href":"https:\/\/www.yongyukitchenware.com\/de\/wp-json\/wp\/v2\/application?post=2781"},{"taxonomy":"product_brand","embeddable":true,"href":"https:\/\/www.yongyukitchenware.com\/de\/wp-json\/wp\/v2\/product_brand?post=2781"},{"taxonomy":"product_cat","embeddable":true,"href":"https:\/\/www.yongyukitchenware.com\/de\/wp-json\/wp\/v2\/product_cat?post=2781"},{"taxonomy":"product_tag","embeddable":true,"href":"https:\/\/www.yongyukitchenware.com\/de\/wp-json\/wp\/v2\/product_tag?post=2781"}],"curies":[{"name":"wp","href":"https:\/\/api.w.org\/{rel}","templated":true}]}}