{"id":2783,"date":"2025-01-17T16:45:59","date_gmt":"2025-01-17T16:45:59","guid":{"rendered":"https:\/\/www.yongyukitchenware.com\/?post_type=product&#038;p=2783"},"modified":"2025-06-14T02:49:53","modified_gmt":"2025-06-14T02:49:53","slug":"gold-chafing-dish-buffet-set-bulk","status":"publish","type":"product","link":"https:\/\/www.yongyukitchenware.com\/de\/produkt\/gold-chafing-dish-buffet-set-bulk\/","title":{"rendered":"Bulk Custom Gold Chafing Dish Buffet Set Edelstahl Rechteck"},"content":{"rendered":"<div class=\"wp-block-columns is-layout-flex wp-container-core-columns-is-layout-9d6595d7 wp-block-columns-is-layout-flex\">\n<div class=\"wp-block-column is-layout-flow wp-block-column-is-layout-flow\">\n<h2 class=\"wp-block-heading\">Gold Chafing Dish Buffet Set Parameter:<\/h2>\n\n\n\n<figure class=\"wp-block-table\"><table class=\"has-fixed-layout\"><tbody><tr><td>Modell<\/td><td>L\u00e4nge * Breite * H\u00f6he (cm)<\/td><td>Fassungsverm\u00f6gen (l)<\/td><td>Gewicht(kg)<\/td><td>MOQ<\/td><\/tr><tr><td>DY007-CL<\/td><td>61*45*29<\/td><td>9<\/td><td>9.5<\/td><td>2PCS<\/td><\/tr><\/tbody><\/table><\/figure>\n\n\n\n<h2 class=\"wp-block-heading\">Gold Chafing Dish Buffet Set Eigenschaften:<\/h2>\n\n\n\n<p><strong>Luxuri\u00f6ses Design: <\/strong>Goldene Dekoration, die Luxus und Eleganz hervorhebt, geeignet f\u00fcr gehobene Bankette und formelle Anl\u00e4sse.<\/p>\n\n\n\n<p><strong>Gro\u00dfes Fassungsverm\u00f6gen: <\/strong>Das goldene Chafing Dish Buffet Set ist eine rechteckige Struktur mit gro\u00dfem Fassungsverm\u00f6gen, die mehr Gerichte aufnehmen kann und die Bed\u00fcrfnisse von Gro\u00dfk\u00fcchen erf\u00fcllt.<\/p>\n\n\n\n<p><strong>Ger\u00e4uscharmes Scharnierdesign: <\/strong>Das hydraulische Scharnier \u00f6ffnet und schlie\u00dft sich langsam, ist leise und leicht zu bedienen, ohne dass Sie sich die H\u00e4nde einklemmen.<\/p>\n\n\n\n<p><strong>Stabiler B\u00fcgel aus rostfreiem Stahl: <\/strong>Die Struktur aus rostfreiem Stahl, die robuste Basis und das Design der St\u00fctzf\u00fc\u00dfe sorgen f\u00fcr Sicherheit und Stabilit\u00e4t w\u00e4hrend des Gebrauchs.<\/p>\n\n\n\n<p><strong>Effiziente W\u00e4rmeerhaltung: <\/strong>Ausgestattet mit einer eingebauten Brennerposition, die daf\u00fcr sorgt, dass die Speisen lange auf der richtigen Temperatur gehalten werden.<\/p>\n<\/div>\n\n\n\n<div class=\"wp-block-column is-layout-flow wp-block-column-is-layout-flow\">\n<figure class=\"wp-block-image size-full\"><img decoding=\"async\" width=\"750\" height=\"750\" src=\"https:\/\/www.yongyukitchenware.com\/wp-content\/uploads\/2025\/01\/Wholesale-Commercial-Chafing-Dish-Rectangular-with-Glass-Lid-1.webp\" alt=\"Gro\u00dfhandel Chafing Dish Rechteckig mit Glasdeckel (1)\" class=\"wp-image-2773\" srcset=\"https:\/\/www.yongyukitchenware.com\/wp-content\/uploads\/2025\/01\/Wholesale-Commercial-Chafing-Dish-Rectangular-with-Glass-Lid-1.webp 750w, https:\/\/www.yongyukitchenware.com\/wp-content\/uploads\/2025\/01\/Wholesale-Commercial-Chafing-Dish-Rectangular-with-Glass-Lid-1-300x300.webp 300w, https:\/\/www.yongyukitchenware.com\/wp-content\/uploads\/2025\/01\/Wholesale-Commercial-Chafing-Dish-Rectangular-with-Glass-Lid-1-150x150.webp 150w, https:\/\/www.yongyukitchenware.com\/wp-content\/uploads\/2025\/01\/Wholesale-Commercial-Chafing-Dish-Rectangular-with-Glass-Lid-1-12x12.webp 12w, https:\/\/www.yongyukitchenware.com\/wp-content\/uploads\/2025\/01\/Wholesale-Commercial-Chafing-Dish-Rectangular-with-Glass-Lid-1-600x600.webp 600w, https:\/\/www.yongyukitchenware.com\/wp-content\/uploads\/2025\/01\/Wholesale-Commercial-Chafing-Dish-Rectangular-with-Glass-Lid-1-100x100.webp 100w\" sizes=\"(max-width: 750px) 100vw, 750px\" \/><\/figure>\n<\/div>\n<\/div>\n\n\n\n<p><\/p>","protected":false},"excerpt":{"rendered":"<p>Unser Bulk Custom Gold Chafing Dish Buffet-Set verf\u00fcgt \u00fcber ein modernes rechteckiges und Bein-Design mit einem luxuri\u00f6sen Gold-Look, perfekt f\u00fcr Bankette und Hochzeiten. Customized Chafing Dish Sets sind willkommen, um die Attraktivit\u00e4t Ihrer Catering-Dienstleistungen und Unternehmen zu verbessern.<\/p>\n<h2><!-- wp:heading --><\/h2>\n<h2 class=\"wp-block-heading\">Attribute von Gold Chafing Dish Buffet Set :<\/h2>\n<h2><!-- \/wp:heading --><\/p>\n<p><!-- wp:paragraph --><\/h2>\n<p><strong>Material: <\/strong>Rostfreier Stahl<br \/><strong>Farbe: <\/strong>Gold<br \/><strong>Die Form:<\/strong> Rechteckig mit Scharnierdeckel<br \/><strong>W\u00e4rme: <\/strong>Alkohol oder elektrische Heizung<br \/><strong>Chafer Pan: <\/strong>Einzel\/Doppel\/Drei Raster<br \/><strong>OEM\/ODM: <\/strong>Verf\u00fcgbar<\/p>\n<h2 class=\"wp-block-heading\">Von Yongyu Chafing Dish Hersteller :<\/h2>\n<p>Ob es sich um einen Catering-Service-Anbieter, Hotel und Restaurant, oder Event-Planung Unternehmen, bieten wir komplette Chafing Gerichte Gro\u00dfhandel benutzerdefinierte L\u00f6sungen, um Ihr Unternehmen mit hochwertigen Fabrik Preise!<\/p>\n<h2><!-- \/wp:paragraph --><\/h2>","protected":false},"featured_media":2784,"comment_status":"closed","ping_status":"closed","template":"","meta":{"_acf_changed":false},"application":[30],"product_brand":[],"product_cat":[33],"product_tag":[],"class_list":{"0":"post-2783","1":"product","2":"type-product","3":"status-publish","4":"has-post-thumbnail","6":"application-hotel-catering","7":"product_cat-chafing-dishes-wholesale","9":"first","10":"instock","11":"shipping-taxable","12":"product-type-simple"},"acf":[],"_links":{"self":[{"href":"https:\/\/www.yongyukitchenware.com\/de\/wp-json\/wp\/v2\/product\/2783","targetHints":{"allow":["GET"]}}],"collection":[{"href":"https:\/\/www.yongyukitchenware.com\/de\/wp-json\/wp\/v2\/product"}],"about":[{"href":"https:\/\/www.yongyukitchenware.com\/de\/wp-json\/wp\/v2\/types\/product"}],"replies":[{"embeddable":true,"href":"https:\/\/www.yongyukitchenware.com\/de\/wp-json\/wp\/v2\/comments?post=2783"}],"wp:featuredmedia":[{"embeddable":true,"href":"https:\/\/www.yongyukitchenware.com\/de\/wp-json\/wp\/v2\/media\/2784"}],"wp:attachment":[{"href":"https:\/\/www.yongyukitchenware.com\/de\/wp-json\/wp\/v2\/media?parent=2783"}],"wp:term":[{"taxonomy":"application","embeddable":true,"href":"https:\/\/www.yongyukitchenware.com\/de\/wp-json\/wp\/v2\/application?post=2783"},{"taxonomy":"product_brand","embeddable":true,"href":"https:\/\/www.yongyukitchenware.com\/de\/wp-json\/wp\/v2\/product_brand?post=2783"},{"taxonomy":"product_cat","embeddable":true,"href":"https:\/\/www.yongyukitchenware.com\/de\/wp-json\/wp\/v2\/product_cat?post=2783"},{"taxonomy":"product_tag","embeddable":true,"href":"https:\/\/www.yongyukitchenware.com\/de\/wp-json\/wp\/v2\/product_tag?post=2783"}],"curies":[{"name":"wp","href":"https:\/\/api.w.org\/{rel}","templated":true}]}}