{"id":2786,"date":"2025-01-17T18:24:17","date_gmt":"2025-01-17T18:24:17","guid":{"rendered":"https:\/\/www.yongyukitchenware.com\/?post_type=product&#038;p=2786"},"modified":"2025-06-14T02:39:37","modified_gmt":"2025-06-14T02:39:37","slug":"wholesale-chafing-dishes-electric","status":"publish","type":"product","link":"https:\/\/www.yongyukitchenware.com\/de\/produkt\/wholesale-chafing-dishes-electric\/","title":{"rendered":"Gro\u00dfhandel Chafing Dishes Elektrische Edelstahl mit Glasdeckel"},"content":{"rendered":"<div class=\"wp-block-columns is-layout-flex wp-container-core-columns-is-layout-9d6595d7 wp-block-columns-is-layout-flex\">\n<div class=\"wp-block-column is-layout-flow wp-block-column-is-layout-flow\">\n<h2 class=\"wp-block-heading\">Chafing Dishes Elektrische Parameter:<\/h2>\n\n\n\n<figure class=\"wp-block-table\"><table class=\"has-fixed-layout\"><tbody><tr><td>Modell<\/td><td>L\u00e4nge * Breite * H\u00f6he (cm)<\/td><td>Fassungsverm\u00f6gen (l)<\/td><td>Gewicht(kg)<\/td><td>MOQ<\/td><\/tr><tr><td>DY012-CL<\/td><td>57*37*22<\/td><td>9<\/td><td>10.3<\/td><td>2PCS<\/td><\/tr><\/tbody><\/table><\/figure>\n\n\n\n<h2 class=\"wp-block-heading\">Chafing Dishes Elektrische Merkmale:<\/h2>\n\n\n\n<p><strong>Unabh\u00e4ngiger Stromanschluss:<\/strong> Hochwertiger, langlebiger Stromanschluss, einfach zu bedienen, kein Ziehen<\/p>\n\n\n\n<p><strong>Langlebiges Material: <\/strong>Elektrische Chafing Dishes aus hochwertigem Edelstahl, korrosionsbest\u00e4ndig und hitzebest\u00e4ndig, so dass eine langfristige Nutzung gew\u00e4hrleistet ist.<\/p>\n\n\n\n<p><strong>Numerische Steuerung der Temperatur: <\/strong>Punktkontakt-Temperaturregelung, genaue Temperaturanzeige<\/p>\n\n\n\n<p><strong>Gro\u00dfe Kapazit\u00e4t:<\/strong> Das gro\u00dfe Fassungsverm\u00f6gen von 9 Litern eignet sich f\u00fcr gro\u00dfe Versammlungen, Buffets und Veranstaltungen und reduziert die Notwendigkeit des h\u00e4ufigen Nachf\u00fcllens von Lebensmitteln.<\/p>\n\n\n\n<p><strong>Glas-Deckel Design:<\/strong> Ein transparenter Sichtdeckel aus Glas erm\u00f6glicht eine problemlose Sicht und macht das Servieren effizienter.<\/p>\n\n\n\n<p><strong>Einfach zu bedienen:<\/strong> Bequemes Design, einfache Installation, einfache Bedienung und Wartung, verbesserte Service-Effizienz.<\/p>\n<\/div>\n\n\n\n<div class=\"wp-block-column is-layout-flow wp-block-column-is-layout-flow\">\n<figure class=\"wp-block-image size-full\"><img decoding=\"async\" width=\"800\" height=\"800\" src=\"https:\/\/www.yongyukitchenware.com\/wp-content\/uploads\/2025\/01\/Wholesale-Chafing-Dishes-Electric-9L-with-Visible-Glass-Lid-3.webp\" alt=\"Gro\u00dfhandel Chafing Dishes Electric 9L mit sichtbaren Glasdeckel (3)\" class=\"wp-image-2790\" srcset=\"https:\/\/www.yongyukitchenware.com\/wp-content\/uploads\/2025\/01\/Wholesale-Chafing-Dishes-Electric-9L-with-Visible-Glass-Lid-3.webp 800w, https:\/\/www.yongyukitchenware.com\/wp-content\/uploads\/2025\/01\/Wholesale-Chafing-Dishes-Electric-9L-with-Visible-Glass-Lid-3-300x300.webp 300w, https:\/\/www.yongyukitchenware.com\/wp-content\/uploads\/2025\/01\/Wholesale-Chafing-Dishes-Electric-9L-with-Visible-Glass-Lid-3-150x150.webp 150w, https:\/\/www.yongyukitchenware.com\/wp-content\/uploads\/2025\/01\/Wholesale-Chafing-Dishes-Electric-9L-with-Visible-Glass-Lid-3-768x768.webp 768w, https:\/\/www.yongyukitchenware.com\/wp-content\/uploads\/2025\/01\/Wholesale-Chafing-Dishes-Electric-9L-with-Visible-Glass-Lid-3-12x12.webp 12w, https:\/\/www.yongyukitchenware.com\/wp-content\/uploads\/2025\/01\/Wholesale-Chafing-Dishes-Electric-9L-with-Visible-Glass-Lid-3-600x600.webp 600w, https:\/\/www.yongyukitchenware.com\/wp-content\/uploads\/2025\/01\/Wholesale-Chafing-Dishes-Electric-9L-with-Visible-Glass-Lid-3-100x100.webp 100w\" sizes=\"(max-width: 800px) 100vw, 800px\" \/><\/figure>\n<\/div>\n<\/div>","protected":false},"excerpt":{"rendered":"<p>Willkommen im Gro\u00dfhandel Chafing Dish elektrisch mit einem gro\u00dfen 9L Kapazit\u00e4t und eine digitale Temperaturregelung f\u00fcr lang anhaltende W\u00e4rme Erhaltung. Moderne gl\u00e4nzendes Aussehen Design, geeignet f\u00fcr Buffets und Catering-Veranstaltungen. Wir bieten die besten Rabatte f\u00fcr Bulk-Anpassung, willkommen zu erkundigen!<\/p>\n<h2><!-- wp:heading --><\/h2>\n<h2 class=\"wp-block-heading\">Attribute von Chafing Dishes Electric:<\/h2>\n<h2><!-- \/wp:heading --><\/p>\n<p><!-- wp:paragraph --><\/h2>\n<p><strong>Material: <\/strong>Rostfreier Stahl<br \/><strong>Farbe: <\/strong>Silber<br \/><strong>Die Form:<\/strong> Rechteckig mit Scharnierdeckel<br \/><strong>W\u00e4rme: <\/strong>Elektrische Heizung<br \/><strong>Chafer Pan: <\/strong>Einzel\/Doppel\/Drei Raster<br \/><strong>OEM\/ODM: <\/strong>Verf\u00fcgbar<\/p>\n<h2 class=\"wp-block-heading\">Von Yongyu Chafing Dish Hersteller :<\/h2>\n<p>Ob es sich um einen Catering-Service-Anbieter, Hotel und Restaurant, oder Event-Planung Unternehmen, bieten wir komplette Chafing Gerichte Gro\u00dfhandel benutzerdefinierte L\u00f6sungen, um Ihr Unternehmen mit hochwertigen Fabrik Preise!<\/p>\n<h2><!-- \/wp:paragraph --><\/h2>","protected":false},"featured_media":2789,"comment_status":"closed","ping_status":"closed","template":"","meta":{"_acf_changed":false},"application":[30],"product_brand":[],"product_cat":[33],"product_tag":[43],"class_list":{"0":"post-2786","1":"product","2":"type-product","3":"status-publish","4":"has-post-thumbnail","6":"application-hotel-catering","7":"product_cat-chafing-dishes-wholesale","8":"product_tag-recommend","10":"first","11":"instock","12":"shipping-taxable","13":"product-type-simple"},"acf":[],"_links":{"self":[{"href":"https:\/\/www.yongyukitchenware.com\/de\/wp-json\/wp\/v2\/product\/2786","targetHints":{"allow":["GET"]}}],"collection":[{"href":"https:\/\/www.yongyukitchenware.com\/de\/wp-json\/wp\/v2\/product"}],"about":[{"href":"https:\/\/www.yongyukitchenware.com\/de\/wp-json\/wp\/v2\/types\/product"}],"replies":[{"embeddable":true,"href":"https:\/\/www.yongyukitchenware.com\/de\/wp-json\/wp\/v2\/comments?post=2786"}],"wp:featuredmedia":[{"embeddable":true,"href":"https:\/\/www.yongyukitchenware.com\/de\/wp-json\/wp\/v2\/media\/2789"}],"wp:attachment":[{"href":"https:\/\/www.yongyukitchenware.com\/de\/wp-json\/wp\/v2\/media?parent=2786"}],"wp:term":[{"taxonomy":"application","embeddable":true,"href":"https:\/\/www.yongyukitchenware.com\/de\/wp-json\/wp\/v2\/application?post=2786"},{"taxonomy":"product_brand","embeddable":true,"href":"https:\/\/www.yongyukitchenware.com\/de\/wp-json\/wp\/v2\/product_brand?post=2786"},{"taxonomy":"product_cat","embeddable":true,"href":"https:\/\/www.yongyukitchenware.com\/de\/wp-json\/wp\/v2\/product_cat?post=2786"},{"taxonomy":"product_tag","embeddable":true,"href":"https:\/\/www.yongyukitchenware.com\/de\/wp-json\/wp\/v2\/product_tag?post=2786"}],"curies":[{"name":"wp","href":"https:\/\/api.w.org\/{rel}","templated":true}]}}