{"id":2816,"date":"2025-01-23T02:54:12","date_gmt":"2025-01-23T02:54:12","guid":{"rendered":"https:\/\/www.yongyukitchenware.com\/?post_type=product&#038;p=2816"},"modified":"2025-06-14T02:33:02","modified_gmt":"2025-06-14T02:33:02","slug":"wholesale-chafing-dish-with-glass-lid","status":"publish","type":"product","link":"https:\/\/www.yongyukitchenware.com\/de\/produkt\/wholesale-chafing-dish-with-glass-lid\/","title":{"rendered":"Quadratische Chafing Dish mit Glasdeckel Bulk Electric Food Warmer"},"content":{"rendered":"<div class=\"wp-block-columns is-layout-flex wp-container-core-columns-is-layout-9d6595d7 wp-block-columns-is-layout-flex\">\n<div class=\"wp-block-column is-layout-flow wp-block-column-is-layout-flow\">\n<h2 class=\"wp-block-heading\">Parameter von Chafing Dish mit Glasdeckel:<\/h2>\n\n\n\n<figure class=\"wp-block-table\"><table class=\"has-fixed-layout\"><tbody><tr><td>Modell<\/td><td>L\u00e4nge * Breite * H\u00f6he (cm)<\/td><td>Fassungsverm\u00f6gen (l)<\/td><td>Gewicht(kg)<\/td><td>MOQ<\/td><\/tr><tr><td>DY012-CL<\/td><td>40*40*20<\/td><td>6<\/td><td>8.5<\/td><td>2PCS<\/td><\/tr><\/tbody><\/table><\/figure>\n\n\n\n<h2 class=\"wp-block-heading\">Chafing Dish mit Glasdeckel Eigenschaften:<\/h2>\n\n\n\n<p><strong>Langlebiges Material: <\/strong>Diese Chafing Dishes sind aus hochwertigem Edelstahl gefertigt, korrosionsbest\u00e4ndig und hitzebest\u00e4ndig, so dass eine langfristige Nutzung gew\u00e4hrleistet ist.<\/p>\n\n\n\n<p><strong>Quadratisches Design: <\/strong>Im Gegensatz zum traditionellen runden Essteller ist dieser Chafing Dish mit Glasdeckel quadratisch, um Platz zu sparen und ihn einfach aufzustellen.<\/p>\n\n\n\n<p><strong>Glas-Deckel: <\/strong>Ein Glasdeckel erm\u00f6glicht es, den Zustand der darin befindlichen Lebensmittel in Echtzeit zu sehen und ein h\u00e4ufiges \u00d6ffnen des Deckels zu vermeiden.<\/p>\n\n\n\n<p><strong>Digitale Temperaturkontrolle mit Touchscreen: <\/strong>Ausgestattet mit einem pr\u00e4zisen Temperaturregler ist er einfach und schnell zu bedienen und kann die Temperatur der Lebensmittel \u00fcber einen langen Zeitraum aufrechterhalten.<\/p>\n\n\n\n<p><strong>Sicherer Betrieb:<\/strong> Ausgestattet mit einem rutschfesten Boden und einem Temperaturkontrollsystem, das einen sicheren Betrieb gew\u00e4hrleistet.<\/p>\n<\/div>\n\n\n\n<div class=\"wp-block-column is-layout-flow wp-block-column-is-layout-flow\">\n<figure class=\"wp-block-image size-full\"><img decoding=\"async\" width=\"800\" height=\"800\" src=\"https:\/\/www.yongyukitchenware.com\/wp-content\/uploads\/2025\/01\/Square-Chafing-Dish-with-Glass-Lid-Bulk-Simple-Electric-Food-Warmer-2.webp\" alt=\"Quadratische Chafing Dish mit Glasdeckel Bulk Simple Elektrischer Speisenw\u00e4rmer (2)\" class=\"wp-image-2818\" srcset=\"https:\/\/www.yongyukitchenware.com\/wp-content\/uploads\/2025\/01\/Square-Chafing-Dish-with-Glass-Lid-Bulk-Simple-Electric-Food-Warmer-2.webp 800w, https:\/\/www.yongyukitchenware.com\/wp-content\/uploads\/2025\/01\/Square-Chafing-Dish-with-Glass-Lid-Bulk-Simple-Electric-Food-Warmer-2-300x300.webp 300w, https:\/\/www.yongyukitchenware.com\/wp-content\/uploads\/2025\/01\/Square-Chafing-Dish-with-Glass-Lid-Bulk-Simple-Electric-Food-Warmer-2-150x150.webp 150w, https:\/\/www.yongyukitchenware.com\/wp-content\/uploads\/2025\/01\/Square-Chafing-Dish-with-Glass-Lid-Bulk-Simple-Electric-Food-Warmer-2-768x768.webp 768w, https:\/\/www.yongyukitchenware.com\/wp-content\/uploads\/2025\/01\/Square-Chafing-Dish-with-Glass-Lid-Bulk-Simple-Electric-Food-Warmer-2-12x12.webp 12w, https:\/\/www.yongyukitchenware.com\/wp-content\/uploads\/2025\/01\/Square-Chafing-Dish-with-Glass-Lid-Bulk-Simple-Electric-Food-Warmer-2-600x600.webp 600w, https:\/\/www.yongyukitchenware.com\/wp-content\/uploads\/2025\/01\/Square-Chafing-Dish-with-Glass-Lid-Bulk-Simple-Electric-Food-Warmer-2-100x100.webp 100w\" sizes=\"(max-width: 800px) 100vw, 800px\" \/><\/figure>\n<\/div>\n<\/div>","protected":false},"excerpt":{"rendered":"<p>Gro\u00dfhandel Chafing Dish mit Glasdeckel, hat eine Temperaturregelung Touchscreen, effektiv erw\u00e4rmt Lebensmittel. Moderne Edelstahl-Buffet-Set, eine Vielzahl von Formen, geeignet f\u00fcr alle Arten von Hochzeitsparty Catering-Services. Willkommen bei uns heute zu kontaktieren, um eine Fabrik Preisl\u00f6sung zu erhalten!<\/p>\n<h2><!-- wp:heading --><\/h2>\n<h2 class=\"wp-block-heading\">Attribute von Chafing Dish mit Glasdeckel:<\/h2>\n<h2><!-- \/wp:heading --><\/p>\n<p><!-- wp:paragraph --><\/h2>\n<p><strong>Material: <\/strong>Rostfreier Stahl<br \/><strong>Farbe: <\/strong>Silber<br \/><strong>Die Form:<\/strong> Quadratisch mit Scharnierdeckel<br \/><strong>W\u00e4rme: <\/strong>Elektrische Heizung<br \/><strong>Chafer Pan: <\/strong>Einzel\/Doppel\/Drei Raster<br \/><strong>OEM\/ODM: <\/strong>Verf\u00fcgbar<\/p>\n<h2 class=\"wp-block-heading\">Von Yongyu Chafing Dish Hersteller :<\/h2>\n<p>Ob es sich um einen Catering-Service-Anbieter, Hotel und Restaurant, oder Event-Planung Unternehmen, bieten wir komplette Chafing Gerichte Gro\u00dfhandel benutzerdefinierte L\u00f6sungen, um Ihr Unternehmen mit hochwertigen Fabrik Preise!<\/p>\n<h2><!-- \/wp:paragraph --><\/h2>","protected":false},"featured_media":2818,"comment_status":"closed","ping_status":"closed","template":"","meta":{"_acf_changed":false},"application":[30],"product_brand":[],"product_cat":[33],"product_tag":[],"class_list":{"0":"post-2816","1":"product","2":"type-product","3":"status-publish","4":"has-post-thumbnail","6":"application-hotel-catering","7":"product_cat-chafing-dishes-wholesale","9":"first","10":"instock","11":"shipping-taxable","12":"product-type-simple"},"acf":[],"_links":{"self":[{"href":"https:\/\/www.yongyukitchenware.com\/de\/wp-json\/wp\/v2\/product\/2816","targetHints":{"allow":["GET"]}}],"collection":[{"href":"https:\/\/www.yongyukitchenware.com\/de\/wp-json\/wp\/v2\/product"}],"about":[{"href":"https:\/\/www.yongyukitchenware.com\/de\/wp-json\/wp\/v2\/types\/product"}],"replies":[{"embeddable":true,"href":"https:\/\/www.yongyukitchenware.com\/de\/wp-json\/wp\/v2\/comments?post=2816"}],"wp:featuredmedia":[{"embeddable":true,"href":"https:\/\/www.yongyukitchenware.com\/de\/wp-json\/wp\/v2\/media\/2818"}],"wp:attachment":[{"href":"https:\/\/www.yongyukitchenware.com\/de\/wp-json\/wp\/v2\/media?parent=2816"}],"wp:term":[{"taxonomy":"application","embeddable":true,"href":"https:\/\/www.yongyukitchenware.com\/de\/wp-json\/wp\/v2\/application?post=2816"},{"taxonomy":"product_brand","embeddable":true,"href":"https:\/\/www.yongyukitchenware.com\/de\/wp-json\/wp\/v2\/product_brand?post=2816"},{"taxonomy":"product_cat","embeddable":true,"href":"https:\/\/www.yongyukitchenware.com\/de\/wp-json\/wp\/v2\/product_cat?post=2816"},{"taxonomy":"product_tag","embeddable":true,"href":"https:\/\/www.yongyukitchenware.com\/de\/wp-json\/wp\/v2\/product_tag?post=2816"}],"curies":[{"name":"wp","href":"https:\/\/api.w.org\/{rel}","templated":true}]}}