{"id":2827,"date":"2025-01-24T10:57:51","date_gmt":"2025-01-24T10:57:51","guid":{"rendered":"https:\/\/www.yongyukitchenware.com\/?post_type=product&#038;p=2827"},"modified":"2025-06-14T02:16:58","modified_gmt":"2025-06-14T02:16:58","slug":"wholesale-chafing-dish-electric","status":"publish","type":"product","link":"https:\/\/www.yongyukitchenware.com\/de\/produkt\/wholesale-chafing-dish-electric\/","title":{"rendered":"Gro\u00dfhandel Chafing Dish Elektrische Edelstahl 6L Quadrat W\u00e4rmer"},"content":{"rendered":"<div class=\"wp-block-columns is-layout-flex wp-container-core-columns-is-layout-9d6595d7 wp-block-columns-is-layout-flex\">\n<div class=\"wp-block-column is-layout-flow wp-block-column-is-layout-flow\">\n<h2 class=\"wp-block-heading\">Chafing Dish Elektrisch Parameter:<\/h2>\n\n\n\n<figure class=\"wp-block-table\"><table class=\"has-fixed-layout\"><tbody><tr><td>Modell<\/td><td>L\u00e4nge * Breite * H\u00f6he (cm)<\/td><td>Fassungsverm\u00f6gen (l)<\/td><td>Gewicht(kg)<\/td><td>MOQ<\/td><\/tr><tr><td>DY011-CL<\/td><td>40*40*25<\/td><td>6<\/td><td>8.6<\/td><td>2PCS<\/td><\/tr><\/tbody><\/table><\/figure>\n\n\n\n<h2 class=\"wp-block-heading\">Chafing Dish Elektrische Merkmale:<\/h2>\n\n\n\n<p><strong>6L Fassungsverm\u00f6gen:<\/strong> Das elektrische Chafing Dish im Gro\u00dfhandel bietet gen\u00fcgend Platz f\u00fcr eine Vielzahl von Gerichten und ist ideal f\u00fcr Buffets, Partys oder den t\u00e4glichen Gebrauch.<\/p>\n\n\n\n<p><strong>Quadratisches Design: <\/strong>Passt gut in einen begrenzten Raum und bietet gleichzeitig ein elegantes Aussehen.<\/p>\n\n\n\n<p><strong>Konstruktion aus rostfreiem Stahl:<\/strong> Die elektrische Chafing Dish ist korrosions- und fleckenbest\u00e4ndig und gew\u00e4hrleistet eine lange Lebensdauer und einfache Wartung.<\/p>\n\n\n\n<p><strong>Elektrisches Heizsystem:<\/strong> Sorgt f\u00fcr eine gleichm\u00e4\u00dfige W\u00e4rmeverteilung, um optimale Serviertemperaturen ohne \u00dcberkochen zu gew\u00e4hrleisten.<\/p>\n\n\n\n<p><strong>Benutzerfreundliche Bedienelemente:<\/strong> Punktkontakt-Temperaturregelung mit genauer Temperaturanzeige und einfacher Bedienung f\u00fcr alle Erfahrungsstufen.<\/p>\n<\/div>\n\n\n\n<div class=\"wp-block-column is-layout-flow wp-block-column-is-layout-flow\">\n<figure class=\"wp-block-image size-full\"><img decoding=\"async\" width=\"750\" height=\"891\" src=\"https:\/\/www.yongyukitchenware.com\/wp-content\/uploads\/2025\/01\/Large-Electric-Chafing-Dishes-Wholesale-Stainless-Steel-with-Handle-3.webp\" alt=\"Gro\u00dfe elektrische Chafing Dishes Gro\u00dfhandel Edelstahl mit Handle (3)\" class=\"wp-image-2822\" srcset=\"https:\/\/www.yongyukitchenware.com\/wp-content\/uploads\/2025\/01\/Large-Electric-Chafing-Dishes-Wholesale-Stainless-Steel-with-Handle-3.webp 750w, https:\/\/www.yongyukitchenware.com\/wp-content\/uploads\/2025\/01\/Large-Electric-Chafing-Dishes-Wholesale-Stainless-Steel-with-Handle-3-253x300.webp 253w, https:\/\/www.yongyukitchenware.com\/wp-content\/uploads\/2025\/01\/Large-Electric-Chafing-Dishes-Wholesale-Stainless-Steel-with-Handle-3-10x12.webp 10w, https:\/\/www.yongyukitchenware.com\/wp-content\/uploads\/2025\/01\/Large-Electric-Chafing-Dishes-Wholesale-Stainless-Steel-with-Handle-3-600x713.webp 600w\" sizes=\"(max-width: 750px) 100vw, 750px\" \/><\/figure>\n<\/div>\n<\/div>","protected":false},"excerpt":{"rendered":"<p>Bringen Sie Ihre Gastronomie auf ein neues Niveau mit dem Yongyu Gro\u00dfhandel 6L quadratischen Chafing Dish elektrischen W\u00e4rmer. Dieses praktische elektrische Heizsystem erm\u00f6glicht eine konstante Temperaturkontrolle; die Konstruktion aus Edelstahl sorgt f\u00fcr eine lange Lebensdauer. Er ist ideal, um Speisen bei jeder Veranstaltung warm und frisch zu halten, sei es bei Firmen- oder Privatveranstaltungen.<\/p>\n<h2><!-- wp:heading --><\/h2>\n<h2 class=\"wp-block-heading\">Attribute von Chafing Dish Electric:<\/h2>\n<h2><!-- \/wp:heading --><\/p>\n<p><!-- wp:paragraph --><\/h2>\n<p><strong>Material: <\/strong>Rostfreier Stahl<br \/><strong>Farbe: <\/strong>Silber<br \/><strong>Die Form:<\/strong> Quadratisch mit Scharnierdeckel<br \/><strong>W\u00e4rme: <\/strong>Elektrische Heizung<br \/><strong>Chafer Pan: <\/strong>Einzel-\/Doppelraster<br \/><strong>OEM\/ODM: <\/strong>Verf\u00fcgbar<\/p>\n<h2 class=\"wp-block-heading\">Von Yongyu Chafing Dish Hersteller :<\/h2>\n<p>Ob es sich um einen Catering-Service-Anbieter, Hotel und Restaurant, oder Event-Planung Unternehmen, bieten wir komplette Chafing Gerichte Gro\u00dfhandel benutzerdefinierte L\u00f6sungen, um Ihr Unternehmen mit hochwertigen Fabrik Preise!<\/p>\n<h2><!-- \/wp:paragraph --><\/h2>","protected":false},"featured_media":2828,"comment_status":"closed","ping_status":"closed","template":"","meta":{"_acf_changed":true},"application":[30],"product_brand":[],"product_cat":[33],"product_tag":[],"class_list":{"0":"post-2827","1":"product","2":"type-product","3":"status-publish","4":"has-post-thumbnail","6":"application-hotel-catering","7":"product_cat-chafing-dishes-wholesale","9":"first","10":"instock","11":"shipping-taxable","12":"product-type-simple"},"acf":[],"_links":{"self":[{"href":"https:\/\/www.yongyukitchenware.com\/de\/wp-json\/wp\/v2\/product\/2827","targetHints":{"allow":["GET"]}}],"collection":[{"href":"https:\/\/www.yongyukitchenware.com\/de\/wp-json\/wp\/v2\/product"}],"about":[{"href":"https:\/\/www.yongyukitchenware.com\/de\/wp-json\/wp\/v2\/types\/product"}],"replies":[{"embeddable":true,"href":"https:\/\/www.yongyukitchenware.com\/de\/wp-json\/wp\/v2\/comments?post=2827"}],"wp:featuredmedia":[{"embeddable":true,"href":"https:\/\/www.yongyukitchenware.com\/de\/wp-json\/wp\/v2\/media\/2828"}],"wp:attachment":[{"href":"https:\/\/www.yongyukitchenware.com\/de\/wp-json\/wp\/v2\/media?parent=2827"}],"wp:term":[{"taxonomy":"application","embeddable":true,"href":"https:\/\/www.yongyukitchenware.com\/de\/wp-json\/wp\/v2\/application?post=2827"},{"taxonomy":"product_brand","embeddable":true,"href":"https:\/\/www.yongyukitchenware.com\/de\/wp-json\/wp\/v2\/product_brand?post=2827"},{"taxonomy":"product_cat","embeddable":true,"href":"https:\/\/www.yongyukitchenware.com\/de\/wp-json\/wp\/v2\/product_cat?post=2827"},{"taxonomy":"product_tag","embeddable":true,"href":"https:\/\/www.yongyukitchenware.com\/de\/wp-json\/wp\/v2\/product_tag?post=2827"}],"curies":[{"name":"wp","href":"https:\/\/api.w.org\/{rel}","templated":true}]}}