{"id":2849,"date":"2025-01-24T10:57:57","date_gmt":"2025-01-24T10:57:57","guid":{"rendered":"https:\/\/www.yongyukitchenware.com\/?post_type=product&#038;p=2849"},"modified":"2025-06-13T07:13:26","modified_gmt":"2025-06-13T07:13:26","slug":"stainless-steel-chafing-dish-bulk","status":"publish","type":"product","link":"https:\/\/www.yongyukitchenware.com\/de\/produkt\/stainless-steel-chafing-dish-bulk\/","title":{"rendered":"Gro\u00dfhandel Edelstahl Chafing Dish mit klaren Deckel benutzerdefinierte w\u00e4rmer"},"content":{"rendered":"<div class=\"wp-block-columns is-layout-flex wp-container-core-columns-is-layout-9d6595d7 wp-block-columns-is-layout-flex\">\n<div class=\"wp-block-column is-layout-flow wp-block-column-is-layout-flow\">\n<h2 class=\"wp-block-heading\">Edelstahl Chafing Dish Parameter:<\/h2>\n\n\n\n<figure class=\"wp-block-table\"><table class=\"has-fixed-layout\"><tbody><tr><td>Modell<\/td><td>L\u00e4nge * Breite * H\u00f6he (cm)<\/td><td>Fassungsverm\u00f6gen (l)<\/td><td>Gewicht(kg)<\/td><td>MOQ<\/td><\/tr><tr><td rowspan=\"2\">DY002-CL<\/td><td>57*37*29<\/td><td rowspan=\"2\">9<\/td><td>8.8<\/td><td rowspan=\"2\">2PCS<\/td><\/tr><tr><td>57*37*32<\/td><td>9.4<\/td><\/tr><\/tbody><\/table><\/figure>\n\n\n\n<h2 class=\"wp-block-heading\">Chafing Dish aus Edelstahl Merkmale:<\/h2>\n\n\n\n<p><strong>Hochwertiger Edelstahl Material:<\/strong> Unser Gro\u00dfhandel Edelstahl Chafing Dish ist aus hochwertigem Edelstahl gefertigt, um Haltbarkeit und Korrosionsbest\u00e4ndigkeit, die hohen Temperaturen standhalten kann und weiterhin stetig f\u00fcr eine lange Zeit funktionieren zu gew\u00e4hrleisten.<\/p>\n\n\n\n<p><strong>Transparentes Deckeldesign:<\/strong> Dieser durchsichtige Deckel des Custom Warmer verbessert das Essenserlebnis, indem er die Auslage der Speisen transparenter macht und es einfach macht, den Zustand der Speisen zu erkennen.<\/p>\n\n\n\n<p><strong>Effiziente Isolierung:<\/strong> Diese Gro\u00dfhandel Edelstahl Chafing Dish effizient isoliert f\u00fcr eine l\u00e4ngere Dauer als diese besondere Edelstahl Chafing Dish enth\u00e4lt eine besondere Art der Isolierung. So ist dieses Produkt perfekt f\u00fcr die langfristige geeignet.<\/p>\n\n\n\n<p><strong>Leicht zu reinigen und zu pflegen: <\/strong>Dieser Custom Warmer ist aus rostfreiem Stahl gefertigt und l\u00e4sst sich leicht reinigen und desinfizieren. Er kann auch f\u00fcr den langfristigen Einsatz in der Lebensmittelindustrie gut gewartet werden.<\/p>\n\n\n\n<p><strong>Zwei Heizmethoden:<\/strong> Unser Gro\u00dfhandel Edelstahl Chafing Dish hat Alkohol Heizung und elektrische Heizplatte Heizmethoden bieten f\u00fcr alle Anforderungen!<\/p>\n<\/div>\n\n\n\n<div class=\"wp-block-column is-layout-flow wp-block-column-is-layout-flow\">\n<figure class=\"wp-block-image size-full\"><img decoding=\"async\" width=\"800\" height=\"800\" src=\"https:\/\/www.yongyukitchenware.com\/wp-content\/uploads\/2025\/01\/Wholesale-Stainless-Steel-Chafing-Dish-with-Clear-Lid-Custom-Warmer-6.webp\" alt=\"Gro\u00dfhandel Edelstahl Chafing Dish mit klaren Deckel benutzerdefinierte w\u00e4rmer (6)\" class=\"wp-image-2855\" srcset=\"https:\/\/www.yongyukitchenware.com\/wp-content\/uploads\/2025\/01\/Wholesale-Stainless-Steel-Chafing-Dish-with-Clear-Lid-Custom-Warmer-6.webp 800w, https:\/\/www.yongyukitchenware.com\/wp-content\/uploads\/2025\/01\/Wholesale-Stainless-Steel-Chafing-Dish-with-Clear-Lid-Custom-Warmer-6-300x300.webp 300w, https:\/\/www.yongyukitchenware.com\/wp-content\/uploads\/2025\/01\/Wholesale-Stainless-Steel-Chafing-Dish-with-Clear-Lid-Custom-Warmer-6-150x150.webp 150w, https:\/\/www.yongyukitchenware.com\/wp-content\/uploads\/2025\/01\/Wholesale-Stainless-Steel-Chafing-Dish-with-Clear-Lid-Custom-Warmer-6-768x768.webp 768w, https:\/\/www.yongyukitchenware.com\/wp-content\/uploads\/2025\/01\/Wholesale-Stainless-Steel-Chafing-Dish-with-Clear-Lid-Custom-Warmer-6-12x12.webp 12w, https:\/\/www.yongyukitchenware.com\/wp-content\/uploads\/2025\/01\/Wholesale-Stainless-Steel-Chafing-Dish-with-Clear-Lid-Custom-Warmer-6-600x600.webp 600w, https:\/\/www.yongyukitchenware.com\/wp-content\/uploads\/2025\/01\/Wholesale-Stainless-Steel-Chafing-Dish-with-Clear-Lid-Custom-Warmer-6-100x100.webp 100w\" sizes=\"(max-width: 800px) 100vw, 800px\" \/><\/figure>\n<\/div>\n<\/div>\n\n\n\n<p><\/p>","protected":false},"excerpt":{"rendered":"<p>Willkommen in diesem Gro\u00dfhandel Edelstahl Chafing Dish mit einem klaren Deckel zu kaufen. Unsere benutzerdefinierte W\u00e4rmer ist aus hochwertigem Edelstahl, klarem Deckel Design, und hat eine gute Qualit\u00e4t des Seins stark, und langlebig mit einer ausgezeichneten Funktion in W\u00e4rme zu halten. Rechteckiges Design mit gro\u00dfem Fassungsverm\u00f6gen, ma\u00dfgeschneidert nach den Abendessen Situationen.<\/p>\n<h2><!-- wp:heading --><\/h2>\n<h2 class=\"wp-block-heading\">Eigenschaften von Chafing Dish aus Edelstahl:<\/h2>\n<h2><!-- \/wp:heading --><\/p>\n<p><!-- wp:paragraph --><\/h2>\n<p><strong>Material: <\/strong>Rostfreier Stahl<br \/><strong>Farbe: <\/strong>Silber<br \/><strong>Die Form: <\/strong> Rechteckig mit Scharnierdeckel<br \/><strong>W\u00e4rme: <\/strong>Elektrische Heizung und Alkoholheizung\u00a0<br \/><strong>Chafer Pan: <\/strong>Einzel-\/Doppel-\/Drittelraster<br \/><strong>OEM\/ODM: <\/strong>Verf\u00fcgbar<\/p>\n<h2 class=\"wp-block-heading\">Von Yongyu Chafing Dish Hersteller :<\/h2>\n<p>Ob es sich um einen Catering-Service-Anbieter, Hotel und Restaurant, oder Event-Planung Unternehmen, bieten wir komplette Chafing Gerichte Gro\u00dfhandel benutzerdefinierte L\u00f6sungen, um Ihr Unternehmen mit hochwertigen Fabrik Preise!<\/p>\n<h2><!-- \/wp:paragraph --><\/h2>","protected":false},"featured_media":2851,"comment_status":"closed","ping_status":"closed","template":"","meta":{"_acf_changed":true},"application":[30],"product_brand":[],"product_cat":[33],"product_tag":[],"class_list":{"0":"post-2849","1":"product","2":"type-product","3":"status-publish","4":"has-post-thumbnail","6":"application-hotel-catering","7":"product_cat-chafing-dishes-wholesale","9":"first","10":"instock","11":"shipping-taxable","12":"product-type-simple"},"acf":[],"_links":{"self":[{"href":"https:\/\/www.yongyukitchenware.com\/de\/wp-json\/wp\/v2\/product\/2849","targetHints":{"allow":["GET"]}}],"collection":[{"href":"https:\/\/www.yongyukitchenware.com\/de\/wp-json\/wp\/v2\/product"}],"about":[{"href":"https:\/\/www.yongyukitchenware.com\/de\/wp-json\/wp\/v2\/types\/product"}],"replies":[{"embeddable":true,"href":"https:\/\/www.yongyukitchenware.com\/de\/wp-json\/wp\/v2\/comments?post=2849"}],"wp:featuredmedia":[{"embeddable":true,"href":"https:\/\/www.yongyukitchenware.com\/de\/wp-json\/wp\/v2\/media\/2851"}],"wp:attachment":[{"href":"https:\/\/www.yongyukitchenware.com\/de\/wp-json\/wp\/v2\/media?parent=2849"}],"wp:term":[{"taxonomy":"application","embeddable":true,"href":"https:\/\/www.yongyukitchenware.com\/de\/wp-json\/wp\/v2\/application?post=2849"},{"taxonomy":"product_brand","embeddable":true,"href":"https:\/\/www.yongyukitchenware.com\/de\/wp-json\/wp\/v2\/product_brand?post=2849"},{"taxonomy":"product_cat","embeddable":true,"href":"https:\/\/www.yongyukitchenware.com\/de\/wp-json\/wp\/v2\/product_cat?post=2849"},{"taxonomy":"product_tag","embeddable":true,"href":"https:\/\/www.yongyukitchenware.com\/de\/wp-json\/wp\/v2\/product_tag?post=2849"}],"curies":[{"name":"wp","href":"https:\/\/api.w.org\/{rel}","templated":true}]}}