{"id":2863,"date":"2025-01-24T10:58:09","date_gmt":"2025-01-24T10:58:09","guid":{"rendered":"https:\/\/www.yongyukitchenware.com\/?post_type=product&#038;p=2863"},"modified":"2025-06-13T07:10:53","modified_gmt":"2025-06-13T07:10:53","slug":"chafing-dish-round-wholesale","status":"publish","type":"product","link":"https:\/\/www.yongyukitchenware.com\/de\/produkt\/chafing-dish-round-wholesale\/","title":{"rendered":"Gro\u00dfhandel Buffet Speisenw\u00e4rmer, 3-Abschnitt, Glasplatte, langlebiger Edelstahl"},"content":{"rendered":"<div class=\"wp-block-columns is-layout-flex wp-container-core-columns-is-layout-9d6595d7 wp-block-columns-is-layout-flex\">\n<div class=\"wp-block-column is-layout-flow wp-block-column-is-layout-flow\">\n<h2 class=\"wp-block-heading\">Buffet Speisenw\u00e4rmer Parameter:<\/h2>\n\n\n\n<figure class=\"wp-block-table\"><table class=\"has-fixed-layout\"><tbody><tr><td>Modell<\/td><td>L\u00e4nge * Breite * H\u00f6he (cm)<\/td><td>Fassungsverm\u00f6gen (l)<\/td><td>Gewicht(kg)<\/td><td>MOQ<\/td><\/tr><tr><td>DY003-CL<\/td><td>57*37*22<\/td><td>9<\/td><td>8.6<\/td><td>2PCS<\/td><\/tr><\/tbody><\/table><\/figure>\n\n\n\n<h2 class=\"wp-block-heading\">Buffet Speisenw\u00e4rmer Merkmale:<\/h2>\n\n\n\n<p><strong>Sichtschutz aus Glas: <\/strong>bequem f\u00fcr die \u00dcberpr\u00fcfung der Lebensmittel Status, keine Notwendigkeit, die Abdeckung h\u00e4ufig zu \u00f6ffnen, halten Lebensmittel Temperatur und Geschmack. Transparentes Design, Lebensmittel anzeigen und Kunden anziehen.<\/p>\n\n\n\n<p><strong>Flip-Cover-Design:<\/strong> leicht zu \u00f6ffnen und zu schlie\u00dfen, einfacher zu nehmen und setzen Lebensmittel. Platzsparend, geeignet f\u00fcr verschiedene Buffets.<\/p>\n\n\n\n<p><strong>Verstellbare Trennw\u00e4nde:<\/strong> zwei Trennw\u00e4nde, drei unabh\u00e4ngige R\u00e4ume, bequem f\u00fcr die Klassifizierung und Lagerung von verschiedenen Lebensmitteln.<br>Die Trennw\u00e4nde sind verstellbar, um sich an unterschiedlich gro\u00dfes Geschirr anzupassen.<\/p>\n\n\n\n<p><strong>Hervorragende Isolierleistung: <\/strong>halten die Temperatur der Lebensmittel effektiv aufrecht und gew\u00e4hrleisten Geschmack und Qualit\u00e4t der Lebensmittel. Sparen Sie Energie und senken Sie die Betriebskosten.<\/p>\n\n\n\n<p><strong>Mehrere Gr\u00f6\u00dfenoptionen: <\/strong>lange und kurze Ausf\u00fchrungen f\u00fcr unterschiedliche Buffetbed\u00fcrfnisse. <\/p>\n<\/div>\n\n\n\n<div class=\"wp-block-column is-layout-flow wp-block-column-is-layout-flow\">\n<figure class=\"wp-block-image size-full\"><img decoding=\"async\" width=\"800\" height=\"800\" src=\"https:\/\/www.yongyukitchenware.com\/wp-content\/uploads\/2025\/01\/Wholesale-Buffet-Food-Warmer.webp\" alt=\"\" class=\"wp-image-2943\" srcset=\"https:\/\/www.yongyukitchenware.com\/wp-content\/uploads\/2025\/01\/Wholesale-Buffet-Food-Warmer.webp 800w, https:\/\/www.yongyukitchenware.com\/wp-content\/uploads\/2025\/01\/Wholesale-Buffet-Food-Warmer-300x300.webp 300w, https:\/\/www.yongyukitchenware.com\/wp-content\/uploads\/2025\/01\/Wholesale-Buffet-Food-Warmer-150x150.webp 150w, https:\/\/www.yongyukitchenware.com\/wp-content\/uploads\/2025\/01\/Wholesale-Buffet-Food-Warmer-768x768.webp 768w, https:\/\/www.yongyukitchenware.com\/wp-content\/uploads\/2025\/01\/Wholesale-Buffet-Food-Warmer-12x12.webp 12w, https:\/\/www.yongyukitchenware.com\/wp-content\/uploads\/2025\/01\/Wholesale-Buffet-Food-Warmer-600x600.webp 600w, https:\/\/www.yongyukitchenware.com\/wp-content\/uploads\/2025\/01\/Wholesale-Buffet-Food-Warmer-100x100.webp 100w\" sizes=\"(max-width: 800px) 100vw, 800px\" \/><\/figure>\n<\/div>\n<\/div>\n\n\n\n<p><\/p>","protected":false},"excerpt":{"rendered":"<p>Gro\u00dfhandel Catering Buffet Food Warmer - Langlebiger Edelstahl, Glasdeckel und 3 F\u00e4cher f\u00fcr effiziente Food Display. Perfekt f\u00fcr Hotels, Restaurants und Veranstaltungen! Kundenspezifische Gr\u00f6\u00dfen und OEM-Dienste verf\u00fcgbar. Kontaktieren Sie uns jetzt f\u00fcr ein Angebot! Verbessern Sie Ihr Buffet mit unseren Premium-W\u00e4rmern noch heute!<\/p>\n<h2><!-- wp:heading --><\/h2>\n<h2 class=\"wp-block-heading\">Attribute von Electric Chafing Dish Round:<\/h2>\n<h2><!-- \/wp:heading --><\/p>\n<p><!-- wp:paragraph --><\/h2>\n<p><strong>Material: <\/strong>Rostfreier Stahl<br \/><strong>Farbe: <\/strong>Silber<br \/><strong>Die Form:<\/strong> Rechteck mit Scharnierdeckel<br \/><strong>W\u00e4rme: <\/strong>Elektrische Heizung\/Alkoholheizung<br \/><strong>Chafer Pan: <\/strong>Einzel-\/Doppelraster<br \/><strong>OEM\/ODM: <\/strong>Verf\u00fcgbar<\/p>\n<h2 class=\"wp-block-heading\">Von Yongyu Chafing Dish Hersteller :<\/h2>\n<p>Ob es sich um einen Catering-Service-Anbieter, Hotel und Restaurant, oder Event-Planung Unternehmen, bieten wir komplette Chafing Gerichte Gro\u00dfhandel benutzerdefinierte L\u00f6sungen, um Ihr Unternehmen mit hochwertigen Fabrik Preise!<\/p>\n<h2><!-- \/wp:paragraph --><\/h2>","protected":false},"featured_media":2943,"comment_status":"closed","ping_status":"closed","template":"","meta":{"_acf_changed":false},"application":[30],"product_brand":[],"product_cat":[33],"product_tag":[],"class_list":{"0":"post-2863","1":"product","2":"type-product","3":"status-publish","4":"has-post-thumbnail","6":"application-hotel-catering","7":"product_cat-chafing-dishes-wholesale","9":"first","10":"instock","11":"shipping-taxable","12":"product-type-simple"},"acf":[],"_links":{"self":[{"href":"https:\/\/www.yongyukitchenware.com\/de\/wp-json\/wp\/v2\/product\/2863","targetHints":{"allow":["GET"]}}],"collection":[{"href":"https:\/\/www.yongyukitchenware.com\/de\/wp-json\/wp\/v2\/product"}],"about":[{"href":"https:\/\/www.yongyukitchenware.com\/de\/wp-json\/wp\/v2\/types\/product"}],"replies":[{"embeddable":true,"href":"https:\/\/www.yongyukitchenware.com\/de\/wp-json\/wp\/v2\/comments?post=2863"}],"wp:featuredmedia":[{"embeddable":true,"href":"https:\/\/www.yongyukitchenware.com\/de\/wp-json\/wp\/v2\/media\/2943"}],"wp:attachment":[{"href":"https:\/\/www.yongyukitchenware.com\/de\/wp-json\/wp\/v2\/media?parent=2863"}],"wp:term":[{"taxonomy":"application","embeddable":true,"href":"https:\/\/www.yongyukitchenware.com\/de\/wp-json\/wp\/v2\/application?post=2863"},{"taxonomy":"product_brand","embeddable":true,"href":"https:\/\/www.yongyukitchenware.com\/de\/wp-json\/wp\/v2\/product_brand?post=2863"},{"taxonomy":"product_cat","embeddable":true,"href":"https:\/\/www.yongyukitchenware.com\/de\/wp-json\/wp\/v2\/product_cat?post=2863"},{"taxonomy":"product_tag","embeddable":true,"href":"https:\/\/www.yongyukitchenware.com\/de\/wp-json\/wp\/v2\/product_tag?post=2863"}],"curies":[{"name":"wp","href":"https:\/\/api.w.org\/{rel}","templated":true}]}}