{"id":2881,"date":"2025-01-24T10:48:20","date_gmt":"2025-01-24T10:48:20","guid":{"rendered":"https:\/\/www.yongyukitchenware.com\/?post_type=product&#038;p=2881"},"modified":"2025-06-14T02:28:28","modified_gmt":"2025-06-14T02:28:28","slug":"wholesale-large-chafing-dish","status":"publish","type":"product","link":"https:\/\/www.yongyukitchenware.com\/de\/produkt\/wholesale-large-chafing-dish\/","title":{"rendered":"Gro\u00dfhandel gro\u00dfe Chafing Dish Edelstahl erh\u00e4ltlich in zwei H\u00f6hen"},"content":{"rendered":"<div class=\"wp-block-columns is-layout-flex wp-container-core-columns-is-layout-9d6595d7 wp-block-columns-is-layout-flex\">\n<div class=\"wp-block-column is-layout-flow wp-block-column-is-layout-flow\">\n<h2 class=\"wp-block-heading\">Gro\u00dfe Chafing Dish Parameter:<\/h2>\n\n\n\n<figure class=\"wp-block-table\"><table class=\"has-fixed-layout\"><tbody><tr><td>Modell<\/td><td>L\u00e4nge * Breite * H\u00f6he (cm)<\/td><td>Fassungsverm\u00f6gen (l)<\/td><td>Gewicht(kg)<\/td><td>MOQ<\/td><\/tr><tr><td rowspan=\"2\">DY001-CL<\/td><td>57*37*24<\/td><td rowspan=\"2\">9<\/td><td>8.8<\/td><td rowspan=\"2\">2PCS<\/td><\/tr><tr><td>57*37*31<\/td><td>9.2<\/td><\/tr><\/tbody><\/table><\/figure>\n\n\n\n<h2 class=\"wp-block-heading\">Gro\u00dfer Chafing Dish Merkmale:<\/h2>\n\n\n\n<p><strong>Zwei h\u00f6henverstellbare Ausf\u00fchrungen:<\/strong> Diese gro\u00dfe Chafing Dish im Gro\u00dfhandel bietet zwei verschiedene H\u00f6heneinstellungen, um den Bed\u00fcrfnissen verschiedener Anl\u00e4sse gerecht zu werden. So k\u00f6nnen die Kunden die richtige Verwendung f\u00fcr ihre spezifischen Anforderungen w\u00e4hlen.<\/p>\n\n\n\n<p><strong>Design mit gro\u00dfer Kapazit\u00e4t:<\/strong> Ein Design, das es unseren Gro\u00dfhandels-Edelstahl-Chafing-Dish-Gro\u00dfraumbeh\u00e4ltern erm\u00f6glicht, mehr Lebensmittel aufzunehmen, ist perfekt f\u00fcr gro\u00dfe Bankette, Buffets und Partys, zu denen Sie mehr G\u00e4ste einladen m\u00f6chten.<\/p>\n\n\n\n<p><strong>Hochwertiger Edelstahl Material: <\/strong>Dieser Gro\u00dfhandel gro\u00dfe Chafing Dish Lieferant ist aus strapazierf\u00e4higem Edelstahl, die langlebig ist, Rost-und korrosionsbest\u00e4ndig f\u00fcr eine lange Zeit, kratzfest, und hervorragend in der Leistung f\u00fcr die einfache Reinigung.<\/p>\n\n\n\n<p><strong>H\u00e4lt die W\u00e4rme effizient zur\u00fcck: <\/strong>Unsere gro\u00dfen Chafing Dishes sind so konzipiert, dass sie ein sehr stabiles Heizsystem aufrechterhalten, um Ihre Speisen jederzeit hei\u00df zu halten, insbesondere wenn es um gro\u00dfe Mengen geht.<\/p>\n\n\n\n<p><strong>Elegantes und modernes Gef\u00fchl: <\/strong>Diese Chafing Dish aus Edelstahl gl\u00e4nzt mit dem Glanz von rostfreiem Stahl und verf\u00fcgt \u00fcber ein modernes, klares Design f\u00fcr die meisten formellen und legeren Anl\u00e4sse.<\/p>\n<\/div>\n\n\n\n<div class=\"wp-block-column is-layout-flow wp-block-column-is-layout-flow\">\n<figure class=\"wp-block-image size-full\"><img decoding=\"async\" width=\"800\" height=\"800\" src=\"https:\/\/www.yongyukitchenware.com\/wp-content\/uploads\/2025\/01\/Wholesale-Large-Chafing-Dish-Stainless-Steel-Available-in-Two-Heights-3.webp\" alt=\"Gro\u00dfhandel gro\u00dfe Chafing Dish Edelstahl erh\u00e4ltlich in zwei H\u00f6hen (3)\" class=\"wp-image-2884\" srcset=\"https:\/\/www.yongyukitchenware.com\/wp-content\/uploads\/2025\/01\/Wholesale-Large-Chafing-Dish-Stainless-Steel-Available-in-Two-Heights-3.webp 800w, https:\/\/www.yongyukitchenware.com\/wp-content\/uploads\/2025\/01\/Wholesale-Large-Chafing-Dish-Stainless-Steel-Available-in-Two-Heights-3-300x300.webp 300w, https:\/\/www.yongyukitchenware.com\/wp-content\/uploads\/2025\/01\/Wholesale-Large-Chafing-Dish-Stainless-Steel-Available-in-Two-Heights-3-150x150.webp 150w, https:\/\/www.yongyukitchenware.com\/wp-content\/uploads\/2025\/01\/Wholesale-Large-Chafing-Dish-Stainless-Steel-Available-in-Two-Heights-3-768x768.webp 768w, https:\/\/www.yongyukitchenware.com\/wp-content\/uploads\/2025\/01\/Wholesale-Large-Chafing-Dish-Stainless-Steel-Available-in-Two-Heights-3-12x12.webp 12w, https:\/\/www.yongyukitchenware.com\/wp-content\/uploads\/2025\/01\/Wholesale-Large-Chafing-Dish-Stainless-Steel-Available-in-Two-Heights-3-600x600.webp 600w, https:\/\/www.yongyukitchenware.com\/wp-content\/uploads\/2025\/01\/Wholesale-Large-Chafing-Dish-Stainless-Steel-Available-in-Two-Heights-3-100x100.webp 100w\" sizes=\"(max-width: 800px) 100vw, 800px\" \/><\/figure>\n<\/div>\n<\/div>\n\n\n\n<p><\/p>","protected":false},"excerpt":{"rendered":"<p>Diese gro\u00dfe Chafing Dish im Gro\u00dfhandel ist ein Buffetkocher aus Edelstahl mit gro\u00dfem Fassungsverm\u00f6gen und zwei h\u00f6henverstellbaren Designs, die sich perfekt f\u00fcr alle Gelegenheiten eignen. Das Material, das in seiner hochwertigen Edelstahlkonstruktion verwendet wird, sorgt f\u00fcr Langlebigkeit und einfache Reinigung, w\u00e4hrend die effiziente W\u00e4rmespeicherfunktion das Essen jederzeit warm h\u00e4lt, was es sehr geeignet f\u00fcr gro\u00dfe Bankette und Partys macht.<\/p>\n<h2><!-- wp:heading --><\/h2>\n<h2 class=\"wp-block-heading\">Attribute von Large Chafing Dish:<\/h2>\n<h2><!-- \/wp:heading --><\/p>\n<p><!-- wp:paragraph --><\/h2>\n<p><strong>Material: <\/strong>Rostfreier Stahl<br \/><strong>Farbe: <\/strong>Silber<br \/><strong>Die Form:<\/strong> Rechteckig mit Scharnierdeckel<br \/><strong>W\u00e4rme: <\/strong>Alkoholische Heizung und elektrische Heizung<br \/><strong>Chafer Pan: <\/strong>Einzel\/Doppel\/Drei Raster<br \/><strong>OEM\/ODM: <\/strong>Verf\u00fcgbar<\/p>\n<h2 class=\"wp-block-heading\">Von Yongyu Chafing Dish Hersteller :<\/h2>\n<p>Ob es sich um einen Catering-Service-Anbieter, Hotel und Restaurant, oder Event-Planung Unternehmen, bieten wir komplette Chafing Gerichte Gro\u00dfhandel benutzerdefinierte L\u00f6sungen, um Ihr Unternehmen mit hochwertigen Fabrik Preise!<\/p>\n<h2><!-- \/wp:paragraph --><\/h2>","protected":false},"featured_media":2882,"comment_status":"closed","ping_status":"closed","template":"","meta":{"_acf_changed":true},"application":[30],"product_brand":[],"product_cat":[33],"product_tag":[],"class_list":{"0":"post-2881","1":"product","2":"type-product","3":"status-publish","4":"has-post-thumbnail","6":"application-hotel-catering","7":"product_cat-chafing-dishes-wholesale","9":"first","10":"instock","11":"shipping-taxable","12":"product-type-simple"},"acf":[],"_links":{"self":[{"href":"https:\/\/www.yongyukitchenware.com\/de\/wp-json\/wp\/v2\/product\/2881","targetHints":{"allow":["GET"]}}],"collection":[{"href":"https:\/\/www.yongyukitchenware.com\/de\/wp-json\/wp\/v2\/product"}],"about":[{"href":"https:\/\/www.yongyukitchenware.com\/de\/wp-json\/wp\/v2\/types\/product"}],"replies":[{"embeddable":true,"href":"https:\/\/www.yongyukitchenware.com\/de\/wp-json\/wp\/v2\/comments?post=2881"}],"wp:featuredmedia":[{"embeddable":true,"href":"https:\/\/www.yongyukitchenware.com\/de\/wp-json\/wp\/v2\/media\/2882"}],"wp:attachment":[{"href":"https:\/\/www.yongyukitchenware.com\/de\/wp-json\/wp\/v2\/media?parent=2881"}],"wp:term":[{"taxonomy":"application","embeddable":true,"href":"https:\/\/www.yongyukitchenware.com\/de\/wp-json\/wp\/v2\/application?post=2881"},{"taxonomy":"product_brand","embeddable":true,"href":"https:\/\/www.yongyukitchenware.com\/de\/wp-json\/wp\/v2\/product_brand?post=2881"},{"taxonomy":"product_cat","embeddable":true,"href":"https:\/\/www.yongyukitchenware.com\/de\/wp-json\/wp\/v2\/product_cat?post=2881"},{"taxonomy":"product_tag","embeddable":true,"href":"https:\/\/www.yongyukitchenware.com\/de\/wp-json\/wp\/v2\/product_tag?post=2881"}],"curies":[{"name":"wp","href":"https:\/\/api.w.org\/{rel}","templated":true}]}}