{"id":2885,"date":"2025-01-24T10:48:35","date_gmt":"2025-01-24T10:48:35","guid":{"rendered":"https:\/\/www.yongyukitchenware.com\/?post_type=product&#038;p=2885"},"modified":"2025-06-14T02:27:42","modified_gmt":"2025-06-14T02:27:42","slug":"wholesale-square-chafing-dish","status":"publish","type":"product","link":"https:\/\/www.yongyukitchenware.com\/de\/produkt\/wholesale-square-chafing-dish\/","title":{"rendered":"Gro\u00dfhandel Quadrat Chafing Dish Edelstahl mit Deckel und Griff 6L"},"content":{"rendered":"<div class=\"wp-block-columns is-layout-flex wp-container-core-columns-is-layout-9d6595d7 wp-block-columns-is-layout-flex\">\n<div class=\"wp-block-column is-layout-flow wp-block-column-is-layout-flow\">\n<h2 class=\"wp-block-heading\">Quadratische Chafing Dish Parameter:<\/h2>\n\n\n\n<figure class=\"wp-block-table\"><table class=\"has-fixed-layout\"><tbody><tr><td>Modell<\/td><td>L\u00e4nge * Breite * H\u00f6he (cm)<\/td><td>Fassungsverm\u00f6gen (l)<\/td><td>Gewicht(kg)<\/td><td>MOQ<\/td><\/tr><tr><td rowspan=\"2\">DY001-CL<\/td><td>40*40*25<\/td><td rowspan=\"2\">6<\/td><td>7.4<\/td><td rowspan=\"2\">2PCS<\/td><\/tr><tr><td>40*40*32<\/td><td>7.9<\/td><\/tr><\/tbody><\/table><\/figure>\n\n\n\n<h2 class=\"wp-block-heading\">Quadratischer Chafing Dish Merkmale:<\/h2>\n\n\n\n<p><strong>Design mit gro\u00dfer Kapazit\u00e4t: <\/strong>Diese quadratische Chafing Dish im Gro\u00dfhandel hat ein Fassungsverm\u00f6gen von 6 Litern und eignet sich f\u00fcr kleine Versammlungen oder mittelgro\u00dfe Bankette. Sie erf\u00fcllt den Bedarf, die richtige Menge an Speisen warm zu halten, und passt sich perfekt an verschiedene Anl\u00e4sse an.<\/p>\n\n\n\n<p><strong>Hochwertiger Edelstahl Material: <\/strong>Unser Gro\u00dfhandel Buffet Herd ist aus hochwertigem Edelstahl, die starke Korrosion und hohe Temperaturbest\u00e4ndigkeit hat, so dass keine Verformung oder Rost in langj\u00e4hrigen Gebrauch.<\/p>\n\n\n\n<p><strong>Ausgestattet mit Deckel und Griff: <\/strong>Unsere quadratischen Chafing Dishes f\u00fcr den Gro\u00dfhandel sind mit einem sicheren und soliden Deckel ausgestattet, der das Auslaufen von Lebensmitteln verhindert, und verf\u00fcgen \u00fcber einen praktischen Griff zur einfachen Handhabung und zum Servieren.<\/p>\n\n\n\n<p><strong>Einfaches und modernes Erscheinungsbild:<\/strong> Das quadratische Design unserer quadratischen Chafing Dishes aus dem Gro\u00dfhandel ist einfach und elegant und eignet sich f\u00fcr alle Arten von Banketten und Buffets, wodurch die Gesamtatmosph\u00e4re des Veranstaltungsortes und das Kundenerlebnis verbessert werden.<\/p>\n\n\n\n<p><strong>Leicht zu reinigen und zu pflegen: <\/strong>Die glatte Edelstahloberfl\u00e4che verringert das Anhaften von Lebensmittelr\u00fcckst\u00e4nden, ist leicht zu reinigen und spart Zeit bei der Wartung.<\/p>\n<\/div>\n\n\n\n<div class=\"wp-block-column is-layout-flow wp-block-column-is-layout-flow\">\n<figure class=\"wp-block-image size-full\"><img decoding=\"async\" width=\"800\" height=\"800\" src=\"https:\/\/www.yongyukitchenware.com\/wp-content\/uploads\/2025\/01\/Wholesale-Square-Chafing-Dish-Stainless-Steel-with-Lid-and-Handle-6L-2.webp\" alt=\"Gro\u00dfhandel Quadrat Chafing Dish Edelstahl mit Deckel und Griff 6L (2)\" class=\"wp-image-2887\" srcset=\"https:\/\/www.yongyukitchenware.com\/wp-content\/uploads\/2025\/01\/Wholesale-Square-Chafing-Dish-Stainless-Steel-with-Lid-and-Handle-6L-2.webp 800w, https:\/\/www.yongyukitchenware.com\/wp-content\/uploads\/2025\/01\/Wholesale-Square-Chafing-Dish-Stainless-Steel-with-Lid-and-Handle-6L-2-300x300.webp 300w, https:\/\/www.yongyukitchenware.com\/wp-content\/uploads\/2025\/01\/Wholesale-Square-Chafing-Dish-Stainless-Steel-with-Lid-and-Handle-6L-2-150x150.webp 150w, https:\/\/www.yongyukitchenware.com\/wp-content\/uploads\/2025\/01\/Wholesale-Square-Chafing-Dish-Stainless-Steel-with-Lid-and-Handle-6L-2-768x768.webp 768w, https:\/\/www.yongyukitchenware.com\/wp-content\/uploads\/2025\/01\/Wholesale-Square-Chafing-Dish-Stainless-Steel-with-Lid-and-Handle-6L-2-12x12.webp 12w, https:\/\/www.yongyukitchenware.com\/wp-content\/uploads\/2025\/01\/Wholesale-Square-Chafing-Dish-Stainless-Steel-with-Lid-and-Handle-6L-2-600x600.webp 600w, https:\/\/www.yongyukitchenware.com\/wp-content\/uploads\/2025\/01\/Wholesale-Square-Chafing-Dish-Stainless-Steel-with-Lid-and-Handle-6L-2-100x100.webp 100w\" sizes=\"(max-width: 800px) 100vw, 800px\" \/><\/figure>\n<\/div>\n<\/div>\n\n\n\n<p><\/p>","protected":false},"excerpt":{"rendered":"<p>Der quadratische Chafing Dish von Yongyu ist aus hochwertigem Edelstahl gefertigt und mit einem Deckel und Griff ausgestattet. Er hat ein gro\u00dfes Fassungsverm\u00f6gen und ist f\u00fcr kleine Bankette oder Partys geeignet. Hochwertiger Edelstahl sorgt f\u00fcr Langlebigkeit und das saubere Aussehen verbessert jede Gelegenheit, w\u00e4hrend sie leicht zu reinigen und zu pflegen, so dass es ideal f\u00fcr Food-Service und Buffets.<\/p>\n<h2><!-- wp:heading --><\/h2>\n<h2 class=\"wp-block-heading\">Attribute von Square Chafing Dish:<\/h2>\n<h2><!-- \/wp:heading --><\/p>\n<p><!-- wp:paragraph --><\/h2>\n<p><strong>Material: <\/strong>Rostfreier Stahl<br \/><strong>Farbe: <\/strong>Silber<br \/><strong>Die Form:<\/strong> Quadratisch mit Scharnierdeckel<br \/><strong>W\u00e4rme: <\/strong>Alkoholische Heizung und elektrische Heizung<br \/><strong>Chafer Pan: <\/strong>Einzel\/Doppel\/Drei Raster<br \/><strong>OEM\/ODM: <\/strong>Verf\u00fcgbar<\/p>\n<h2 class=\"wp-block-heading\">Von Yongyu Chafing Dish Hersteller :<\/h2>\n<p>Ob es sich um einen Catering-Service-Anbieter, Hotel und Restaurant, oder Event-Planung Unternehmen, bieten wir komplette Chafing Gerichte Gro\u00dfhandel benutzerdefinierte L\u00f6sungen, um Ihr Unternehmen mit hochwertigen Fabrik Preise!<\/p>\n<h2><!-- \/wp:paragraph --><\/h2>","protected":false},"featured_media":2888,"comment_status":"closed","ping_status":"closed","template":"","meta":{"_acf_changed":true},"application":[30],"product_brand":[],"product_cat":[33],"product_tag":[],"class_list":{"0":"post-2885","1":"product","2":"type-product","3":"status-publish","4":"has-post-thumbnail","6":"application-hotel-catering","7":"product_cat-chafing-dishes-wholesale","9":"first","10":"instock","11":"shipping-taxable","12":"product-type-simple"},"acf":[],"_links":{"self":[{"href":"https:\/\/www.yongyukitchenware.com\/de\/wp-json\/wp\/v2\/product\/2885","targetHints":{"allow":["GET"]}}],"collection":[{"href":"https:\/\/www.yongyukitchenware.com\/de\/wp-json\/wp\/v2\/product"}],"about":[{"href":"https:\/\/www.yongyukitchenware.com\/de\/wp-json\/wp\/v2\/types\/product"}],"replies":[{"embeddable":true,"href":"https:\/\/www.yongyukitchenware.com\/de\/wp-json\/wp\/v2\/comments?post=2885"}],"wp:featuredmedia":[{"embeddable":true,"href":"https:\/\/www.yongyukitchenware.com\/de\/wp-json\/wp\/v2\/media\/2888"}],"wp:attachment":[{"href":"https:\/\/www.yongyukitchenware.com\/de\/wp-json\/wp\/v2\/media?parent=2885"}],"wp:term":[{"taxonomy":"application","embeddable":true,"href":"https:\/\/www.yongyukitchenware.com\/de\/wp-json\/wp\/v2\/application?post=2885"},{"taxonomy":"product_brand","embeddable":true,"href":"https:\/\/www.yongyukitchenware.com\/de\/wp-json\/wp\/v2\/product_brand?post=2885"},{"taxonomy":"product_cat","embeddable":true,"href":"https:\/\/www.yongyukitchenware.com\/de\/wp-json\/wp\/v2\/product_cat?post=2885"},{"taxonomy":"product_tag","embeddable":true,"href":"https:\/\/www.yongyukitchenware.com\/de\/wp-json\/wp\/v2\/product_tag?post=2885"}],"curies":[{"name":"wp","href":"https:\/\/api.w.org\/{rel}","templated":true}]}}