{"id":2893,"date":"2025-01-24T10:44:32","date_gmt":"2025-01-24T10:44:32","guid":{"rendered":"https:\/\/www.yongyukitchenware.com\/?post_type=product&#038;p=2893"},"modified":"2025-06-14T02:29:16","modified_gmt":"2025-06-14T02:29:16","slug":"bulk-chafing-dish-for-buffet","status":"publish","type":"product","link":"https:\/\/www.yongyukitchenware.com\/de\/produkt\/bulk-chafing-dish-for-buffet\/","title":{"rendered":"Bulk Roud Chafing Dish f\u00fcr Buffet Edelstahl Chafer"},"content":{"rendered":"<div class=\"wp-block-columns is-layout-flex wp-container-core-columns-is-layout-9d6595d7 wp-block-columns-is-layout-flex\">\n<div class=\"wp-block-column is-layout-flow wp-block-column-is-layout-flow\">\n<h2 class=\"wp-block-heading\">Chafing Dish f\u00fcr Buffet Parameter:<\/h2>\n\n\n\n<figure class=\"wp-block-table\"><table class=\"has-fixed-layout\"><tbody><tr><td>Modell<\/td><td>L\u00e4nge * Breite * H\u00f6he (cm)<\/td><td>Fassungsverm\u00f6gen (l)<\/td><td>Gewicht(kg)<\/td><td>MOQ<\/td><\/tr><tr><td>DY014-CL<\/td><td>47*44*24<\/td><td>6<\/td><td>8.2<\/td><td>2PCS<\/td><\/tr><\/tbody><\/table><\/figure>\n\n\n\n<h2 class=\"wp-block-heading\">Chafing Dish f\u00fcr Buffet Merkmale:<\/h2>\n\n\n\n<p><strong>Design mit gro\u00dfer Kapazit\u00e4t: <\/strong>Unsere Gro\u00dfhandel Chafing Dish f\u00fcr Buffet ist 9L gro\u00dfe Kapazit\u00e4t, kann eine gro\u00dfe Menge an Lebensmitteln, geeignet f\u00fcr alle Arten von gro\u00dfen Bankette, Hochzeiten, Hotel-Buffets und andere Anl\u00e4sse zu halten.<\/p>\n\n\n\n<p><strong>Stabiles R\u00f6hrenbein:<\/strong> Die robuste Rohrkonstruktion dieser gro\u00dfen Chafing Dish f\u00fcr das Buffet bietet eine hervorragende Unterst\u00fctzung, um sicherzustellen, dass das Ger\u00e4t stabil und sicher ist, nicht leicht zu kippen oder zusammenzubrechen.<\/p>\n\n\n\n<p><strong>Effiziente Erw\u00e4rmung:<\/strong> Unsere gro\u00dfe Chafing Dish f\u00fcr das Buffet ist mit einem eingebauten Brennstofftank ausgestattet, der f\u00fcr eine lang anhaltende und stabile Erw\u00e4rmung sorgt, so dass die Speisen immer warm bleiben und das Erlebnis der Gastronomie verbessert wird.<\/p>\n\n\n\n<p><strong>Leicht zu reinigen: <\/strong>Aus rostfreiem Stahl mit glatter Oberfl\u00e4che, korrosionsbest\u00e4ndig, schmutzabweisend und leicht zu reinigen, damit das Ger\u00e4t lange wie neu aussieht.<\/p>\n\n\n\n<p><strong>Unabh\u00e4ngiger Stromanschluss: <\/strong>hochwertiger, langlebiger Stromanschluss, einfach zu bedienen, kein Widerstand<\/p>\n<\/div>\n\n\n\n<div class=\"wp-block-column is-layout-flow wp-block-column-is-layout-flow\">\n<figure class=\"wp-block-image size-full\"><img decoding=\"async\" width=\"800\" height=\"800\" src=\"https:\/\/www.yongyukitchenware.com\/wp-content\/uploads\/2025\/01\/wholesale-Chafing-Dish-for-Buffet-2.webp\" alt=\"Gro\u00dfhandel Chafing Dish f\u00fcr Buffet\" class=\"wp-image-2930\" srcset=\"https:\/\/www.yongyukitchenware.com\/wp-content\/uploads\/2025\/01\/wholesale-Chafing-Dish-for-Buffet-2.webp 800w, https:\/\/www.yongyukitchenware.com\/wp-content\/uploads\/2025\/01\/wholesale-Chafing-Dish-for-Buffet-2-300x300.webp 300w, https:\/\/www.yongyukitchenware.com\/wp-content\/uploads\/2025\/01\/wholesale-Chafing-Dish-for-Buffet-2-150x150.webp 150w, https:\/\/www.yongyukitchenware.com\/wp-content\/uploads\/2025\/01\/wholesale-Chafing-Dish-for-Buffet-2-768x768.webp 768w, https:\/\/www.yongyukitchenware.com\/wp-content\/uploads\/2025\/01\/wholesale-Chafing-Dish-for-Buffet-2-12x12.webp 12w, https:\/\/www.yongyukitchenware.com\/wp-content\/uploads\/2025\/01\/wholesale-Chafing-Dish-for-Buffet-2-600x600.webp 600w, https:\/\/www.yongyukitchenware.com\/wp-content\/uploads\/2025\/01\/wholesale-Chafing-Dish-for-Buffet-2-100x100.webp 100w\" sizes=\"(max-width: 800px) 100vw, 800px\" \/><\/figure>\n<\/div>\n<\/div>\n\n\n\n<p><\/p>","protected":false},"excerpt":{"rendered":"<p>Willkommen bei Bulk Chafing Dish f\u00fcr Buffet hat eine 9L gro\u00dfe Kapazit\u00e4t mit einem Rohr Bein Design, die starke Unterst\u00fctzung und effiziente Heizung, um sicherzustellen, Essen ist warm. Das \u00c4u\u00dfere aus Edelstahl verbessert die Bankett-Atmosph\u00e4re und ist leicht zu reinigen, besonders geeignet f\u00fcr gro\u00dfe Bankette, Hochzeiten und Hotel-Buffets.<\/p>\n<h2><!-- wp:heading --><\/h2>\n<h2 class=\"wp-block-heading\">Attribute von Chafing Dish f\u00fcr Buffet:<\/h2>\n<h2><!-- \/wp:heading --><\/p>\n<p><!-- wp:paragraph --><\/h2>\n<p><strong>Material: <\/strong>Rostfreier Stahl<br \/><strong>Farbe: <\/strong>Silber<br \/><strong>Die Form:<\/strong> Rund mit Scharnierdeckel<br \/><strong>W\u00e4rme: <\/strong>\u00a0Elektrische Heizung<br \/><strong>Chafer Pan: <\/strong>Einzel\/Doppel\/Drei Raster<br \/><strong>OEM\/ODM: <\/strong>Verf\u00fcgbar<\/p>\n<h2 class=\"wp-block-heading\">Von Yongyu Chafing Dish Hersteller :<\/h2>\n<p>Ob es sich um einen Catering-Service-Anbieter, Hotel und Restaurant, oder Event-Planung Unternehmen, bieten wir komplette Chafing Gerichte Gro\u00dfhandel benutzerdefinierte L\u00f6sungen, um Ihr Unternehmen mit hochwertigen Fabrik Preise!<\/p>\n<h2><!-- \/wp:paragraph --><\/h2>","protected":false},"featured_media":2929,"comment_status":"closed","ping_status":"closed","template":"","meta":{"_acf_changed":false},"application":[30],"product_brand":[],"product_cat":[33],"product_tag":[],"class_list":{"0":"post-2893","1":"product","2":"type-product","3":"status-publish","4":"has-post-thumbnail","6":"application-hotel-catering","7":"product_cat-chafing-dishes-wholesale","9":"first","10":"instock","11":"shipping-taxable","12":"product-type-simple"},"acf":[],"_links":{"self":[{"href":"https:\/\/www.yongyukitchenware.com\/de\/wp-json\/wp\/v2\/product\/2893","targetHints":{"allow":["GET"]}}],"collection":[{"href":"https:\/\/www.yongyukitchenware.com\/de\/wp-json\/wp\/v2\/product"}],"about":[{"href":"https:\/\/www.yongyukitchenware.com\/de\/wp-json\/wp\/v2\/types\/product"}],"replies":[{"embeddable":true,"href":"https:\/\/www.yongyukitchenware.com\/de\/wp-json\/wp\/v2\/comments?post=2893"}],"wp:featuredmedia":[{"embeddable":true,"href":"https:\/\/www.yongyukitchenware.com\/de\/wp-json\/wp\/v2\/media\/2929"}],"wp:attachment":[{"href":"https:\/\/www.yongyukitchenware.com\/de\/wp-json\/wp\/v2\/media?parent=2893"}],"wp:term":[{"taxonomy":"application","embeddable":true,"href":"https:\/\/www.yongyukitchenware.com\/de\/wp-json\/wp\/v2\/application?post=2893"},{"taxonomy":"product_brand","embeddable":true,"href":"https:\/\/www.yongyukitchenware.com\/de\/wp-json\/wp\/v2\/product_brand?post=2893"},{"taxonomy":"product_cat","embeddable":true,"href":"https:\/\/www.yongyukitchenware.com\/de\/wp-json\/wp\/v2\/product_cat?post=2893"},{"taxonomy":"product_tag","embeddable":true,"href":"https:\/\/www.yongyukitchenware.com\/de\/wp-json\/wp\/v2\/product_tag?post=2893"}],"curies":[{"name":"wp","href":"https:\/\/api.w.org\/{rel}","templated":true}]}}