{"id":2902,"date":"2025-01-24T10:26:58","date_gmt":"2025-01-24T10:26:58","guid":{"rendered":"https:\/\/www.yongyukitchenware.com\/?post_type=product&#038;p=2902"},"modified":"2025-06-14T02:30:32","modified_gmt":"2025-06-14T02:30:32","slug":"wholesale-electric-chafer-dish","status":"publish","type":"product","link":"https:\/\/www.yongyukitchenware.com\/de\/produkt\/wholesale-electric-chafer-dish\/","title":{"rendered":"Gro\u00dfhandel elektrische Chafer Gericht Platz einfach Edelstahl Buffet Herd"},"content":{"rendered":"<div class=\"wp-block-columns is-layout-flex wp-container-core-columns-is-layout-9d6595d7 wp-block-columns-is-layout-flex\">\n<div class=\"wp-block-column is-layout-flow wp-block-column-is-layout-flow\">\n<h2 class=\"wp-block-heading\">Elektrischer Chafer Dish Parameter:<\/h2>\n\n\n\n<figure class=\"wp-block-table\"><table class=\"has-fixed-layout\"><tbody><tr><td>Modell<\/td><td>L\u00e4nge * Breite * H\u00f6he (cm)<\/td><td>Fassungsverm\u00f6gen (l)<\/td><td>Gewicht(kg)<\/td><td>MOQ<\/td><\/tr><tr><td>DY014-CL<\/td><td>40*40*24<\/td><td>6<\/td><td>7.8<\/td><td>2PCS<\/td><\/tr><\/tbody><\/table><\/figure>\n\n\n\n<h2 class=\"wp-block-heading\">Elektrischer Chafer Dish Merkmale:<\/h2>\n\n\n\n<p><strong>Quadratisches Design:<\/strong> Dieser Gro\u00dfhandel elektrische Chafer Gericht hat eine stilvolle und einfache quadratische Aussehen, die f\u00fcr verschiedene Catering-Anl\u00e4sse angewendet werden kann und kann die allgemeine Atmosph\u00e4re von Buffets oder Bankette zu erh\u00f6hen.<\/p>\n\n\n\n<p><strong>Elektrisches Heizsystem:<\/strong> Unser einfacher Buffetkocher aus rostfreiem Stahl verf\u00fcgt \u00fcber ein elektrisches Heizsystem, das die Speisen stabil und effizient erw\u00e4rmt und sie lange warm h\u00e4lt.<\/p>\n\n\n\n<p><strong>Hochwertiges Material aus rostfreiem Stahl: <\/strong>Der Gro\u00dfhandel elektrische Chafer Gericht ist aus hochwertigem Edelstahl gefertigt, langlebig, korrosionsbest\u00e4ndig, hitzebest\u00e4ndig und leicht zu reinigen, die Haltbarkeit und \u00c4sthetik in den kommenden Jahren gew\u00e4hrleistet.<\/p>\n\n\n\n<p><strong>Energieeffizient und energiesparend:<\/strong> Das elektrische Heizsystem sorgt f\u00fcr eine schnelle Erw\u00e4rmung, ist energiesparend und hat keine Temperaturunterschiede beim Heizen.<\/p>\n\n\n\n<p><strong>Sicherheit und Stabilit\u00e4t: <\/strong>Das Design dieses elektrischen Gro\u00dfhandels-Kochgeschirrs verf\u00fcgt \u00fcber einen rutschfesten Boden mit stabilisierender St\u00fctze, um zu verhindern, dass es w\u00e4hrend des Gebrauchs kippt oder zusammenbricht.<\/p>\n<\/div>\n\n\n\n<div class=\"wp-block-column is-layout-flow wp-block-column-is-layout-flow\">\n<figure class=\"wp-block-image size-full\"><img decoding=\"async\" width=\"800\" height=\"800\" src=\"https:\/\/www.yongyukitchenware.com\/wp-content\/uploads\/2025\/01\/Wholesale-Electric-Chafer-Dish-Square-Simple-Stainless-Steel-Buffet-Stove-1.webp\" alt=\"Gro\u00dfhandel elektrische Chafer Gericht Platz einfach Edelstahl Buffet Herd (1)\" class=\"wp-image-2903\" srcset=\"https:\/\/www.yongyukitchenware.com\/wp-content\/uploads\/2025\/01\/Wholesale-Electric-Chafer-Dish-Square-Simple-Stainless-Steel-Buffet-Stove-1.webp 800w, https:\/\/www.yongyukitchenware.com\/wp-content\/uploads\/2025\/01\/Wholesale-Electric-Chafer-Dish-Square-Simple-Stainless-Steel-Buffet-Stove-1-300x300.webp 300w, https:\/\/www.yongyukitchenware.com\/wp-content\/uploads\/2025\/01\/Wholesale-Electric-Chafer-Dish-Square-Simple-Stainless-Steel-Buffet-Stove-1-150x150.webp 150w, https:\/\/www.yongyukitchenware.com\/wp-content\/uploads\/2025\/01\/Wholesale-Electric-Chafer-Dish-Square-Simple-Stainless-Steel-Buffet-Stove-1-768x768.webp 768w, https:\/\/www.yongyukitchenware.com\/wp-content\/uploads\/2025\/01\/Wholesale-Electric-Chafer-Dish-Square-Simple-Stainless-Steel-Buffet-Stove-1-12x12.webp 12w, https:\/\/www.yongyukitchenware.com\/wp-content\/uploads\/2025\/01\/Wholesale-Electric-Chafer-Dish-Square-Simple-Stainless-Steel-Buffet-Stove-1-600x600.webp 600w, https:\/\/www.yongyukitchenware.com\/wp-content\/uploads\/2025\/01\/Wholesale-Electric-Chafer-Dish-Square-Simple-Stainless-Steel-Buffet-Stove-1-100x100.webp 100w\" sizes=\"(max-width: 800px) 100vw, 800px\" \/><\/figure>\n<\/div>\n<\/div>\n\n\n\n<p><\/p>","protected":false},"excerpt":{"rendered":"<p>Entscheiden Sie sich f\u00fcr Yongyu diese Gro\u00dfhandel elektrische Chafer Gericht verf\u00fcgt \u00fcber ein minimalistisches modernes Design mit einem extrem effektiven elektrischen Heizsystem und Qualit\u00e4t Edelstahl, um das Essen f\u00fcr eine lange Zeit warm zu halten und sogar zu erhitzen. Dieses energiesparende, stabile und sichere Ger\u00e4t eignet sich am besten f\u00fcr Buffets, Bankette und andere Anl\u00e4sse und erm\u00f6glicht einen bequemeren und effizienteren Catering-Service.<\/p>\n<h2><!-- wp:heading --><\/h2>\n<h2 class=\"wp-block-heading\">Eigenschaften von Elektro-K\u00fchltruhen:<\/h2>\n<h2><!-- \/wp:heading --><\/p>\n<p><!-- wp:paragraph --><\/h2>\n<p><strong>Material: <\/strong>Rostfreier Stahl<br \/><strong>Farbe: <\/strong>Silber<br \/><strong>Die Form:<\/strong> Quadratisch mit Scharnierdeckel<br \/><strong>W\u00e4rme: <\/strong>Alkoholische Heizung und elektrische Heizung<br \/><strong>Chafer Pan: <\/strong>Einzel\/Doppel\/Drei Raster<br \/><strong>OEM\/ODM: <\/strong>Verf\u00fcgbar<\/p>\n<h2 class=\"wp-block-heading\">Von Yongyu Chafing Dish Hersteller :<\/h2>\n<p>Ob es sich um einen Catering-Service-Anbieter, Hotel und Restaurant, oder Event-Planung Unternehmen, bieten wir komplette Chafing Gerichte Gro\u00dfhandel benutzerdefinierte L\u00f6sungen, um Ihr Unternehmen mit hochwertigen Fabrik Preise!<\/p>\n<h2><!-- \/wp:paragraph --><\/h2>","protected":false},"featured_media":2904,"comment_status":"closed","ping_status":"closed","template":"","meta":{"_acf_changed":true},"application":[30],"product_brand":[],"product_cat":[33],"product_tag":[],"class_list":{"0":"post-2902","1":"product","2":"type-product","3":"status-publish","4":"has-post-thumbnail","6":"application-hotel-catering","7":"product_cat-chafing-dishes-wholesale","9":"first","10":"instock","11":"shipping-taxable","12":"product-type-simple"},"acf":[],"_links":{"self":[{"href":"https:\/\/www.yongyukitchenware.com\/de\/wp-json\/wp\/v2\/product\/2902","targetHints":{"allow":["GET"]}}],"collection":[{"href":"https:\/\/www.yongyukitchenware.com\/de\/wp-json\/wp\/v2\/product"}],"about":[{"href":"https:\/\/www.yongyukitchenware.com\/de\/wp-json\/wp\/v2\/types\/product"}],"replies":[{"embeddable":true,"href":"https:\/\/www.yongyukitchenware.com\/de\/wp-json\/wp\/v2\/comments?post=2902"}],"wp:featuredmedia":[{"embeddable":true,"href":"https:\/\/www.yongyukitchenware.com\/de\/wp-json\/wp\/v2\/media\/2904"}],"wp:attachment":[{"href":"https:\/\/www.yongyukitchenware.com\/de\/wp-json\/wp\/v2\/media?parent=2902"}],"wp:term":[{"taxonomy":"application","embeddable":true,"href":"https:\/\/www.yongyukitchenware.com\/de\/wp-json\/wp\/v2\/application?post=2902"},{"taxonomy":"product_brand","embeddable":true,"href":"https:\/\/www.yongyukitchenware.com\/de\/wp-json\/wp\/v2\/product_brand?post=2902"},{"taxonomy":"product_cat","embeddable":true,"href":"https:\/\/www.yongyukitchenware.com\/de\/wp-json\/wp\/v2\/product_cat?post=2902"},{"taxonomy":"product_tag","embeddable":true,"href":"https:\/\/www.yongyukitchenware.com\/de\/wp-json\/wp\/v2\/product_tag?post=2902"}],"curies":[{"name":"wp","href":"https:\/\/api.w.org\/{rel}","templated":true}]}}