{"id":2913,"date":"2025-01-24T10:22:10","date_gmt":"2025-01-24T10:22:10","guid":{"rendered":"https:\/\/www.yongyukitchenware.com\/?post_type=product&#038;p=2913"},"modified":"2025-06-14T02:31:26","modified_gmt":"2025-06-14T02:31:26","slug":"wholesale-soup-chafing-dish","status":"publish","type":"product","link":"https:\/\/www.yongyukitchenware.com\/de\/produkt\/wholesale-soup-chafing-dish\/","title":{"rendered":"Gro\u00dfhandel Suppe Chafing Dish Buffet Suppe Herd mit Glasdeckel"},"content":{"rendered":"<div class=\"wp-block-columns is-layout-flex wp-container-core-columns-is-layout-9d6595d7 wp-block-columns-is-layout-flex\">\n<div class=\"wp-block-column is-layout-flow wp-block-column-is-layout-flow\">\n<h2 class=\"wp-block-heading\">Chafing Dish f\u00fcr Suppen Parameter:<\/h2>\n\n\n\n<figure class=\"wp-block-table\"><table class=\"has-fixed-layout\"><tbody><tr><td>Modell<\/td><td>L\u00e4nge * Breite * H\u00f6he (cm)<\/td><td>Fassungsverm\u00f6gen (l)<\/td><td>Gewicht(kg)<\/td><td>MOQ<\/td><\/tr><tr><td>DY026-CL<\/td><td>46*47*37<\/td><td>10<\/td><td>10.9<\/td><td>2PCS<\/td><\/tr><\/tbody><\/table><\/figure>\n\n\n\n<h2 class=\"wp-block-heading\">Soup Chafing Dish Merkmale:<\/h2>\n\n\n\n<p><strong>Glas-Deckel Design:<\/strong> Der durchsichtige Glasdeckel erm\u00f6glicht einen Blick auf die Lebensmittel im Inneren. Elegant und praktisch, hilft es, die Lebensmittel bei hoher Temperatur mit der Bequemlichkeit f\u00fcr den Server beim Servieren zu halten.<\/p>\n\n\n\n<p><strong>Design mit gro\u00dfer Kapazit\u00e4t:<\/strong> Unsere Suppensch\u00fcssel passt zu vielen Anl\u00e4ssen, insbesondere zu Buffets oder Partys; sie fasst genug Suppe oder andere Speisen f\u00fcr den Bedarf vieler G\u00e4ste.<\/p>\n\n\n\n<p><strong>Hochwertiges und langlebiges Material:<\/strong> Dieser Gro\u00dfhandel Suppe Chafing Dish ist aus hochwertigem Edelstahl gefertigt, so dass kein Rost oder Korrosion im langfristigen Einsatz, langlebig und leicht zu reinigen.<\/p>\n\n\n\n<p><strong>Effizientes Heizsystem: <\/strong>Dieser Gro\u00dfhandel Buffet Suppe Herd hat eine elektrische Heizplatte und CNC-Heizung Methode, um die Suppe oder andere Lebensmittel warm zu halten und sicherzustellen, den besten Geschmack von Lebensmitteln, um verschiedene Bed\u00fcrfnisse zu erf\u00fcllen.<\/p>\n\n\n\n<p><strong>Sicheres und stabiles Design:<\/strong> Die solide Konstruktion und der rutschfeste Sockel sorgen daf\u00fcr, dass er w\u00e4hrend der Benutzung nicht kippt oder wackelt, und bieten so Sicherheit und Schutz.<\/p>\n<\/div>\n\n\n\n<div class=\"wp-block-column is-layout-flow wp-block-column-is-layout-flow\">\n<figure class=\"wp-block-image size-full\"><img decoding=\"async\" width=\"800\" height=\"800\" src=\"https:\/\/www.yongyukitchenware.com\/wp-content\/uploads\/2025\/01\/Wholesale-Soup-Chafing-Dish-Buffet-Soup-Stove-with-Glass-Lid.webp\" alt=\"Gro\u00dfhandel Suppe Chafing Dish Buffet Suppe Herd mit Glasdeckel\" class=\"wp-image-2914\" srcset=\"https:\/\/www.yongyukitchenware.com\/wp-content\/uploads\/2025\/01\/Wholesale-Soup-Chafing-Dish-Buffet-Soup-Stove-with-Glass-Lid.webp 800w, https:\/\/www.yongyukitchenware.com\/wp-content\/uploads\/2025\/01\/Wholesale-Soup-Chafing-Dish-Buffet-Soup-Stove-with-Glass-Lid-300x300.webp 300w, https:\/\/www.yongyukitchenware.com\/wp-content\/uploads\/2025\/01\/Wholesale-Soup-Chafing-Dish-Buffet-Soup-Stove-with-Glass-Lid-150x150.webp 150w, https:\/\/www.yongyukitchenware.com\/wp-content\/uploads\/2025\/01\/Wholesale-Soup-Chafing-Dish-Buffet-Soup-Stove-with-Glass-Lid-768x768.webp 768w, https:\/\/www.yongyukitchenware.com\/wp-content\/uploads\/2025\/01\/Wholesale-Soup-Chafing-Dish-Buffet-Soup-Stove-with-Glass-Lid-12x12.webp 12w, https:\/\/www.yongyukitchenware.com\/wp-content\/uploads\/2025\/01\/Wholesale-Soup-Chafing-Dish-Buffet-Soup-Stove-with-Glass-Lid-600x600.webp 600w, https:\/\/www.yongyukitchenware.com\/wp-content\/uploads\/2025\/01\/Wholesale-Soup-Chafing-Dish-Buffet-Soup-Stove-with-Glass-Lid-100x100.webp 100w\" sizes=\"(max-width: 800px) 100vw, 800px\" \/><\/figure>\n<\/div>\n<\/div>","protected":false},"excerpt":{"rendered":"<p>Dieser Gro\u00dfhandel Suppe Chafing Dish verf\u00fcgt \u00fcber einen klaren Glasdeckel, die dazu beitragen, Lebensmittel warm und leicht zu sehen und zu manipulieren zu halten wird.  Diese Chafing Dish ist langlebig, leicht zu reinigen und in der Lage, mit gro\u00dfen Versammlungen und Bankette durch ein effizientes Heizsystem zu halten, um eine konstante Temperatur zu halten. Wenden Sie sich noch heute an Yongyu, um Ihre Catering-Erfahrung mit Kunden zu verbessern!<\/p>\n<h2><!-- wp:heading --><\/h2>\n<h2 class=\"wp-block-heading\">Attribute von Soup Chafing Dish:<\/h2>\n<h2><!-- \/wp:heading --><\/p>\n<p><!-- wp:paragraph --><\/h2>\n<p><strong>Material: <\/strong>Rostfreier Stahl<br \/><strong>Farbe: <\/strong>Silber<br \/><strong>Die Form:<\/strong> Rund mit Glasdeckel<br \/><strong>W\u00e4rme: <\/strong>Elektrische Heizung\/Alkoholheizung<br \/><strong>Chafer Pan: <\/strong>Einzel-\/Doppelraster<br \/><strong>OEM\/ODM: <\/strong>Verf\u00fcgbar<\/p>\n<h2 class=\"wp-block-heading\">Von Yongyu Chafing Dish Hersteller :<\/h2>\n<p>Ob es sich um einen Catering-Service-Anbieter, Hotel und Restaurant, oder Event-Planung Unternehmen, bieten wir komplette Chafing Gerichte Gro\u00dfhandel benutzerdefinierte L\u00f6sungen, um Ihr Unternehmen mit hochwertigen Fabrik Preise!<\/p>\n<h2><!-- \/wp:paragraph --><\/h2>","protected":false},"featured_media":2914,"comment_status":"closed","ping_status":"closed","template":"","meta":{"_acf_changed":true},"application":[30],"product_brand":[],"product_cat":[33],"product_tag":[],"class_list":{"0":"post-2913","1":"product","2":"type-product","3":"status-publish","4":"has-post-thumbnail","6":"application-hotel-catering","7":"product_cat-chafing-dishes-wholesale","9":"first","10":"instock","11":"shipping-taxable","12":"product-type-simple"},"acf":[],"_links":{"self":[{"href":"https:\/\/www.yongyukitchenware.com\/de\/wp-json\/wp\/v2\/product\/2913","targetHints":{"allow":["GET"]}}],"collection":[{"href":"https:\/\/www.yongyukitchenware.com\/de\/wp-json\/wp\/v2\/product"}],"about":[{"href":"https:\/\/www.yongyukitchenware.com\/de\/wp-json\/wp\/v2\/types\/product"}],"replies":[{"embeddable":true,"href":"https:\/\/www.yongyukitchenware.com\/de\/wp-json\/wp\/v2\/comments?post=2913"}],"wp:featuredmedia":[{"embeddable":true,"href":"https:\/\/www.yongyukitchenware.com\/de\/wp-json\/wp\/v2\/media\/2914"}],"wp:attachment":[{"href":"https:\/\/www.yongyukitchenware.com\/de\/wp-json\/wp\/v2\/media?parent=2913"}],"wp:term":[{"taxonomy":"application","embeddable":true,"href":"https:\/\/www.yongyukitchenware.com\/de\/wp-json\/wp\/v2\/application?post=2913"},{"taxonomy":"product_brand","embeddable":true,"href":"https:\/\/www.yongyukitchenware.com\/de\/wp-json\/wp\/v2\/product_brand?post=2913"},{"taxonomy":"product_cat","embeddable":true,"href":"https:\/\/www.yongyukitchenware.com\/de\/wp-json\/wp\/v2\/product_cat?post=2913"},{"taxonomy":"product_tag","embeddable":true,"href":"https:\/\/www.yongyukitchenware.com\/de\/wp-json\/wp\/v2\/product_tag?post=2913"}],"curies":[{"name":"wp","href":"https:\/\/api.w.org\/{rel}","templated":true}]}}