{"id":2946,"date":"2025-02-28T03:00:13","date_gmt":"2025-02-28T03:00:13","guid":{"rendered":"https:\/\/www.yongyukitchenware.com\/?post_type=product&#038;p=2946"},"modified":"2025-06-13T07:09:01","modified_gmt":"2025-06-13T07:09:01","slug":"wholesale-buffet-chafing-dish","status":"publish","type":"product","link":"https:\/\/www.yongyukitchenware.com\/de\/produkt\/wholesale-buffet-chafing-dish\/","title":{"rendered":"Gro\u00dfhandel Buffet Chafing Dish Quadrat Edelstahl Chafer Bulk"},"content":{"rendered":"<div class=\"wp-block-columns is-layout-flex wp-container-core-columns-is-layout-9d6595d7 wp-block-columns-is-layout-flex\">\n<div class=\"wp-block-column is-layout-flow wp-block-column-is-layout-flow\">\n<h2 class=\"wp-block-heading\">Buffet Chafing Dish Parameter:<\/h2>\n\n\n\n<figure class=\"wp-block-table\"><table class=\"has-fixed-layout\"><tbody><tr><td>Modell<\/td><td>L\u00e4nge * Breite * H\u00f6he (cm)<\/td><td>Fassungsverm\u00f6gen (l)<\/td><td>Gewicht(kg)<\/td><td>MOQ<\/td><\/tr><tr><td>DY003-CL<\/td><td>40*40*22<\/td><td>6<\/td><td>6.9<\/td><td>2PCS<\/td><\/tr><\/tbody><\/table><\/figure>\n\n\n\n<h2 class=\"wp-block-heading\">Buffet Chafing Dish Merkmale:<\/h2>\n\n\n\n<p><strong>Hochwertiger rostfreier Stahl: <\/strong>langlebig, rostfrei, leicht zu reinigen, poliertes und gl\u00e4nzendes Aussehen, verbessert die Gesamtqualit\u00e4t des Restaurants oder Banketts.<\/p>\n\n\n\n<p><strong>Mit Glas-Klappdeckel: <\/strong>hydraulisches Scharnier, transparentes Design, bequem, um den Status der Lebensmittel zu \u00fcberpr\u00fcfen, keine Notwendigkeit, die Abdeckung h\u00e4ufig zu \u00f6ffnen, einfach zu \u00f6ffnen und zu schlie\u00dfen, Verbesserung der Benutzerfreundlichkeit.<\/p>\n\n\n\n<p><strong>Quadratisches Design<\/strong>: Platzsparend, flexibel aufstellbar, geeignet f\u00fcr verschiedene Bankett- oder Buffet-Szenen.<\/p>\n\n\n\n<p><strong>Unterst\u00fctzung von Brennstoff- oder Elektroheizungen: <\/strong>Hervorragende Isolierleistung: H\u00e4lt die Temperatur der Lebensmittel effektiv aufrecht, gew\u00e4hrleistet den Geschmack und die Qualit\u00e4t der Lebensmittel und reduziert die Betriebskosten.<\/p>\n<\/div>\n\n\n\n<div class=\"wp-block-column is-layout-flow wp-block-column-is-layout-flow\">\n<figure class=\"wp-block-image size-full\"><img decoding=\"async\" width=\"800\" height=\"800\" src=\"https:\/\/www.yongyukitchenware.com\/wp-content\/uploads\/2025\/02\/Wholesale-buffet-chafing-dish.webp\" alt=\"Gro\u00dfhandel Gro\u00dfhandel Buffet chafing dish\" class=\"wp-image-2947\" srcset=\"https:\/\/www.yongyukitchenware.com\/wp-content\/uploads\/2025\/02\/Wholesale-buffet-chafing-dish.webp 800w, https:\/\/www.yongyukitchenware.com\/wp-content\/uploads\/2025\/02\/Wholesale-buffet-chafing-dish-300x300.webp 300w, https:\/\/www.yongyukitchenware.com\/wp-content\/uploads\/2025\/02\/Wholesale-buffet-chafing-dish-150x150.webp 150w, https:\/\/www.yongyukitchenware.com\/wp-content\/uploads\/2025\/02\/Wholesale-buffet-chafing-dish-768x768.webp 768w, https:\/\/www.yongyukitchenware.com\/wp-content\/uploads\/2025\/02\/Wholesale-buffet-chafing-dish-12x12.webp 12w, https:\/\/www.yongyukitchenware.com\/wp-content\/uploads\/2025\/02\/Wholesale-buffet-chafing-dish-600x600.webp 600w, https:\/\/www.yongyukitchenware.com\/wp-content\/uploads\/2025\/02\/Wholesale-buffet-chafing-dish-100x100.webp 100w\" sizes=\"(max-width: 800px) 100vw, 800px\" \/><\/figure>\n<\/div>\n<\/div>","protected":false},"excerpt":{"rendered":"<p>Gro\u00dfhandel Buffet Chafing Dish - Quadratisches Design, Glasdeckel und klappbarem Flip-Top f\u00fcr einfachen Zugang. Hergestellt aus robustem Edelstahl, perfekt f\u00fcr Catering und Veranstaltungen! Anpassung &amp; OEM-Dienstleistungen zur Verf\u00fcgung. Kontaktieren Sie uns jetzt f\u00fcr ein Angebot!<\/p>\n<h2><!-- wp:heading --><\/h2>\n<h2 class=\"wp-block-heading\">Buffet Chafing Dish Attribute:<\/h2>\n<h2><!-- \/wp:heading --><\/p>\n<p><!-- wp:paragraph --><\/h2>\n<p><strong>Material: <\/strong>Rostfreier Stahl<br \/><strong>Farbe: <\/strong>Silber<br \/><strong>Die Form: <\/strong>Quadratisch mit Glasscharnierdeckel<br \/><strong>W\u00e4rme: <\/strong>Elektrische Heizung\/Alkoholheizung<br \/><strong>Chafer Pan: <\/strong>Einzel-\/Doppelraster<br \/><strong>OEM\/ODM: <\/strong>Verf\u00fcgbar<\/p>\n<h2 class=\"wp-block-heading\">Von Yongyu Chafing Dish Hersteller :<\/h2>\n<p>Ob es sich um einen Catering-Service-Anbieter, Hotel und Restaurant, oder Event-Planung Unternehmen, bieten wir komplette Chafing Gerichte Gro\u00dfhandel benutzerdefinierte L\u00f6sungen, um Ihr Unternehmen mit hochwertigen Fabrik Preise!<\/p>\n<h2><!-- \/wp:paragraph --><\/h2>","protected":false},"featured_media":2947,"comment_status":"closed","ping_status":"closed","template":"","meta":{"_acf_changed":true},"application":[30],"product_brand":[],"product_cat":[33],"product_tag":[],"class_list":{"0":"post-2946","1":"product","2":"type-product","3":"status-publish","4":"has-post-thumbnail","6":"application-hotel-catering","7":"product_cat-chafing-dishes-wholesale","9":"first","10":"instock","11":"shipping-taxable","12":"product-type-simple"},"acf":[],"_links":{"self":[{"href":"https:\/\/www.yongyukitchenware.com\/de\/wp-json\/wp\/v2\/product\/2946","targetHints":{"allow":["GET"]}}],"collection":[{"href":"https:\/\/www.yongyukitchenware.com\/de\/wp-json\/wp\/v2\/product"}],"about":[{"href":"https:\/\/www.yongyukitchenware.com\/de\/wp-json\/wp\/v2\/types\/product"}],"replies":[{"embeddable":true,"href":"https:\/\/www.yongyukitchenware.com\/de\/wp-json\/wp\/v2\/comments?post=2946"}],"wp:featuredmedia":[{"embeddable":true,"href":"https:\/\/www.yongyukitchenware.com\/de\/wp-json\/wp\/v2\/media\/2947"}],"wp:attachment":[{"href":"https:\/\/www.yongyukitchenware.com\/de\/wp-json\/wp\/v2\/media?parent=2946"}],"wp:term":[{"taxonomy":"application","embeddable":true,"href":"https:\/\/www.yongyukitchenware.com\/de\/wp-json\/wp\/v2\/application?post=2946"},{"taxonomy":"product_brand","embeddable":true,"href":"https:\/\/www.yongyukitchenware.com\/de\/wp-json\/wp\/v2\/product_brand?post=2946"},{"taxonomy":"product_cat","embeddable":true,"href":"https:\/\/www.yongyukitchenware.com\/de\/wp-json\/wp\/v2\/product_cat?post=2946"},{"taxonomy":"product_tag","embeddable":true,"href":"https:\/\/www.yongyukitchenware.com\/de\/wp-json\/wp\/v2\/product_tag?post=2946"}],"curies":[{"name":"wp","href":"https:\/\/api.w.org\/{rel}","templated":true}]}}