{"id":2953,"date":"2025-03-12T06:07:39","date_gmt":"2025-03-12T06:07:39","guid":{"rendered":"https:\/\/www.yongyukitchenware.com\/?post_type=product&#038;p=2953"},"modified":"2025-06-13T06:53:42","modified_gmt":"2025-06-13T06:53:42","slug":"wholesale-chafing-dish-round-glass-lid","status":"publish","type":"product","link":"https:\/\/www.yongyukitchenware.com\/de\/produkt\/wholesale-chafing-dish-round-glass-lid\/","title":{"rendered":"Gro\u00dfhandel Chafing Dish Runde Glas Deckel Scharnier Rohr Bein hydraulische Abdeckung"},"content":{"rendered":"<div class=\"wp-block-columns is-layout-flex wp-container-core-columns-is-layout-9d6595d7 wp-block-columns-is-layout-flex\">\n<div class=\"wp-block-column is-layout-flow wp-block-column-is-layout-flow\">\n<h2 class=\"wp-block-heading\">Chafing Dish Round Glass Lid Parameter:<\/h2>\n\n\n\n<figure class=\"wp-block-table\"><table class=\"has-fixed-layout\"><tbody><tr><td>Modell<\/td><td>Durchmesser* H\u00f6he (cm)<\/td><td>Fassungsverm\u00f6gen (l)<\/td><td>Gewicht(kg)<\/td><td>MOQ<\/td><\/tr><tr><td>DY004-CL<\/td><td>47*44*24<\/td><td>6<\/td><td>7.2<\/td><td>2PCS<\/td><\/tr><\/tbody><\/table><\/figure>\n\n\n\n<h2 class=\"wp-block-heading\">Chafing Dish Runder Glasdeckel Merkmale:<\/h2>\n\n\n\n<p><strong>Hochwertiges Material aus rostfreiem Stahl: <\/strong>Er ist aus hochwertigem Edelstahl gefertigt, korrosionsbest\u00e4ndig und hochtemperaturbest\u00e4ndig, so dass eine langfristige Nutzung ohne Rost gew\u00e4hrleistet ist.<\/p>\n\n\n\n<p><strong>Rundes Design:<\/strong> Einzigartiges rundes Design, geeignet f\u00fcr Buffets, Bankette und andere Catering-Anl\u00e4sse.<\/p>\n\n\n\n<p><strong>Klappdeckel-Design:<\/strong> Ausgestattet mit einem Scharnierdeckel, der sich schnell und einfach \u00f6ffnen und schlie\u00dfen l\u00e4sst.<\/p>\n\n\n\n<p><strong>Konstruktion des Rohrschenkels: <\/strong>Die Konstruktion mit Rohrbeinen erh\u00f6ht die Stabilit\u00e4t des Produkts und sorgt daf\u00fcr, dass es w\u00e4hrend des Gebrauchs nicht leicht kippen kann.<\/p>\n\n\n\n<p><strong>Hydraulische Abdeckung: <\/strong>Die hydraulische Konstruktion des Deckels erm\u00f6glicht ein langsames und sanftes \u00d6ffnen des Deckels.<\/p>\n\n\n\n<p><strong>Verst\u00e4rkter hydraulischer D\u00e4mpfungsdeckel\uff1a <\/strong>Leises, langsames Schlie\u00dfen, leicht zu \u00f6ffnen und zu schlie\u00dfen<\/p>\n\n\n\n<p><strong>Geteiltes Design\uff1a<\/strong>Die Wanne und der Ofenk\u00f6rper k\u00f6nnen zur leichteren Reinigung getrennt werden<\/p>\n\n\n\n<p><strong>Multifunktionale Heizung: <\/strong>Es kann durch elektrische Heizung oder Alkohol erhitzt werden.<\/p>\n<\/div>\n\n\n\n<div class=\"wp-block-column is-layout-flow wp-block-column-is-layout-flow\">\n<figure class=\"wp-block-image size-full\"><img decoding=\"async\" width=\"1920\" height=\"1920\" src=\"https:\/\/www.yongyukitchenware.com\/wp-content\/uploads\/2025\/02\/chafing-dishes-set-1-1.webp\" alt=\"Gro\u00dfhandel Chafing Dish Runde Glasdeckel\" class=\"wp-image-2955\" srcset=\"https:\/\/www.yongyukitchenware.com\/wp-content\/uploads\/2025\/02\/chafing-dishes-set-1-1.webp 1920w, https:\/\/www.yongyukitchenware.com\/wp-content\/uploads\/2025\/02\/chafing-dishes-set-1-1-300x300.webp 300w, https:\/\/www.yongyukitchenware.com\/wp-content\/uploads\/2025\/02\/chafing-dishes-set-1-1-150x150.webp 150w, https:\/\/www.yongyukitchenware.com\/wp-content\/uploads\/2025\/02\/chafing-dishes-set-1-1-768x768.webp 768w, https:\/\/www.yongyukitchenware.com\/wp-content\/uploads\/2025\/02\/chafing-dishes-set-1-1-12x12.webp 12w, https:\/\/www.yongyukitchenware.com\/wp-content\/uploads\/2025\/02\/chafing-dishes-set-1-1-1200x1200.webp 1200w, https:\/\/www.yongyukitchenware.com\/wp-content\/uploads\/2025\/02\/chafing-dishes-set-1-1-600x600.webp 600w, https:\/\/www.yongyukitchenware.com\/wp-content\/uploads\/2025\/02\/chafing-dishes-set-1-1-100x100.webp 100w\" sizes=\"(max-width: 1920px) 100vw, 1920px\" \/><\/figure>\n<\/div>\n<\/div>\n\n\n\n<p><\/p>","protected":false},"excerpt":{"rendered":"<p>Gro\u00dfhandel Chafing Dish runden Glasdeckel: Dieser Teller verf\u00fcgt \u00fcber einen Klappdeckel, ein Rohrbeindesign und eine hydraulische Abdeckung f\u00fcr eine einfache Verwendung. Der Klarglasdeckel erm\u00f6glicht die Sichtbarkeit der Speisen. Es ist langlebig, leicht zu reinigen, und anpassbar. Kontaktieren Sie uns noch heute f\u00fcr Gro\u00dfbestellungen und personalisierten Service!<\/p>\n<h2><!-- wp:heading --><\/h2>\n<h2 class=\"wp-block-heading\">Attribute von Chafing Dish Round Glass Lid :<\/h2>\n<h2><!-- \/wp:heading --><\/p>\n<p><!-- wp:paragraph --><\/h2>\n<p><strong>Material: <\/strong>Rostfreier Stahl<br \/><strong>Farbe: <\/strong>Silber<br \/><strong>Die Form:<\/strong> Rund mit Scharnierdeckel<br \/><strong>W\u00e4rme: <\/strong>Elektrische Heizung\/Alkoholheizung<br \/><strong>Chafer Pan: <\/strong>Einzel-\/Doppelraster<br \/><strong>OEM\/ODM: <\/strong>Verf\u00fcgbar<\/p>\n<h2 class=\"wp-block-heading\">Von Yongyu Chafing Dish Hersteller :<\/h2>\n<p>Ob es sich um einen Catering-Service-Anbieter, Hotel und Restaurant, oder Event-Planung Unternehmen, bieten wir komplette Chafing Gerichte Gro\u00dfhandel benutzerdefinierte L\u00f6sungen, um Ihr Unternehmen mit hochwertigen Fabrik Preise!<\/p>\n<h2><!-- \/wp:paragraph --><\/h2>","protected":false},"featured_media":2954,"comment_status":"closed","ping_status":"closed","template":"","meta":{"_acf_changed":true},"application":[30],"product_brand":[],"product_cat":[33],"product_tag":[],"class_list":{"0":"post-2953","1":"product","2":"type-product","3":"status-publish","4":"has-post-thumbnail","6":"application-hotel-catering","7":"product_cat-chafing-dishes-wholesale","9":"first","10":"instock","11":"shipping-taxable","12":"product-type-simple"},"acf":[],"_links":{"self":[{"href":"https:\/\/www.yongyukitchenware.com\/de\/wp-json\/wp\/v2\/product\/2953","targetHints":{"allow":["GET"]}}],"collection":[{"href":"https:\/\/www.yongyukitchenware.com\/de\/wp-json\/wp\/v2\/product"}],"about":[{"href":"https:\/\/www.yongyukitchenware.com\/de\/wp-json\/wp\/v2\/types\/product"}],"replies":[{"embeddable":true,"href":"https:\/\/www.yongyukitchenware.com\/de\/wp-json\/wp\/v2\/comments?post=2953"}],"wp:featuredmedia":[{"embeddable":true,"href":"https:\/\/www.yongyukitchenware.com\/de\/wp-json\/wp\/v2\/media\/2954"}],"wp:attachment":[{"href":"https:\/\/www.yongyukitchenware.com\/de\/wp-json\/wp\/v2\/media?parent=2953"}],"wp:term":[{"taxonomy":"application","embeddable":true,"href":"https:\/\/www.yongyukitchenware.com\/de\/wp-json\/wp\/v2\/application?post=2953"},{"taxonomy":"product_brand","embeddable":true,"href":"https:\/\/www.yongyukitchenware.com\/de\/wp-json\/wp\/v2\/product_brand?post=2953"},{"taxonomy":"product_cat","embeddable":true,"href":"https:\/\/www.yongyukitchenware.com\/de\/wp-json\/wp\/v2\/product_cat?post=2953"},{"taxonomy":"product_tag","embeddable":true,"href":"https:\/\/www.yongyukitchenware.com\/de\/wp-json\/wp\/v2\/product_tag?post=2953"}],"curies":[{"name":"wp","href":"https:\/\/api.w.org\/{rel}","templated":true}]}}