{"id":2960,"date":"2025-03-12T13:51:22","date_gmt":"2025-03-12T13:51:22","guid":{"rendered":"https:\/\/www.yongyukitchenware.com\/?post_type=product&#038;p=2960"},"modified":"2025-06-13T06:51:06","modified_gmt":"2025-06-13T06:51:06","slug":"wholesale-buffet-chafer","status":"publish","type":"product","link":"https:\/\/www.yongyukitchenware.com\/de\/produkt\/wholesale-buffet-chafer\/","title":{"rendered":"Gro\u00dfhandel Buffet Chafer mit Dual Heizung Optionen f\u00fcr Party und Bankett"},"content":{"rendered":"<div class=\"wp-block-columns is-layout-flex wp-container-core-columns-is-layout-9d6595d7 wp-block-columns-is-layout-flex\">\n<div class=\"wp-block-column is-layout-flow wp-block-column-is-layout-flow\">\n<h2 class=\"wp-block-heading\">Buffet-K\u00fchlschrank Parameter:<\/h2>\n\n\n\n<figure class=\"wp-block-table\"><table class=\"has-fixed-layout\"><tbody><tr><td>Modell<\/td><td>Durchmesser* H\u00f6he (cm)<\/td><td>Fassungsverm\u00f6gen (l)<\/td><td>MOQ<\/td><\/tr><tr><td>DY022-CL<\/td><td>64*44*44<\/td><td>9<\/td><td>2PCS<\/td><\/tr><\/tbody><\/table><\/figure>\n\n\n\n<h2 class=\"wp-block-heading\">Buffet Chafer Merkmale:<\/h2>\n\n\n\n<p><strong>Mehrere Heizmethoden:<\/strong> Die elektrische Heizung kann schnell aufheizen und die Temperatur genau steuern; die Alkoholheizung eignet sich f\u00fcr Anl\u00e4sse mit besonderen Anforderungen an die Atmosph\u00e4re.<\/p>\n\n\n\n<p><strong>Durchdachte Designdetails:<\/strong> Der Innentank ist abnehmbar, was Lebensmittelr\u00fcckst\u00e4nde und Bakterienwachstum wirksam verhindert und die Lebensmittelsicherheit und Hygiene gew\u00e4hrleistet. Der im rechten Winkel sichtbare, voll umklappbare Speiseherd ist bequem f\u00fcr die Entnahme und Platzierung von Lebensmitteln, und das Sichtfenster kann auch den Status der Lebensmittel jederzeit beobachten.<\/p>\n\n\n\n<p><strong>Flexible Kombination:<\/strong> Sie k\u00f6nnen Einzel-, Doppel- und Dreifach-Gitterschalen kombinieren, um verschiedene Anforderungen an die Pr\u00e4sentation zu erf\u00fcllen.<\/p>\n\n\n\n<p><strong>Intelligentes Temperaturkontrollsystem: <\/strong>Ausgestattet mit einem elektronischen Temperaturkontroll-Touchscreen und einem unabh\u00e4ngigen Netzschalter, sicher und zuverl\u00e4ssig, um Fehlbedienungen zu vermeiden; der Thermostat gew\u00e4hrleistet au\u00dferdem die Genauigkeit und Stabilit\u00e4t der Temperaturkontrolle.<\/p>\n\n\n\n<p><strong>Robustes und langlebiges Material: <\/strong>Er ist aus hochwertigem Edelstahl gefertigt, h\u00e4lt h\u00e4ufigem Gebrauch und intensiver Arbeitsumgebung stand und hat ein hohes Kosten-Nutzen-Verh\u00e4ltnis bei langfristiger Nutzung.<\/p>\n<\/div>\n\n\n\n<div class=\"wp-block-column is-layout-flow wp-block-column-is-layout-flow\">\n<figure class=\"wp-block-image size-full\"><img decoding=\"async\" width=\"800\" height=\"800\" src=\"https:\/\/www.yongyukitchenware.com\/wp-content\/uploads\/2025\/02\/wholesale-buffet-chafer.webp\" alt=\"Gro\u00dfhandel f\u00fcr Buffet-K\u00fchlschr\u00e4nke\" class=\"wp-image-3024\" srcset=\"https:\/\/www.yongyukitchenware.com\/wp-content\/uploads\/2025\/02\/wholesale-buffet-chafer.webp 800w, https:\/\/www.yongyukitchenware.com\/wp-content\/uploads\/2025\/02\/wholesale-buffet-chafer-300x300.webp 300w, https:\/\/www.yongyukitchenware.com\/wp-content\/uploads\/2025\/02\/wholesale-buffet-chafer-150x150.webp 150w, https:\/\/www.yongyukitchenware.com\/wp-content\/uploads\/2025\/02\/wholesale-buffet-chafer-768x768.webp 768w, https:\/\/www.yongyukitchenware.com\/wp-content\/uploads\/2025\/02\/wholesale-buffet-chafer-12x12.webp 12w, https:\/\/www.yongyukitchenware.com\/wp-content\/uploads\/2025\/02\/wholesale-buffet-chafer-600x600.webp 600w, https:\/\/www.yongyukitchenware.com\/wp-content\/uploads\/2025\/02\/wholesale-buffet-chafer-100x100.webp 100w\" sizes=\"(max-width: 800px) 100vw, 800px\" \/><\/figure>\n<\/div>\n<\/div>\n\n\n\n<p><\/p>","protected":false},"excerpt":{"rendered":"<div class=\"flex max-w-full flex-col flex-grow\">\n<div class=\"min-h-8 text-message flex w-full flex-col items-end gap-2 whitespace-normal break-words text-start [.text-message+&amp;]:mt-5\" dir=\"auto\" data-message-author-role=\"assistant\" data-message-id=\"e07a47d1-8143-4d76-a750-70f60d252df1\" data-message-model-slug=\"gpt-4o\">\n<div class=\"flex w-full flex-col gap-1 empty:hidden first:pt-[3px]\">\n<div class=\"markdown prose w-full break-words dark:prose-invert dark\">\n<div data-zone-id=\"0\" data-line-index=\"0\" data-line=\"true\">Gro\u00dfhandel Buffet Chafer! Zweifache Beheizung, herausnehmbare Einlage f\u00fcr einfache Reinigung, verstellbare Roste. Pr\u00e4ziser, intelligenter Thermostat. Langlebiger rostfreier Stahl. Beratung vor dem Kauf, Unterst\u00fctzung nach dem Kauf und schnelle Lieferung. Fragen Sie jetzt an, um Ihr Buffet aufzur\u00fcsten!<\/div>\n<\/div>\n<\/div>\n<\/div>\n<\/div>\n<div class=\"mb-2 flex gap-3 empty:hidden -ml-2\">\n<div class=\"items-center justify-start rounded-xl p-1 flex\">\n<div class=\"flex items-center\">\u00a0<\/div>\n<\/div>\n<\/div>\n<h2><!-- wp:heading --><\/h2>\n<h2 class=\"wp-block-heading\">Attribute von Buffet Chafer :<\/h2>\n<h2><!-- \/wp:heading --><\/p>\n<p><!-- wp:paragraph --><\/h2>\n<p><strong>Material: <\/strong>Rostfreier Stahl<br \/><strong>Farbe: <\/strong>Silber<br \/><strong>Die Form:<\/strong> Rechteckig mit Rolldeckel<br \/><strong>W\u00e4rme: <\/strong>Elektrische Heizung\/Alkoholheizung<br \/><strong>Chafer Pan: <\/strong>Einzel-\/Doppelraster<br \/><strong>OEM\/ODM: <\/strong>Verf\u00fcgbar<\/p>\n<h2 class=\"wp-block-heading\">Von Yongyu Chafing Dish Hersteller :<\/h2>\n<p>Ob es sich um einen Catering-Service-Anbieter, Hotel und Restaurant, oder Event-Planung Unternehmen, bieten wir komplette Chafing Gerichte Gro\u00dfhandel benutzerdefinierte L\u00f6sungen, um Ihr Unternehmen mit hochwertigen Fabrik Preise!<\/p>\n<h2><!-- \/wp:paragraph --><\/h2>","protected":false},"featured_media":3024,"comment_status":"closed","ping_status":"closed","template":"","meta":{"_acf_changed":true},"application":[30],"product_brand":[],"product_cat":[33],"product_tag":[],"class_list":{"0":"post-2960","1":"product","2":"type-product","3":"status-publish","4":"has-post-thumbnail","6":"application-hotel-catering","7":"product_cat-chafing-dishes-wholesale","9":"first","10":"instock","11":"shipping-taxable","12":"product-type-simple"},"acf":[],"_links":{"self":[{"href":"https:\/\/www.yongyukitchenware.com\/de\/wp-json\/wp\/v2\/product\/2960","targetHints":{"allow":["GET"]}}],"collection":[{"href":"https:\/\/www.yongyukitchenware.com\/de\/wp-json\/wp\/v2\/product"}],"about":[{"href":"https:\/\/www.yongyukitchenware.com\/de\/wp-json\/wp\/v2\/types\/product"}],"replies":[{"embeddable":true,"href":"https:\/\/www.yongyukitchenware.com\/de\/wp-json\/wp\/v2\/comments?post=2960"}],"wp:featuredmedia":[{"embeddable":true,"href":"https:\/\/www.yongyukitchenware.com\/de\/wp-json\/wp\/v2\/media\/3024"}],"wp:attachment":[{"href":"https:\/\/www.yongyukitchenware.com\/de\/wp-json\/wp\/v2\/media?parent=2960"}],"wp:term":[{"taxonomy":"application","embeddable":true,"href":"https:\/\/www.yongyukitchenware.com\/de\/wp-json\/wp\/v2\/application?post=2960"},{"taxonomy":"product_brand","embeddable":true,"href":"https:\/\/www.yongyukitchenware.com\/de\/wp-json\/wp\/v2\/product_brand?post=2960"},{"taxonomy":"product_cat","embeddable":true,"href":"https:\/\/www.yongyukitchenware.com\/de\/wp-json\/wp\/v2\/product_cat?post=2960"},{"taxonomy":"product_tag","embeddable":true,"href":"https:\/\/www.yongyukitchenware.com\/de\/wp-json\/wp\/v2\/product_tag?post=2960"}],"curies":[{"name":"wp","href":"https:\/\/api.w.org\/{rel}","templated":true}]}}