{"id":2966,"date":"2025-03-12T14:31:16","date_gmt":"2025-03-12T14:31:16","guid":{"rendered":"https:\/\/www.yongyukitchenware.com\/?post_type=product&#038;p=2966"},"modified":"2025-06-13T06:48:54","modified_gmt":"2025-06-13T06:48:54","slug":"wholesale-round-chafer","status":"publish","type":"product","link":"https:\/\/www.yongyukitchenware.com\/de\/produkt\/wholesale-round-chafer\/","title":{"rendered":"Gro\u00dfhandel Runde Chafer Erstellen zeitlosen Luxus f\u00fcr Party"},"content":{"rendered":"<div class=\"wp-block-columns is-layout-flex wp-container-core-columns-is-layout-9d6595d7 wp-block-columns-is-layout-flex\">\n<div class=\"wp-block-column is-layout-flow wp-block-column-is-layout-flow\">\n<h2 class=\"wp-block-heading\">Rundk\u00e4fer Parameter:<\/h2>\n\n\n\n<figure class=\"wp-block-table\"><table class=\"has-fixed-layout\"><tbody><tr><td>Modell<\/td><td>Durchmesser* H\u00f6he (cm)<\/td><td>Fassungsverm\u00f6gen (l)<\/td><td>MOQ<\/td><\/tr><tr><td>DY023-CL<\/td><td>48*47<\/td><td>6<\/td><td>2PCS<\/td><\/tr><\/tbody><\/table><\/figure>\n\n\n\n<h2 class=\"wp-block-heading\">Runder Chafer Merkmale:<\/h2>\n\n\n\n<p><strong>Flexible Anpassung der W\u00e4rmequelle:<\/strong> W\u00e4hlen Sie f\u00fcr verschiedene Orte die elektrische Heizung, um schnell und stabil zu heizen; w\u00e4hlen Sie im Freien die Alkoholheizung, um Ihr K\u00f6nnen zu zeigen.<\/p>\n\n\n\n<p><strong>L\u00f6sen Sie Reinigungsprobleme:<\/strong> Der herausnehmbare Innentank verhindert wirksam die Ansammlung von Lebensmittelresten.<\/p>\n\n\n\n<p><strong>Kreative Lebensmittelauslage: <\/strong>Ein einzelnes Gitter eignet sich zum Platzieren exquisiter Hauptgerichte, ein Doppelgitter kann Fleisch- und Gem\u00fcsekombinationen gleichzeitig pr\u00e4sentieren, und drei Gitter k\u00f6nnen eine reichhaltige Snackplatte ergeben.<\/p>\n\n\n\n<p><strong>Genaue Temperaturkontrolle: <\/strong>Die elektronische Temperaturregelung mit Touchscreen ist einfach und intuitiv zu bedienen und sorgt mit dem pr\u00e4zisen Thermostat f\u00fcr frische und schmackhafte Gerichte.<\/p>\n\n\n\n<p><strong>Dauerhafte Materialgarantie: <\/strong>Das Material ist robust und langlebig, korrosionsbest\u00e4ndig und verschlei\u00dffest und bietet dem Benutzer eine langfristige und stabile Nutzung.<\/p>\n\n\n\n<p><strong>Erfahrung mit visueller Bedienung: <\/strong>Rechtwinkliger visueller Full-Flip-Essplatz. Das Flip-Design ist einfach zu bedienen.<\/p>\n<\/div>\n\n\n\n<div class=\"wp-block-column is-layout-flow wp-block-column-is-layout-flow\">\n<figure class=\"wp-block-image size-full\"><img decoding=\"async\" width=\"800\" height=\"800\" src=\"https:\/\/www.yongyukitchenware.com\/wp-content\/uploads\/2025\/02\/round-chafing-dish-set.webp\" alt=\"Gro\u00dfhandel Runde Chafer \" class=\"wp-image-3037\" srcset=\"https:\/\/www.yongyukitchenware.com\/wp-content\/uploads\/2025\/02\/round-chafing-dish-set.webp 800w, https:\/\/www.yongyukitchenware.com\/wp-content\/uploads\/2025\/02\/round-chafing-dish-set-300x300.webp 300w, https:\/\/www.yongyukitchenware.com\/wp-content\/uploads\/2025\/02\/round-chafing-dish-set-150x150.webp 150w, https:\/\/www.yongyukitchenware.com\/wp-content\/uploads\/2025\/02\/round-chafing-dish-set-768x768.webp 768w, https:\/\/www.yongyukitchenware.com\/wp-content\/uploads\/2025\/02\/round-chafing-dish-set-12x12.webp 12w, https:\/\/www.yongyukitchenware.com\/wp-content\/uploads\/2025\/02\/round-chafing-dish-set-600x600.webp 600w, https:\/\/www.yongyukitchenware.com\/wp-content\/uploads\/2025\/02\/round-chafing-dish-set-100x100.webp 100w\" sizes=\"(max-width: 800px) 100vw, 800px\" \/><\/figure>\n<\/div>\n<\/div>\n\n\n\n<p><\/p>","protected":false},"excerpt":{"rendered":"<div data-zone-id=\"0\" data-line-index=\"0\" data-line=\"true\">Gro\u00dfhandel Runde Chafer, ist Ihre beste Wahl f\u00fcr Unternehmen. Er verf\u00fcgt \u00fcber eine doppelte Heizung, eine herausnehmbare Einlage f\u00fcr eine einfache Reinigung und verstellbare Roste. Mit intelligenter Touch-Bedienung und hochwertigem Stahl, ist es langlebig. Unser Unternehmen bietet Beratung vor dem Kauf und schnelle Lieferung. Senden Sie jetzt eine Anfrage und verbessern Sie Ihr Gesch\u00e4ft!<\/div>\n<h2><!-- wp:heading --><\/h2>\n<h2 class=\"wp-block-heading\">Runder K\u00e4fer Attribute:<\/h2>\n<h2><!-- \/wp:heading --><\/p>\n<p><!-- wp:paragraph --><\/h2>\n<p><strong>Material: <\/strong>Rostfreier Stahl<br \/><strong>Farbe: <\/strong>Silber<br \/><strong>Die Form:<\/strong> Rund mit Rolldeckel<br \/><strong>W\u00e4rme: <\/strong>Elektrische Heizung\/Alkoholheizung<br \/><strong>Chafer Pan: <\/strong>Einzel-\/Doppelraster<br \/><strong>OEM\/ODM: <\/strong>Verf\u00fcgbar<\/p>\n<h2 class=\"wp-block-heading\">Von Yongyu Chafing Dish Hersteller :<\/h2>\n<p>Ob es sich um einen Catering-Service-Anbieter, Hotel und Restaurant, oder Event-Planung Unternehmen, bieten wir komplette Chafing Gerichte Gro\u00dfhandel benutzerdefinierte L\u00f6sungen, um Ihr Unternehmen mit hochwertigen Fabrik Preise!<\/p>\n<h2><!-- \/wp:paragraph --><\/h2>","protected":false},"featured_media":3037,"comment_status":"closed","ping_status":"closed","template":"","meta":{"_acf_changed":true},"application":[30],"product_brand":[],"product_cat":[33],"product_tag":[],"class_list":{"0":"post-2966","1":"product","2":"type-product","3":"status-publish","4":"has-post-thumbnail","6":"application-hotel-catering","7":"product_cat-chafing-dishes-wholesale","9":"first","10":"instock","11":"shipping-taxable","12":"product-type-simple"},"acf":[],"_links":{"self":[{"href":"https:\/\/www.yongyukitchenware.com\/de\/wp-json\/wp\/v2\/product\/2966","targetHints":{"allow":["GET"]}}],"collection":[{"href":"https:\/\/www.yongyukitchenware.com\/de\/wp-json\/wp\/v2\/product"}],"about":[{"href":"https:\/\/www.yongyukitchenware.com\/de\/wp-json\/wp\/v2\/types\/product"}],"replies":[{"embeddable":true,"href":"https:\/\/www.yongyukitchenware.com\/de\/wp-json\/wp\/v2\/comments?post=2966"}],"wp:featuredmedia":[{"embeddable":true,"href":"https:\/\/www.yongyukitchenware.com\/de\/wp-json\/wp\/v2\/media\/3037"}],"wp:attachment":[{"href":"https:\/\/www.yongyukitchenware.com\/de\/wp-json\/wp\/v2\/media?parent=2966"}],"wp:term":[{"taxonomy":"application","embeddable":true,"href":"https:\/\/www.yongyukitchenware.com\/de\/wp-json\/wp\/v2\/application?post=2966"},{"taxonomy":"product_brand","embeddable":true,"href":"https:\/\/www.yongyukitchenware.com\/de\/wp-json\/wp\/v2\/product_brand?post=2966"},{"taxonomy":"product_cat","embeddable":true,"href":"https:\/\/www.yongyukitchenware.com\/de\/wp-json\/wp\/v2\/product_cat?post=2966"},{"taxonomy":"product_tag","embeddable":true,"href":"https:\/\/www.yongyukitchenware.com\/de\/wp-json\/wp\/v2\/product_tag?post=2966"}],"curies":[{"name":"wp","href":"https:\/\/api.w.org\/{rel}","templated":true}]}}