{"id":2967,"date":"2025-03-12T14:14:20","date_gmt":"2025-03-12T14:14:20","guid":{"rendered":"https:\/\/www.yongyukitchenware.com\/?post_type=product&#038;p=2967"},"modified":"2025-06-13T06:49:47","modified_gmt":"2025-06-13T06:49:47","slug":"wholesale-chafing-dishes-with-roll-top","status":"publish","type":"product","link":"https:\/\/www.yongyukitchenware.com\/de\/produkt\/wholesale-chafing-dishes-with-roll-top\/","title":{"rendered":"Gro\u00dfhandel Chafing Dishes mit Roll Top sichtbar voll Flip Cover Design"},"content":{"rendered":"<div class=\"wp-block-columns is-layout-flex wp-container-core-columns-is-layout-9d6595d7 wp-block-columns-is-layout-flex\">\n<div class=\"wp-block-column is-layout-flow wp-block-column-is-layout-flow\">\n<h2 class=\"wp-block-heading\">Chafing Dishes mit Roll Top Parameter:<\/h2>\n\n\n\n<figure class=\"wp-block-table\"><table class=\"has-fixed-layout\"><tbody><tr><td>Modell<\/td><td>Durchmesser* H\u00f6he (cm)<\/td><td>Fassungsverm\u00f6gen (l)<\/td><td>MOQ<\/td><\/tr><tr><td>DY023-CL<\/td><td>48*47<\/td><td>6<\/td><td>2PCS<\/td><\/tr><\/tbody><\/table><\/figure>\n\n\n\n<h2 class=\"wp-block-heading\">Chafing Dishes mit Roll Top Eigenschaften:<\/h2>\n\n\n\n<p><strong>Verschiedene Heizmethoden:<\/strong> Elektroheizung und Alkoholheizung. Die elektrische Heizung ist effizient und stabil; die Alkoholheizung kann eine einzigartige Atmosph\u00e4re schaffen.<\/p>\n\n\n\n<p><strong>Bequemes und sauberes Design:<\/strong> Der Innentank ist abnehmbar, um das Risiko des Bakterienwachstums zu verringern und die Lebensmittelsicherheit und Hygiene zu gew\u00e4hrleisten.<\/p>\n\n\n\n<p><strong>Personalisierte Anpassungsm\u00f6glichkeiten:<\/strong> Sie k\u00f6nnen Einzel-, Doppel- und Dreifach-Gitterschalen selbst zusammenstellen, egal ob es sich um eine kleine Party oder ein gro\u00dfes Bankett handelt, sie k\u00f6nnen die verschiedenen Anforderungen an die Aufbewahrung von Speisen erf\u00fcllen.<\/p>\n\n\n\n<p><strong>Intelligentes Temperaturkontrollsystem: <\/strong>Pr\u00e4zise Einstellung und Anpassung der Temperatur; unabh\u00e4ngiger Netzschalter zur Vermeidung von Fehlbedienungen; Thermostat gew\u00e4hrleistet die Genauigkeit und Stabilit\u00e4t der Temperaturregelung.<\/p>\n\n\n\n<p><strong>Robustes und langlebiges Material: <\/strong>Er ist aus hochwertigem Edelstahl gefertigt und kann lange Zeit verwendet werden.<\/p>\n\n\n\n<p><strong>Einzigartiges Design: <\/strong>rechtwinklig sichtbarer Full-Flip-Essplatz, Flip-Design f\u00fcr leichten Zugang zu den Speisen.<\/p>\n<\/div>\n\n\n\n<div class=\"wp-block-column is-layout-flow wp-block-column-is-layout-flow\">\n<figure class=\"wp-block-image size-full\"><img decoding=\"async\" width=\"800\" height=\"800\" src=\"https:\/\/www.yongyukitchenware.com\/wp-content\/uploads\/2025\/02\/6.webp\" alt=\"Gro\u00dfhandel Chafing Dishes mit Roll Top\" class=\"wp-image-3028\" srcset=\"https:\/\/www.yongyukitchenware.com\/wp-content\/uploads\/2025\/02\/6.webp 800w, https:\/\/www.yongyukitchenware.com\/wp-content\/uploads\/2025\/02\/6-300x300.webp 300w, https:\/\/www.yongyukitchenware.com\/wp-content\/uploads\/2025\/02\/6-150x150.webp 150w, https:\/\/www.yongyukitchenware.com\/wp-content\/uploads\/2025\/02\/6-768x768.webp 768w, https:\/\/www.yongyukitchenware.com\/wp-content\/uploads\/2025\/02\/6-12x12.webp 12w, https:\/\/www.yongyukitchenware.com\/wp-content\/uploads\/2025\/02\/6-600x600.webp 600w, https:\/\/www.yongyukitchenware.com\/wp-content\/uploads\/2025\/02\/6-100x100.webp 100w\" sizes=\"(max-width: 800px) 100vw, 800px\" \/><\/figure>\n<\/div>\n<\/div>\n\n\n\n<p><\/p>","protected":false},"excerpt":{"rendered":"<div data-zone-id=\"0\" data-line-index=\"0\" data-line=\"true\">Gro\u00dfhandel Chafing Dishes mit Roll Top! Zwei Heizmodi, herausnehmbare Einlage f\u00fcr einfache Reinigung, verstellbare Roste. Intelligente Touch-Steuerung, pr\u00e4ziser Thermostat. Langlebiger rostfreier Stahl. Wir bieten Beratung vor dem Verkauf, Service nach dem Verkauf und schnelle Lieferung. Fragen Sie jetzt an, um Ihr Gesch\u00e4ft auszubauen!<\/div>\n<div data-zone-id=\"0\" data-line-index=\"1\" data-line=\"true\">\u00a0<\/div>\n<h2><!-- wp:heading --><\/h2>\n<h2 class=\"wp-block-heading\">Eigenschaften von Chafing Dishes mit Roll Top :<\/h2>\n<h2><!-- \/wp:heading --><\/p>\n<p><!-- wp:paragraph --><\/h2>\n<p><strong>Material: <\/strong>Rostfreier Stahl<br \/><strong>Farbe: <\/strong>Silber<br \/><strong>Die Form:<\/strong> Rund mit sichtbarem Rolldeckel<br \/><strong>W\u00e4rme: <\/strong>Elektrische Heizung\/Alkoholheizung<br \/><strong>Chafer Pan: <\/strong>Einzel-\/Doppelraster<br \/><strong>OEM\/ODM: <\/strong>Verf\u00fcgbar<\/p>\n<h2 class=\"wp-block-heading\">Von Yongyu Chafing Dish Hersteller :<\/h2>\n<p>Ob es sich um einen Catering-Service-Anbieter, Hotel und Restaurant, oder Event-Planung Unternehmen, bieten wir komplette Chafing Gerichte Gro\u00dfhandel benutzerdefinierte L\u00f6sungen, um Ihr Unternehmen mit hochwertigen Fabrik Preise!<\/p>\n<h2><!-- \/wp:paragraph --><\/h2>","protected":false},"featured_media":3026,"comment_status":"closed","ping_status":"closed","template":"","meta":{"_acf_changed":true},"application":[30],"product_brand":[],"product_cat":[33],"product_tag":[],"class_list":{"0":"post-2967","1":"product","2":"type-product","3":"status-publish","4":"has-post-thumbnail","6":"application-hotel-catering","7":"product_cat-chafing-dishes-wholesale","9":"first","10":"instock","11":"shipping-taxable","12":"product-type-simple"},"acf":[],"_links":{"self":[{"href":"https:\/\/www.yongyukitchenware.com\/de\/wp-json\/wp\/v2\/product\/2967","targetHints":{"allow":["GET"]}}],"collection":[{"href":"https:\/\/www.yongyukitchenware.com\/de\/wp-json\/wp\/v2\/product"}],"about":[{"href":"https:\/\/www.yongyukitchenware.com\/de\/wp-json\/wp\/v2\/types\/product"}],"replies":[{"embeddable":true,"href":"https:\/\/www.yongyukitchenware.com\/de\/wp-json\/wp\/v2\/comments?post=2967"}],"wp:featuredmedia":[{"embeddable":true,"href":"https:\/\/www.yongyukitchenware.com\/de\/wp-json\/wp\/v2\/media\/3026"}],"wp:attachment":[{"href":"https:\/\/www.yongyukitchenware.com\/de\/wp-json\/wp\/v2\/media?parent=2967"}],"wp:term":[{"taxonomy":"application","embeddable":true,"href":"https:\/\/www.yongyukitchenware.com\/de\/wp-json\/wp\/v2\/application?post=2967"},{"taxonomy":"product_brand","embeddable":true,"href":"https:\/\/www.yongyukitchenware.com\/de\/wp-json\/wp\/v2\/product_brand?post=2967"},{"taxonomy":"product_cat","embeddable":true,"href":"https:\/\/www.yongyukitchenware.com\/de\/wp-json\/wp\/v2\/product_cat?post=2967"},{"taxonomy":"product_tag","embeddable":true,"href":"https:\/\/www.yongyukitchenware.com\/de\/wp-json\/wp\/v2\/product_tag?post=2967"}],"curies":[{"name":"wp","href":"https:\/\/api.w.org\/{rel}","templated":true}]}}