{"id":2970,"date":"2025-03-12T14:38:23","date_gmt":"2025-03-12T14:38:23","guid":{"rendered":"https:\/\/www.yongyukitchenware.com\/?post_type=product&#038;p=2970"},"modified":"2025-06-13T06:47:57","modified_gmt":"2025-06-13T06:47:57","slug":"wholesale-roll-top-chafing-dish","status":"publish","type":"product","link":"https:\/\/www.yongyukitchenware.com\/de\/produkt\/wholesale-roll-top-chafing-dish\/","title":{"rendered":"Gro\u00dfhandel Roll Top Chafing Dish Smart Touch Control f\u00fcr Party, Hochzeit, und Bankett"},"content":{"rendered":"<div class=\"wp-block-columns is-layout-flex wp-container-core-columns-is-layout-9d6595d7 wp-block-columns-is-layout-flex\">\n<div class=\"wp-block-column is-layout-flow wp-block-column-is-layout-flow\">\n<h2 class=\"wp-block-heading\">Roll Top Chafing Dish Parameter:<\/h2>\n\n\n\n<figure class=\"wp-block-table\"><table class=\"has-fixed-layout\"><tbody><tr><td>Modell<\/td><td>L\u00e4nge * Breite * H\u00f6he (cm)<\/td><td>Fassungsverm\u00f6gen (l)<\/td><td>MOQ<\/td><\/tr><tr><td>DY022-CL<\/td><td>64*44*44<\/td><td>9<\/td><td>2PCS<\/td><\/tr><\/tbody><\/table><\/figure>\n\n\n\n<h2 class=\"wp-block-heading\">Roll Top Chafing Dish Merkmale:<\/h2>\n\n\n\n<p><strong>Flexibler Heizmodus:<\/strong> Elektroheizungen und Alkoholheizungen bieten mehr M\u00f6glichkeiten f\u00fcr den Restaurantbetrieb.<\/p>\n\n\n\n<p><strong>Bequemes und sauberes Design: <\/strong>Der herausnehmbare Innentopf ist leicht zu reinigen, verhindert wirksam das Zur\u00fcckbleiben von Speiseresten und reduziert das Bakterienwachstum.<\/p>\n\n\n\n<p><strong>Personalisierte Kombination: <\/strong>Einzel-, Doppel- und Dreifach-Gitterschalen k\u00f6nnen frei kombiniert werden, um unterschiedliche Anforderungen zu erf\u00fcllen und die Wirkung der Speisen zu optimieren.<\/p>\n\n\n\n<p><strong>Intelligentes Temperaturkontrollsystem: <\/strong>Ausgestattet mit einem elektronischen Temperaturkontroll-Touchscreen; der Thermostat gew\u00e4hrleistet die Genauigkeit und Stabilit\u00e4t der Temperaturregelung.<\/p>\n\n\n\n<p><strong>Hochwertiges und robustes Material:<\/strong> Er besteht aus rostfreiem Stahl, ist robust und langlebig, verf\u00fcgt \u00fcber eine ausgezeichnete Korrosions- und Verschlei\u00dffestigkeit und kann h\u00e4ufigem Gebrauch und intensiver Arbeitsumgebung standhalten.<\/p>\n\n\n\n<p><strong>Einzigartiges Design: <\/strong>Der rechtwinklige, sichtbare Full-Flip-Essplatz, das Flip-Design ist praktisch f\u00fcr die Entnahme und Platzierung von Speisen, und die rechtwinklige Form ist einfach und stimmungsvoll, was dem Restaurant eine stilvolle und moderne Atmosph\u00e4re verleiht.<\/p>\n<\/div>\n\n\n\n<div class=\"wp-block-column is-layout-flow wp-block-column-is-layout-flow\">\n<figure class=\"wp-block-image size-full\"><img decoding=\"async\" width=\"800\" height=\"800\" src=\"https:\/\/www.yongyukitchenware.com\/wp-content\/uploads\/2025\/02\/wholesale-roll-top-chafing-dish.webp\" alt=\"Gro\u00dfhandel Roll Top Chafing Dish\" class=\"wp-image-3021\" srcset=\"https:\/\/www.yongyukitchenware.com\/wp-content\/uploads\/2025\/02\/wholesale-roll-top-chafing-dish.webp 800w, https:\/\/www.yongyukitchenware.com\/wp-content\/uploads\/2025\/02\/wholesale-roll-top-chafing-dish-300x300.webp 300w, https:\/\/www.yongyukitchenware.com\/wp-content\/uploads\/2025\/02\/wholesale-roll-top-chafing-dish-150x150.webp 150w, https:\/\/www.yongyukitchenware.com\/wp-content\/uploads\/2025\/02\/wholesale-roll-top-chafing-dish-768x768.webp 768w, https:\/\/www.yongyukitchenware.com\/wp-content\/uploads\/2025\/02\/wholesale-roll-top-chafing-dish-12x12.webp 12w, https:\/\/www.yongyukitchenware.com\/wp-content\/uploads\/2025\/02\/wholesale-roll-top-chafing-dish-600x600.webp 600w, https:\/\/www.yongyukitchenware.com\/wp-content\/uploads\/2025\/02\/wholesale-roll-top-chafing-dish-100x100.webp 100w\" sizes=\"(max-width: 800px) 100vw, 800px\" \/><\/figure>\n<\/div>\n<\/div>\n\n\n\n<p><\/p>","protected":false},"excerpt":{"rendered":"<div data-zone-id=\"0\" data-line-index=\"0\" data-line=\"true\">\n<div data-zone-id=\"0\" data-line-index=\"0\" data-line=\"true\">Gro\u00dfhandel Roll-Top Chafing Dish, ist perfekt f\u00fcr Restaurants! Er verf\u00fcgt \u00fcber elektrische und alkoholische Beheizung, eine herausnehmbare Einlage, verstellbare Roste und eine intelligente Touch-Steuerung. Hergestellt aus langlebigem Edelstahl, bieten wir wettbewerbsf\u00e4hige Preise. Unser Unternehmen bietet einen hervorragenden Vor- und Nachverkaufsservice sowie eine schnelle Lieferung. Senden Sie jetzt eine Anfrage!<\/div>\n<\/div>\n<h2><!-- wp:heading --><\/h2>\n<h2 class=\"wp-block-heading\">Eigenschaften von Roll Top Chafing Dish:<\/h2>\n<h2><!-- \/wp:heading --><\/p>\n<p><!-- wp:paragraph --><\/h2>\n<p><strong>Material: <\/strong>Rostfreier Stahl<br \/><strong>Farbe: <\/strong>Silber<br \/><strong>Die Form: <\/strong>Rechteckig mit sichtbarem Rolldeckel<br \/><strong>W\u00e4rme: <\/strong>Elektrische Heizung\/Alkoholheizung<br \/><strong>Chafer Pan: <\/strong>Einzel-\/Doppelraster<br \/><strong>OEM\/ODM: <\/strong>Verf\u00fcgbar<\/p>\n<h2 class=\"wp-block-heading\">Von Yongyu Chafing Dish Hersteller :<\/h2>\n<p>Ob es sich um einen Catering-Service-Anbieter, Hotel und Restaurant, oder Event-Planung Unternehmen, bieten wir komplette Chafing Gerichte Gro\u00dfhandel benutzerdefinierte L\u00f6sungen, um Ihr Unternehmen mit hochwertigen Fabrik Preise!<\/p>\n<h2><!-- \/wp:paragraph --><\/h2>","protected":false},"featured_media":3021,"comment_status":"closed","ping_status":"closed","template":"","meta":{"_acf_changed":false},"application":[30],"product_brand":[],"product_cat":[33],"product_tag":[],"class_list":{"0":"post-2970","1":"product","2":"type-product","3":"status-publish","4":"has-post-thumbnail","6":"application-hotel-catering","7":"product_cat-chafing-dishes-wholesale","9":"first","10":"instock","11":"shipping-taxable","12":"product-type-simple"},"acf":[],"_links":{"self":[{"href":"https:\/\/www.yongyukitchenware.com\/de\/wp-json\/wp\/v2\/product\/2970","targetHints":{"allow":["GET"]}}],"collection":[{"href":"https:\/\/www.yongyukitchenware.com\/de\/wp-json\/wp\/v2\/product"}],"about":[{"href":"https:\/\/www.yongyukitchenware.com\/de\/wp-json\/wp\/v2\/types\/product"}],"replies":[{"embeddable":true,"href":"https:\/\/www.yongyukitchenware.com\/de\/wp-json\/wp\/v2\/comments?post=2970"}],"wp:featuredmedia":[{"embeddable":true,"href":"https:\/\/www.yongyukitchenware.com\/de\/wp-json\/wp\/v2\/media\/3021"}],"wp:attachment":[{"href":"https:\/\/www.yongyukitchenware.com\/de\/wp-json\/wp\/v2\/media?parent=2970"}],"wp:term":[{"taxonomy":"application","embeddable":true,"href":"https:\/\/www.yongyukitchenware.com\/de\/wp-json\/wp\/v2\/application?post=2970"},{"taxonomy":"product_brand","embeddable":true,"href":"https:\/\/www.yongyukitchenware.com\/de\/wp-json\/wp\/v2\/product_brand?post=2970"},{"taxonomy":"product_cat","embeddable":true,"href":"https:\/\/www.yongyukitchenware.com\/de\/wp-json\/wp\/v2\/product_cat?post=2970"},{"taxonomy":"product_tag","embeddable":true,"href":"https:\/\/www.yongyukitchenware.com\/de\/wp-json\/wp\/v2\/product_tag?post=2970"}],"curies":[{"name":"wp","href":"https:\/\/api.w.org\/{rel}","templated":true}]}}